{"id":379,"date":"2026-05-14T14:57:23","date_gmt":"2026-05-14T14:57:23","guid":{"rendered":"https:\/\/www.legacyhoian.com\/?page_id=379"},"modified":"2026-05-14T15:53:38","modified_gmt":"2026-05-14T15:53:38","slug":"nghi-duong-lang-man-4n3d","status":"publish","type":"page","link":"https:\/\/www.legacyhoian.com\/vi\/specials-offers\/nghi-duong-lang-man-4n3d\/","title":{"rendered":"Ngh\u1ec9 D\u01b0\u1ee1ng L\u00e3ng M\u1ea1n 4N3D"},"content":{"rendered":"<p data-start=\"77\" data-end=\"190\">T\u1eadn h\u01b0\u1edfng k\u1ef3 ngh\u1ec9 ri\u00eang t\u01b0 v\u00e0 th\u01b0 gi\u00e3n d\u00e0nh cho hai ng\u01b0\u1eddi gi\u1eefa kh\u00f4ng gian xanh y\u00ean b\u00ecnh t\u1ea1i Legacy Hoi An Resort.<\/p>\n<p data-start=\"192\" data-end=\"204\"><strong data-start=\"192\" data-end=\"204\">Bao g\u1ed3m:<\/strong><\/p>\n<ul data-start=\"205\" data-end=\"474\">\n<li data-start=\"205\" data-end=\"267\">Ba (03) \u0111\u00eam ngh\u1ec9 t\u1ea1i ph\u00f2ng Deluxe Garden View cho 02 kh\u00e1ch<\/li>\n<li data-start=\"268\" data-end=\"315\">B\u1eefa s\u00e1ng t\u1ef1 ch\u1ecdn h\u1eb1ng ng\u00e0y t\u1ea1i Nh\u00e0 h\u00e0ng Sen<\/li>\n<li data-start=\"316\" data-end=\"382\">M\u1ed9t (01) li\u1ec7u tr\u00ecnh massage ch\u00e2n d\u00e0nh cho c\u1eb7p \u0111\u00f4i t\u1ea1i CoCo Spa<\/li>\n<li data-start=\"383\" data-end=\"427\">M\u1ed9t (01) b\u00e1nh ch\u00fac m\u1eebng d\u00e0nh cho c\u1eb7p \u0111\u00f4i<\/li>\n<li data-start=\"428\" data-end=\"474\">Trang tr\u00ed ph\u00f2ng l\u00e3ng m\u1ea1n v\u1edbi hoa h\u1ed3ng t\u01b0\u01a1i<\/li>\n<\/ul>\n<p data-start=\"476\" data-end=\"494\"><strong data-start=\"476\" data-end=\"494\">\u01afu \u0111\u00e3i \u0111i k\u00e8m:<\/strong><\/p>\n<ul data-start=\"495\" data-end=\"670\">\n<li data-start=\"494\" data-end=\"568\">Mi\u1ec5n ph\u00ed shuttle bus \u0111\u1ebfn Ph\u1ed1 C\u1ed5 H\u1ed9i An v\u00e0 bi\u1ec3n An B\u00e0ng theo l\u1ecbch tr\u00ecnh<\/li>\n<li data-start=\"569\" data-end=\"596\">Mi\u1ec5n ph\u00ed s\u1eed d\u1ee5ng xe \u0111\u1ea1p<\/li>\n<li data-start=\"597\" data-end=\"658\">Mi\u1ec5n ph\u00ed s\u1eed d\u1ee5ng 2 h\u1ed3 b\u01a1i v\u00e0 c\u00e1c ti\u1ec7n \u00edch kh\u00e1c c\u1ee7a khu ngh\u1ec9 d\u01b0\u1ee1ng<\/li>\n<\/ul>\n<p data-start=\"672\" data-end=\"699\"><strong data-start=\"672\" data-end=\"699\">\u0110i\u1ec1u kho\u1ea3n &amp; \u0110i\u1ec1u ki\u1ec7n:<\/strong><\/p>\n<ul data-start=\"700\" data-end=\"774\">\n<li data-start=\"700\" data-end=\"735\">\u00c1p d\u1ee5ng \u0111\u1ebfn h\u1ebft ng\u00e0y 31\/12\/2026<\/li>\n<li data-start=\"736\" data-end=\"774\">Gi\u00e1 \u0111\u00e3 bao g\u1ed3m thu\u1ebf v\u00e0 ph\u00ed ph\u1ee5c v\u1ee5<\/li>\n<\/ul>\n<p><strong>5.180.000 VN\u0110\/g\u00f3i (cho 2 kh\u00e1ch)<\/strong><\/p>\n","protected":false},"excerpt":{"rendered":"<p>T\u1eadn h\u01b0\u1edfng k\u1ef3 ngh\u1ec9 ri\u00eang t\u01b0 v\u00e0 th\u01b0 gi\u00e3n d\u00e0nh cho hai ng\u01b0\u1eddi gi\u1eefa kh\u00f4ng gian xanh y\u00ean b\u00ecnh t\u1ea1i Legacy Hoi An Resort. Bao g\u1ed3m: Ba (03) \u0111\u00eam ngh\u1ec9 t\u1ea1i ph\u00f2ng Deluxe Garden View cho 02 kh\u00e1ch B\u1eefa s\u00e1ng t\u1ef1 ch\u1ecdn h\u1eb1ng ng\u00e0y t\u1ea1i Nh\u00e0 h\u00e0ng Sen M\u1ed9t (01) li\u1ec7u tr\u00ecnh massage ch\u00e2n d\u00e0nh [&hellip;]<\/p>\n","protected":false},"author":293,"featured_media":104,"parent":250,"menu_order":0,"comment_status":"closed","ping_status":"closed","template":"template-single-offer.php","meta":{"footnotes":""},"yoast_head":"<!-- This site is optimized with the Yoast SEO plugin v22.3 - https:\/\/yoast.com\/wordpress\/plugins\/seo\/ -->\n<title>Ngh\u1ec9 D\u01b0\u1ee1ng L\u00e3ng M\u1ea1n 4N3D - Legacy Hoi An Resort<\/title>\n<meta name=\"robots\" content=\"index, follow, max-snippet:-1, max-image-preview:large, max-video-preview:-1\" \/>\n<link rel=\"canonical\" href=\"https:\/\/www.legacyhoian.com\/vi\/specials-offers\/nghi-duong-lang-man-4n3d\/\" \/>\n<meta property=\"og:locale\" content=\"vi_VN\" \/>\n<meta property=\"og:type\" content=\"article\" \/>\n<meta property=\"og:title\" content=\"Ngh\u1ec9 D\u01b0\u1ee1ng L\u00e3ng M\u1ea1n 4N3D - Legacy Hoi An Resort\" \/>\n<meta property=\"og:description\" content=\"T\u1eadn h\u01b0\u1edfng k\u1ef3 ngh\u1ec9 ri\u00eang t\u01b0 v\u00e0 th\u01b0 gi\u00e3n d\u00e0nh cho hai ng\u01b0\u1eddi gi\u1eefa kh\u00f4ng gian xanh y\u00ean b\u00ecnh t\u1ea1i Legacy Hoi An Resort. Bao g\u1ed3m: Ba (03) \u0111\u00eam ngh\u1ec9 t\u1ea1i ph\u00f2ng Deluxe Garden View cho 02 kh\u00e1ch B\u1eefa s\u00e1ng t\u1ef1 ch\u1ecdn h\u1eb1ng ng\u00e0y t\u1ea1i Nh\u00e0 h\u00e0ng Sen M\u1ed9t (01) li\u1ec7u tr\u00ecnh massage ch\u00e2n d\u00e0nh [&hellip;]\" \/>\n<meta property=\"og:url\" content=\"https:\/\/www.legacyhoian.com\/vi\/specials-offers\/nghi-duong-lang-man-4n3d\/\" \/>\n<meta property=\"og:site_name\" content=\"Legacy Hoi An Resort\" \/>\n<meta property=\"article:modified_time\" content=\"2026-05-14T15:53:38+00:00\" \/>\n<meta property=\"og:image\" content=\"https:\/\/www.legacyhoian.com\/wp-content\/uploads\/sites\/172\/2026\/03\/Deluxe-Connecting-7.jpg\" \/>\n\t<meta property=\"og:image:width\" content=\"2200\" \/>\n\t<meta property=\"og:image:height\" content=\"1467\" \/>\n\t<meta property=\"og:image:type\" content=\"image\/jpeg\" \/>\n<meta name=\"twitter:card\" content=\"summary_large_image\" \/>\n<meta name=\"twitter:label1\" content=\"Est. reading time\" \/>\n\t<meta name=\"twitter:data1\" content=\"1 minute\" \/>\n<script type=\"application\/ld+json\" class=\"yoast-schema-graph\">{\"@context\":\"https:\/\/schema.org\",\"@graph\":[{\"@type\":\"WebPage\",\"@id\":\"https:\/\/www.legacyhoian.com\/vi\/specials-offers\/nghi-duong-lang-man-4n3d\/\",\"url\":\"https:\/\/www.legacyhoian.com\/vi\/specials-offers\/nghi-duong-lang-man-4n3d\/\",\"name\":\"Ngh\u1ec9 D\u01b0\u1ee1ng L\u00e3ng M\u1ea1n 4N3D - Legacy Hoi An Resort\",\"isPartOf\":{\"@id\":\"https:\/\/www.legacyhoian.com\/vi\/#website\"},\"primaryImageOfPage\":{\"@id\":\"https:\/\/www.legacyhoian.com\/vi\/specials-offers\/nghi-duong-lang-man-4n3d\/#primaryimage\"},\"image\":{\"@id\":\"https:\/\/www.legacyhoian.com\/vi\/specials-offers\/nghi-duong-lang-man-4n3d\/#primaryimage\"},\"thumbnailUrl\":\"https:\/\/www.legacyhoian.com\/wp-content\/uploads\/sites\/172\/2026\/03\/Deluxe-Connecting-7.jpg\",\"datePublished\":\"2026-05-14T14:57:23+00:00\",\"dateModified\":\"2026-05-14T15:53:38+00:00\",\"breadcrumb\":{\"@id\":\"https:\/\/www.legacyhoian.com\/vi\/specials-offers\/nghi-duong-lang-man-4n3d\/#breadcrumb\"},\"inLanguage\":\"vi-VN\",\"potentialAction\":[{\"@type\":\"ReadAction\",\"target\":[\"https:\/\/www.legacyhoian.com\/vi\/specials-offers\/nghi-duong-lang-man-4n3d\/\"]}]},{\"@type\":\"ImageObject\",\"inLanguage\":\"vi-VN\",\"@id\":\"https:\/\/www.legacyhoian.com\/vi\/specials-offers\/nghi-duong-lang-man-4n3d\/#primaryimage\",\"url\":\"https:\/\/www.legacyhoian.com\/wp-content\/uploads\/sites\/172\/2026\/03\/Deluxe-Connecting-7.jpg\",\"contentUrl\":\"https:\/\/www.legacyhoian.com\/wp-content\/uploads\/sites\/172\/2026\/03\/Deluxe-Connecting-7.jpg\",\"width\":2200,\"height\":1467},{\"@type\":\"BreadcrumbList\",\"@id\":\"https:\/\/www.legacyhoian.com\/vi\/specials-offers\/nghi-duong-lang-man-4n3d\/#breadcrumb\",\"itemListElement\":[{\"@type\":\"ListItem\",\"position\":1,\"name\":\"Home\",\"item\":\"https:\/\/www.legacyhoian.com\/vi\/\"},{\"@type\":\"ListItem\",\"position\":2,\"name\":\"\u01afu \u0111\u00e3i \u0111\u1eb7c bi\u1ec7t\",\"item\":\"https:\/\/www.legacyhoian.com\/vi\/specials-offers\/\"},{\"@type\":\"ListItem\",\"position\":3,\"name\":\"Ngh\u1ec9 D\u01b0\u1ee1ng L\u00e3ng M\u1ea1n 4N3D\"}]},{\"@type\":\"WebSite\",\"@id\":\"https:\/\/www.legacyhoian.com\/vi\/#website\",\"url\":\"https:\/\/www.legacyhoian.com\/vi\/\",\"name\":\"Legacy Hoi An Resort\",\"description\":\"\",\"potentialAction\":[{\"@type\":\"SearchAction\",\"target\":{\"@type\":\"EntryPoint\",\"urlTemplate\":\"https:\/\/www.legacyhoian.com\/vi\/?s={search_term_string}\"},\"query-input\":\"required name=search_term_string\"}],\"inLanguage\":\"vi-VN\"}]}<\/script>\n<!-- \/ Yoast SEO plugin. -->","yoast_head_json":{"title":"Ngh\u1ec9 D\u01b0\u1ee1ng L\u00e3ng M\u1ea1n 4N3D - Legacy Hoi An Resort","robots":{"index":"index","follow":"follow","max-snippet":"max-snippet:-1","max-image-preview":"max-image-preview:large","max-video-preview":"max-video-preview:-1"},"canonical":"https:\/\/www.legacyhoian.com\/vi\/specials-offers\/nghi-duong-lang-man-4n3d\/","og_locale":"vi_VN","og_type":"article","og_title":"Ngh\u1ec9 D\u01b0\u1ee1ng L\u00e3ng M\u1ea1n 4N3D - Legacy Hoi An Resort","og_description":"T\u1eadn h\u01b0\u1edfng k\u1ef3 ngh\u1ec9 ri\u00eang t\u01b0 v\u00e0 th\u01b0 gi\u00e3n d\u00e0nh cho hai ng\u01b0\u1eddi gi\u1eefa kh\u00f4ng gian xanh y\u00ean b\u00ecnh t\u1ea1i Legacy Hoi An Resort. Bao g\u1ed3m: Ba (03) \u0111\u00eam ngh\u1ec9 t\u1ea1i ph\u00f2ng Deluxe Garden View cho 02 kh\u00e1ch B\u1eefa s\u00e1ng t\u1ef1 ch\u1ecdn h\u1eb1ng ng\u00e0y t\u1ea1i Nh\u00e0 h\u00e0ng Sen M\u1ed9t (01) li\u1ec7u tr\u00ecnh massage ch\u00e2n d\u00e0nh [&hellip;]","og_url":"https:\/\/www.legacyhoian.com\/vi\/specials-offers\/nghi-duong-lang-man-4n3d\/","og_site_name":"Legacy Hoi An Resort","article_modified_time":"2026-05-14T15:53:38+00:00","og_image":[{"width":2200,"height":1467,"url":"https:\/\/www.legacyhoian.com\/wp-content\/uploads\/sites\/172\/2026\/03\/Deluxe-Connecting-7.jpg","type":"image\/jpeg"}],"twitter_card":"summary_large_image","twitter_misc":{"Est. reading time":"1 minute"},"schema":{"@context":"https:\/\/schema.org","@graph":[{"@type":"WebPage","@id":"https:\/\/www.legacyhoian.com\/vi\/specials-offers\/nghi-duong-lang-man-4n3d\/","url":"https:\/\/www.legacyhoian.com\/vi\/specials-offers\/nghi-duong-lang-man-4n3d\/","name":"Ngh\u1ec9 D\u01b0\u1ee1ng L\u00e3ng M\u1ea1n 4N3D - Legacy Hoi An Resort","isPartOf":{"@id":"https:\/\/www.legacyhoian.com\/vi\/#website"},"primaryImageOfPage":{"@id":"https:\/\/www.legacyhoian.com\/vi\/specials-offers\/nghi-duong-lang-man-4n3d\/#primaryimage"},"image":{"@id":"https:\/\/www.legacyhoian.com\/vi\/specials-offers\/nghi-duong-lang-man-4n3d\/#primaryimage"},"thumbnailUrl":"https:\/\/www.legacyhoian.com\/wp-content\/uploads\/sites\/172\/2026\/03\/Deluxe-Connecting-7.jpg","datePublished":"2026-05-14T14:57:23+00:00","dateModified":"2026-05-14T15:53:38+00:00","breadcrumb":{"@id":"https:\/\/www.legacyhoian.com\/vi\/specials-offers\/nghi-duong-lang-man-4n3d\/#breadcrumb"},"inLanguage":"vi-VN","potentialAction":[{"@type":"ReadAction","target":["https:\/\/www.legacyhoian.com\/vi\/specials-offers\/nghi-duong-lang-man-4n3d\/"]}]},{"@type":"ImageObject","inLanguage":"vi-VN","@id":"https:\/\/www.legacyhoian.com\/vi\/specials-offers\/nghi-duong-lang-man-4n3d\/#primaryimage","url":"https:\/\/www.legacyhoian.com\/wp-content\/uploads\/sites\/172\/2026\/03\/Deluxe-Connecting-7.jpg","contentUrl":"https:\/\/www.legacyhoian.com\/wp-content\/uploads\/sites\/172\/2026\/03\/Deluxe-Connecting-7.jpg","width":2200,"height":1467},{"@type":"BreadcrumbList","@id":"https:\/\/www.legacyhoian.com\/vi\/specials-offers\/nghi-duong-lang-man-4n3d\/#breadcrumb","itemListElement":[{"@type":"ListItem","position":1,"name":"Home","item":"https:\/\/www.legacyhoian.com\/vi\/"},{"@type":"ListItem","position":2,"name":"\u01afu \u0111\u00e3i \u0111\u1eb7c bi\u1ec7t","item":"https:\/\/www.legacyhoian.com\/vi\/specials-offers\/"},{"@type":"ListItem","position":3,"name":"Ngh\u1ec9 D\u01b0\u1ee1ng L\u00e3ng M\u1ea1n 4N3D"}]},{"@type":"WebSite","@id":"https:\/\/www.legacyhoian.com\/vi\/#website","url":"https:\/\/www.legacyhoian.com\/vi\/","name":"Legacy Hoi An Resort","description":"","potentialAction":[{"@type":"SearchAction","target":{"@type":"EntryPoint","urlTemplate":"https:\/\/www.legacyhoian.com\/vi\/?s={search_term_string}"},"query-input":"required name=search_term_string"}],"inLanguage":"vi-VN"}]}},"acf":[],"_links":{"self":[{"href":"https:\/\/www.legacyhoian.com\/vi\/wp-json\/wp\/v2\/pages\/379"}],"collection":[{"href":"https:\/\/www.legacyhoian.com\/vi\/wp-json\/wp\/v2\/pages"}],"about":[{"href":"https:\/\/www.legacyhoian.com\/vi\/wp-json\/wp\/v2\/types\/page"}],"author":[{"embeddable":true,"href":"https:\/\/www.legacyhoian.com\/vi\/wp-json\/wp\/v2\/users\/293"}],"replies":[{"embeddable":true,"href":"https:\/\/www.legacyhoian.com\/vi\/wp-json\/wp\/v2\/comments?post=379"}],"version-history":[{"count":0,"href":"https:\/\/www.legacyhoian.com\/vi\/wp-json\/wp\/v2\/pages\/379\/revisions"}],"up":[{"embeddable":true,"href":"https:\/\/www.legacyhoian.com\/vi\/wp-json\/wp\/v2\/pages\/250"}],"wp:featuredmedia":[{"embeddable":true,"href":"https:\/\/www.legacyhoian.com\/vi\/wp-json\/wp\/v2\/media\/104"}],"wp:attachment":[{"href":"https:\/\/www.legacyhoian.com\/vi\/wp-json\/wp\/v2\/media?parent=379"}],"curies":[{"name":"wp","href":"https:\/\/api.w.org\/{rel}","templated":true}]}}