{"id":377,"date":"2026-05-13T16:17:05","date_gmt":"2026-05-13T16:17:05","guid":{"rendered":"https:\/\/www.legacyhoian.com\/?page_id=377"},"modified":"2026-05-13T16:24:45","modified_gmt":"2026-05-13T16:24:45","slug":"nghi-duong-gia-dinh-3n2d","status":"publish","type":"page","link":"https:\/\/www.legacyhoian.com\/vi\/specials-offers\/nghi-duong-gia-dinh-3n2d\/","title":{"rendered":"Ngh\u1ec9 D\u01b0\u1ee1ng Gia \u0110\u00ecnh 3N2D"},"content":{"rendered":"<p>T\u1ea1m g\u00e1c l\u1ea1i nh\u1eefng b\u1ed9n b\u1ec1 th\u01b0\u1eddng nh\u1eadt v\u00e0 t\u1eadn h\u01b0\u1edfng k\u1ef3 ngh\u1ec9 \u0111\u00e1ng nh\u1edb b\u00ean gia \u0111\u00ecnh t\u1ea1i Legacy Hoi An Resort \u2013 n\u01a1i mang \u0111\u1ebfn kh\u00f4ng gian ngh\u1ec9 d\u01b0\u1ee1ng y\u00ean b\u00ecnh gi\u1eefa thi\u00ean nhi\u00ean xanh m\u00e1t.<\/p>\n<p><strong>G\u00f3i \u01b0u \u0111\u00e3i bao g\u1ed3m:<\/strong><\/p>\n<ul>\n<li>Hai (02) \u0111\u00eam ngh\u1ec9 t\u1ea1i ph\u00f2ng Family Deluxe Quart d\u00e0nh cho 04 kh\u00e1ch<\/li>\n<li>B\u1eefa s\u00e1ng t\u1ef1 ch\u1ecdn h\u1eb1ng ng\u00e0y t\u1ea1i Nh\u00e0 h\u00e0ng Sen<\/li>\n<li>M\u1ed9t (01) b\u1eefa t\u1ed1i set menu t\u1ea1i Nh\u00e0 h\u00e0ng Field d\u00e0nh cho 04 kh\u00e1ch<\/li>\n<li>M\u1ed9t (01) set tr\u00e0 chi\u1ec1u cho gia \u0111\u00ecnh b\u00ean h\u1ed3 b\u01a1i<\/li>\n<li>\u0110\u01b0a \u0111\u00f3n s\u00e2n bay \u0110\u00e0 N\u1eb5ng 01 chi\u1ec1u theo l\u1ecbch tr\u00ecnh c\u00e1 nh\u00e2n<\/li>\n<\/ul>\n<p><strong>\u01afu \u0111\u00e3i \u0111i k\u00e8m:<\/strong><\/p>\n<ul>\n<li>Mi\u1ec5n ph\u00ed shuttle bus \u0111\u1ebfn Ph\u1ed1 C\u1ed5 H\u1ed9i An v\u00e0 b\u00e3i bi\u1ec3n An B\u00e0ng theo l\u1ecbch tr\u00ecnh h\u1eb1ng ng\u00e0y c\u1ee7a resort<\/li>\n<li>Mi\u1ec5n ph\u00ed s\u1eed d\u1ee5ng xe \u0111\u1ea1p<\/li>\n<li>Mi\u1ec5n ph\u00ed s\u1eed d\u1ee5ng 2 h\u1ed3 b\u01a1i v\u00e0 c\u00e1c ti\u1ec7n \u00edch kh\u00e1c c\u1ee7a resort<\/li>\n<\/ul>\n<p><strong>\u0110i\u1ec1u kho\u1ea3n &amp; \u0110i\u1ec1u ki\u1ec7n:<\/strong><\/p>\n<ul>\n<li>\u00c1p d\u1ee5ng \u0111\u1ebfn h\u1ebft ng\u00e0y 31\/12\/2026<\/li>\n<li>Gi\u00e1 \u0111\u00e3 bao g\u1ed3m thu\u1ebf v\u00e0 ph\u00ed ph\u1ee5c v\u1ee5<\/li>\n<\/ul>\n<p><strong>9.830.000 VND\/g\u00f3i (cho 04 kh\u00e1ch)<\/strong><\/p>\n","protected":false},"excerpt":{"rendered":"<p>T\u1ea1m g\u00e1c l\u1ea1i nh\u1eefng b\u1ed9n b\u1ec1 th\u01b0\u1eddng nh\u1eadt v\u00e0 t\u1eadn h\u01b0\u1edfng k\u1ef3 ngh\u1ec9 \u0111\u00e1ng nh\u1edb b\u00ean gia \u0111\u00ecnh t\u1ea1i Legacy Hoi An Resort \u2013 n\u01a1i mang \u0111\u1ebfn kh\u00f4ng gian ngh\u1ec9 d\u01b0\u1ee1ng y\u00ean b\u00ecnh gi\u1eefa thi\u00ean nhi\u00ean xanh m\u00e1t. G\u00f3i \u01b0u \u0111\u00e3i bao g\u1ed3m: Hai (02) \u0111\u00eam ngh\u1ec9 t\u1ea1i ph\u00f2ng Family Deluxe Quart d\u00e0nh cho 04 [&hellip;]<\/p>\n","protected":false},"author":293,"featured_media":0,"parent":250,"menu_order":0,"comment_status":"closed","ping_status":"closed","template":"template-single-offer.php","meta":{"footnotes":""},"yoast_head":"<!-- This site is optimized with the Yoast SEO plugin v22.3 - https:\/\/yoast.com\/wordpress\/plugins\/seo\/ -->\n<title>Ngh\u1ec9 D\u01b0\u1ee1ng Gia \u0110\u00ecnh 3N2D - Legacy Hoi An Resort<\/title>\n<meta name=\"robots\" content=\"index, follow, max-snippet:-1, max-image-preview:large, max-video-preview:-1\" \/>\n<link rel=\"canonical\" href=\"https:\/\/www.legacyhoian.com\/vi\/specials-offers\/nghi-duong-gia-dinh-3n2d\/\" \/>\n<meta property=\"og:locale\" content=\"vi_VN\" \/>\n<meta property=\"og:type\" content=\"article\" \/>\n<meta property=\"og:title\" content=\"Ngh\u1ec9 D\u01b0\u1ee1ng Gia \u0110\u00ecnh 3N2D - Legacy Hoi An Resort\" \/>\n<meta property=\"og:description\" content=\"T\u1ea1m g\u00e1c l\u1ea1i nh\u1eefng b\u1ed9n b\u1ec1 th\u01b0\u1eddng nh\u1eadt v\u00e0 t\u1eadn h\u01b0\u1edfng k\u1ef3 ngh\u1ec9 \u0111\u00e1ng nh\u1edb b\u00ean gia \u0111\u00ecnh t\u1ea1i Legacy Hoi An Resort \u2013 n\u01a1i mang \u0111\u1ebfn kh\u00f4ng gian ngh\u1ec9 d\u01b0\u1ee1ng y\u00ean b\u00ecnh gi\u1eefa thi\u00ean nhi\u00ean xanh m\u00e1t. G\u00f3i \u01b0u \u0111\u00e3i bao g\u1ed3m: Hai (02) \u0111\u00eam ngh\u1ec9 t\u1ea1i ph\u00f2ng Family Deluxe Quart d\u00e0nh cho 04 [&hellip;]\" \/>\n<meta property=\"og:url\" content=\"https:\/\/www.legacyhoian.com\/vi\/specials-offers\/nghi-duong-gia-dinh-3n2d\/\" \/>\n<meta property=\"og:site_name\" content=\"Legacy Hoi An Resort\" \/>\n<meta property=\"article:modified_time\" content=\"2026-05-13T16:24:45+00:00\" \/>\n<meta name=\"twitter:card\" content=\"summary_large_image\" \/>\n<meta name=\"twitter:label1\" content=\"Est. reading time\" \/>\n\t<meta name=\"twitter:data1\" content=\"1 minute\" \/>\n<script type=\"application\/ld+json\" class=\"yoast-schema-graph\">{\"@context\":\"https:\/\/schema.org\",\"@graph\":[{\"@type\":\"WebPage\",\"@id\":\"https:\/\/www.legacyhoian.com\/vi\/specials-offers\/nghi-duong-gia-dinh-3n2d\/\",\"url\":\"https:\/\/www.legacyhoian.com\/vi\/specials-offers\/nghi-duong-gia-dinh-3n2d\/\",\"name\":\"Ngh\u1ec9 D\u01b0\u1ee1ng Gia \u0110\u00ecnh 3N2D - Legacy Hoi An Resort\",\"isPartOf\":{\"@id\":\"https:\/\/www.legacyhoian.com\/vi\/#website\"},\"datePublished\":\"2026-05-13T16:17:05+00:00\",\"dateModified\":\"2026-05-13T16:24:45+00:00\",\"breadcrumb\":{\"@id\":\"https:\/\/www.legacyhoian.com\/vi\/specials-offers\/nghi-duong-gia-dinh-3n2d\/#breadcrumb\"},\"inLanguage\":\"vi-VN\",\"potentialAction\":[{\"@type\":\"ReadAction\",\"target\":[\"https:\/\/www.legacyhoian.com\/vi\/specials-offers\/nghi-duong-gia-dinh-3n2d\/\"]}]},{\"@type\":\"BreadcrumbList\",\"@id\":\"https:\/\/www.legacyhoian.com\/vi\/specials-offers\/nghi-duong-gia-dinh-3n2d\/#breadcrumb\",\"itemListElement\":[{\"@type\":\"ListItem\",\"position\":1,\"name\":\"Home\",\"item\":\"https:\/\/www.legacyhoian.com\/vi\/\"},{\"@type\":\"ListItem\",\"position\":2,\"name\":\"\u01afu \u0111\u00e3i \u0111\u1eb7c bi\u1ec7t\",\"item\":\"https:\/\/www.legacyhoian.com\/vi\/specials-offers\/\"},{\"@type\":\"ListItem\",\"position\":3,\"name\":\"Ngh\u1ec9 D\u01b0\u1ee1ng Gia \u0110\u00ecnh 3N2D\"}]},{\"@type\":\"WebSite\",\"@id\":\"https:\/\/www.legacyhoian.com\/vi\/#website\",\"url\":\"https:\/\/www.legacyhoian.com\/vi\/\",\"name\":\"Legacy Hoi An Resort\",\"description\":\"\",\"potentialAction\":[{\"@type\":\"SearchAction\",\"target\":{\"@type\":\"EntryPoint\",\"urlTemplate\":\"https:\/\/www.legacyhoian.com\/vi\/?s={search_term_string}\"},\"query-input\":\"required name=search_term_string\"}],\"inLanguage\":\"vi-VN\"}]}<\/script>\n<!-- \/ Yoast SEO plugin. -->","yoast_head_json":{"title":"Ngh\u1ec9 D\u01b0\u1ee1ng Gia \u0110\u00ecnh 3N2D - Legacy Hoi An Resort","robots":{"index":"index","follow":"follow","max-snippet":"max-snippet:-1","max-image-preview":"max-image-preview:large","max-video-preview":"max-video-preview:-1"},"canonical":"https:\/\/www.legacyhoian.com\/vi\/specials-offers\/nghi-duong-gia-dinh-3n2d\/","og_locale":"vi_VN","og_type":"article","og_title":"Ngh\u1ec9 D\u01b0\u1ee1ng Gia \u0110\u00ecnh 3N2D - Legacy Hoi An Resort","og_description":"T\u1ea1m g\u00e1c l\u1ea1i nh\u1eefng b\u1ed9n b\u1ec1 th\u01b0\u1eddng nh\u1eadt v\u00e0 t\u1eadn h\u01b0\u1edfng k\u1ef3 ngh\u1ec9 \u0111\u00e1ng nh\u1edb b\u00ean gia \u0111\u00ecnh t\u1ea1i Legacy Hoi An Resort \u2013 n\u01a1i mang \u0111\u1ebfn kh\u00f4ng gian ngh\u1ec9 d\u01b0\u1ee1ng y\u00ean b\u00ecnh gi\u1eefa thi\u00ean nhi\u00ean xanh m\u00e1t. G\u00f3i \u01b0u \u0111\u00e3i bao g\u1ed3m: Hai (02) \u0111\u00eam ngh\u1ec9 t\u1ea1i ph\u00f2ng Family Deluxe Quart d\u00e0nh cho 04 [&hellip;]","og_url":"https:\/\/www.legacyhoian.com\/vi\/specials-offers\/nghi-duong-gia-dinh-3n2d\/","og_site_name":"Legacy Hoi An Resort","article_modified_time":"2026-05-13T16:24:45+00:00","twitter_card":"summary_large_image","twitter_misc":{"Est. reading time":"1 minute"},"schema":{"@context":"https:\/\/schema.org","@graph":[{"@type":"WebPage","@id":"https:\/\/www.legacyhoian.com\/vi\/specials-offers\/nghi-duong-gia-dinh-3n2d\/","url":"https:\/\/www.legacyhoian.com\/vi\/specials-offers\/nghi-duong-gia-dinh-3n2d\/","name":"Ngh\u1ec9 D\u01b0\u1ee1ng Gia \u0110\u00ecnh 3N2D - Legacy Hoi An Resort","isPartOf":{"@id":"https:\/\/www.legacyhoian.com\/vi\/#website"},"datePublished":"2026-05-13T16:17:05+00:00","dateModified":"2026-05-13T16:24:45+00:00","breadcrumb":{"@id":"https:\/\/www.legacyhoian.com\/vi\/specials-offers\/nghi-duong-gia-dinh-3n2d\/#breadcrumb"},"inLanguage":"vi-VN","potentialAction":[{"@type":"ReadAction","target":["https:\/\/www.legacyhoian.com\/vi\/specials-offers\/nghi-duong-gia-dinh-3n2d\/"]}]},{"@type":"BreadcrumbList","@id":"https:\/\/www.legacyhoian.com\/vi\/specials-offers\/nghi-duong-gia-dinh-3n2d\/#breadcrumb","itemListElement":[{"@type":"ListItem","position":1,"name":"Home","item":"https:\/\/www.legacyhoian.com\/vi\/"},{"@type":"ListItem","position":2,"name":"\u01afu \u0111\u00e3i \u0111\u1eb7c bi\u1ec7t","item":"https:\/\/www.legacyhoian.com\/vi\/specials-offers\/"},{"@type":"ListItem","position":3,"name":"Ngh\u1ec9 D\u01b0\u1ee1ng Gia \u0110\u00ecnh 3N2D"}]},{"@type":"WebSite","@id":"https:\/\/www.legacyhoian.com\/vi\/#website","url":"https:\/\/www.legacyhoian.com\/vi\/","name":"Legacy Hoi An Resort","description":"","potentialAction":[{"@type":"SearchAction","target":{"@type":"EntryPoint","urlTemplate":"https:\/\/www.legacyhoian.com\/vi\/?s={search_term_string}"},"query-input":"required name=search_term_string"}],"inLanguage":"vi-VN"}]}},"acf":[],"_links":{"self":[{"href":"https:\/\/www.legacyhoian.com\/vi\/wp-json\/wp\/v2\/pages\/377"}],"collection":[{"href":"https:\/\/www.legacyhoian.com\/vi\/wp-json\/wp\/v2\/pages"}],"about":[{"href":"https:\/\/www.legacyhoian.com\/vi\/wp-json\/wp\/v2\/types\/page"}],"author":[{"embeddable":true,"href":"https:\/\/www.legacyhoian.com\/vi\/wp-json\/wp\/v2\/users\/293"}],"replies":[{"embeddable":true,"href":"https:\/\/www.legacyhoian.com\/vi\/wp-json\/wp\/v2\/comments?post=377"}],"version-history":[{"count":0,"href":"https:\/\/www.legacyhoian.com\/vi\/wp-json\/wp\/v2\/pages\/377\/revisions"}],"up":[{"embeddable":true,"href":"https:\/\/www.legacyhoian.com\/vi\/wp-json\/wp\/v2\/pages\/250"}],"wp:attachment":[{"href":"https:\/\/www.legacyhoian.com\/vi\/wp-json\/wp\/v2\/media?parent=377"}],"curies":[{"name":"wp","href":"https:\/\/api.w.org\/{rel}","templated":true}]}}