{"id":372,"date":"2026-05-13T10:44:45","date_gmt":"2026-05-13T10:44:45","guid":{"rendered":"https:\/\/www.legacyhoian.com\/?page_id=372"},"modified":"2026-05-13T15:49:59","modified_gmt":"2026-05-13T15:49:59","slug":"dat-som-tiet-kiem-nhieu-hon","status":"publish","type":"page","link":"https:\/\/www.legacyhoian.com\/vi\/specials-offers\/dat-som-tiet-kiem-nhieu-hon\/","title":{"rendered":"\u0110\u1eb7t S\u1edbm, Ti\u1ebft Ki\u1ec7m Nhi\u1ec1u H\u01a1n"},"content":{"rendered":"<p>L\u00ean k\u1ebf ho\u1ea1ch cho chuy\u1ebfn h\u00e0nh tr\u00ecnh v\u1ec1 v\u1edbi ph\u1ed1 H\u1ed9i s\u1edbm h\u01a1n \u0111\u1ec3 nh\u1eadn m\u1ee9c gi\u00e1 \u01b0u \u0111\u00e3i \u0111\u1eb7c bi\u1ec7t duy nh\u1ea5t khi \u0111\u1eb7t tr\u1ef1c ti\u1ebfp t\u1ea1i website c\u1ee7a Legacy Hoi An Resort.<\/p>\n<p><strong>Bao g\u1ed3m:<\/strong><\/p>\n<ul>\n<li>B\u1eefa s\u00e1ng t\u1ef1 ch\u1ecdn h\u1eb1ng ng\u00e0y t\u1ea1i Nh\u00e0 h\u00e0ng Sen<\/li>\n<li>Mi\u1ec5n ph\u00ed shuttle bus \u0111\u01b0a \u0111\u00f3n \u0111\u1ebfn Ph\u1ed1 C\u1ed5 H\u1ed9i An v\u00e0 b\u00e3i bi\u1ec3n An B\u00e0ng theo l\u1ecbch tr\u00ecnh resort<\/li>\n<li>Mi\u1ec5n ph\u00ed s\u1eed d\u1ee5ng xe \u0111\u1ea1p<\/li>\n<li>Mi\u1ec5n ph\u00ed s\u1eed d\u1ee5ng 2 h\u1ed3 b\u01a1i c\u00f9ng c\u00e1c ti\u1ec7n \u00edch kh\u00e1c c\u1ee7a resort<\/li>\n<\/ul>\n<p><strong>\u0110i\u1ec1u kho\u1ea3n &amp; \u0110i\u1ec1u ki\u1ec7n:<\/strong><\/p>\n<ul>\n<li>\u01afu \u0111\u00e3i \u00e1p d\u1ee5ng cho c\u00e1c \u0111\u1eb7t ph\u00f2ng tr\u1ef1c ti\u1ebfp t\u1ea1i Legacy Hoi An Resort<\/li>\n<li>Gi\u00e1 \u00e1p d\u1ee5ng cho gia \u0111\u00ecnh g\u1ed3m 02 ng\u01b0\u1eddi l\u1edbn v\u00e0 01 tr\u1ebb em d\u01b0\u1edbi 06 tu\u1ed5i<\/li>\n<li>Th\u1eddi gian \u0111\u1eb7t ph\u00f2ng &amp; l\u01b0u tr\u00fa: t\u1eeb nay \u0111\u1ebfn 31\/12\/2026<\/li>\n<li>\u01afu \u0111\u00e3i kh\u00f4ng \u00e1p d\u1ee5ng ho\u00e0n h\u1ee7y ho\u1eb7c ho\u00e0n ti\u1ec1n<\/li>\n<li>Y\u00eau c\u1ea7u thay \u0111\u1ed5i ng\u00e0y l\u01b0u tr\u00fa s\u1ebd \u0111\u01b0\u1ee3c xem x\u00e9t t\u00f9y theo t\u00ecnh tr\u1ea1ng ph\u00f2ng th\u1ef1c t\u1ebf<\/li>\n<\/ul>\n<p><strong>T\u1eeb 1.550.000 VND\/\u0111\u00eam\/2 kh\u00e1ch<\/strong><\/p>\n","protected":false},"excerpt":{"rendered":"<p>L\u00ean k\u1ebf ho\u1ea1ch cho chuy\u1ebfn h\u00e0nh tr\u00ecnh v\u1ec1 v\u1edbi ph\u1ed1 H\u1ed9i s\u1edbm h\u01a1n \u0111\u1ec3 nh\u1eadn m\u1ee9c gi\u00e1 \u01b0u \u0111\u00e3i \u0111\u1eb7c bi\u1ec7t duy nh\u1ea5t khi \u0111\u1eb7t tr\u1ef1c ti\u1ebfp t\u1ea1i website c\u1ee7a Legacy Hoi An Resort. Bao g\u1ed3m: B\u1eefa s\u00e1ng t\u1ef1 ch\u1ecdn h\u1eb1ng ng\u00e0y t\u1ea1i Nh\u00e0 h\u00e0ng Sen Mi\u1ec5n ph\u00ed shuttle bus \u0111\u01b0a \u0111\u00f3n \u0111\u1ebfn Ph\u1ed1 C\u1ed5 [&hellip;]<\/p>\n","protected":false},"author":293,"featured_media":0,"parent":250,"menu_order":0,"comment_status":"closed","ping_status":"closed","template":"template-single-offer.php","meta":{"footnotes":""},"yoast_head":"<!-- This site is optimized with the Yoast SEO plugin v22.3 - https:\/\/yoast.com\/wordpress\/plugins\/seo\/ -->\n<title>\u0110\u1eb7t S\u1edbm, Ti\u1ebft Ki\u1ec7m Nhi\u1ec1u H\u01a1n - Legacy Hoi An Resort<\/title>\n<meta name=\"robots\" content=\"index, follow, max-snippet:-1, max-image-preview:large, max-video-preview:-1\" \/>\n<link rel=\"canonical\" href=\"https:\/\/www.legacyhoian.com\/vi\/specials-offers\/dat-som-tiet-kiem-nhieu-hon\/\" \/>\n<meta property=\"og:locale\" content=\"vi_VN\" \/>\n<meta property=\"og:type\" content=\"article\" \/>\n<meta property=\"og:title\" content=\"\u0110\u1eb7t S\u1edbm, Ti\u1ebft Ki\u1ec7m Nhi\u1ec1u H\u01a1n - Legacy Hoi An Resort\" \/>\n<meta property=\"og:description\" content=\"L\u00ean k\u1ebf ho\u1ea1ch cho chuy\u1ebfn h\u00e0nh tr\u00ecnh v\u1ec1 v\u1edbi ph\u1ed1 H\u1ed9i s\u1edbm h\u01a1n \u0111\u1ec3 nh\u1eadn m\u1ee9c gi\u00e1 \u01b0u \u0111\u00e3i \u0111\u1eb7c bi\u1ec7t duy nh\u1ea5t khi \u0111\u1eb7t tr\u1ef1c ti\u1ebfp t\u1ea1i website c\u1ee7a Legacy Hoi An Resort. Bao g\u1ed3m: B\u1eefa s\u00e1ng t\u1ef1 ch\u1ecdn h\u1eb1ng ng\u00e0y t\u1ea1i Nh\u00e0 h\u00e0ng Sen Mi\u1ec5n ph\u00ed shuttle bus \u0111\u01b0a \u0111\u00f3n \u0111\u1ebfn Ph\u1ed1 C\u1ed5 [&hellip;]\" \/>\n<meta property=\"og:url\" content=\"https:\/\/www.legacyhoian.com\/vi\/specials-offers\/dat-som-tiet-kiem-nhieu-hon\/\" \/>\n<meta property=\"og:site_name\" content=\"Legacy Hoi An Resort\" \/>\n<meta property=\"article:modified_time\" content=\"2026-05-13T15:49:59+00:00\" \/>\n<meta name=\"twitter:card\" content=\"summary_large_image\" \/>\n<meta name=\"twitter:label1\" content=\"Est. reading time\" \/>\n\t<meta name=\"twitter:data1\" content=\"1 minute\" \/>\n<script type=\"application\/ld+json\" class=\"yoast-schema-graph\">{\"@context\":\"https:\/\/schema.org\",\"@graph\":[{\"@type\":\"WebPage\",\"@id\":\"https:\/\/www.legacyhoian.com\/vi\/specials-offers\/dat-som-tiet-kiem-nhieu-hon\/\",\"url\":\"https:\/\/www.legacyhoian.com\/vi\/specials-offers\/dat-som-tiet-kiem-nhieu-hon\/\",\"name\":\"\u0110\u1eb7t S\u1edbm, Ti\u1ebft Ki\u1ec7m Nhi\u1ec1u H\u01a1n - Legacy Hoi An Resort\",\"isPartOf\":{\"@id\":\"https:\/\/www.legacyhoian.com\/vi\/#website\"},\"datePublished\":\"2026-05-13T10:44:45+00:00\",\"dateModified\":\"2026-05-13T15:49:59+00:00\",\"breadcrumb\":{\"@id\":\"https:\/\/www.legacyhoian.com\/vi\/specials-offers\/dat-som-tiet-kiem-nhieu-hon\/#breadcrumb\"},\"inLanguage\":\"vi-VN\",\"potentialAction\":[{\"@type\":\"ReadAction\",\"target\":[\"https:\/\/www.legacyhoian.com\/vi\/specials-offers\/dat-som-tiet-kiem-nhieu-hon\/\"]}]},{\"@type\":\"BreadcrumbList\",\"@id\":\"https:\/\/www.legacyhoian.com\/vi\/specials-offers\/dat-som-tiet-kiem-nhieu-hon\/#breadcrumb\",\"itemListElement\":[{\"@type\":\"ListItem\",\"position\":1,\"name\":\"Home\",\"item\":\"https:\/\/www.legacyhoian.com\/vi\/\"},{\"@type\":\"ListItem\",\"position\":2,\"name\":\"\u01afu \u0111\u00e3i \u0111\u1eb7c bi\u1ec7t\",\"item\":\"https:\/\/www.legacyhoian.com\/vi\/specials-offers\/\"},{\"@type\":\"ListItem\",\"position\":3,\"name\":\"\u0110\u1eb7t S\u1edbm, Ti\u1ebft Ki\u1ec7m Nhi\u1ec1u H\u01a1n\"}]},{\"@type\":\"WebSite\",\"@id\":\"https:\/\/www.legacyhoian.com\/vi\/#website\",\"url\":\"https:\/\/www.legacyhoian.com\/vi\/\",\"name\":\"Legacy Hoi An Resort\",\"description\":\"\",\"potentialAction\":[{\"@type\":\"SearchAction\",\"target\":{\"@type\":\"EntryPoint\",\"urlTemplate\":\"https:\/\/www.legacyhoian.com\/vi\/?s={search_term_string}\"},\"query-input\":\"required name=search_term_string\"}],\"inLanguage\":\"vi-VN\"}]}<\/script>\n<!-- \/ Yoast SEO plugin. -->","yoast_head_json":{"title":"\u0110\u1eb7t S\u1edbm, Ti\u1ebft Ki\u1ec7m Nhi\u1ec1u H\u01a1n - Legacy Hoi An Resort","robots":{"index":"index","follow":"follow","max-snippet":"max-snippet:-1","max-image-preview":"max-image-preview:large","max-video-preview":"max-video-preview:-1"},"canonical":"https:\/\/www.legacyhoian.com\/vi\/specials-offers\/dat-som-tiet-kiem-nhieu-hon\/","og_locale":"vi_VN","og_type":"article","og_title":"\u0110\u1eb7t S\u1edbm, Ti\u1ebft Ki\u1ec7m Nhi\u1ec1u H\u01a1n - Legacy Hoi An Resort","og_description":"L\u00ean k\u1ebf ho\u1ea1ch cho chuy\u1ebfn h\u00e0nh tr\u00ecnh v\u1ec1 v\u1edbi ph\u1ed1 H\u1ed9i s\u1edbm h\u01a1n \u0111\u1ec3 nh\u1eadn m\u1ee9c gi\u00e1 \u01b0u \u0111\u00e3i \u0111\u1eb7c bi\u1ec7t duy nh\u1ea5t khi \u0111\u1eb7t tr\u1ef1c ti\u1ebfp t\u1ea1i website c\u1ee7a Legacy Hoi An Resort. Bao g\u1ed3m: B\u1eefa s\u00e1ng t\u1ef1 ch\u1ecdn h\u1eb1ng ng\u00e0y t\u1ea1i Nh\u00e0 h\u00e0ng Sen Mi\u1ec5n ph\u00ed shuttle bus \u0111\u01b0a \u0111\u00f3n \u0111\u1ebfn Ph\u1ed1 C\u1ed5 [&hellip;]","og_url":"https:\/\/www.legacyhoian.com\/vi\/specials-offers\/dat-som-tiet-kiem-nhieu-hon\/","og_site_name":"Legacy Hoi An Resort","article_modified_time":"2026-05-13T15:49:59+00:00","twitter_card":"summary_large_image","twitter_misc":{"Est. reading time":"1 minute"},"schema":{"@context":"https:\/\/schema.org","@graph":[{"@type":"WebPage","@id":"https:\/\/www.legacyhoian.com\/vi\/specials-offers\/dat-som-tiet-kiem-nhieu-hon\/","url":"https:\/\/www.legacyhoian.com\/vi\/specials-offers\/dat-som-tiet-kiem-nhieu-hon\/","name":"\u0110\u1eb7t S\u1edbm, Ti\u1ebft Ki\u1ec7m Nhi\u1ec1u H\u01a1n - Legacy Hoi An Resort","isPartOf":{"@id":"https:\/\/www.legacyhoian.com\/vi\/#website"},"datePublished":"2026-05-13T10:44:45+00:00","dateModified":"2026-05-13T15:49:59+00:00","breadcrumb":{"@id":"https:\/\/www.legacyhoian.com\/vi\/specials-offers\/dat-som-tiet-kiem-nhieu-hon\/#breadcrumb"},"inLanguage":"vi-VN","potentialAction":[{"@type":"ReadAction","target":["https:\/\/www.legacyhoian.com\/vi\/specials-offers\/dat-som-tiet-kiem-nhieu-hon\/"]}]},{"@type":"BreadcrumbList","@id":"https:\/\/www.legacyhoian.com\/vi\/specials-offers\/dat-som-tiet-kiem-nhieu-hon\/#breadcrumb","itemListElement":[{"@type":"ListItem","position":1,"name":"Home","item":"https:\/\/www.legacyhoian.com\/vi\/"},{"@type":"ListItem","position":2,"name":"\u01afu \u0111\u00e3i \u0111\u1eb7c bi\u1ec7t","item":"https:\/\/www.legacyhoian.com\/vi\/specials-offers\/"},{"@type":"ListItem","position":3,"name":"\u0110\u1eb7t S\u1edbm, Ti\u1ebft Ki\u1ec7m Nhi\u1ec1u H\u01a1n"}]},{"@type":"WebSite","@id":"https:\/\/www.legacyhoian.com\/vi\/#website","url":"https:\/\/www.legacyhoian.com\/vi\/","name":"Legacy Hoi An Resort","description":"","potentialAction":[{"@type":"SearchAction","target":{"@type":"EntryPoint","urlTemplate":"https:\/\/www.legacyhoian.com\/vi\/?s={search_term_string}"},"query-input":"required name=search_term_string"}],"inLanguage":"vi-VN"}]}},"acf":[],"_links":{"self":[{"href":"https:\/\/www.legacyhoian.com\/vi\/wp-json\/wp\/v2\/pages\/372"}],"collection":[{"href":"https:\/\/www.legacyhoian.com\/vi\/wp-json\/wp\/v2\/pages"}],"about":[{"href":"https:\/\/www.legacyhoian.com\/vi\/wp-json\/wp\/v2\/types\/page"}],"author":[{"embeddable":true,"href":"https:\/\/www.legacyhoian.com\/vi\/wp-json\/wp\/v2\/users\/293"}],"replies":[{"embeddable":true,"href":"https:\/\/www.legacyhoian.com\/vi\/wp-json\/wp\/v2\/comments?post=372"}],"version-history":[{"count":0,"href":"https:\/\/www.legacyhoian.com\/vi\/wp-json\/wp\/v2\/pages\/372\/revisions"}],"up":[{"embeddable":true,"href":"https:\/\/www.legacyhoian.com\/vi\/wp-json\/wp\/v2\/pages\/250"}],"wp:attachment":[{"href":"https:\/\/www.legacyhoian.com\/vi\/wp-json\/wp\/v2\/media?parent=372"}],"curies":[{"name":"wp","href":"https:\/\/api.w.org\/{rel}","templated":true}]}}