{"id":357,"date":"2026-04-29T11:14:11","date_gmt":"2026-04-29T11:14:11","guid":{"rendered":"https:\/\/www.legacyhoian.com\/?page_id=357"},"modified":"2026-04-29T11:33:51","modified_gmt":"2026-04-29T11:33:51","slug":"resort-guide","status":"publish","type":"page","link":"https:\/\/www.legacyhoian.com\/vi\/resort-guide\/","title":{"rendered":"C\u1ea9m nang ngh\u1ec9 d\u01b0\u1ee1ng"},"content":{"rendered":"<p><strong>D\u1eaaN L\u1ed0I H\u00c0NH TR\u00ccNH, KH\u01a0I NGU\u1ed2N C\u1ea2M X\u00daC<\/strong><\/p>\n<p style=\"text-align: left\">D\u1ec5 d\u00e0ng t\u00ecm th\u1ea5y l\u1ed1i \u0111i gi\u1eefa nh\u1eefng khu v\u01b0\u1eddn y\u00ean t\u0129nh v\u00e0 k\u1ebft n\u1ed1i v\u1edbi c\u00e1c ti\u1ec7n \u00edch \u0111\u1eb3ng c\u1ea5p.<\/p>\n<p style=\"text-align: left\">C\u1eadp nh\u1eadt l\u1ecbch tr\u00ecnh shuttle bus, c\u00e1c ho\u1ea1t \u0111\u1ed9ng gi\u1ea3i tr\u00ed, tr\u1ea3i nghi\u1ec7m v\u0103n h\u00f3a di\u1ec5n ra h\u00e0ng ng\u00e0y \u0111\u1ec3 kh\u00f4ng b\u1ecf l\u1ee1 b\u1ea5t k\u1ef3 kho\u1ea3nh kh\u1eafc th\u00fa v\u1ecb n\u00e0o trong k\u1ef3 ngh\u1ec9 c\u1ee7a b\u1ea1n.<\/p>\n","protected":false},"excerpt":{"rendered":"<p>D\u1eaaN L\u1ed0I H\u00c0NH TR\u00ccNH, KH\u01a0I NGU\u1ed2N C\u1ea2M X\u00daC D\u1ec5 d\u00e0ng t\u00ecm th\u1ea5y l\u1ed1i \u0111i gi\u1eefa nh\u1eefng khu v\u01b0\u1eddn y\u00ean t\u0129nh v\u00e0 k\u1ebft n\u1ed1i v\u1edbi c\u00e1c ti\u1ec7n \u00edch \u0111\u1eb3ng c\u1ea5p. C\u1eadp nh\u1eadt l\u1ecbch tr\u00ecnh shuttle bus, c\u00e1c ho\u1ea1t \u0111\u1ed9ng gi\u1ea3i tr\u00ed, tr\u1ea3i nghi\u1ec7m v\u0103n h\u00f3a di\u1ec5n ra h\u00e0ng ng\u00e0y \u0111\u1ec3 kh\u00f4ng b\u1ecf l\u1ee1 b\u1ea5t k\u1ef3 kho\u1ea3nh [&hellip;]<\/p>\n","protected":false},"author":293,"featured_media":0,"parent":0,"menu_order":0,"comment_status":"closed","ping_status":"closed","template":"","meta":{"footnotes":""},"yoast_head":"<!-- This site is optimized with the Yoast SEO plugin v22.3 - https:\/\/yoast.com\/wordpress\/plugins\/seo\/ -->\n<title>C\u1ea9m nang ngh\u1ec9 d\u01b0\u1ee1ng - Legacy Hoi An Resort<\/title>\n<meta name=\"robots\" content=\"index, follow, max-snippet:-1, max-image-preview:large, max-video-preview:-1\" \/>\n<link rel=\"canonical\" href=\"https:\/\/www.legacyhoian.com\/vi\/resort-guide\/\" \/>\n<meta property=\"og:locale\" content=\"vi_VN\" \/>\n<meta property=\"og:type\" content=\"article\" \/>\n<meta property=\"og:title\" content=\"C\u1ea9m nang ngh\u1ec9 d\u01b0\u1ee1ng - Legacy Hoi An Resort\" \/>\n<meta property=\"og:description\" content=\"D\u1eaaN L\u1ed0I H\u00c0NH TR\u00ccNH, KH\u01a0I NGU\u1ed2N C\u1ea2M X\u00daC D\u1ec5 d\u00e0ng t\u00ecm th\u1ea5y l\u1ed1i \u0111i gi\u1eefa nh\u1eefng khu v\u01b0\u1eddn y\u00ean t\u0129nh v\u00e0 k\u1ebft n\u1ed1i v\u1edbi c\u00e1c ti\u1ec7n \u00edch \u0111\u1eb3ng c\u1ea5p. C\u1eadp nh\u1eadt l\u1ecbch tr\u00ecnh shuttle bus, c\u00e1c ho\u1ea1t \u0111\u1ed9ng gi\u1ea3i tr\u00ed, tr\u1ea3i nghi\u1ec7m v\u0103n h\u00f3a di\u1ec5n ra h\u00e0ng ng\u00e0y \u0111\u1ec3 kh\u00f4ng b\u1ecf l\u1ee1 b\u1ea5t k\u1ef3 kho\u1ea3nh [&hellip;]\" \/>\n<meta property=\"og:url\" content=\"https:\/\/www.legacyhoian.com\/vi\/resort-guide\/\" \/>\n<meta property=\"og:site_name\" content=\"Legacy Hoi An Resort\" \/>\n<meta property=\"article:modified_time\" content=\"2026-04-29T11:33:51+00:00\" \/>\n<meta name=\"twitter:card\" content=\"summary_large_image\" \/>\n<meta name=\"twitter:label1\" content=\"Est. reading time\" \/>\n\t<meta name=\"twitter:data1\" content=\"1 minute\" \/>\n<script type=\"application\/ld+json\" class=\"yoast-schema-graph\">{\"@context\":\"https:\/\/schema.org\",\"@graph\":[{\"@type\":\"WebPage\",\"@id\":\"https:\/\/www.legacyhoian.com\/vi\/resort-guide\/\",\"url\":\"https:\/\/www.legacyhoian.com\/vi\/resort-guide\/\",\"name\":\"C\u1ea9m nang ngh\u1ec9 d\u01b0\u1ee1ng - Legacy Hoi An Resort\",\"isPartOf\":{\"@id\":\"https:\/\/www.legacyhoian.com\/vi\/#website\"},\"datePublished\":\"2026-04-29T11:14:11+00:00\",\"dateModified\":\"2026-04-29T11:33:51+00:00\",\"breadcrumb\":{\"@id\":\"https:\/\/www.legacyhoian.com\/vi\/resort-guide\/#breadcrumb\"},\"inLanguage\":\"vi-VN\",\"potentialAction\":[{\"@type\":\"ReadAction\",\"target\":[\"https:\/\/www.legacyhoian.com\/vi\/resort-guide\/\"]}]},{\"@type\":\"BreadcrumbList\",\"@id\":\"https:\/\/www.legacyhoian.com\/vi\/resort-guide\/#breadcrumb\",\"itemListElement\":[{\"@type\":\"ListItem\",\"position\":1,\"name\":\"Home\",\"item\":\"https:\/\/www.legacyhoian.com\/vi\/\"},{\"@type\":\"ListItem\",\"position\":2,\"name\":\"C\u1ea9m nang ngh\u1ec9 d\u01b0\u1ee1ng\"}]},{\"@type\":\"WebSite\",\"@id\":\"https:\/\/www.legacyhoian.com\/vi\/#website\",\"url\":\"https:\/\/www.legacyhoian.com\/vi\/\",\"name\":\"Legacy Hoi An Resort\",\"description\":\"\",\"potentialAction\":[{\"@type\":\"SearchAction\",\"target\":{\"@type\":\"EntryPoint\",\"urlTemplate\":\"https:\/\/www.legacyhoian.com\/vi\/?s={search_term_string}\"},\"query-input\":\"required name=search_term_string\"}],\"inLanguage\":\"vi-VN\"}]}<\/script>\n<!-- \/ Yoast SEO plugin. -->","yoast_head_json":{"title":"C\u1ea9m nang ngh\u1ec9 d\u01b0\u1ee1ng - Legacy Hoi An Resort","robots":{"index":"index","follow":"follow","max-snippet":"max-snippet:-1","max-image-preview":"max-image-preview:large","max-video-preview":"max-video-preview:-1"},"canonical":"https:\/\/www.legacyhoian.com\/vi\/resort-guide\/","og_locale":"vi_VN","og_type":"article","og_title":"C\u1ea9m nang ngh\u1ec9 d\u01b0\u1ee1ng - Legacy Hoi An Resort","og_description":"D\u1eaaN L\u1ed0I H\u00c0NH TR\u00ccNH, KH\u01a0I NGU\u1ed2N C\u1ea2M X\u00daC D\u1ec5 d\u00e0ng t\u00ecm th\u1ea5y l\u1ed1i \u0111i gi\u1eefa nh\u1eefng khu v\u01b0\u1eddn y\u00ean t\u0129nh v\u00e0 k\u1ebft n\u1ed1i v\u1edbi c\u00e1c ti\u1ec7n \u00edch \u0111\u1eb3ng c\u1ea5p. C\u1eadp nh\u1eadt l\u1ecbch tr\u00ecnh shuttle bus, c\u00e1c ho\u1ea1t \u0111\u1ed9ng gi\u1ea3i tr\u00ed, tr\u1ea3i nghi\u1ec7m v\u0103n h\u00f3a di\u1ec5n ra h\u00e0ng ng\u00e0y \u0111\u1ec3 kh\u00f4ng b\u1ecf l\u1ee1 b\u1ea5t k\u1ef3 kho\u1ea3nh [&hellip;]","og_url":"https:\/\/www.legacyhoian.com\/vi\/resort-guide\/","og_site_name":"Legacy Hoi An Resort","article_modified_time":"2026-04-29T11:33:51+00:00","twitter_card":"summary_large_image","twitter_misc":{"Est. reading time":"1 minute"},"schema":{"@context":"https:\/\/schema.org","@graph":[{"@type":"WebPage","@id":"https:\/\/www.legacyhoian.com\/vi\/resort-guide\/","url":"https:\/\/www.legacyhoian.com\/vi\/resort-guide\/","name":"C\u1ea9m nang ngh\u1ec9 d\u01b0\u1ee1ng - Legacy Hoi An Resort","isPartOf":{"@id":"https:\/\/www.legacyhoian.com\/vi\/#website"},"datePublished":"2026-04-29T11:14:11+00:00","dateModified":"2026-04-29T11:33:51+00:00","breadcrumb":{"@id":"https:\/\/www.legacyhoian.com\/vi\/resort-guide\/#breadcrumb"},"inLanguage":"vi-VN","potentialAction":[{"@type":"ReadAction","target":["https:\/\/www.legacyhoian.com\/vi\/resort-guide\/"]}]},{"@type":"BreadcrumbList","@id":"https:\/\/www.legacyhoian.com\/vi\/resort-guide\/#breadcrumb","itemListElement":[{"@type":"ListItem","position":1,"name":"Home","item":"https:\/\/www.legacyhoian.com\/vi\/"},{"@type":"ListItem","position":2,"name":"C\u1ea9m nang ngh\u1ec9 d\u01b0\u1ee1ng"}]},{"@type":"WebSite","@id":"https:\/\/www.legacyhoian.com\/vi\/#website","url":"https:\/\/www.legacyhoian.com\/vi\/","name":"Legacy Hoi An Resort","description":"","potentialAction":[{"@type":"SearchAction","target":{"@type":"EntryPoint","urlTemplate":"https:\/\/www.legacyhoian.com\/vi\/?s={search_term_string}"},"query-input":"required name=search_term_string"}],"inLanguage":"vi-VN"}]}},"acf":[],"_links":{"self":[{"href":"https:\/\/www.legacyhoian.com\/vi\/wp-json\/wp\/v2\/pages\/357"}],"collection":[{"href":"https:\/\/www.legacyhoian.com\/vi\/wp-json\/wp\/v2\/pages"}],"about":[{"href":"https:\/\/www.legacyhoian.com\/vi\/wp-json\/wp\/v2\/types\/page"}],"author":[{"embeddable":true,"href":"https:\/\/www.legacyhoian.com\/vi\/wp-json\/wp\/v2\/users\/293"}],"replies":[{"embeddable":true,"href":"https:\/\/www.legacyhoian.com\/vi\/wp-json\/wp\/v2\/comments?post=357"}],"version-history":[{"count":0,"href":"https:\/\/www.legacyhoian.com\/vi\/wp-json\/wp\/v2\/pages\/357\/revisions"}],"wp:attachment":[{"href":"https:\/\/www.legacyhoian.com\/vi\/wp-json\/wp\/v2\/media?parent=357"}],"curies":[{"name":"wp","href":"https:\/\/api.w.org\/{rel}","templated":true}]}}