{"id":347,"date":"2026-04-29T02:46:43","date_gmt":"2026-04-29T02:46:43","guid":{"rendered":"https:\/\/www.legacyhoian.com\/?page_id=347"},"modified":"2026-05-13T09:19:45","modified_gmt":"2026-05-13T09:19:45","slug":"summer-refresh","status":"publish","type":"page","link":"https:\/\/www.legacyhoian.com\/vi\/specials-offers\/summer-refresh\/","title":{"rendered":"\u0110\u00f3n H\u00e8 Th\u1ea3nh Th\u01a1i"},"content":{"rendered":"<h4>Ngh\u1ec9 D\u01b0\u1ee1ng &amp; Th\u01b0\u1edfng Th\u1ee9c<\/h4>\n<p>T\u1ea1m r\u1eddi nh\u1ecbp s\u1ed1ng th\u01b0\u1eddng ng\u00e0y v\u00e0 t\u1eadn h\u01b0\u1edfng k\u1ef3 ngh\u1ec9 h\u00e8 th\u01b0 th\u00e1i t\u1ea1i Legacy Hoi An Resort. Th\u01b0 gi\u00e3n b\u00ean h\u1ed3 b\u01a1i v\u00e0 th\u01b0\u1edfng th\u1ee9c set \u0103n nh\u1eb9 bu\u1ed5i chi\u1ec1u \u0111\u1ea7y h\u1ea5p d\u1eabn.<\/p>\n<p><strong>G\u00f3i ngh\u1ec9 d\u01b0\u1ee1ng bao g\u1ed3m:<\/strong><br \/>\n\u2022 01 \u0111\u00eam ngh\u1ec9 t\u1ea1i ph\u00f2ng Superior Garden View ho\u1eb7c Deluxe Garden View<br \/>\n\u2022 01 set \u0103n nh\u1eb9 t\u1ea1i h\u1ed3 b\u01a1i Sunset ho\u1eb7c Pad &amp; Buff Bar, l\u1ef1a ch\u1ecdn 1 trong 2:<br \/>\n\u2013 M\u1eb9t H\u01b0\u01a1ng \u0110\u1ed3ng Gi\u00f3 N\u1ed9i v\u1edbi \u0111\u1eb7c s\u1ea3n \u0111\u1ecba ph\u01b0\u01a1ng v\u00e0 n\u01b0\u1edbc th\u1ea3o m\u1ed9c<br \/>\n\u2013 Fun Fuel Set g\u1ed3m sandwich, khoai t\u00e2y chi\u00ean v\u00e0 n\u01b0\u1edbc ng\u1ecdt<br \/>\n\u2022 Buffet s\u00e1ng \u0111a d\u1ea1ng c\u00e1c m\u00f3n \u00c1 v\u00e0 \u00c2u<br \/>\n\u2022 Mi\u1ec5n ph\u00ed s\u1eed d\u1ee5ng h\u1ed3 b\u01a1i Sunset, Infinite v\u00e0 c\u00e1c ti\u1ec7n \u00edch c\u1ee7a resort<br \/>\n\u2022 Mi\u1ec5n ph\u00ed xe \u0111\u1ea1p tham quan &amp; shuttle bus theo l\u1ecbch tr\u00ecnh \u0111\u1ebfn Ph\u1ed1 c\u1ed5 H\u1ed9i An v\u00e0 bi\u1ec3n An B\u00e0ng<\/p>\n<p><strong>\u0110i\u1ec1u ki\u1ec7n &amp; \u0110i\u1ec1u kho\u1ea3n:<\/strong><br \/>\n\u2022 Th\u1eddi gian \u00e1p d\u1ee5ng: 03\/05 \u2013 30\/09\/2026<br \/>\n\u2022 Thanh to\u00e1n 100% t\u1ea1i th\u1eddi \u0111i\u1ec3m \u0111\u1eb7t ph\u00f2ng<br \/>\n\u2022 Kh\u00f4ng ho\u00e0n h\u1ee7y, kh\u00f4ng thay \u0111\u1ed5i sau khi x\u00e1c nh\u1eadn<br \/>\n\u2022 \u00c1p d\u1ee5ng 100% ph\u00ed cho no-show<br \/>\n\u2022 Kh\u00f4ng \u00e1p d\u1ee5ng \u0111\u1ed3ng th\u1eddi v\u1edbi \u01b0u \u0111\u00e3i kh\u00e1c<br \/>\n\u2022 D\u1ecbch v\u1ee5 kh\u00f4ng s\u1eed d\u1ee5ng kh\u00f4ng quy \u0111\u1ed5i th\u00e0nh ti\u1ec1n m\u1eb7t<\/p>\n<p><strong>Ch\u00ednh s\u00e1ch tr\u1ebb em &amp; gi\u01b0\u1eddng ph\u1ee5:<\/strong><br \/>\n\u2022 Tr\u1ebb d\u01b0\u1edbi 6 tu\u1ed5i: Mi\u1ec5n ph\u00ed, ng\u1ee7 chung (t\u1ed1i \u0111a 1 tr\u1ebb\/ph\u00f2ng)<br \/>\n\u2022 Tr\u1ebb 6 \u2013 11 tu\u1ed5i: Ph\u1ee5 thu 290.000 VN\u0110\/tr\u1ebb<br \/>\n\u2022 Gi\u01b0\u1eddng ph\u1ee5: 700.000 VN\u0110\/gi\u01b0\u1eddng<\/p>\n<p><strong>L\u01b0u \u00fd:<\/strong><br \/>\n\u2022 \u01afu \u0111\u00e3i \u00e1p d\u1ee5ng 01 set \u0103n\/booking (kh\u00f4ng t\u00ednh theo s\u1ed1 \u0111\u00eam)<br \/>\n\u2022 Vui l\u00f2ng ch\u1ecdn set \u0103n khi check-in<br \/>\n\u2022 Set \u0103n ph\u1ee5c v\u1ee5 t\u1eeb 15:00 \u2013 17:00 h\u00e0ng ng\u00e0y<\/p>\n<p><strong>Gi\u00e1 ch\u1ec9 t\u1eeb 1.380.000 VN\u0110\/\u0111\u00eam\/2 kh\u00e1ch<\/strong><\/p>\n","protected":false},"excerpt":{"rendered":"<p>Ngh\u1ec9 D\u01b0\u1ee1ng &amp; Th\u01b0\u1edfng Th\u1ee9c T\u1ea1m r\u1eddi nh\u1ecbp s\u1ed1ng th\u01b0\u1eddng ng\u00e0y v\u00e0 t\u1eadn h\u01b0\u1edfng k\u1ef3 ngh\u1ec9 h\u00e8 th\u01b0 th\u00e1i t\u1ea1i Legacy Hoi An Resort. Th\u01b0 gi\u00e3n b\u00ean h\u1ed3 b\u01a1i v\u00e0 th\u01b0\u1edfng th\u1ee9c set \u0103n nh\u1eb9 bu\u1ed5i chi\u1ec1u \u0111\u1ea7y h\u1ea5p d\u1eabn. G\u00f3i ngh\u1ec9 d\u01b0\u1ee1ng bao g\u1ed3m: \u2022 01 \u0111\u00eam ngh\u1ec9 t\u1ea1i ph\u00f2ng Superior Garden View ho\u1eb7c [&hellip;]<\/p>\n","protected":false},"author":293,"featured_media":0,"parent":250,"menu_order":0,"comment_status":"closed","ping_status":"closed","template":"template-single-offer.php","meta":{"footnotes":""},"yoast_head":"<!-- This site is optimized with the Yoast SEO plugin v22.3 - https:\/\/yoast.com\/wordpress\/plugins\/seo\/ -->\n<title>\u0110\u00f3n H\u00e8 Th\u1ea3nh Th\u01a1i - Legacy Hoi An Resort<\/title>\n<meta name=\"robots\" content=\"index, follow, max-snippet:-1, max-image-preview:large, max-video-preview:-1\" \/>\n<link rel=\"canonical\" href=\"https:\/\/www.legacyhoian.com\/vi\/specials-offers\/summer-refresh\/\" \/>\n<meta property=\"og:locale\" content=\"vi_VN\" \/>\n<meta property=\"og:type\" content=\"article\" \/>\n<meta property=\"og:title\" content=\"\u0110\u00f3n H\u00e8 Th\u1ea3nh Th\u01a1i - Legacy Hoi An Resort\" \/>\n<meta property=\"og:description\" content=\"Ngh\u1ec9 D\u01b0\u1ee1ng &amp; Th\u01b0\u1edfng Th\u1ee9c T\u1ea1m r\u1eddi nh\u1ecbp s\u1ed1ng th\u01b0\u1eddng ng\u00e0y v\u00e0 t\u1eadn h\u01b0\u1edfng k\u1ef3 ngh\u1ec9 h\u00e8 th\u01b0 th\u00e1i t\u1ea1i Legacy Hoi An Resort. Th\u01b0 gi\u00e3n b\u00ean h\u1ed3 b\u01a1i v\u00e0 th\u01b0\u1edfng th\u1ee9c set \u0103n nh\u1eb9 bu\u1ed5i chi\u1ec1u \u0111\u1ea7y h\u1ea5p d\u1eabn. G\u00f3i ngh\u1ec9 d\u01b0\u1ee1ng bao g\u1ed3m: \u2022 01 \u0111\u00eam ngh\u1ec9 t\u1ea1i ph\u00f2ng Superior Garden View ho\u1eb7c [&hellip;]\" \/>\n<meta property=\"og:url\" content=\"https:\/\/www.legacyhoian.com\/vi\/specials-offers\/summer-refresh\/\" \/>\n<meta property=\"og:site_name\" content=\"Legacy Hoi An Resort\" \/>\n<meta property=\"article:modified_time\" content=\"2026-05-13T09:19:45+00:00\" \/>\n<meta name=\"twitter:card\" content=\"summary_large_image\" \/>\n<meta name=\"twitter:label1\" content=\"Est. reading time\" \/>\n\t<meta name=\"twitter:data1\" content=\"2 minutes\" \/>\n<script type=\"application\/ld+json\" class=\"yoast-schema-graph\">{\"@context\":\"https:\/\/schema.org\",\"@graph\":[{\"@type\":\"WebPage\",\"@id\":\"https:\/\/www.legacyhoian.com\/vi\/specials-offers\/summer-refresh\/\",\"url\":\"https:\/\/www.legacyhoian.com\/vi\/specials-offers\/summer-refresh\/\",\"name\":\"\u0110\u00f3n H\u00e8 Th\u1ea3nh Th\u01a1i - Legacy Hoi An Resort\",\"isPartOf\":{\"@id\":\"https:\/\/www.legacyhoian.com\/vi\/#website\"},\"datePublished\":\"2026-04-29T02:46:43+00:00\",\"dateModified\":\"2026-05-13T09:19:45+00:00\",\"breadcrumb\":{\"@id\":\"https:\/\/www.legacyhoian.com\/vi\/specials-offers\/summer-refresh\/#breadcrumb\"},\"inLanguage\":\"vi-VN\",\"potentialAction\":[{\"@type\":\"ReadAction\",\"target\":[\"https:\/\/www.legacyhoian.com\/vi\/specials-offers\/summer-refresh\/\"]}]},{\"@type\":\"BreadcrumbList\",\"@id\":\"https:\/\/www.legacyhoian.com\/vi\/specials-offers\/summer-refresh\/#breadcrumb\",\"itemListElement\":[{\"@type\":\"ListItem\",\"position\":1,\"name\":\"Home\",\"item\":\"https:\/\/www.legacyhoian.com\/vi\/\"},{\"@type\":\"ListItem\",\"position\":2,\"name\":\"\u01afu \u0111\u00e3i \u0111\u1eb7c bi\u1ec7t\",\"item\":\"https:\/\/www.legacyhoian.com\/vi\/specials-offers\/\"},{\"@type\":\"ListItem\",\"position\":3,\"name\":\"\u0110\u00f3n H\u00e8 Th\u1ea3nh Th\u01a1i\"}]},{\"@type\":\"WebSite\",\"@id\":\"https:\/\/www.legacyhoian.com\/vi\/#website\",\"url\":\"https:\/\/www.legacyhoian.com\/vi\/\",\"name\":\"Legacy Hoi An Resort\",\"description\":\"\",\"potentialAction\":[{\"@type\":\"SearchAction\",\"target\":{\"@type\":\"EntryPoint\",\"urlTemplate\":\"https:\/\/www.legacyhoian.com\/vi\/?s={search_term_string}\"},\"query-input\":\"required name=search_term_string\"}],\"inLanguage\":\"vi-VN\"}]}<\/script>\n<!-- \/ Yoast SEO plugin. -->","yoast_head_json":{"title":"\u0110\u00f3n H\u00e8 Th\u1ea3nh Th\u01a1i - Legacy Hoi An Resort","robots":{"index":"index","follow":"follow","max-snippet":"max-snippet:-1","max-image-preview":"max-image-preview:large","max-video-preview":"max-video-preview:-1"},"canonical":"https:\/\/www.legacyhoian.com\/vi\/specials-offers\/summer-refresh\/","og_locale":"vi_VN","og_type":"article","og_title":"\u0110\u00f3n H\u00e8 Th\u1ea3nh Th\u01a1i - Legacy Hoi An Resort","og_description":"Ngh\u1ec9 D\u01b0\u1ee1ng &amp; Th\u01b0\u1edfng Th\u1ee9c T\u1ea1m r\u1eddi nh\u1ecbp s\u1ed1ng th\u01b0\u1eddng ng\u00e0y v\u00e0 t\u1eadn h\u01b0\u1edfng k\u1ef3 ngh\u1ec9 h\u00e8 th\u01b0 th\u00e1i t\u1ea1i Legacy Hoi An Resort. Th\u01b0 gi\u00e3n b\u00ean h\u1ed3 b\u01a1i v\u00e0 th\u01b0\u1edfng th\u1ee9c set \u0103n nh\u1eb9 bu\u1ed5i chi\u1ec1u \u0111\u1ea7y h\u1ea5p d\u1eabn. G\u00f3i ngh\u1ec9 d\u01b0\u1ee1ng bao g\u1ed3m: \u2022 01 \u0111\u00eam ngh\u1ec9 t\u1ea1i ph\u00f2ng Superior Garden View ho\u1eb7c [&hellip;]","og_url":"https:\/\/www.legacyhoian.com\/vi\/specials-offers\/summer-refresh\/","og_site_name":"Legacy Hoi An Resort","article_modified_time":"2026-05-13T09:19:45+00:00","twitter_card":"summary_large_image","twitter_misc":{"Est. reading time":"2 minutes"},"schema":{"@context":"https:\/\/schema.org","@graph":[{"@type":"WebPage","@id":"https:\/\/www.legacyhoian.com\/vi\/specials-offers\/summer-refresh\/","url":"https:\/\/www.legacyhoian.com\/vi\/specials-offers\/summer-refresh\/","name":"\u0110\u00f3n H\u00e8 Th\u1ea3nh Th\u01a1i - Legacy Hoi An Resort","isPartOf":{"@id":"https:\/\/www.legacyhoian.com\/vi\/#website"},"datePublished":"2026-04-29T02:46:43+00:00","dateModified":"2026-05-13T09:19:45+00:00","breadcrumb":{"@id":"https:\/\/www.legacyhoian.com\/vi\/specials-offers\/summer-refresh\/#breadcrumb"},"inLanguage":"vi-VN","potentialAction":[{"@type":"ReadAction","target":["https:\/\/www.legacyhoian.com\/vi\/specials-offers\/summer-refresh\/"]}]},{"@type":"BreadcrumbList","@id":"https:\/\/www.legacyhoian.com\/vi\/specials-offers\/summer-refresh\/#breadcrumb","itemListElement":[{"@type":"ListItem","position":1,"name":"Home","item":"https:\/\/www.legacyhoian.com\/vi\/"},{"@type":"ListItem","position":2,"name":"\u01afu \u0111\u00e3i \u0111\u1eb7c bi\u1ec7t","item":"https:\/\/www.legacyhoian.com\/vi\/specials-offers\/"},{"@type":"ListItem","position":3,"name":"\u0110\u00f3n H\u00e8 Th\u1ea3nh Th\u01a1i"}]},{"@type":"WebSite","@id":"https:\/\/www.legacyhoian.com\/vi\/#website","url":"https:\/\/www.legacyhoian.com\/vi\/","name":"Legacy Hoi An Resort","description":"","potentialAction":[{"@type":"SearchAction","target":{"@type":"EntryPoint","urlTemplate":"https:\/\/www.legacyhoian.com\/vi\/?s={search_term_string}"},"query-input":"required name=search_term_string"}],"inLanguage":"vi-VN"}]}},"acf":[],"_links":{"self":[{"href":"https:\/\/www.legacyhoian.com\/vi\/wp-json\/wp\/v2\/pages\/347"}],"collection":[{"href":"https:\/\/www.legacyhoian.com\/vi\/wp-json\/wp\/v2\/pages"}],"about":[{"href":"https:\/\/www.legacyhoian.com\/vi\/wp-json\/wp\/v2\/types\/page"}],"author":[{"embeddable":true,"href":"https:\/\/www.legacyhoian.com\/vi\/wp-json\/wp\/v2\/users\/293"}],"replies":[{"embeddable":true,"href":"https:\/\/www.legacyhoian.com\/vi\/wp-json\/wp\/v2\/comments?post=347"}],"version-history":[{"count":0,"href":"https:\/\/www.legacyhoian.com\/vi\/wp-json\/wp\/v2\/pages\/347\/revisions"}],"up":[{"embeddable":true,"href":"https:\/\/www.legacyhoian.com\/vi\/wp-json\/wp\/v2\/pages\/250"}],"wp:attachment":[{"href":"https:\/\/www.legacyhoian.com\/vi\/wp-json\/wp\/v2\/media?parent=347"}],"curies":[{"name":"wp","href":"https:\/\/api.w.org\/{rel}","templated":true}]}}