{"id":326,"date":"2026-04-27T05:02:57","date_gmt":"2026-04-27T05:02:57","guid":{"rendered":"https:\/\/www.legacyhoian.com\/?page_id=326"},"modified":"2026-04-27T05:36:05","modified_gmt":"2026-04-27T05:36:05","slug":"pad-buff-bar","status":"publish","type":"page","link":"https:\/\/www.legacyhoian.com\/vi\/dining\/pad-buff-bar\/","title":{"rendered":"Pad &amp; Buff Bar"},"content":{"rendered":"<p>\u0110i\u1ec3m nh\u1ea5n t\u1eeb s\u1eafc g\u1ed7 tr\u1ea7m \u1ea5m, Pad &amp; Buff bar l\u00e0 \u0111i\u1ec3m \u0111\u1ec3 b\u1ea1n d\u00e0nh th\u1eddi gian gi\u1ea3i tr\u00ed c\u00f9ng gia \u0111\u00ecnh v\u1edbi c\u00e1c lo\u1ea1i th\u1ee9c u\u1ed1ng c\u00f9ng b\u00e0n bi-da \u0111\u1ec3 t\u1eadn h\u01b0\u1edfng gi\u00e2y ph\u00fat vui v\u1ebb.<\/p>\n<p><strong>V\u1ecb tr\u00ed:<\/strong> T\u1ea7ng 1<\/p>\n","protected":false},"excerpt":{"rendered":"<p>\u0110i\u1ec3m nh\u1ea5n t\u1eeb s\u1eafc g\u1ed7 tr\u1ea7m \u1ea5m, Pad &amp; Buff bar l\u00e0 \u0111i\u1ec3m \u0111\u1ec3 b\u1ea1n d\u00e0nh th\u1eddi gian gi\u1ea3i tr\u00ed c\u00f9ng gia \u0111\u00ecnh v\u1edbi c\u00e1c lo\u1ea1i th\u1ee9c u\u1ed1ng c\u00f9ng b\u00e0n bi-da \u0111\u1ec3 t\u1eadn h\u01b0\u1edfng gi\u00e2y ph\u00fat vui v\u1ebb. V\u1ecb tr\u00ed: T\u1ea7ng 1<\/p>\n","protected":false},"author":293,"featured_media":180,"parent":246,"menu_order":0,"comment_status":"closed","ping_status":"closed","template":"template-single-restaurant.php","meta":{"footnotes":""},"yoast_head":"<!-- This site is optimized with the Yoast SEO plugin v22.3 - https:\/\/yoast.com\/wordpress\/plugins\/seo\/ -->\n<title>Pad &amp; Buff Bar - Legacy Hoi An Resort<\/title>\n<meta name=\"robots\" content=\"index, follow, max-snippet:-1, max-image-preview:large, max-video-preview:-1\" \/>\n<link rel=\"canonical\" href=\"https:\/\/www.legacyhoian.com\/vi\/dining\/pad-buff-bar\/\" \/>\n<meta property=\"og:locale\" content=\"vi_VN\" \/>\n<meta property=\"og:type\" content=\"article\" \/>\n<meta property=\"og:title\" content=\"Pad &amp; Buff Bar - Legacy Hoi An Resort\" \/>\n<meta property=\"og:description\" content=\"\u0110i\u1ec3m nh\u1ea5n t\u1eeb s\u1eafc g\u1ed7 tr\u1ea7m \u1ea5m, Pad &amp; Buff bar l\u00e0 \u0111i\u1ec3m \u0111\u1ec3 b\u1ea1n d\u00e0nh th\u1eddi gian gi\u1ea3i tr\u00ed c\u00f9ng gia \u0111\u00ecnh v\u1edbi c\u00e1c lo\u1ea1i th\u1ee9c u\u1ed1ng c\u00f9ng b\u00e0n bi-da \u0111\u1ec3 t\u1eadn h\u01b0\u1edfng gi\u00e2y ph\u00fat vui v\u1ebb. V\u1ecb tr\u00ed: T\u1ea7ng 1\" \/>\n<meta property=\"og:url\" content=\"https:\/\/www.legacyhoian.com\/vi\/dining\/pad-buff-bar\/\" \/>\n<meta property=\"og:site_name\" content=\"Legacy Hoi An Resort\" \/>\n<meta property=\"article:modified_time\" content=\"2026-04-27T05:36:05+00:00\" \/>\n<meta property=\"og:image\" content=\"https:\/\/www.legacyhoian.com\/wp-content\/uploads\/sites\/172\/2026\/03\/DHP3017.jpg\" \/>\n\t<meta property=\"og:image:width\" content=\"2200\" \/>\n\t<meta property=\"og:image:height\" content=\"1467\" \/>\n\t<meta property=\"og:image:type\" content=\"image\/jpeg\" \/>\n<meta name=\"twitter:card\" content=\"summary_large_image\" \/>\n<meta name=\"twitter:label1\" content=\"Est. reading time\" \/>\n\t<meta name=\"twitter:data1\" content=\"1 minute\" \/>\n<script type=\"application\/ld+json\" class=\"yoast-schema-graph\">{\"@context\":\"https:\/\/schema.org\",\"@graph\":[{\"@type\":\"WebPage\",\"@id\":\"https:\/\/www.legacyhoian.com\/vi\/dining\/pad-buff-bar\/\",\"url\":\"https:\/\/www.legacyhoian.com\/vi\/dining\/pad-buff-bar\/\",\"name\":\"Pad &amp; Buff Bar - Legacy Hoi An Resort\",\"isPartOf\":{\"@id\":\"https:\/\/www.legacyhoian.com\/vi\/#website\"},\"primaryImageOfPage\":{\"@id\":\"https:\/\/www.legacyhoian.com\/vi\/dining\/pad-buff-bar\/#primaryimage\"},\"image\":{\"@id\":\"https:\/\/www.legacyhoian.com\/vi\/dining\/pad-buff-bar\/#primaryimage\"},\"thumbnailUrl\":\"https:\/\/www.legacyhoian.com\/wp-content\/uploads\/sites\/172\/2026\/03\/DHP3017.jpg\",\"datePublished\":\"2026-04-27T05:02:57+00:00\",\"dateModified\":\"2026-04-27T05:36:05+00:00\",\"breadcrumb\":{\"@id\":\"https:\/\/www.legacyhoian.com\/vi\/dining\/pad-buff-bar\/#breadcrumb\"},\"inLanguage\":\"vi-VN\",\"potentialAction\":[{\"@type\":\"ReadAction\",\"target\":[\"https:\/\/www.legacyhoian.com\/vi\/dining\/pad-buff-bar\/\"]}]},{\"@type\":\"ImageObject\",\"inLanguage\":\"vi-VN\",\"@id\":\"https:\/\/www.legacyhoian.com\/vi\/dining\/pad-buff-bar\/#primaryimage\",\"url\":\"https:\/\/www.legacyhoian.com\/wp-content\/uploads\/sites\/172\/2026\/03\/DHP3017.jpg\",\"contentUrl\":\"https:\/\/www.legacyhoian.com\/wp-content\/uploads\/sites\/172\/2026\/03\/DHP3017.jpg\",\"width\":2200,\"height\":1467},{\"@type\":\"BreadcrumbList\",\"@id\":\"https:\/\/www.legacyhoian.com\/vi\/dining\/pad-buff-bar\/#breadcrumb\",\"itemListElement\":[{\"@type\":\"ListItem\",\"position\":1,\"name\":\"Home\",\"item\":\"https:\/\/www.legacyhoian.com\/vi\/\"},{\"@type\":\"ListItem\",\"position\":2,\"name\":\"\u1ea8m th\u1ef1c\",\"item\":\"https:\/\/www.legacyhoian.com\/vi\/dining\/\"},{\"@type\":\"ListItem\",\"position\":3,\"name\":\"Pad &amp; Buff Bar\"}]},{\"@type\":\"WebSite\",\"@id\":\"https:\/\/www.legacyhoian.com\/vi\/#website\",\"url\":\"https:\/\/www.legacyhoian.com\/vi\/\",\"name\":\"Legacy Hoi An Resort\",\"description\":\"\",\"potentialAction\":[{\"@type\":\"SearchAction\",\"target\":{\"@type\":\"EntryPoint\",\"urlTemplate\":\"https:\/\/www.legacyhoian.com\/vi\/?s={search_term_string}\"},\"query-input\":\"required name=search_term_string\"}],\"inLanguage\":\"vi-VN\"}]}<\/script>\n<!-- \/ Yoast SEO plugin. -->","yoast_head_json":{"title":"Pad &amp; Buff Bar - Legacy Hoi An Resort","robots":{"index":"index","follow":"follow","max-snippet":"max-snippet:-1","max-image-preview":"max-image-preview:large","max-video-preview":"max-video-preview:-1"},"canonical":"https:\/\/www.legacyhoian.com\/vi\/dining\/pad-buff-bar\/","og_locale":"vi_VN","og_type":"article","og_title":"Pad &amp; Buff Bar - Legacy Hoi An Resort","og_description":"\u0110i\u1ec3m nh\u1ea5n t\u1eeb s\u1eafc g\u1ed7 tr\u1ea7m \u1ea5m, Pad &amp; Buff bar l\u00e0 \u0111i\u1ec3m \u0111\u1ec3 b\u1ea1n d\u00e0nh th\u1eddi gian gi\u1ea3i tr\u00ed c\u00f9ng gia \u0111\u00ecnh v\u1edbi c\u00e1c lo\u1ea1i th\u1ee9c u\u1ed1ng c\u00f9ng b\u00e0n bi-da \u0111\u1ec3 t\u1eadn h\u01b0\u1edfng gi\u00e2y ph\u00fat vui v\u1ebb. V\u1ecb tr\u00ed: T\u1ea7ng 1","og_url":"https:\/\/www.legacyhoian.com\/vi\/dining\/pad-buff-bar\/","og_site_name":"Legacy Hoi An Resort","article_modified_time":"2026-04-27T05:36:05+00:00","og_image":[{"width":2200,"height":1467,"url":"https:\/\/www.legacyhoian.com\/wp-content\/uploads\/sites\/172\/2026\/03\/DHP3017.jpg","type":"image\/jpeg"}],"twitter_card":"summary_large_image","twitter_misc":{"Est. reading time":"1 minute"},"schema":{"@context":"https:\/\/schema.org","@graph":[{"@type":"WebPage","@id":"https:\/\/www.legacyhoian.com\/vi\/dining\/pad-buff-bar\/","url":"https:\/\/www.legacyhoian.com\/vi\/dining\/pad-buff-bar\/","name":"Pad &amp; Buff Bar - Legacy Hoi An Resort","isPartOf":{"@id":"https:\/\/www.legacyhoian.com\/vi\/#website"},"primaryImageOfPage":{"@id":"https:\/\/www.legacyhoian.com\/vi\/dining\/pad-buff-bar\/#primaryimage"},"image":{"@id":"https:\/\/www.legacyhoian.com\/vi\/dining\/pad-buff-bar\/#primaryimage"},"thumbnailUrl":"https:\/\/www.legacyhoian.com\/wp-content\/uploads\/sites\/172\/2026\/03\/DHP3017.jpg","datePublished":"2026-04-27T05:02:57+00:00","dateModified":"2026-04-27T05:36:05+00:00","breadcrumb":{"@id":"https:\/\/www.legacyhoian.com\/vi\/dining\/pad-buff-bar\/#breadcrumb"},"inLanguage":"vi-VN","potentialAction":[{"@type":"ReadAction","target":["https:\/\/www.legacyhoian.com\/vi\/dining\/pad-buff-bar\/"]}]},{"@type":"ImageObject","inLanguage":"vi-VN","@id":"https:\/\/www.legacyhoian.com\/vi\/dining\/pad-buff-bar\/#primaryimage","url":"https:\/\/www.legacyhoian.com\/wp-content\/uploads\/sites\/172\/2026\/03\/DHP3017.jpg","contentUrl":"https:\/\/www.legacyhoian.com\/wp-content\/uploads\/sites\/172\/2026\/03\/DHP3017.jpg","width":2200,"height":1467},{"@type":"BreadcrumbList","@id":"https:\/\/www.legacyhoian.com\/vi\/dining\/pad-buff-bar\/#breadcrumb","itemListElement":[{"@type":"ListItem","position":1,"name":"Home","item":"https:\/\/www.legacyhoian.com\/vi\/"},{"@type":"ListItem","position":2,"name":"\u1ea8m th\u1ef1c","item":"https:\/\/www.legacyhoian.com\/vi\/dining\/"},{"@type":"ListItem","position":3,"name":"Pad &amp; Buff Bar"}]},{"@type":"WebSite","@id":"https:\/\/www.legacyhoian.com\/vi\/#website","url":"https:\/\/www.legacyhoian.com\/vi\/","name":"Legacy Hoi An Resort","description":"","potentialAction":[{"@type":"SearchAction","target":{"@type":"EntryPoint","urlTemplate":"https:\/\/www.legacyhoian.com\/vi\/?s={search_term_string}"},"query-input":"required name=search_term_string"}],"inLanguage":"vi-VN"}]}},"acf":[],"_links":{"self":[{"href":"https:\/\/www.legacyhoian.com\/vi\/wp-json\/wp\/v2\/pages\/326"}],"collection":[{"href":"https:\/\/www.legacyhoian.com\/vi\/wp-json\/wp\/v2\/pages"}],"about":[{"href":"https:\/\/www.legacyhoian.com\/vi\/wp-json\/wp\/v2\/types\/page"}],"author":[{"embeddable":true,"href":"https:\/\/www.legacyhoian.com\/vi\/wp-json\/wp\/v2\/users\/293"}],"replies":[{"embeddable":true,"href":"https:\/\/www.legacyhoian.com\/vi\/wp-json\/wp\/v2\/comments?post=326"}],"version-history":[{"count":0,"href":"https:\/\/www.legacyhoian.com\/vi\/wp-json\/wp\/v2\/pages\/326\/revisions"}],"up":[{"embeddable":true,"href":"https:\/\/www.legacyhoian.com\/vi\/wp-json\/wp\/v2\/pages\/246"}],"wp:featuredmedia":[{"embeddable":true,"href":"https:\/\/www.legacyhoian.com\/vi\/wp-json\/wp\/v2\/media\/180"}],"wp:attachment":[{"href":"https:\/\/www.legacyhoian.com\/vi\/wp-json\/wp\/v2\/media?parent=326"}],"curies":[{"name":"wp","href":"https:\/\/api.w.org\/{rel}","templated":true}]}}