{"id":324,"date":"2026-04-27T04:38:34","date_gmt":"2026-04-27T04:38:34","guid":{"rendered":"https:\/\/www.legacyhoian.com\/?page_id=324"},"modified":"2026-04-27T05:01:08","modified_gmt":"2026-04-27T05:01:08","slug":"uu-dai-gio-vang-30-4-1-5","status":"publish","type":"page","link":"https:\/\/www.legacyhoian.com\/vi\/specials-offers\/uu-dai-gio-vang-30-4-1-5\/","title":{"rendered":"\u01afu \u0111\u00e3i gi\u1edd v\u00e0ng"},"content":{"rendered":"<p style=\"text-align: left\">Ch\u00e0o m\u1eebng \u0111\u1ea1i l\u1ec5 30\/4 \u2013 1\/5 v\u1edbi chu\u1ed7i \u01b0u \u0111\u00e3i Happy Hour \u0111\u1eb7c quy\u1ec1n. H\u00e3y \u0111\u1ec3 ch\u00fang t\u00f4i n\u00e2ng t\u1ea7m k\u1ef3 ngh\u1ec9 c\u1ee7a b\u1ea1n b\u1eb1ng nh\u1eefng tr\u1ea3i nghi\u1ec7m \u1ea9m th\u1ef1c tinh t\u1ebf v\u00e0 nh\u1eefng h\u01b0\u01a1ng v\u1ecb s\u1ea3ng kho\u00e1i ngay gi\u1eefa l\u00f2ng khu ngh\u1ec9 d\u01b0\u1ee1ng y\u00ean b\u00ecnh.<\/p>\n<p style=\"text-align: left\"><strong>Th\u1eddi gian \u00e1p d\u1ee5ng:<\/strong> 30\/4 &#8211; 1\/5<\/p>\n<ul style=\"text-align: left\">\n<li style=\"text-align: left\">\n<p data-path-to-node=\"10,0,0\"><b data-path-to-node=\"10,0,0\" data-index-in-node=\"0\">11:00 &#8211; 14:00 | Happy Lunch:<\/b> \u01afu \u0111\u00e3i 10% t\u1ed5ng h\u00f3a \u0111\u01a1n<\/p>\n<\/li>\n<li style=\"text-align: left\">\n<p data-path-to-node=\"10,1,0\"><b data-path-to-node=\"10,1,0\" data-index-in-node=\"0\">15:00 &#8211; 18:00 | Happy Local Beer:<\/b> Mua 1 T\u1eb7ng 1 (Bia 333, Larue)<\/p>\n<\/li>\n<li>\n<p style=\"text-align: left\" data-path-to-node=\"10,2,0\"><b data-path-to-node=\"10,2,0\" data-index-in-node=\"0\">11:00 &#8211; 23:00 | Happy Wine:<\/b> \u01afu \u0111\u00e3i 15% cho c\u00e1c d\u00f2ng vang chai<\/p>\n<\/li>\n<\/ul>\n<p><strong>\u0110\u1ecba \u0111i\u1ec3m:<\/strong> Nh\u00e0 h\u00e0ng Field v\u00e0 Pad &amp; Buff Bar<\/p>\n<p style=\"text-align: left\">Vui l\u00f2ng li\u00ean h\u1ec7 s\u1ed1\u00a0<strong>+84 (0) 235 3933 378<\/strong>\u00a0ho\u1eb7c email \u0111\u1ebfn \u0111\u1ecba ch\u1ec9\u00a0<strong>info@legacyhoian.com<\/strong>\u00a0\u0111\u1ec3 bi\u1ebft th\u00eam chi ti\u1ebft.<\/p>\n","protected":false},"excerpt":{"rendered":"<p>Ch\u00e0o m\u1eebng \u0111\u1ea1i l\u1ec5 30\/4 \u2013 1\/5 v\u1edbi chu\u1ed7i \u01b0u \u0111\u00e3i Happy Hour \u0111\u1eb7c quy\u1ec1n. H\u00e3y \u0111\u1ec3 ch\u00fang t\u00f4i n\u00e2ng t\u1ea7m k\u1ef3 ngh\u1ec9 c\u1ee7a b\u1ea1n b\u1eb1ng nh\u1eefng tr\u1ea3i nghi\u1ec7m \u1ea9m th\u1ef1c tinh t\u1ebf v\u00e0 nh\u1eefng h\u01b0\u01a1ng v\u1ecb s\u1ea3ng kho\u00e1i ngay gi\u1eefa l\u00f2ng khu ngh\u1ec9 d\u01b0\u1ee1ng y\u00ean b\u00ecnh. Th\u1eddi gian \u00e1p d\u1ee5ng: 30\/4 &#8211; 1\/5 11:00 [&hellip;]<\/p>\n","protected":false},"author":293,"featured_media":0,"parent":250,"menu_order":1,"comment_status":"closed","ping_status":"closed","template":"template-single-offer.php","meta":{"footnotes":""},"yoast_head":"<!-- This site is optimized with the Yoast SEO plugin v22.3 - https:\/\/yoast.com\/wordpress\/plugins\/seo\/ -->\n<title>\u01afu \u0111\u00e3i gi\u1edd v\u00e0ng - Legacy Hoi An Resort<\/title>\n<meta name=\"robots\" content=\"index, follow, max-snippet:-1, max-image-preview:large, max-video-preview:-1\" \/>\n<link rel=\"canonical\" href=\"https:\/\/www.legacyhoian.com\/vi\/specials-offers\/uu-dai-gio-vang-30-4-1-5\/\" \/>\n<meta property=\"og:locale\" content=\"vi_VN\" \/>\n<meta property=\"og:type\" content=\"article\" \/>\n<meta property=\"og:title\" content=\"\u01afu \u0111\u00e3i gi\u1edd v\u00e0ng - Legacy Hoi An Resort\" \/>\n<meta property=\"og:description\" content=\"Ch\u00e0o m\u1eebng \u0111\u1ea1i l\u1ec5 30\/4 \u2013 1\/5 v\u1edbi chu\u1ed7i \u01b0u \u0111\u00e3i Happy Hour \u0111\u1eb7c quy\u1ec1n. H\u00e3y \u0111\u1ec3 ch\u00fang t\u00f4i n\u00e2ng t\u1ea7m k\u1ef3 ngh\u1ec9 c\u1ee7a b\u1ea1n b\u1eb1ng nh\u1eefng tr\u1ea3i nghi\u1ec7m \u1ea9m th\u1ef1c tinh t\u1ebf v\u00e0 nh\u1eefng h\u01b0\u01a1ng v\u1ecb s\u1ea3ng kho\u00e1i ngay gi\u1eefa l\u00f2ng khu ngh\u1ec9 d\u01b0\u1ee1ng y\u00ean b\u00ecnh. Th\u1eddi gian \u00e1p d\u1ee5ng: 30\/4 &#8211; 1\/5 11:00 [&hellip;]\" \/>\n<meta property=\"og:url\" content=\"https:\/\/www.legacyhoian.com\/vi\/specials-offers\/uu-dai-gio-vang-30-4-1-5\/\" \/>\n<meta property=\"og:site_name\" content=\"Legacy Hoi An Resort\" \/>\n<meta property=\"article:modified_time\" content=\"2026-04-27T05:01:08+00:00\" \/>\n<meta name=\"twitter:card\" content=\"summary_large_image\" \/>\n<meta name=\"twitter:label1\" content=\"Est. reading time\" \/>\n\t<meta name=\"twitter:data1\" content=\"1 minute\" \/>\n<script type=\"application\/ld+json\" class=\"yoast-schema-graph\">{\"@context\":\"https:\/\/schema.org\",\"@graph\":[{\"@type\":\"WebPage\",\"@id\":\"https:\/\/www.legacyhoian.com\/vi\/specials-offers\/uu-dai-gio-vang-30-4-1-5\/\",\"url\":\"https:\/\/www.legacyhoian.com\/vi\/specials-offers\/uu-dai-gio-vang-30-4-1-5\/\",\"name\":\"\u01afu \u0111\u00e3i gi\u1edd v\u00e0ng - Legacy Hoi An Resort\",\"isPartOf\":{\"@id\":\"https:\/\/www.legacyhoian.com\/vi\/#website\"},\"datePublished\":\"2026-04-27T04:38:34+00:00\",\"dateModified\":\"2026-04-27T05:01:08+00:00\",\"breadcrumb\":{\"@id\":\"https:\/\/www.legacyhoian.com\/vi\/specials-offers\/uu-dai-gio-vang-30-4-1-5\/#breadcrumb\"},\"inLanguage\":\"vi-VN\",\"potentialAction\":[{\"@type\":\"ReadAction\",\"target\":[\"https:\/\/www.legacyhoian.com\/vi\/specials-offers\/uu-dai-gio-vang-30-4-1-5\/\"]}]},{\"@type\":\"BreadcrumbList\",\"@id\":\"https:\/\/www.legacyhoian.com\/vi\/specials-offers\/uu-dai-gio-vang-30-4-1-5\/#breadcrumb\",\"itemListElement\":[{\"@type\":\"ListItem\",\"position\":1,\"name\":\"Home\",\"item\":\"https:\/\/www.legacyhoian.com\/vi\/\"},{\"@type\":\"ListItem\",\"position\":2,\"name\":\"\u01afu \u0111\u00e3i \u0111\u1eb7c bi\u1ec7t\",\"item\":\"https:\/\/www.legacyhoian.com\/vi\/specials-offers\/\"},{\"@type\":\"ListItem\",\"position\":3,\"name\":\"\u01afu \u0111\u00e3i gi\u1edd v\u00e0ng\"}]},{\"@type\":\"WebSite\",\"@id\":\"https:\/\/www.legacyhoian.com\/vi\/#website\",\"url\":\"https:\/\/www.legacyhoian.com\/vi\/\",\"name\":\"Legacy Hoi An Resort\",\"description\":\"\",\"potentialAction\":[{\"@type\":\"SearchAction\",\"target\":{\"@type\":\"EntryPoint\",\"urlTemplate\":\"https:\/\/www.legacyhoian.com\/vi\/?s={search_term_string}\"},\"query-input\":\"required name=search_term_string\"}],\"inLanguage\":\"vi-VN\"}]}<\/script>\n<!-- \/ Yoast SEO plugin. -->","yoast_head_json":{"title":"\u01afu \u0111\u00e3i gi\u1edd v\u00e0ng - Legacy Hoi An Resort","robots":{"index":"index","follow":"follow","max-snippet":"max-snippet:-1","max-image-preview":"max-image-preview:large","max-video-preview":"max-video-preview:-1"},"canonical":"https:\/\/www.legacyhoian.com\/vi\/specials-offers\/uu-dai-gio-vang-30-4-1-5\/","og_locale":"vi_VN","og_type":"article","og_title":"\u01afu \u0111\u00e3i gi\u1edd v\u00e0ng - Legacy Hoi An Resort","og_description":"Ch\u00e0o m\u1eebng \u0111\u1ea1i l\u1ec5 30\/4 \u2013 1\/5 v\u1edbi chu\u1ed7i \u01b0u \u0111\u00e3i Happy Hour \u0111\u1eb7c quy\u1ec1n. H\u00e3y \u0111\u1ec3 ch\u00fang t\u00f4i n\u00e2ng t\u1ea7m k\u1ef3 ngh\u1ec9 c\u1ee7a b\u1ea1n b\u1eb1ng nh\u1eefng tr\u1ea3i nghi\u1ec7m \u1ea9m th\u1ef1c tinh t\u1ebf v\u00e0 nh\u1eefng h\u01b0\u01a1ng v\u1ecb s\u1ea3ng kho\u00e1i ngay gi\u1eefa l\u00f2ng khu ngh\u1ec9 d\u01b0\u1ee1ng y\u00ean b\u00ecnh. Th\u1eddi gian \u00e1p d\u1ee5ng: 30\/4 &#8211; 1\/5 11:00 [&hellip;]","og_url":"https:\/\/www.legacyhoian.com\/vi\/specials-offers\/uu-dai-gio-vang-30-4-1-5\/","og_site_name":"Legacy Hoi An Resort","article_modified_time":"2026-04-27T05:01:08+00:00","twitter_card":"summary_large_image","twitter_misc":{"Est. reading time":"1 minute"},"schema":{"@context":"https:\/\/schema.org","@graph":[{"@type":"WebPage","@id":"https:\/\/www.legacyhoian.com\/vi\/specials-offers\/uu-dai-gio-vang-30-4-1-5\/","url":"https:\/\/www.legacyhoian.com\/vi\/specials-offers\/uu-dai-gio-vang-30-4-1-5\/","name":"\u01afu \u0111\u00e3i gi\u1edd v\u00e0ng - Legacy Hoi An Resort","isPartOf":{"@id":"https:\/\/www.legacyhoian.com\/vi\/#website"},"datePublished":"2026-04-27T04:38:34+00:00","dateModified":"2026-04-27T05:01:08+00:00","breadcrumb":{"@id":"https:\/\/www.legacyhoian.com\/vi\/specials-offers\/uu-dai-gio-vang-30-4-1-5\/#breadcrumb"},"inLanguage":"vi-VN","potentialAction":[{"@type":"ReadAction","target":["https:\/\/www.legacyhoian.com\/vi\/specials-offers\/uu-dai-gio-vang-30-4-1-5\/"]}]},{"@type":"BreadcrumbList","@id":"https:\/\/www.legacyhoian.com\/vi\/specials-offers\/uu-dai-gio-vang-30-4-1-5\/#breadcrumb","itemListElement":[{"@type":"ListItem","position":1,"name":"Home","item":"https:\/\/www.legacyhoian.com\/vi\/"},{"@type":"ListItem","position":2,"name":"\u01afu \u0111\u00e3i \u0111\u1eb7c bi\u1ec7t","item":"https:\/\/www.legacyhoian.com\/vi\/specials-offers\/"},{"@type":"ListItem","position":3,"name":"\u01afu \u0111\u00e3i gi\u1edd v\u00e0ng"}]},{"@type":"WebSite","@id":"https:\/\/www.legacyhoian.com\/vi\/#website","url":"https:\/\/www.legacyhoian.com\/vi\/","name":"Legacy Hoi An Resort","description":"","potentialAction":[{"@type":"SearchAction","target":{"@type":"EntryPoint","urlTemplate":"https:\/\/www.legacyhoian.com\/vi\/?s={search_term_string}"},"query-input":"required name=search_term_string"}],"inLanguage":"vi-VN"}]}},"acf":[],"_links":{"self":[{"href":"https:\/\/www.legacyhoian.com\/vi\/wp-json\/wp\/v2\/pages\/324"}],"collection":[{"href":"https:\/\/www.legacyhoian.com\/vi\/wp-json\/wp\/v2\/pages"}],"about":[{"href":"https:\/\/www.legacyhoian.com\/vi\/wp-json\/wp\/v2\/types\/page"}],"author":[{"embeddable":true,"href":"https:\/\/www.legacyhoian.com\/vi\/wp-json\/wp\/v2\/users\/293"}],"replies":[{"embeddable":true,"href":"https:\/\/www.legacyhoian.com\/vi\/wp-json\/wp\/v2\/comments?post=324"}],"version-history":[{"count":0,"href":"https:\/\/www.legacyhoian.com\/vi\/wp-json\/wp\/v2\/pages\/324\/revisions"}],"up":[{"embeddable":true,"href":"https:\/\/www.legacyhoian.com\/vi\/wp-json\/wp\/v2\/pages\/250"}],"wp:attachment":[{"href":"https:\/\/www.legacyhoian.com\/vi\/wp-json\/wp\/v2\/media?parent=324"}],"curies":[{"name":"wp","href":"https:\/\/api.w.org\/{rel}","templated":true}]}}