{"id":265,"date":"2026-03-09T10:03:19","date_gmt":"2026-03-09T10:03:19","guid":{"rendered":"https:\/\/legacyhoianresort.ms2.decms.asia\/legal-notice\/"},"modified":"2026-03-25T04:08:51","modified_gmt":"2026-03-25T04:08:51","slug":"legal-notice","status":"publish","type":"page","link":"https:\/\/www.legacyhoian.com\/vi\/legal-notice\/","title":{"rendered":"Th\u00f4ng b\u00e1o ph\u00e1p l\u00fd"},"content":{"rendered":"<p>I. Ch\u00ednh s\u00e1ch b\u1ea3o m\u1eadt<br \/>\n1. M\u1ee5c \u0111\u00edch thu th\u1eadp th\u00f4ng tin<\/p>\n<p>Ch\u00fang t\u00f4i thu th\u1eadp th\u00f4ng tin c\u00e1 nh\u00e2n nh\u1eb1m:<\/p>\n<p>H\u1ed7 tr\u1ee3 kh\u00e1ch h\u00e0ng \u0111\u1eb7t ph\u00f2ng, thanh to\u00e1n v\u00e0 s\u1eed d\u1ee5ng d\u1ecbch v\u1ee5<\/p>\n<p>Cung c\u1ea5p th\u00f4ng tin s\u1ea3n ph\u1ea9m, d\u1ecbch v\u1ee5 theo y\u00eau c\u1ea7u<\/p>\n<p>Th\u00f4ng b\u00e1o ch\u01b0\u01a1ng tr\u00ecnh \u01b0u \u0111\u00e3i v\u00e0 s\u1ea3n ph\u1ea9m m\u1edbi<\/p>\n<p>Gi\u1ea3i quy\u1ebft c\u00e1c v\u1ea5n \u0111\u1ec1 ph\u00e1t sinh<\/p>\n<p>2. Ph\u1ea1m vi thu th\u1eadp<\/p>\n<p>Th\u00f4ng tin thu th\u1eadp khi \u0111\u1eb7t ph\u00f2ng tr\u00ean website g\u1ed3m:<\/p>\n<p>H\u1ecd v\u00e0 t\u00ean<br \/>\nEmail<br \/>\nS\u1ed1 \u0111i\u1ec7n tho\u1ea1i<br \/>\n\u0110\u1ecba ch\u1ec9<\/p>\n<p>3. Th\u1eddi gian l\u01b0u tr\u1eef<\/p>\n<p>Th\u00f4ng tin c\u00e1 nh\u00e2n \u0111\u01b0\u1ee3c l\u01b0u tr\u1eef \u0111\u1ebfn khi kh\u00e1ch h\u00e0ng y\u00eau c\u1ea7u h\u1ee7y b\u1ecf ho\u1eb7c t\u1ef1 th\u1ef1c hi\u1ec7n x\u00f3a d\u1eef li\u1ec7u. D\u1eef li\u1ec7u \u0111\u01b0\u1ee3c b\u1ea3o m\u1eadt tr\u00ean h\u1ec7 th\u1ed1ng m\u00e1y ch\u1ee7 c\u1ee7a legacyhoian.com.<\/p>\n<p>4. \u0110\u1ed1i t\u01b0\u1ee3ng \u0111\u01b0\u1ee3c ti\u1ebfp c\u1eadn th\u00f4ng tin<\/p>\n<p>\u0110\u01a1n v\u1ecb cung c\u1ea5p d\u1ecbch v\u1ee5 li\u00ean quan<\/p>\n<p>B\u1ed9 ph\u1eadn ch\u0103m s\u00f3c kh\u00e1ch h\u00e0ng c\u1ee7a c\u00f4ng ty<\/p>\n<p>\u0110\u1ed1i t\u00e1c li\u00ean k\u1ebft ph\u1ee5c v\u1ee5 \u0111\u00fang m\u1ee5c \u0111\u00edch \u0111\u00e3 n\u00eau<\/p>\n<p>C\u01a1 quan nh\u00e0 n\u01b0\u1edbc c\u00f3 th\u1ea9m quy\u1ec1n khi c\u00f3 y\u00eau c\u1ea7u ph\u00e1p l\u00fd<\/p>\n<p>B\u00ean nh\u1eadn chuy\u1ec3n giao trong tr\u01b0\u1eddng h\u1ee3p s\u00e1p nh\u1eadp, h\u1ee3p nh\u1ea5t<\/p>\n<p>5. \u0110\u01a1n v\u1ecb qu\u1ea3n l\u00fd th\u00f4ng tin<\/p>\n<p>T\u00ean doanh nghi\u1ec7p: C\u00d4NG TY C\u1ed4 PH\u1ea6N \u0110\u1ea0T TH\u1ecaNH<br \/>\nGi\u1ea5y \u0110KKD s\u1ed1: 4000712205<br \/>\n\u0110\u1ecba ch\u1ec9: Th\u00f4n Thanh \u0110\u00f4ng, Ph\u01b0\u1eddng H\u1ed9i An \u0110\u00f4ng, TP. \u0110\u00e0 N\u1eb5ng, Vi\u1ec7t Nam<\/p>\n<p>6. Quy\u1ec1n truy c\u1eadp v\u00e0 ch\u1ec9nh s\u1eeda th\u00f4ng tin<\/p>\n<p>Hotline: 0235 393 3377<br \/>\nEmail: itm@legacyhoian.com<\/p>\n<p>Ch\u00fang t\u00f4i cam k\u1ebft kh\u00f4ng chia s\u1ebb, b\u00e1n ho\u1eb7c cho thu\u00ea th\u00f4ng tin c\u00e1 nh\u00e2n, tr\u1eeb c\u00e1c tr\u01b0\u1eddng h\u1ee3p:<\/p>\n<p>N\u00e2ng cao ch\u1ea5t l\u01b0\u1ee3ng d\u1ecbch v\u1ee5<\/p>\n<p>Gi\u1ea3i quy\u1ebft tranh ch\u1ea5p, khi\u1ebfu n\u1ea1i<\/p>\n<p>Theo y\u00eau c\u1ea7u c\u1ee7a ph\u00e1p lu\u1eadt<\/p>\n<p>II. Ch\u00ednh s\u00e1ch thanh to\u00e1n<\/p>\n<p>Th\u00f4ng tin chuy\u1ec3n kho\u1ea3n:<\/p>\n<p>STK: 117000091958<br \/>\nCh\u1ee7 t\u00e0i kho\u1ea3n: C\u00d4NG TY C\u1ed4 PH\u1ea6N \u0110\u1ea0T TH\u1ecaNH<br \/>\nNg\u00e2n h\u00e0ng: Vietinbank \u2013 CN H\u1ed9i An<\/p>\n<p>III. \u0110i\u1ec1u kho\u1ea3n \u0111\u1eb7t ph\u00f2ng &#038; thanh to\u00e1n<\/p>\n<p>Gi\u1edd nh\u1eadn ph\u00f2ng: t\u1eeb 15:00<br \/>\nGi\u1edd tr\u1ea3 ph\u00f2ng: tr\u01b0\u1edbc 12:00 tr\u01b0a<\/p>\n<p>C\u00e1c d\u1ecbch v\u1ee5 ngo\u00e0i g\u00f3i \u0111\u1eb7t ph\u00f2ng s\u1ebd t\u00ednh ph\u00ed theo quy \u0111\u1ecbnh.<\/p>\n<p>Ph\u01b0\u01a1ng th\u1ee9c thanh to\u00e1n g\u1ed3m:<\/p>\n<p>Thanh to\u00e1n online qua c\u1ed5ng thanh to\u00e1n<\/p>\n<p>\u1ee6y quy\u1ec1n thanh to\u00e1n th\u1ebb t\u00edn d\u1ee5ng<\/p>\n<p>Chuy\u1ec3n kho\u1ea3n ng\u00e2n h\u00e0ng<\/p>\n<p>Thanh to\u00e1n tr\u1ef1c ti\u1ebfp t\u1ea1i qu\u1ea7y l\u1ec5 t\u00e2n<\/p>\n<p>Ch\u00fang t\u00f4i kh\u00f4ng l\u01b0u tr\u1eef th\u00f4ng tin th\u1ebb thanh to\u00e1n.<\/p>\n<p>IV. \u0110i\u1ec1u kho\u1ea3n chung<\/p>\n<p>Khi\u1ebfu n\u1ea1i \u0111\u01b0\u1ee3c ti\u1ebfp nh\u1eadn v\u00e0 x\u1eed l\u00fd trong v\u00f2ng 24 gi\u1edd.<\/p>\n<p>Y\u00eau c\u1ea7u \u0111\u1ed5i ph\u00f2ng\/\u0111\u1ed5i ng\u00e0y ph\u1ee5 thu\u1ed9c t\u00ecnh tr\u1ea1ng ph\u00f2ng.<\/p>\n<p>H\u1ee7y tr\u01b0\u1edbc 14 ng\u00e0y: ho\u00e0n ti\u1ec1n 100%.<\/p>\n<p>H\u1ee7y trong v\u00f2ng 14 ng\u00e0y ho\u1eb7c no-show: t\u00ednh 100% ti\u1ec1n ph\u00f2ng.<\/p>\n<p>Ho\u00e0n ti\u1ec1n (n\u1ebfu c\u00f3) trong v\u00f2ng 21\u201330 ng\u00e0y l\u00e0m vi\u1ec7c.<\/p>\n<p>Ch\u00fang t\u00f4i c\u00f3 quy\u1ec1n thay \u0111\u1ed5i ch\u00ednh s\u00e1ch m\u00e0 kh\u00f4ng c\u1ea7n th\u00f4ng b\u00e1o tr\u01b0\u1edbc v\u00e0 kh\u00f4ng ch\u1ecbu tr\u00e1ch nhi\u1ec7m trong tr\u01b0\u1eddng h\u1ee3p b\u1ea5t kh\u1ea3 kh\u00e1ng.<\/p>\n","protected":false},"excerpt":{"rendered":"<p>I. Ch\u00ednh s\u00e1ch b\u1ea3o m\u1eadt 1. M\u1ee5c \u0111\u00edch thu th\u1eadp th\u00f4ng tin Ch\u00fang t\u00f4i thu th\u1eadp th\u00f4ng tin c\u00e1 nh\u00e2n nh\u1eb1m: H\u1ed7 tr\u1ee3 kh\u00e1ch h\u00e0ng \u0111\u1eb7t ph\u00f2ng, thanh to\u00e1n v\u00e0 s\u1eed d\u1ee5ng d\u1ecbch v\u1ee5 Cung c\u1ea5p th\u00f4ng tin s\u1ea3n ph\u1ea9m, d\u1ecbch v\u1ee5 theo y\u00eau c\u1ea7u Th\u00f4ng b\u00e1o ch\u01b0\u01a1ng tr\u00ecnh \u01b0u \u0111\u00e3i v\u00e0 s\u1ea3n ph\u1ea9m m\u1edbi [&hellip;]<\/p>\n","protected":false},"author":90,"featured_media":0,"parent":0,"menu_order":0,"comment_status":"closed","ping_status":"closed","template":"template-legal-pages.php","meta":{"footnotes":""},"yoast_head":"<!-- This site is optimized with the Yoast SEO plugin v22.3 - https:\/\/yoast.com\/wordpress\/plugins\/seo\/ -->\n<title>Th\u00f4ng b\u00e1o ph\u00e1p l\u00fd | Legacy Hoi An Resort<\/title>\n<meta name=\"robots\" content=\"index, follow, max-snippet:-1, max-image-preview:large, max-video-preview:-1\" \/>\n<link rel=\"canonical\" href=\"https:\/\/www.legacyhoian.com\/vi\/legal-notice\/\" \/>\n<meta property=\"og:locale\" content=\"vi_VN\" \/>\n<meta property=\"og:type\" content=\"article\" \/>\n<meta property=\"og:title\" content=\"Th\u00f4ng b\u00e1o ph\u00e1p l\u00fd | Legacy Hoi An Resort\" \/>\n<meta property=\"og:description\" content=\"I. Ch\u00ednh s\u00e1ch b\u1ea3o m\u1eadt 1. M\u1ee5c \u0111\u00edch thu th\u1eadp th\u00f4ng tin Ch\u00fang t\u00f4i thu th\u1eadp th\u00f4ng tin c\u00e1 nh\u00e2n nh\u1eb1m: H\u1ed7 tr\u1ee3 kh\u00e1ch h\u00e0ng \u0111\u1eb7t ph\u00f2ng, thanh to\u00e1n v\u00e0 s\u1eed d\u1ee5ng d\u1ecbch v\u1ee5 Cung c\u1ea5p th\u00f4ng tin s\u1ea3n ph\u1ea9m, d\u1ecbch v\u1ee5 theo y\u00eau c\u1ea7u Th\u00f4ng b\u00e1o ch\u01b0\u01a1ng tr\u00ecnh \u01b0u \u0111\u00e3i v\u00e0 s\u1ea3n ph\u1ea9m m\u1edbi [&hellip;]\" \/>\n<meta property=\"og:url\" content=\"https:\/\/www.legacyhoian.com\/vi\/legal-notice\/\" \/>\n<meta property=\"og:site_name\" content=\"Legacy Hoi An Resort\" \/>\n<meta property=\"article:modified_time\" content=\"2026-03-25T04:08:51+00:00\" \/>\n<meta name=\"twitter:card\" content=\"summary_large_image\" \/>\n<meta name=\"twitter:label1\" content=\"Est. reading time\" \/>\n\t<meta name=\"twitter:data1\" content=\"2 minutes\" \/>\n<script type=\"application\/ld+json\" class=\"yoast-schema-graph\">{\"@context\":\"https:\/\/schema.org\",\"@graph\":[{\"@type\":\"WebPage\",\"@id\":\"https:\/\/www.legacyhoian.com\/vi\/legal-notice\/\",\"url\":\"https:\/\/www.legacyhoian.com\/vi\/legal-notice\/\",\"name\":\"Th\u00f4ng b\u00e1o ph\u00e1p l\u00fd | Legacy Hoi An Resort\",\"isPartOf\":{\"@id\":\"https:\/\/www.legacyhoian.com\/vi\/#website\"},\"datePublished\":\"2026-03-09T10:03:19+00:00\",\"dateModified\":\"2026-03-25T04:08:51+00:00\",\"breadcrumb\":{\"@id\":\"https:\/\/www.legacyhoian.com\/vi\/legal-notice\/#breadcrumb\"},\"inLanguage\":\"vi-VN\",\"potentialAction\":[{\"@type\":\"ReadAction\",\"target\":[\"https:\/\/www.legacyhoian.com\/vi\/legal-notice\/\"]}]},{\"@type\":\"BreadcrumbList\",\"@id\":\"https:\/\/www.legacyhoian.com\/vi\/legal-notice\/#breadcrumb\",\"itemListElement\":[{\"@type\":\"ListItem\",\"position\":1,\"name\":\"Home\",\"item\":\"https:\/\/www.legacyhoian.com\/vi\/\"},{\"@type\":\"ListItem\",\"position\":2,\"name\":\"Th\u00f4ng b\u00e1o ph\u00e1p l\u00fd\"}]},{\"@type\":\"WebSite\",\"@id\":\"https:\/\/www.legacyhoian.com\/vi\/#website\",\"url\":\"https:\/\/www.legacyhoian.com\/vi\/\",\"name\":\"Legacy Hoi An Resort\",\"description\":\"\",\"potentialAction\":[{\"@type\":\"SearchAction\",\"target\":{\"@type\":\"EntryPoint\",\"urlTemplate\":\"https:\/\/www.legacyhoian.com\/vi\/?s={search_term_string}\"},\"query-input\":\"required name=search_term_string\"}],\"inLanguage\":\"vi-VN\"}]}<\/script>\n<!-- \/ Yoast SEO plugin. -->","yoast_head_json":{"title":"Th\u00f4ng b\u00e1o ph\u00e1p l\u00fd | Legacy Hoi An Resort","robots":{"index":"index","follow":"follow","max-snippet":"max-snippet:-1","max-image-preview":"max-image-preview:large","max-video-preview":"max-video-preview:-1"},"canonical":"https:\/\/www.legacyhoian.com\/vi\/legal-notice\/","og_locale":"vi_VN","og_type":"article","og_title":"Th\u00f4ng b\u00e1o ph\u00e1p l\u00fd | Legacy Hoi An Resort","og_description":"I. Ch\u00ednh s\u00e1ch b\u1ea3o m\u1eadt 1. M\u1ee5c \u0111\u00edch thu th\u1eadp th\u00f4ng tin Ch\u00fang t\u00f4i thu th\u1eadp th\u00f4ng tin c\u00e1 nh\u00e2n nh\u1eb1m: H\u1ed7 tr\u1ee3 kh\u00e1ch h\u00e0ng \u0111\u1eb7t ph\u00f2ng, thanh to\u00e1n v\u00e0 s\u1eed d\u1ee5ng d\u1ecbch v\u1ee5 Cung c\u1ea5p th\u00f4ng tin s\u1ea3n ph\u1ea9m, d\u1ecbch v\u1ee5 theo y\u00eau c\u1ea7u Th\u00f4ng b\u00e1o ch\u01b0\u01a1ng tr\u00ecnh \u01b0u \u0111\u00e3i v\u00e0 s\u1ea3n ph\u1ea9m m\u1edbi [&hellip;]","og_url":"https:\/\/www.legacyhoian.com\/vi\/legal-notice\/","og_site_name":"Legacy Hoi An Resort","article_modified_time":"2026-03-25T04:08:51+00:00","twitter_card":"summary_large_image","twitter_misc":{"Est. reading time":"2 minutes"},"schema":{"@context":"https:\/\/schema.org","@graph":[{"@type":"WebPage","@id":"https:\/\/www.legacyhoian.com\/vi\/legal-notice\/","url":"https:\/\/www.legacyhoian.com\/vi\/legal-notice\/","name":"Th\u00f4ng b\u00e1o ph\u00e1p l\u00fd | Legacy Hoi An Resort","isPartOf":{"@id":"https:\/\/www.legacyhoian.com\/vi\/#website"},"datePublished":"2026-03-09T10:03:19+00:00","dateModified":"2026-03-25T04:08:51+00:00","breadcrumb":{"@id":"https:\/\/www.legacyhoian.com\/vi\/legal-notice\/#breadcrumb"},"inLanguage":"vi-VN","potentialAction":[{"@type":"ReadAction","target":["https:\/\/www.legacyhoian.com\/vi\/legal-notice\/"]}]},{"@type":"BreadcrumbList","@id":"https:\/\/www.legacyhoian.com\/vi\/legal-notice\/#breadcrumb","itemListElement":[{"@type":"ListItem","position":1,"name":"Home","item":"https:\/\/www.legacyhoian.com\/vi\/"},{"@type":"ListItem","position":2,"name":"Th\u00f4ng b\u00e1o ph\u00e1p l\u00fd"}]},{"@type":"WebSite","@id":"https:\/\/www.legacyhoian.com\/vi\/#website","url":"https:\/\/www.legacyhoian.com\/vi\/","name":"Legacy Hoi An Resort","description":"","potentialAction":[{"@type":"SearchAction","target":{"@type":"EntryPoint","urlTemplate":"https:\/\/www.legacyhoian.com\/vi\/?s={search_term_string}"},"query-input":"required name=search_term_string"}],"inLanguage":"vi-VN"}]}},"acf":[],"_links":{"self":[{"href":"https:\/\/www.legacyhoian.com\/vi\/wp-json\/wp\/v2\/pages\/265"}],"collection":[{"href":"https:\/\/www.legacyhoian.com\/vi\/wp-json\/wp\/v2\/pages"}],"about":[{"href":"https:\/\/www.legacyhoian.com\/vi\/wp-json\/wp\/v2\/types\/page"}],"author":[{"embeddable":true,"href":"https:\/\/www.legacyhoian.com\/vi\/wp-json\/wp\/v2\/users\/90"}],"replies":[{"embeddable":true,"href":"https:\/\/www.legacyhoian.com\/vi\/wp-json\/wp\/v2\/comments?post=265"}],"version-history":[{"count":0,"href":"https:\/\/www.legacyhoian.com\/vi\/wp-json\/wp\/v2\/pages\/265\/revisions"}],"wp:attachment":[{"href":"https:\/\/www.legacyhoian.com\/vi\/wp-json\/wp\/v2\/media?parent=265"}],"curies":[{"name":"wp","href":"https:\/\/api.w.org\/{rel}","templated":true}]}}