{"id":262,"date":"2026-03-16T09:37:11","date_gmt":"2026-03-16T09:37:11","guid":{"rendered":"https:\/\/legacyhoianresort.ms2.decms.asia\/facilities-services\/gym-yoga\/"},"modified":"2026-03-25T04:04:19","modified_gmt":"2026-03-25T04:04:19","slug":"gym-yoga","status":"publish","type":"page","link":"https:\/\/www.legacyhoian.com\/vi\/facilities-services\/gym-yoga\/","title":{"rendered":"Gym &#038; Yoga"},"content":{"rendered":"<p>Duy tr\u00ec n\u0103ng l\u01b0\u1ee3ng v\u00e0 s\u1ef1 c\u00e2n b\u1eb1ng trong su\u1ed1t k\u1ef3 ngh\u1ec9 v\u1edbi ph\u00f2ng Gym v\u00e0 Yoga Studio c\u1ee7a ch\u00fang t\u00f4i. Kh\u00f4ng gian hi\u1ec7n \u0111\u1ea1i, \u0111\u1ea7y \u0111\u1ee7 trang thi\u1ebft b\u1ecb gi\u00fap b\u1ea1n kh\u1edfi \u0111\u1ed9ng ng\u00e0y m\u1edbi tr\u00e0n \u0111\u1ea7y h\u1ee9ng kh\u1edfi ho\u1eb7c th\u01b0 gi\u00e3n, t\u00e1i t\u1ea1o sau m\u1ed9t ng\u00e0y kh\u00e1m ph\u00e1.<\/p>\n","protected":false},"excerpt":{"rendered":"<p>Duy tr\u00ec n\u0103ng l\u01b0\u1ee3ng v\u00e0 s\u1ef1 c\u00e2n b\u1eb1ng trong su\u1ed1t k\u1ef3 ngh\u1ec9 v\u1edbi ph\u00f2ng Gym v\u00e0 Yoga Studio c\u1ee7a ch\u00fang t\u00f4i. Kh\u00f4ng gian hi\u1ec7n \u0111\u1ea1i, \u0111\u1ea7y \u0111\u1ee7 trang thi\u1ebft b\u1ecb gi\u00fap b\u1ea1n kh\u1edfi \u0111\u1ed9ng ng\u00e0y m\u1edbi tr\u00e0n \u0111\u1ea7y h\u1ee9ng kh\u1edfi ho\u1eb7c th\u01b0 gi\u00e3n, t\u00e1i t\u1ea1o sau m\u1ed9t ng\u00e0y kh\u00e1m ph\u00e1.<\/p>\n","protected":false},"author":90,"featured_media":0,"parent":259,"menu_order":1,"comment_status":"closed","ping_status":"closed","template":"template-default-2.php","meta":{"footnotes":""},"yoast_head":"<!-- This site is optimized with the Yoast SEO plugin v22.3 - https:\/\/yoast.com\/wordpress\/plugins\/seo\/ -->\n<title>Gym &amp; Yoga - Legacy Hoi An Resort<\/title>\n<meta name=\"robots\" content=\"index, follow, max-snippet:-1, max-image-preview:large, max-video-preview:-1\" \/>\n<link rel=\"canonical\" href=\"https:\/\/www.legacyhoian.com\/vi\/facilities-services\/gym-yoga\/\" \/>\n<meta property=\"og:locale\" content=\"vi_VN\" \/>\n<meta property=\"og:type\" content=\"article\" \/>\n<meta property=\"og:title\" content=\"Gym &amp; Yoga - Legacy Hoi An Resort\" \/>\n<meta property=\"og:description\" content=\"Duy tr\u00ec n\u0103ng l\u01b0\u1ee3ng v\u00e0 s\u1ef1 c\u00e2n b\u1eb1ng trong su\u1ed1t k\u1ef3 ngh\u1ec9 v\u1edbi ph\u00f2ng Gym v\u00e0 Yoga Studio c\u1ee7a ch\u00fang t\u00f4i. Kh\u00f4ng gian hi\u1ec7n \u0111\u1ea1i, \u0111\u1ea7y \u0111\u1ee7 trang thi\u1ebft b\u1ecb gi\u00fap b\u1ea1n kh\u1edfi \u0111\u1ed9ng ng\u00e0y m\u1edbi tr\u00e0n \u0111\u1ea7y h\u1ee9ng kh\u1edfi ho\u1eb7c th\u01b0 gi\u00e3n, t\u00e1i t\u1ea1o sau m\u1ed9t ng\u00e0y kh\u00e1m ph\u00e1.\" \/>\n<meta property=\"og:url\" content=\"https:\/\/www.legacyhoian.com\/vi\/facilities-services\/gym-yoga\/\" \/>\n<meta property=\"og:site_name\" content=\"Legacy Hoi An Resort\" \/>\n<meta property=\"article:modified_time\" content=\"2026-03-25T04:04:19+00:00\" \/>\n<meta name=\"twitter:card\" content=\"summary_large_image\" \/>\n<meta name=\"twitter:label1\" content=\"Est. reading time\" \/>\n\t<meta name=\"twitter:data1\" content=\"1 minute\" \/>\n<script type=\"application\/ld+json\" class=\"yoast-schema-graph\">{\"@context\":\"https:\/\/schema.org\",\"@graph\":[{\"@type\":\"WebPage\",\"@id\":\"https:\/\/www.legacyhoian.com\/vi\/facilities-services\/gym-yoga\/\",\"url\":\"https:\/\/www.legacyhoian.com\/vi\/facilities-services\/gym-yoga\/\",\"name\":\"Gym & Yoga - Legacy Hoi An Resort\",\"isPartOf\":{\"@id\":\"https:\/\/www.legacyhoian.com\/vi\/#website\"},\"datePublished\":\"2026-03-16T09:37:11+00:00\",\"dateModified\":\"2026-03-25T04:04:19+00:00\",\"breadcrumb\":{\"@id\":\"https:\/\/www.legacyhoian.com\/vi\/facilities-services\/gym-yoga\/#breadcrumb\"},\"inLanguage\":\"vi-VN\",\"potentialAction\":[{\"@type\":\"ReadAction\",\"target\":[\"https:\/\/www.legacyhoian.com\/vi\/facilities-services\/gym-yoga\/\"]}]},{\"@type\":\"BreadcrumbList\",\"@id\":\"https:\/\/www.legacyhoian.com\/vi\/facilities-services\/gym-yoga\/#breadcrumb\",\"itemListElement\":[{\"@type\":\"ListItem\",\"position\":1,\"name\":\"Home\",\"item\":\"https:\/\/www.legacyhoian.com\/vi\/\"},{\"@type\":\"ListItem\",\"position\":2,\"name\":\"Ti\u1ec7n \u00edch &#038; D\u1ecbch v\u1ee5\",\"item\":\"https:\/\/www.legacyhoian.com\/vi\/facilities-services\/\"},{\"@type\":\"ListItem\",\"position\":3,\"name\":\"Gym &#038; Yoga\"}]},{\"@type\":\"WebSite\",\"@id\":\"https:\/\/www.legacyhoian.com\/vi\/#website\",\"url\":\"https:\/\/www.legacyhoian.com\/vi\/\",\"name\":\"Legacy Hoi An Resort\",\"description\":\"\",\"potentialAction\":[{\"@type\":\"SearchAction\",\"target\":{\"@type\":\"EntryPoint\",\"urlTemplate\":\"https:\/\/www.legacyhoian.com\/vi\/?s={search_term_string}\"},\"query-input\":\"required name=search_term_string\"}],\"inLanguage\":\"vi-VN\"}]}<\/script>\n<!-- \/ Yoast SEO plugin. -->","yoast_head_json":{"title":"Gym & Yoga - Legacy Hoi An Resort","robots":{"index":"index","follow":"follow","max-snippet":"max-snippet:-1","max-image-preview":"max-image-preview:large","max-video-preview":"max-video-preview:-1"},"canonical":"https:\/\/www.legacyhoian.com\/vi\/facilities-services\/gym-yoga\/","og_locale":"vi_VN","og_type":"article","og_title":"Gym & Yoga - Legacy Hoi An Resort","og_description":"Duy tr\u00ec n\u0103ng l\u01b0\u1ee3ng v\u00e0 s\u1ef1 c\u00e2n b\u1eb1ng trong su\u1ed1t k\u1ef3 ngh\u1ec9 v\u1edbi ph\u00f2ng Gym v\u00e0 Yoga Studio c\u1ee7a ch\u00fang t\u00f4i. Kh\u00f4ng gian hi\u1ec7n \u0111\u1ea1i, \u0111\u1ea7y \u0111\u1ee7 trang thi\u1ebft b\u1ecb gi\u00fap b\u1ea1n kh\u1edfi \u0111\u1ed9ng ng\u00e0y m\u1edbi tr\u00e0n \u0111\u1ea7y h\u1ee9ng kh\u1edfi ho\u1eb7c th\u01b0 gi\u00e3n, t\u00e1i t\u1ea1o sau m\u1ed9t ng\u00e0y kh\u00e1m ph\u00e1.","og_url":"https:\/\/www.legacyhoian.com\/vi\/facilities-services\/gym-yoga\/","og_site_name":"Legacy Hoi An Resort","article_modified_time":"2026-03-25T04:04:19+00:00","twitter_card":"summary_large_image","twitter_misc":{"Est. reading time":"1 minute"},"schema":{"@context":"https:\/\/schema.org","@graph":[{"@type":"WebPage","@id":"https:\/\/www.legacyhoian.com\/vi\/facilities-services\/gym-yoga\/","url":"https:\/\/www.legacyhoian.com\/vi\/facilities-services\/gym-yoga\/","name":"Gym & Yoga - Legacy Hoi An Resort","isPartOf":{"@id":"https:\/\/www.legacyhoian.com\/vi\/#website"},"datePublished":"2026-03-16T09:37:11+00:00","dateModified":"2026-03-25T04:04:19+00:00","breadcrumb":{"@id":"https:\/\/www.legacyhoian.com\/vi\/facilities-services\/gym-yoga\/#breadcrumb"},"inLanguage":"vi-VN","potentialAction":[{"@type":"ReadAction","target":["https:\/\/www.legacyhoian.com\/vi\/facilities-services\/gym-yoga\/"]}]},{"@type":"BreadcrumbList","@id":"https:\/\/www.legacyhoian.com\/vi\/facilities-services\/gym-yoga\/#breadcrumb","itemListElement":[{"@type":"ListItem","position":1,"name":"Home","item":"https:\/\/www.legacyhoian.com\/vi\/"},{"@type":"ListItem","position":2,"name":"Ti\u1ec7n \u00edch &#038; D\u1ecbch v\u1ee5","item":"https:\/\/www.legacyhoian.com\/vi\/facilities-services\/"},{"@type":"ListItem","position":3,"name":"Gym &#038; Yoga"}]},{"@type":"WebSite","@id":"https:\/\/www.legacyhoian.com\/vi\/#website","url":"https:\/\/www.legacyhoian.com\/vi\/","name":"Legacy Hoi An Resort","description":"","potentialAction":[{"@type":"SearchAction","target":{"@type":"EntryPoint","urlTemplate":"https:\/\/www.legacyhoian.com\/vi\/?s={search_term_string}"},"query-input":"required name=search_term_string"}],"inLanguage":"vi-VN"}]}},"acf":[],"_links":{"self":[{"href":"https:\/\/www.legacyhoian.com\/vi\/wp-json\/wp\/v2\/pages\/262"}],"collection":[{"href":"https:\/\/www.legacyhoian.com\/vi\/wp-json\/wp\/v2\/pages"}],"about":[{"href":"https:\/\/www.legacyhoian.com\/vi\/wp-json\/wp\/v2\/types\/page"}],"author":[{"embeddable":true,"href":"https:\/\/www.legacyhoian.com\/vi\/wp-json\/wp\/v2\/users\/90"}],"replies":[{"embeddable":true,"href":"https:\/\/www.legacyhoian.com\/vi\/wp-json\/wp\/v2\/comments?post=262"}],"version-history":[{"count":0,"href":"https:\/\/www.legacyhoian.com\/vi\/wp-json\/wp\/v2\/pages\/262\/revisions"}],"up":[{"embeddable":true,"href":"https:\/\/www.legacyhoian.com\/vi\/wp-json\/wp\/v2\/pages\/259"}],"wp:attachment":[{"href":"https:\/\/www.legacyhoian.com\/vi\/wp-json\/wp\/v2\/media?parent=262"}],"curies":[{"name":"wp","href":"https:\/\/api.w.org\/{rel}","templated":true}]}}