{"id":260,"date":"2026-03-16T09:33:34","date_gmt":"2026-03-16T09:33:34","guid":{"rendered":"https:\/\/legacyhoianresort.ms2.decms.asia\/facilities-services\/pool\/"},"modified":"2026-03-25T04:03:23","modified_gmt":"2026-03-25T04:03:23","slug":"pool","status":"publish","type":"page","link":"https:\/\/www.legacyhoian.com\/vi\/facilities-services\/pool\/","title":{"rendered":"H\u1ed3 b\u01a1i"},"content":{"rendered":"<p>Th\u1ea3 m\u00ecnh trong l\u00e0n n\u01b0\u1edbc m\u00e1t gi\u1eefa kh\u00f4ng gian xanh kho\u00e1ng \u0111\u1ea1t v\u00e0 b\u1ea7u tr\u1eddi r\u1ed9ng m\u1edf. T\u1ea7m nh\u00ecn h\u01b0\u1edbng ra c\u00e1nh \u0111\u1ed3ng l\u00faa tr\u1ea3i d\u00e0i c\u00f9ng h\u00e0ng d\u1eeba mang \u0111\u1ebfn c\u1ea3m gi\u00e1c th\u01b0 th\u00e1i, an y\u00ean.<\/p>\n","protected":false},"excerpt":{"rendered":"<p>Th\u1ea3 m\u00ecnh trong l\u00e0n n\u01b0\u1edbc m\u00e1t gi\u1eefa kh\u00f4ng gian xanh kho\u00e1ng \u0111\u1ea1t v\u00e0 b\u1ea7u tr\u1eddi r\u1ed9ng m\u1edf. T\u1ea7m nh\u00ecn h\u01b0\u1edbng ra c\u00e1nh \u0111\u1ed3ng l\u00faa tr\u1ea3i d\u00e0i c\u00f9ng h\u00e0ng d\u1eeba mang \u0111\u1ebfn c\u1ea3m gi\u00e1c th\u01b0 th\u00e1i, an y\u00ean.<\/p>\n","protected":false},"author":90,"featured_media":0,"parent":259,"menu_order":0,"comment_status":"closed","ping_status":"closed","template":"template-default-2.php","meta":{"footnotes":""},"yoast_head":"<!-- This site is optimized with the Yoast SEO plugin v22.3 - https:\/\/yoast.com\/wordpress\/plugins\/seo\/ -->\n<title>H\u1ed3 B\u01a1i | Legacy Hoi An Resort<\/title>\n<meta name=\"robots\" content=\"index, follow, max-snippet:-1, max-image-preview:large, max-video-preview:-1\" \/>\n<link rel=\"canonical\" href=\"https:\/\/www.legacyhoian.com\/vi\/facilities-services\/pool\/\" \/>\n<meta property=\"og:locale\" content=\"vi_VN\" \/>\n<meta property=\"og:type\" content=\"article\" \/>\n<meta property=\"og:title\" content=\"H\u1ed3 B\u01a1i | Legacy Hoi An Resort\" \/>\n<meta property=\"og:description\" content=\"Th\u1ea3 m\u00ecnh trong l\u00e0n n\u01b0\u1edbc m\u00e1t gi\u1eefa kh\u00f4ng gian xanh kho\u00e1ng \u0111\u1ea1t v\u00e0 b\u1ea7u tr\u1eddi r\u1ed9ng m\u1edf. T\u1ea7m nh\u00ecn h\u01b0\u1edbng ra c\u00e1nh \u0111\u1ed3ng l\u00faa tr\u1ea3i d\u00e0i c\u00f9ng h\u00e0ng d\u1eeba mang \u0111\u1ebfn c\u1ea3m gi\u00e1c th\u01b0 th\u00e1i, an y\u00ean.\" \/>\n<meta property=\"og:url\" content=\"https:\/\/www.legacyhoian.com\/vi\/facilities-services\/pool\/\" \/>\n<meta property=\"og:site_name\" content=\"Legacy Hoi An Resort\" \/>\n<meta property=\"article:modified_time\" content=\"2026-03-25T04:03:23+00:00\" \/>\n<meta name=\"twitter:card\" content=\"summary_large_image\" \/>\n<meta name=\"twitter:label1\" content=\"Est. reading time\" \/>\n\t<meta name=\"twitter:data1\" content=\"1 minute\" \/>\n<script type=\"application\/ld+json\" class=\"yoast-schema-graph\">{\"@context\":\"https:\/\/schema.org\",\"@graph\":[{\"@type\":\"WebPage\",\"@id\":\"https:\/\/www.legacyhoian.com\/vi\/facilities-services\/pool\/\",\"url\":\"https:\/\/www.legacyhoian.com\/vi\/facilities-services\/pool\/\",\"name\":\"H\u1ed3 B\u01a1i | Legacy Hoi An Resort\",\"isPartOf\":{\"@id\":\"https:\/\/www.legacyhoian.com\/vi\/#website\"},\"datePublished\":\"2026-03-16T09:33:34+00:00\",\"dateModified\":\"2026-03-25T04:03:23+00:00\",\"breadcrumb\":{\"@id\":\"https:\/\/www.legacyhoian.com\/vi\/facilities-services\/pool\/#breadcrumb\"},\"inLanguage\":\"vi-VN\",\"potentialAction\":[{\"@type\":\"ReadAction\",\"target\":[\"https:\/\/www.legacyhoian.com\/vi\/facilities-services\/pool\/\"]}]},{\"@type\":\"BreadcrumbList\",\"@id\":\"https:\/\/www.legacyhoian.com\/vi\/facilities-services\/pool\/#breadcrumb\",\"itemListElement\":[{\"@type\":\"ListItem\",\"position\":1,\"name\":\"Home\",\"item\":\"https:\/\/www.legacyhoian.com\/vi\/\"},{\"@type\":\"ListItem\",\"position\":2,\"name\":\"Ti\u1ec7n \u00edch &#038; D\u1ecbch v\u1ee5\",\"item\":\"https:\/\/www.legacyhoian.com\/vi\/facilities-services\/\"},{\"@type\":\"ListItem\",\"position\":3,\"name\":\"H\u1ed3 b\u01a1i\"}]},{\"@type\":\"WebSite\",\"@id\":\"https:\/\/www.legacyhoian.com\/vi\/#website\",\"url\":\"https:\/\/www.legacyhoian.com\/vi\/\",\"name\":\"Legacy Hoi An Resort\",\"description\":\"\",\"potentialAction\":[{\"@type\":\"SearchAction\",\"target\":{\"@type\":\"EntryPoint\",\"urlTemplate\":\"https:\/\/www.legacyhoian.com\/vi\/?s={search_term_string}\"},\"query-input\":\"required name=search_term_string\"}],\"inLanguage\":\"vi-VN\"}]}<\/script>\n<!-- \/ Yoast SEO plugin. -->","yoast_head_json":{"title":"H\u1ed3 B\u01a1i | Legacy Hoi An Resort","robots":{"index":"index","follow":"follow","max-snippet":"max-snippet:-1","max-image-preview":"max-image-preview:large","max-video-preview":"max-video-preview:-1"},"canonical":"https:\/\/www.legacyhoian.com\/vi\/facilities-services\/pool\/","og_locale":"vi_VN","og_type":"article","og_title":"H\u1ed3 B\u01a1i | Legacy Hoi An Resort","og_description":"Th\u1ea3 m\u00ecnh trong l\u00e0n n\u01b0\u1edbc m\u00e1t gi\u1eefa kh\u00f4ng gian xanh kho\u00e1ng \u0111\u1ea1t v\u00e0 b\u1ea7u tr\u1eddi r\u1ed9ng m\u1edf. T\u1ea7m nh\u00ecn h\u01b0\u1edbng ra c\u00e1nh \u0111\u1ed3ng l\u00faa tr\u1ea3i d\u00e0i c\u00f9ng h\u00e0ng d\u1eeba mang \u0111\u1ebfn c\u1ea3m gi\u00e1c th\u01b0 th\u00e1i, an y\u00ean.","og_url":"https:\/\/www.legacyhoian.com\/vi\/facilities-services\/pool\/","og_site_name":"Legacy Hoi An Resort","article_modified_time":"2026-03-25T04:03:23+00:00","twitter_card":"summary_large_image","twitter_misc":{"Est. reading time":"1 minute"},"schema":{"@context":"https:\/\/schema.org","@graph":[{"@type":"WebPage","@id":"https:\/\/www.legacyhoian.com\/vi\/facilities-services\/pool\/","url":"https:\/\/www.legacyhoian.com\/vi\/facilities-services\/pool\/","name":"H\u1ed3 B\u01a1i | Legacy Hoi An Resort","isPartOf":{"@id":"https:\/\/www.legacyhoian.com\/vi\/#website"},"datePublished":"2026-03-16T09:33:34+00:00","dateModified":"2026-03-25T04:03:23+00:00","breadcrumb":{"@id":"https:\/\/www.legacyhoian.com\/vi\/facilities-services\/pool\/#breadcrumb"},"inLanguage":"vi-VN","potentialAction":[{"@type":"ReadAction","target":["https:\/\/www.legacyhoian.com\/vi\/facilities-services\/pool\/"]}]},{"@type":"BreadcrumbList","@id":"https:\/\/www.legacyhoian.com\/vi\/facilities-services\/pool\/#breadcrumb","itemListElement":[{"@type":"ListItem","position":1,"name":"Home","item":"https:\/\/www.legacyhoian.com\/vi\/"},{"@type":"ListItem","position":2,"name":"Ti\u1ec7n \u00edch &#038; D\u1ecbch v\u1ee5","item":"https:\/\/www.legacyhoian.com\/vi\/facilities-services\/"},{"@type":"ListItem","position":3,"name":"H\u1ed3 b\u01a1i"}]},{"@type":"WebSite","@id":"https:\/\/www.legacyhoian.com\/vi\/#website","url":"https:\/\/www.legacyhoian.com\/vi\/","name":"Legacy Hoi An Resort","description":"","potentialAction":[{"@type":"SearchAction","target":{"@type":"EntryPoint","urlTemplate":"https:\/\/www.legacyhoian.com\/vi\/?s={search_term_string}"},"query-input":"required name=search_term_string"}],"inLanguage":"vi-VN"}]}},"acf":[],"_links":{"self":[{"href":"https:\/\/www.legacyhoian.com\/vi\/wp-json\/wp\/v2\/pages\/260"}],"collection":[{"href":"https:\/\/www.legacyhoian.com\/vi\/wp-json\/wp\/v2\/pages"}],"about":[{"href":"https:\/\/www.legacyhoian.com\/vi\/wp-json\/wp\/v2\/types\/page"}],"author":[{"embeddable":true,"href":"https:\/\/www.legacyhoian.com\/vi\/wp-json\/wp\/v2\/users\/90"}],"replies":[{"embeddable":true,"href":"https:\/\/www.legacyhoian.com\/vi\/wp-json\/wp\/v2\/comments?post=260"}],"version-history":[{"count":0,"href":"https:\/\/www.legacyhoian.com\/vi\/wp-json\/wp\/v2\/pages\/260\/revisions"}],"up":[{"embeddable":true,"href":"https:\/\/www.legacyhoian.com\/vi\/wp-json\/wp\/v2\/pages\/259"}],"wp:attachment":[{"href":"https:\/\/www.legacyhoian.com\/vi\/wp-json\/wp\/v2\/media?parent=260"}],"curies":[{"name":"wp","href":"https:\/\/api.w.org\/{rel}","templated":true}]}}