{"id":258,"date":"2026-03-12T08:01:26","date_gmt":"2026-03-12T08:01:26","guid":{"rendered":"https:\/\/legacyhoianresort.ms2.decms.asia\/where-we-are\/"},"modified":"2026-03-25T04:01:14","modified_gmt":"2026-03-25T04:01:14","slug":"where-we-are","status":"publish","type":"page","link":"https:\/\/www.legacyhoian.com\/vi\/where-we-are\/","title":{"rendered":"V\u1ecb tr\u00ed c\u1ee7a ch\u00fang t\u00f4i"},"content":{"rendered":"<p>Ch\u1ec9 c\u00e1ch ph\u1ed1 c\u1ed5 H\u1ed9i An v\u00e0i ph\u00fat di chuy\u1ec3n, Legacy Hoi An Resort n\u1eb1m gi\u1eefa khung c\u1ea3nh \u0111\u1ed3ng qu\u00ea y\u00ean b\u00ecnh, \u0111\u01b0\u1ee3c \u00f4m tr\u1ecdn b\u1edfi c\u00e1nh \u0111\u1ed3ng l\u00faa v\u00e0 khu v\u01b0\u1eddn xanh m\u00e1t. <\/p>\n<p>T\u1eeb \u0111\u00e2y, du kh\u00e1ch d\u1ec5 d\u00e0ng gh\u00e9 th\u0103m nh\u1eefng \u0111i\u1ec3m n\u1ed5i b\u1eadt nh\u01b0 Ch\u00f9a C\u1ea7u, L\u00e0ng g\u1ed1m Thanh H\u00e0, L\u00e0ng rau Tr\u00e0 Qu\u1ebf hay d\u1ea1o b\u01b0\u1edbc b\u00ean d\u00f2ng Thu B\u1ed3n hi\u1ec1n h\u00f2a. <\/p>\n<p>M\u1ed9t ch\u1ed1n ngh\u1ec9 thanh b\u00ecnh \u0111\u1ec3 k\u1ebft n\u1ed1i v\u1edbi v\u0103n h\u00f3a, l\u1ecbch s\u1eed v\u00e0 nh\u1ecbp s\u1ed1ng ch\u00e2n th\u1eadt c\u1ee7a ph\u1ed1 H\u1ed9i.<\/p>\n","protected":false},"excerpt":{"rendered":"<p>Ch\u1ec9 c\u00e1ch ph\u1ed1 c\u1ed5 H\u1ed9i An v\u00e0i ph\u00fat di chuy\u1ec3n, Legacy Hoi An Resort n\u1eb1m gi\u1eefa khung c\u1ea3nh \u0111\u1ed3ng qu\u00ea y\u00ean b\u00ecnh, \u0111\u01b0\u1ee3c \u00f4m tr\u1ecdn b\u1edfi c\u00e1nh \u0111\u1ed3ng l\u00faa v\u00e0 khu v\u01b0\u1eddn xanh m\u00e1t. T\u1eeb \u0111\u00e2y, du kh\u00e1ch d\u1ec5 d\u00e0ng gh\u00e9 th\u0103m nh\u1eefng \u0111i\u1ec3m n\u1ed5i b\u1eadt nh\u01b0 Ch\u00f9a C\u1ea7u, L\u00e0ng g\u1ed1m Thanh H\u00e0, L\u00e0ng rau [&hellip;]<\/p>\n","protected":false},"author":90,"featured_media":0,"parent":0,"menu_order":0,"comment_status":"closed","ping_status":"closed","template":"template-location.php","meta":{"footnotes":""},"yoast_head":"<!-- This site is optimized with the Yoast SEO plugin v22.3 - https:\/\/yoast.com\/wordpress\/plugins\/seo\/ -->\n<title>V\u1ecb tr\u00ed | Legacy Hoi An Resort<\/title>\n<meta name=\"robots\" content=\"index, follow, max-snippet:-1, max-image-preview:large, max-video-preview:-1\" \/>\n<link rel=\"canonical\" href=\"https:\/\/www.legacyhoian.com\/vi\/where-we-are\/\" \/>\n<meta property=\"og:locale\" content=\"vi_VN\" \/>\n<meta property=\"og:type\" content=\"article\" \/>\n<meta property=\"og:title\" content=\"V\u1ecb tr\u00ed | Legacy Hoi An Resort\" \/>\n<meta property=\"og:description\" content=\"Ch\u1ec9 c\u00e1ch ph\u1ed1 c\u1ed5 H\u1ed9i An v\u00e0i ph\u00fat di chuy\u1ec3n, Legacy Hoi An Resort n\u1eb1m gi\u1eefa khung c\u1ea3nh \u0111\u1ed3ng qu\u00ea y\u00ean b\u00ecnh, \u0111\u01b0\u1ee3c \u00f4m tr\u1ecdn b\u1edfi c\u00e1nh \u0111\u1ed3ng l\u00faa v\u00e0 khu v\u01b0\u1eddn xanh m\u00e1t. T\u1eeb \u0111\u00e2y, du kh\u00e1ch d\u1ec5 d\u00e0ng gh\u00e9 th\u0103m nh\u1eefng \u0111i\u1ec3m n\u1ed5i b\u1eadt nh\u01b0 Ch\u00f9a C\u1ea7u, L\u00e0ng g\u1ed1m Thanh H\u00e0, L\u00e0ng rau [&hellip;]\" \/>\n<meta property=\"og:url\" content=\"https:\/\/www.legacyhoian.com\/vi\/where-we-are\/\" \/>\n<meta property=\"og:site_name\" content=\"Legacy Hoi An Resort\" \/>\n<meta property=\"article:modified_time\" content=\"2026-03-25T04:01:14+00:00\" \/>\n<meta name=\"twitter:card\" content=\"summary_large_image\" \/>\n<meta name=\"twitter:label1\" content=\"Est. reading time\" \/>\n\t<meta name=\"twitter:data1\" content=\"1 minute\" \/>\n<script type=\"application\/ld+json\" class=\"yoast-schema-graph\">{\"@context\":\"https:\/\/schema.org\",\"@graph\":[{\"@type\":\"WebPage\",\"@id\":\"https:\/\/www.legacyhoian.com\/vi\/where-we-are\/\",\"url\":\"https:\/\/www.legacyhoian.com\/vi\/where-we-are\/\",\"name\":\"V\u1ecb tr\u00ed | Legacy Hoi An Resort\",\"isPartOf\":{\"@id\":\"https:\/\/www.legacyhoian.com\/vi\/#website\"},\"datePublished\":\"2026-03-12T08:01:26+00:00\",\"dateModified\":\"2026-03-25T04:01:14+00:00\",\"breadcrumb\":{\"@id\":\"https:\/\/www.legacyhoian.com\/vi\/where-we-are\/#breadcrumb\"},\"inLanguage\":\"vi-VN\",\"potentialAction\":[{\"@type\":\"ReadAction\",\"target\":[\"https:\/\/www.legacyhoian.com\/vi\/where-we-are\/\"]}]},{\"@type\":\"BreadcrumbList\",\"@id\":\"https:\/\/www.legacyhoian.com\/vi\/where-we-are\/#breadcrumb\",\"itemListElement\":[{\"@type\":\"ListItem\",\"position\":1,\"name\":\"Home\",\"item\":\"https:\/\/www.legacyhoian.com\/vi\/\"},{\"@type\":\"ListItem\",\"position\":2,\"name\":\"V\u1ecb tr\u00ed c\u1ee7a ch\u00fang t\u00f4i\"}]},{\"@type\":\"WebSite\",\"@id\":\"https:\/\/www.legacyhoian.com\/vi\/#website\",\"url\":\"https:\/\/www.legacyhoian.com\/vi\/\",\"name\":\"Legacy Hoi An Resort\",\"description\":\"\",\"potentialAction\":[{\"@type\":\"SearchAction\",\"target\":{\"@type\":\"EntryPoint\",\"urlTemplate\":\"https:\/\/www.legacyhoian.com\/vi\/?s={search_term_string}\"},\"query-input\":\"required name=search_term_string\"}],\"inLanguage\":\"vi-VN\"}]}<\/script>\n<!-- \/ Yoast SEO plugin. -->","yoast_head_json":{"title":"V\u1ecb tr\u00ed | Legacy Hoi An Resort","robots":{"index":"index","follow":"follow","max-snippet":"max-snippet:-1","max-image-preview":"max-image-preview:large","max-video-preview":"max-video-preview:-1"},"canonical":"https:\/\/www.legacyhoian.com\/vi\/where-we-are\/","og_locale":"vi_VN","og_type":"article","og_title":"V\u1ecb tr\u00ed | Legacy Hoi An Resort","og_description":"Ch\u1ec9 c\u00e1ch ph\u1ed1 c\u1ed5 H\u1ed9i An v\u00e0i ph\u00fat di chuy\u1ec3n, Legacy Hoi An Resort n\u1eb1m gi\u1eefa khung c\u1ea3nh \u0111\u1ed3ng qu\u00ea y\u00ean b\u00ecnh, \u0111\u01b0\u1ee3c \u00f4m tr\u1ecdn b\u1edfi c\u00e1nh \u0111\u1ed3ng l\u00faa v\u00e0 khu v\u01b0\u1eddn xanh m\u00e1t. T\u1eeb \u0111\u00e2y, du kh\u00e1ch d\u1ec5 d\u00e0ng gh\u00e9 th\u0103m nh\u1eefng \u0111i\u1ec3m n\u1ed5i b\u1eadt nh\u01b0 Ch\u00f9a C\u1ea7u, L\u00e0ng g\u1ed1m Thanh H\u00e0, L\u00e0ng rau [&hellip;]","og_url":"https:\/\/www.legacyhoian.com\/vi\/where-we-are\/","og_site_name":"Legacy Hoi An Resort","article_modified_time":"2026-03-25T04:01:14+00:00","twitter_card":"summary_large_image","twitter_misc":{"Est. reading time":"1 minute"},"schema":{"@context":"https:\/\/schema.org","@graph":[{"@type":"WebPage","@id":"https:\/\/www.legacyhoian.com\/vi\/where-we-are\/","url":"https:\/\/www.legacyhoian.com\/vi\/where-we-are\/","name":"V\u1ecb tr\u00ed | Legacy Hoi An Resort","isPartOf":{"@id":"https:\/\/www.legacyhoian.com\/vi\/#website"},"datePublished":"2026-03-12T08:01:26+00:00","dateModified":"2026-03-25T04:01:14+00:00","breadcrumb":{"@id":"https:\/\/www.legacyhoian.com\/vi\/where-we-are\/#breadcrumb"},"inLanguage":"vi-VN","potentialAction":[{"@type":"ReadAction","target":["https:\/\/www.legacyhoian.com\/vi\/where-we-are\/"]}]},{"@type":"BreadcrumbList","@id":"https:\/\/www.legacyhoian.com\/vi\/where-we-are\/#breadcrumb","itemListElement":[{"@type":"ListItem","position":1,"name":"Home","item":"https:\/\/www.legacyhoian.com\/vi\/"},{"@type":"ListItem","position":2,"name":"V\u1ecb tr\u00ed c\u1ee7a ch\u00fang t\u00f4i"}]},{"@type":"WebSite","@id":"https:\/\/www.legacyhoian.com\/vi\/#website","url":"https:\/\/www.legacyhoian.com\/vi\/","name":"Legacy Hoi An Resort","description":"","potentialAction":[{"@type":"SearchAction","target":{"@type":"EntryPoint","urlTemplate":"https:\/\/www.legacyhoian.com\/vi\/?s={search_term_string}"},"query-input":"required name=search_term_string"}],"inLanguage":"vi-VN"}]}},"acf":[],"_links":{"self":[{"href":"https:\/\/www.legacyhoian.com\/vi\/wp-json\/wp\/v2\/pages\/258"}],"collection":[{"href":"https:\/\/www.legacyhoian.com\/vi\/wp-json\/wp\/v2\/pages"}],"about":[{"href":"https:\/\/www.legacyhoian.com\/vi\/wp-json\/wp\/v2\/types\/page"}],"author":[{"embeddable":true,"href":"https:\/\/www.legacyhoian.com\/vi\/wp-json\/wp\/v2\/users\/90"}],"replies":[{"embeddable":true,"href":"https:\/\/www.legacyhoian.com\/vi\/wp-json\/wp\/v2\/comments?post=258"}],"version-history":[{"count":0,"href":"https:\/\/www.legacyhoian.com\/vi\/wp-json\/wp\/v2\/pages\/258\/revisions"}],"wp:attachment":[{"href":"https:\/\/www.legacyhoian.com\/vi\/wp-json\/wp\/v2\/media?parent=258"}],"curies":[{"name":"wp","href":"https:\/\/api.w.org\/{rel}","templated":true}]}}