{"id":257,"date":"2026-03-09T10:00:18","date_gmt":"2026-03-09T10:00:18","guid":{"rendered":"https:\/\/legacyhoianresort.ms2.decms.asia\/meetings-events\/"},"modified":"2026-04-14T05:49:55","modified_gmt":"2026-04-14T05:49:55","slug":"meetings-events","status":"publish","type":"page","link":"https:\/\/www.legacyhoian.com\/vi\/meetings-events\/","title":{"rendered":"H\u1ed9i ngh\u1ecb &#038; S\u1ef1 ki\u1ec7n"},"content":{"rendered":"<p>K\u1ebft n\u1ed1i nh\u1eefng g\u00ec quan tr\u1ecdng nh\u1ea5t. C\u1ea3m x\u00fac, kh\u00f4ng gian, nh\u1eefng chi ti\u1ebft \u0111\u01b0\u1ee3c ch\u0103m ch\u00fat t\u1ec9 m\u1ec9. Khi th\u1eddi gian \u0111\u00e3 \u0111i\u1ec3m, h\u00e3y s\u1eb5n s\u00e0ng ch\u00e0o \u0111\u00f3n nh\u1eefng cu\u1ed9c g\u1eb7p thanh l\u1ecbch.<\/p>\n","protected":false},"excerpt":{"rendered":"<p>K\u1ebft n\u1ed1i nh\u1eefng g\u00ec quan tr\u1ecdng nh\u1ea5t. C\u1ea3m x\u00fac, kh\u00f4ng gian, nh\u1eefng chi ti\u1ebft \u0111\u01b0\u1ee3c ch\u0103m ch\u00fat t\u1ec9 m\u1ec9. Khi th\u1eddi gian \u0111\u00e3 \u0111i\u1ec3m, h\u00e3y s\u1eb5n s\u00e0ng ch\u00e0o \u0111\u00f3n nh\u1eefng cu\u1ed9c g\u1eb7p thanh l\u1ecbch.<\/p>\n","protected":false},"author":90,"featured_media":0,"parent":0,"menu_order":0,"comment_status":"closed","ping_status":"closed","template":"template-meeting.php","meta":{"footnotes":""},"yoast_head":"<!-- This site is optimized with the Yoast SEO plugin v22.3 - https:\/\/yoast.com\/wordpress\/plugins\/seo\/ -->\n<title>H\u1ed9i ngh\u1ecb &amp; S\u1ef1 ki\u1ec7n | Legacy Hoi An Resort<\/title>\n<meta name=\"robots\" content=\"index, follow, max-snippet:-1, max-image-preview:large, max-video-preview:-1\" \/>\n<link rel=\"canonical\" href=\"https:\/\/www.legacyhoian.com\/vi\/meetings-events\/\" \/>\n<meta property=\"og:locale\" content=\"vi_VN\" \/>\n<meta property=\"og:type\" content=\"article\" \/>\n<meta property=\"og:title\" content=\"H\u1ed9i ngh\u1ecb &amp; S\u1ef1 ki\u1ec7n | Legacy Hoi An Resort\" \/>\n<meta property=\"og:description\" content=\"K\u1ebft n\u1ed1i nh\u1eefng g\u00ec quan tr\u1ecdng nh\u1ea5t. C\u1ea3m x\u00fac, kh\u00f4ng gian, nh\u1eefng chi ti\u1ebft \u0111\u01b0\u1ee3c ch\u0103m ch\u00fat t\u1ec9 m\u1ec9. Khi th\u1eddi gian \u0111\u00e3 \u0111i\u1ec3m, h\u00e3y s\u1eb5n s\u00e0ng ch\u00e0o \u0111\u00f3n nh\u1eefng cu\u1ed9c g\u1eb7p thanh l\u1ecbch.\" \/>\n<meta property=\"og:url\" content=\"https:\/\/www.legacyhoian.com\/vi\/meetings-events\/\" \/>\n<meta property=\"og:site_name\" content=\"Legacy Hoi An Resort\" \/>\n<meta property=\"article:modified_time\" content=\"2026-04-14T05:49:55+00:00\" \/>\n<meta name=\"twitter:card\" content=\"summary_large_image\" \/>\n<meta name=\"twitter:label1\" content=\"Est. reading time\" \/>\n\t<meta name=\"twitter:data1\" content=\"1 minute\" \/>\n<script type=\"application\/ld+json\" class=\"yoast-schema-graph\">{\"@context\":\"https:\/\/schema.org\",\"@graph\":[{\"@type\":\"WebPage\",\"@id\":\"https:\/\/www.legacyhoian.com\/vi\/meetings-events\/\",\"url\":\"https:\/\/www.legacyhoian.com\/vi\/meetings-events\/\",\"name\":\"H\u1ed9i ngh\u1ecb & S\u1ef1 ki\u1ec7n | Legacy Hoi An Resort\",\"isPartOf\":{\"@id\":\"https:\/\/www.legacyhoian.com\/vi\/#website\"},\"datePublished\":\"2026-03-09T10:00:18+00:00\",\"dateModified\":\"2026-04-14T05:49:55+00:00\",\"breadcrumb\":{\"@id\":\"https:\/\/www.legacyhoian.com\/vi\/meetings-events\/#breadcrumb\"},\"inLanguage\":\"vi-VN\",\"potentialAction\":[{\"@type\":\"ReadAction\",\"target\":[\"https:\/\/www.legacyhoian.com\/vi\/meetings-events\/\"]}]},{\"@type\":\"BreadcrumbList\",\"@id\":\"https:\/\/www.legacyhoian.com\/vi\/meetings-events\/#breadcrumb\",\"itemListElement\":[{\"@type\":\"ListItem\",\"position\":1,\"name\":\"Home\",\"item\":\"https:\/\/www.legacyhoian.com\/vi\/\"},{\"@type\":\"ListItem\",\"position\":2,\"name\":\"H\u1ed9i ngh\u1ecb &#038; S\u1ef1 ki\u1ec7n\"}]},{\"@type\":\"WebSite\",\"@id\":\"https:\/\/www.legacyhoian.com\/vi\/#website\",\"url\":\"https:\/\/www.legacyhoian.com\/vi\/\",\"name\":\"Legacy Hoi An Resort\",\"description\":\"\",\"potentialAction\":[{\"@type\":\"SearchAction\",\"target\":{\"@type\":\"EntryPoint\",\"urlTemplate\":\"https:\/\/www.legacyhoian.com\/vi\/?s={search_term_string}\"},\"query-input\":\"required name=search_term_string\"}],\"inLanguage\":\"vi-VN\"}]}<\/script>\n<!-- \/ Yoast SEO plugin. -->","yoast_head_json":{"title":"H\u1ed9i ngh\u1ecb & S\u1ef1 ki\u1ec7n | Legacy Hoi An Resort","robots":{"index":"index","follow":"follow","max-snippet":"max-snippet:-1","max-image-preview":"max-image-preview:large","max-video-preview":"max-video-preview:-1"},"canonical":"https:\/\/www.legacyhoian.com\/vi\/meetings-events\/","og_locale":"vi_VN","og_type":"article","og_title":"H\u1ed9i ngh\u1ecb & S\u1ef1 ki\u1ec7n | Legacy Hoi An Resort","og_description":"K\u1ebft n\u1ed1i nh\u1eefng g\u00ec quan tr\u1ecdng nh\u1ea5t. C\u1ea3m x\u00fac, kh\u00f4ng gian, nh\u1eefng chi ti\u1ebft \u0111\u01b0\u1ee3c ch\u0103m ch\u00fat t\u1ec9 m\u1ec9. Khi th\u1eddi gian \u0111\u00e3 \u0111i\u1ec3m, h\u00e3y s\u1eb5n s\u00e0ng ch\u00e0o \u0111\u00f3n nh\u1eefng cu\u1ed9c g\u1eb7p thanh l\u1ecbch.","og_url":"https:\/\/www.legacyhoian.com\/vi\/meetings-events\/","og_site_name":"Legacy Hoi An Resort","article_modified_time":"2026-04-14T05:49:55+00:00","twitter_card":"summary_large_image","twitter_misc":{"Est. reading time":"1 minute"},"schema":{"@context":"https:\/\/schema.org","@graph":[{"@type":"WebPage","@id":"https:\/\/www.legacyhoian.com\/vi\/meetings-events\/","url":"https:\/\/www.legacyhoian.com\/vi\/meetings-events\/","name":"H\u1ed9i ngh\u1ecb & S\u1ef1 ki\u1ec7n | Legacy Hoi An Resort","isPartOf":{"@id":"https:\/\/www.legacyhoian.com\/vi\/#website"},"datePublished":"2026-03-09T10:00:18+00:00","dateModified":"2026-04-14T05:49:55+00:00","breadcrumb":{"@id":"https:\/\/www.legacyhoian.com\/vi\/meetings-events\/#breadcrumb"},"inLanguage":"vi-VN","potentialAction":[{"@type":"ReadAction","target":["https:\/\/www.legacyhoian.com\/vi\/meetings-events\/"]}]},{"@type":"BreadcrumbList","@id":"https:\/\/www.legacyhoian.com\/vi\/meetings-events\/#breadcrumb","itemListElement":[{"@type":"ListItem","position":1,"name":"Home","item":"https:\/\/www.legacyhoian.com\/vi\/"},{"@type":"ListItem","position":2,"name":"H\u1ed9i ngh\u1ecb &#038; S\u1ef1 ki\u1ec7n"}]},{"@type":"WebSite","@id":"https:\/\/www.legacyhoian.com\/vi\/#website","url":"https:\/\/www.legacyhoian.com\/vi\/","name":"Legacy Hoi An Resort","description":"","potentialAction":[{"@type":"SearchAction","target":{"@type":"EntryPoint","urlTemplate":"https:\/\/www.legacyhoian.com\/vi\/?s={search_term_string}"},"query-input":"required name=search_term_string"}],"inLanguage":"vi-VN"}]}},"acf":[],"_links":{"self":[{"href":"https:\/\/www.legacyhoian.com\/vi\/wp-json\/wp\/v2\/pages\/257"}],"collection":[{"href":"https:\/\/www.legacyhoian.com\/vi\/wp-json\/wp\/v2\/pages"}],"about":[{"href":"https:\/\/www.legacyhoian.com\/vi\/wp-json\/wp\/v2\/types\/page"}],"author":[{"embeddable":true,"href":"https:\/\/www.legacyhoian.com\/vi\/wp-json\/wp\/v2\/users\/90"}],"replies":[{"embeddable":true,"href":"https:\/\/www.legacyhoian.com\/vi\/wp-json\/wp\/v2\/comments?post=257"}],"version-history":[{"count":0,"href":"https:\/\/www.legacyhoian.com\/vi\/wp-json\/wp\/v2\/pages\/257\/revisions"}],"wp:attachment":[{"href":"https:\/\/www.legacyhoian.com\/vi\/wp-json\/wp\/v2\/media?parent=257"}],"curies":[{"name":"wp","href":"https:\/\/api.w.org\/{rel}","templated":true}]}}