{"id":253,"date":"2026-03-09T09:34:10","date_gmt":"2026-03-09T09:34:10","guid":{"rendered":"https:\/\/legacyhoianresort.ms2.decms.asia\/wellness-spa\/sauna-steam\/"},"modified":"2026-03-25T03:46:20","modified_gmt":"2026-03-25T03:46:20","slug":"sauna-steam","status":"publish","type":"page","link":"https:\/\/www.legacyhoian.com\/vi\/wellness-spa\/sauna-steam\/","title":{"rendered":"Ph\u00f2ng x\u00f4ng h\u01a1i &#038; t\u1eafm h\u01a1i"},"content":{"rendered":"<p>T\u1eadn h\u01b0\u1edfng li\u1ec7u ph\u00e1p th\u01b0 gi\u00e3n v\u1edbi ph\u00f2ng x\u00f4ng h\u01a1i \u01b0\u1edbt v\u00e0 x\u00f4ng kh\u00f4, gi\u00fap gi\u1ea3i t\u1ecfa c\u0103ng th\u1eb3ng, th\u01b0 gi\u00e3n c\u01a1 b\u1eafp v\u00e0 thanh l\u1ecdc c\u01a1 th\u1ec3 t\u1eeb b\u00ean trong. Kh\u00f4ng gian y\u00ean t\u0129nh l\u00e0 n\u01a1i l\u00fd t\u01b0\u1edfng \u0111\u1ec3 t\u00e1i t\u1ea1o n\u0103ng l\u01b0\u1ee3ng v\u00e0 c\u00e2n b\u1eb1ng t\u00e2m tr\u00ed.<\/p>\n<p><strong>V\u1ecb tr\u00ed:<\/strong> T\u1ea7ng Tr\u1ec7t<br \/>\n<strong>Th\u1eddi gian ho\u1ea1t \u0111\u1ed9ng:<\/strong> 09:00 \u2013 21:00<\/p>\n<p>D\u1ecbch v\u1ee5 kh\u00f4ng bao g\u1ed3m trong gi\u00e1 ph\u00f2ng.<br \/>\nVui l\u00f2ng li\u00ean h\u1ec7 l\u1ec5 t\u00e2n \u0111\u1ec3 \u0111\u01b0\u1ee3c t\u01b0 v\u1ea5n v\u00e0 h\u1ed7 tr\u1ee3 \u0111\u1eb7t d\u1ecbch v\u1ee5.<\/p>\n","protected":false},"excerpt":{"rendered":"<p>T\u1eadn h\u01b0\u1edfng li\u1ec7u ph\u00e1p th\u01b0 gi\u00e3n v\u1edbi ph\u00f2ng x\u00f4ng h\u01a1i \u01b0\u1edbt v\u00e0 x\u00f4ng kh\u00f4, gi\u00fap gi\u1ea3i t\u1ecfa c\u0103ng th\u1eb3ng, th\u01b0 gi\u00e3n c\u01a1 b\u1eafp v\u00e0 thanh l\u1ecdc c\u01a1 th\u1ec3 t\u1eeb b\u00ean trong. Kh\u00f4ng gian y\u00ean t\u0129nh l\u00e0 n\u01a1i l\u00fd t\u01b0\u1edfng \u0111\u1ec3 t\u00e1i t\u1ea1o n\u0103ng l\u01b0\u1ee3ng v\u00e0 c\u00e2n b\u1eb1ng t\u00e2m tr\u00ed. V\u1ecb tr\u00ed: T\u1ea7ng Tr\u1ec7t Th\u1eddi gian [&hellip;]<\/p>\n","protected":false},"author":90,"featured_media":0,"parent":251,"menu_order":1,"comment_status":"closed","ping_status":"closed","template":"template-default-2.php","meta":{"footnotes":""},"yoast_head":"<!-- This site is optimized with the Yoast SEO plugin v22.3 - https:\/\/yoast.com\/wordpress\/plugins\/seo\/ -->\n<title>Sauna &amp; Steam | Legacy Hoi An Resort<\/title>\n<meta name=\"robots\" content=\"index, follow, max-snippet:-1, max-image-preview:large, max-video-preview:-1\" \/>\n<link rel=\"canonical\" href=\"https:\/\/www.legacyhoian.com\/vi\/wellness-spa\/sauna-steam\/\" \/>\n<meta property=\"og:locale\" content=\"vi_VN\" \/>\n<meta property=\"og:type\" content=\"article\" \/>\n<meta property=\"og:title\" content=\"Sauna &amp; Steam | Legacy Hoi An Resort\" \/>\n<meta property=\"og:description\" content=\"T\u1eadn h\u01b0\u1edfng li\u1ec7u ph\u00e1p th\u01b0 gi\u00e3n v\u1edbi ph\u00f2ng x\u00f4ng h\u01a1i \u01b0\u1edbt v\u00e0 x\u00f4ng kh\u00f4, gi\u00fap gi\u1ea3i t\u1ecfa c\u0103ng th\u1eb3ng, th\u01b0 gi\u00e3n c\u01a1 b\u1eafp v\u00e0 thanh l\u1ecdc c\u01a1 th\u1ec3 t\u1eeb b\u00ean trong. Kh\u00f4ng gian y\u00ean t\u0129nh l\u00e0 n\u01a1i l\u00fd t\u01b0\u1edfng \u0111\u1ec3 t\u00e1i t\u1ea1o n\u0103ng l\u01b0\u1ee3ng v\u00e0 c\u00e2n b\u1eb1ng t\u00e2m tr\u00ed. V\u1ecb tr\u00ed: T\u1ea7ng Tr\u1ec7t Th\u1eddi gian [&hellip;]\" \/>\n<meta property=\"og:url\" content=\"https:\/\/www.legacyhoian.com\/vi\/wellness-spa\/sauna-steam\/\" \/>\n<meta property=\"og:site_name\" content=\"Legacy Hoi An Resort\" \/>\n<meta property=\"article:modified_time\" content=\"2026-03-25T03:46:20+00:00\" \/>\n<meta name=\"twitter:card\" content=\"summary_large_image\" \/>\n<meta name=\"twitter:label1\" content=\"Est. reading time\" \/>\n\t<meta name=\"twitter:data1\" content=\"1 minute\" \/>\n<script type=\"application\/ld+json\" class=\"yoast-schema-graph\">{\"@context\":\"https:\/\/schema.org\",\"@graph\":[{\"@type\":\"WebPage\",\"@id\":\"https:\/\/www.legacyhoian.com\/vi\/wellness-spa\/sauna-steam\/\",\"url\":\"https:\/\/www.legacyhoian.com\/vi\/wellness-spa\/sauna-steam\/\",\"name\":\"Sauna & Steam | Legacy Hoi An Resort\",\"isPartOf\":{\"@id\":\"https:\/\/www.legacyhoian.com\/vi\/#website\"},\"datePublished\":\"2026-03-09T09:34:10+00:00\",\"dateModified\":\"2026-03-25T03:46:20+00:00\",\"breadcrumb\":{\"@id\":\"https:\/\/www.legacyhoian.com\/vi\/wellness-spa\/sauna-steam\/#breadcrumb\"},\"inLanguage\":\"vi-VN\",\"potentialAction\":[{\"@type\":\"ReadAction\",\"target\":[\"https:\/\/www.legacyhoian.com\/vi\/wellness-spa\/sauna-steam\/\"]}]},{\"@type\":\"BreadcrumbList\",\"@id\":\"https:\/\/www.legacyhoian.com\/vi\/wellness-spa\/sauna-steam\/#breadcrumb\",\"itemListElement\":[{\"@type\":\"ListItem\",\"position\":1,\"name\":\"Home\",\"item\":\"https:\/\/www.legacyhoian.com\/vi\/\"},{\"@type\":\"ListItem\",\"position\":2,\"name\":\"Wellness &#038; Spa\",\"item\":\"https:\/\/www.legacyhoian.com\/vi\/wellness-spa\/\"},{\"@type\":\"ListItem\",\"position\":3,\"name\":\"Ph\u00f2ng x\u00f4ng h\u01a1i &#038; t\u1eafm h\u01a1i\"}]},{\"@type\":\"WebSite\",\"@id\":\"https:\/\/www.legacyhoian.com\/vi\/#website\",\"url\":\"https:\/\/www.legacyhoian.com\/vi\/\",\"name\":\"Legacy Hoi An Resort\",\"description\":\"\",\"potentialAction\":[{\"@type\":\"SearchAction\",\"target\":{\"@type\":\"EntryPoint\",\"urlTemplate\":\"https:\/\/www.legacyhoian.com\/vi\/?s={search_term_string}\"},\"query-input\":\"required name=search_term_string\"}],\"inLanguage\":\"vi-VN\"}]}<\/script>\n<!-- \/ Yoast SEO plugin. -->","yoast_head_json":{"title":"Sauna & Steam | Legacy Hoi An Resort","robots":{"index":"index","follow":"follow","max-snippet":"max-snippet:-1","max-image-preview":"max-image-preview:large","max-video-preview":"max-video-preview:-1"},"canonical":"https:\/\/www.legacyhoian.com\/vi\/wellness-spa\/sauna-steam\/","og_locale":"vi_VN","og_type":"article","og_title":"Sauna & Steam | Legacy Hoi An Resort","og_description":"T\u1eadn h\u01b0\u1edfng li\u1ec7u ph\u00e1p th\u01b0 gi\u00e3n v\u1edbi ph\u00f2ng x\u00f4ng h\u01a1i \u01b0\u1edbt v\u00e0 x\u00f4ng kh\u00f4, gi\u00fap gi\u1ea3i t\u1ecfa c\u0103ng th\u1eb3ng, th\u01b0 gi\u00e3n c\u01a1 b\u1eafp v\u00e0 thanh l\u1ecdc c\u01a1 th\u1ec3 t\u1eeb b\u00ean trong. Kh\u00f4ng gian y\u00ean t\u0129nh l\u00e0 n\u01a1i l\u00fd t\u01b0\u1edfng \u0111\u1ec3 t\u00e1i t\u1ea1o n\u0103ng l\u01b0\u1ee3ng v\u00e0 c\u00e2n b\u1eb1ng t\u00e2m tr\u00ed. V\u1ecb tr\u00ed: T\u1ea7ng Tr\u1ec7t Th\u1eddi gian [&hellip;]","og_url":"https:\/\/www.legacyhoian.com\/vi\/wellness-spa\/sauna-steam\/","og_site_name":"Legacy Hoi An Resort","article_modified_time":"2026-03-25T03:46:20+00:00","twitter_card":"summary_large_image","twitter_misc":{"Est. reading time":"1 minute"},"schema":{"@context":"https:\/\/schema.org","@graph":[{"@type":"WebPage","@id":"https:\/\/www.legacyhoian.com\/vi\/wellness-spa\/sauna-steam\/","url":"https:\/\/www.legacyhoian.com\/vi\/wellness-spa\/sauna-steam\/","name":"Sauna & Steam | Legacy Hoi An Resort","isPartOf":{"@id":"https:\/\/www.legacyhoian.com\/vi\/#website"},"datePublished":"2026-03-09T09:34:10+00:00","dateModified":"2026-03-25T03:46:20+00:00","breadcrumb":{"@id":"https:\/\/www.legacyhoian.com\/vi\/wellness-spa\/sauna-steam\/#breadcrumb"},"inLanguage":"vi-VN","potentialAction":[{"@type":"ReadAction","target":["https:\/\/www.legacyhoian.com\/vi\/wellness-spa\/sauna-steam\/"]}]},{"@type":"BreadcrumbList","@id":"https:\/\/www.legacyhoian.com\/vi\/wellness-spa\/sauna-steam\/#breadcrumb","itemListElement":[{"@type":"ListItem","position":1,"name":"Home","item":"https:\/\/www.legacyhoian.com\/vi\/"},{"@type":"ListItem","position":2,"name":"Wellness &#038; Spa","item":"https:\/\/www.legacyhoian.com\/vi\/wellness-spa\/"},{"@type":"ListItem","position":3,"name":"Ph\u00f2ng x\u00f4ng h\u01a1i &#038; t\u1eafm h\u01a1i"}]},{"@type":"WebSite","@id":"https:\/\/www.legacyhoian.com\/vi\/#website","url":"https:\/\/www.legacyhoian.com\/vi\/","name":"Legacy Hoi An Resort","description":"","potentialAction":[{"@type":"SearchAction","target":{"@type":"EntryPoint","urlTemplate":"https:\/\/www.legacyhoian.com\/vi\/?s={search_term_string}"},"query-input":"required name=search_term_string"}],"inLanguage":"vi-VN"}]}},"acf":[],"_links":{"self":[{"href":"https:\/\/www.legacyhoian.com\/vi\/wp-json\/wp\/v2\/pages\/253"}],"collection":[{"href":"https:\/\/www.legacyhoian.com\/vi\/wp-json\/wp\/v2\/pages"}],"about":[{"href":"https:\/\/www.legacyhoian.com\/vi\/wp-json\/wp\/v2\/types\/page"}],"author":[{"embeddable":true,"href":"https:\/\/www.legacyhoian.com\/vi\/wp-json\/wp\/v2\/users\/90"}],"replies":[{"embeddable":true,"href":"https:\/\/www.legacyhoian.com\/vi\/wp-json\/wp\/v2\/comments?post=253"}],"version-history":[{"count":0,"href":"https:\/\/www.legacyhoian.com\/vi\/wp-json\/wp\/v2\/pages\/253\/revisions"}],"up":[{"embeddable":true,"href":"https:\/\/www.legacyhoian.com\/vi\/wp-json\/wp\/v2\/pages\/251"}],"wp:attachment":[{"href":"https:\/\/www.legacyhoian.com\/vi\/wp-json\/wp\/v2\/media?parent=253"}],"curies":[{"name":"wp","href":"https:\/\/api.w.org\/{rel}","templated":true}]}}