{"id":252,"date":"2026-03-09T09:27:50","date_gmt":"2026-03-09T09:27:50","guid":{"rendered":"https:\/\/legacyhoianresort.ms2.decms.asia\/wellness-spa\/coco-spa\/"},"modified":"2026-03-25T03:45:26","modified_gmt":"2026-03-25T03:45:26","slug":"coco-spa","status":"publish","type":"page","link":"https:\/\/www.legacyhoian.com\/vi\/wellness-spa\/coco-spa\/","title":{"rendered":"CoCo Spa"},"content":{"rendered":"<p>\u1ea8n m\u00ecnh b\u00ean khu v\u01b0\u1eddn r\u1ee3p b\u00f3ng xanh, n\u01a1i h\u01b0\u01a1ng th\u1ea3o m\u1ed9c len qua t\u1eebng l\u00e0n gi\u00f3, Legacy Spa m\u1edf ra m\u1ed9t th\u1ebf gi\u1edbi t\u0129nh l\u1eb7ng \u0111\u1ec3 c\u01a1 th\u1ec3 v\u00e0 t\u00e2m h\u1ed3n t\u00ecm th\u1ea5y s\u1ef1 an y\u00ean. Gi\u1eefa kh\u00f4ng gian \u0111\u1eadm h\u01a1i th\u1edf thi\u00ean nhi\u00ean, nh\u1eefng li\u1ec7u ph\u00e1p ch\u0103m s\u00f3c tinh t\u1ebf kh\u1ebd \u0111\u00e1nh th\u1ee9c t\u1eebng gi\u00e1c quan, xoa d\u1ecbu m\u1ecdi \u01b0u phi\u1ec1n. H\u00e3y \u0111\u1ec3 s\u1ef1 t\u0129nh l\u1eb7ng d\u1eabn l\u1ed1i v\u00e0 \u0111\u1ec3 s\u1ef1 th\u01b0 th\u00e1i th\u1ea5m \u0111\u1eabm trong t\u1eebng kho\u1ea3nh kh\u1eafc an tr\u00fa gi\u1eefa mi\u1ec1n di s\u1ea3n.<\/p>\n<p><strong>\u0110\u1ecba \u0111i\u1ec3m:<\/strong> T\u1ea7ng Tr\u1ec7t<br \/>\n<strong>Gi\u1edd ho\u1ea1t \u0111\u1ed9ng:<\/strong> 9:00 &#8211; 21:00<\/p>\n","protected":false},"excerpt":{"rendered":"<p>\u1ea8n m\u00ecnh b\u00ean khu v\u01b0\u1eddn r\u1ee3p b\u00f3ng xanh, n\u01a1i h\u01b0\u01a1ng th\u1ea3o m\u1ed9c len qua t\u1eebng l\u00e0n gi\u00f3, Legacy Spa m\u1edf ra m\u1ed9t th\u1ebf gi\u1edbi t\u0129nh l\u1eb7ng \u0111\u1ec3 c\u01a1 th\u1ec3 v\u00e0 t\u00e2m h\u1ed3n t\u00ecm th\u1ea5y s\u1ef1 an y\u00ean. Gi\u1eefa kh\u00f4ng gian \u0111\u1eadm h\u01a1i th\u1edf thi\u00ean nhi\u00ean, nh\u1eefng li\u1ec7u ph\u00e1p ch\u0103m s\u00f3c tinh t\u1ebf kh\u1ebd \u0111\u00e1nh th\u1ee9c [&hellip;]<\/p>\n","protected":false},"author":90,"featured_media":0,"parent":251,"menu_order":0,"comment_status":"closed","ping_status":"closed","template":"template-default-2.php","meta":{"footnotes":""},"yoast_head":"<!-- This site is optimized with the Yoast SEO plugin v22.3 - https:\/\/yoast.com\/wordpress\/plugins\/seo\/ -->\n<title>CoCo Spa | Legacy Hoi An Resort<\/title>\n<meta name=\"robots\" content=\"index, follow, max-snippet:-1, max-image-preview:large, max-video-preview:-1\" \/>\n<link rel=\"canonical\" href=\"https:\/\/www.legacyhoian.com\/vi\/wellness-spa\/coco-spa\/\" \/>\n<meta property=\"og:locale\" content=\"vi_VN\" \/>\n<meta property=\"og:type\" content=\"article\" \/>\n<meta property=\"og:title\" content=\"CoCo Spa | Legacy Hoi An Resort\" \/>\n<meta property=\"og:description\" content=\"\u1ea8n m\u00ecnh b\u00ean khu v\u01b0\u1eddn r\u1ee3p b\u00f3ng xanh, n\u01a1i h\u01b0\u01a1ng th\u1ea3o m\u1ed9c len qua t\u1eebng l\u00e0n gi\u00f3, Legacy Spa m\u1edf ra m\u1ed9t th\u1ebf gi\u1edbi t\u0129nh l\u1eb7ng \u0111\u1ec3 c\u01a1 th\u1ec3 v\u00e0 t\u00e2m h\u1ed3n t\u00ecm th\u1ea5y s\u1ef1 an y\u00ean. Gi\u1eefa kh\u00f4ng gian \u0111\u1eadm h\u01a1i th\u1edf thi\u00ean nhi\u00ean, nh\u1eefng li\u1ec7u ph\u00e1p ch\u0103m s\u00f3c tinh t\u1ebf kh\u1ebd \u0111\u00e1nh th\u1ee9c [&hellip;]\" \/>\n<meta property=\"og:url\" content=\"https:\/\/www.legacyhoian.com\/vi\/wellness-spa\/coco-spa\/\" \/>\n<meta property=\"og:site_name\" content=\"Legacy Hoi An Resort\" \/>\n<meta property=\"article:modified_time\" content=\"2026-03-25T03:45:26+00:00\" \/>\n<meta name=\"twitter:card\" content=\"summary_large_image\" \/>\n<meta name=\"twitter:label1\" content=\"Est. reading time\" \/>\n\t<meta name=\"twitter:data1\" content=\"1 minute\" \/>\n<script type=\"application\/ld+json\" class=\"yoast-schema-graph\">{\"@context\":\"https:\/\/schema.org\",\"@graph\":[{\"@type\":\"WebPage\",\"@id\":\"https:\/\/www.legacyhoian.com\/vi\/wellness-spa\/coco-spa\/\",\"url\":\"https:\/\/www.legacyhoian.com\/vi\/wellness-spa\/coco-spa\/\",\"name\":\"CoCo Spa | Legacy Hoi An Resort\",\"isPartOf\":{\"@id\":\"https:\/\/www.legacyhoian.com\/vi\/#website\"},\"datePublished\":\"2026-03-09T09:27:50+00:00\",\"dateModified\":\"2026-03-25T03:45:26+00:00\",\"breadcrumb\":{\"@id\":\"https:\/\/www.legacyhoian.com\/vi\/wellness-spa\/coco-spa\/#breadcrumb\"},\"inLanguage\":\"vi-VN\",\"potentialAction\":[{\"@type\":\"ReadAction\",\"target\":[\"https:\/\/www.legacyhoian.com\/vi\/wellness-spa\/coco-spa\/\"]}]},{\"@type\":\"BreadcrumbList\",\"@id\":\"https:\/\/www.legacyhoian.com\/vi\/wellness-spa\/coco-spa\/#breadcrumb\",\"itemListElement\":[{\"@type\":\"ListItem\",\"position\":1,\"name\":\"Home\",\"item\":\"https:\/\/www.legacyhoian.com\/vi\/\"},{\"@type\":\"ListItem\",\"position\":2,\"name\":\"Wellness &#038; Spa\",\"item\":\"https:\/\/www.legacyhoian.com\/vi\/wellness-spa\/\"},{\"@type\":\"ListItem\",\"position\":3,\"name\":\"CoCo Spa\"}]},{\"@type\":\"WebSite\",\"@id\":\"https:\/\/www.legacyhoian.com\/vi\/#website\",\"url\":\"https:\/\/www.legacyhoian.com\/vi\/\",\"name\":\"Legacy Hoi An Resort\",\"description\":\"\",\"potentialAction\":[{\"@type\":\"SearchAction\",\"target\":{\"@type\":\"EntryPoint\",\"urlTemplate\":\"https:\/\/www.legacyhoian.com\/vi\/?s={search_term_string}\"},\"query-input\":\"required name=search_term_string\"}],\"inLanguage\":\"vi-VN\"}]}<\/script>\n<!-- \/ Yoast SEO plugin. -->","yoast_head_json":{"title":"CoCo Spa | Legacy Hoi An Resort","robots":{"index":"index","follow":"follow","max-snippet":"max-snippet:-1","max-image-preview":"max-image-preview:large","max-video-preview":"max-video-preview:-1"},"canonical":"https:\/\/www.legacyhoian.com\/vi\/wellness-spa\/coco-spa\/","og_locale":"vi_VN","og_type":"article","og_title":"CoCo Spa | Legacy Hoi An Resort","og_description":"\u1ea8n m\u00ecnh b\u00ean khu v\u01b0\u1eddn r\u1ee3p b\u00f3ng xanh, n\u01a1i h\u01b0\u01a1ng th\u1ea3o m\u1ed9c len qua t\u1eebng l\u00e0n gi\u00f3, Legacy Spa m\u1edf ra m\u1ed9t th\u1ebf gi\u1edbi t\u0129nh l\u1eb7ng \u0111\u1ec3 c\u01a1 th\u1ec3 v\u00e0 t\u00e2m h\u1ed3n t\u00ecm th\u1ea5y s\u1ef1 an y\u00ean. Gi\u1eefa kh\u00f4ng gian \u0111\u1eadm h\u01a1i th\u1edf thi\u00ean nhi\u00ean, nh\u1eefng li\u1ec7u ph\u00e1p ch\u0103m s\u00f3c tinh t\u1ebf kh\u1ebd \u0111\u00e1nh th\u1ee9c [&hellip;]","og_url":"https:\/\/www.legacyhoian.com\/vi\/wellness-spa\/coco-spa\/","og_site_name":"Legacy Hoi An Resort","article_modified_time":"2026-03-25T03:45:26+00:00","twitter_card":"summary_large_image","twitter_misc":{"Est. reading time":"1 minute"},"schema":{"@context":"https:\/\/schema.org","@graph":[{"@type":"WebPage","@id":"https:\/\/www.legacyhoian.com\/vi\/wellness-spa\/coco-spa\/","url":"https:\/\/www.legacyhoian.com\/vi\/wellness-spa\/coco-spa\/","name":"CoCo Spa | Legacy Hoi An Resort","isPartOf":{"@id":"https:\/\/www.legacyhoian.com\/vi\/#website"},"datePublished":"2026-03-09T09:27:50+00:00","dateModified":"2026-03-25T03:45:26+00:00","breadcrumb":{"@id":"https:\/\/www.legacyhoian.com\/vi\/wellness-spa\/coco-spa\/#breadcrumb"},"inLanguage":"vi-VN","potentialAction":[{"@type":"ReadAction","target":["https:\/\/www.legacyhoian.com\/vi\/wellness-spa\/coco-spa\/"]}]},{"@type":"BreadcrumbList","@id":"https:\/\/www.legacyhoian.com\/vi\/wellness-spa\/coco-spa\/#breadcrumb","itemListElement":[{"@type":"ListItem","position":1,"name":"Home","item":"https:\/\/www.legacyhoian.com\/vi\/"},{"@type":"ListItem","position":2,"name":"Wellness &#038; Spa","item":"https:\/\/www.legacyhoian.com\/vi\/wellness-spa\/"},{"@type":"ListItem","position":3,"name":"CoCo Spa"}]},{"@type":"WebSite","@id":"https:\/\/www.legacyhoian.com\/vi\/#website","url":"https:\/\/www.legacyhoian.com\/vi\/","name":"Legacy Hoi An Resort","description":"","potentialAction":[{"@type":"SearchAction","target":{"@type":"EntryPoint","urlTemplate":"https:\/\/www.legacyhoian.com\/vi\/?s={search_term_string}"},"query-input":"required name=search_term_string"}],"inLanguage":"vi-VN"}]}},"acf":[],"_links":{"self":[{"href":"https:\/\/www.legacyhoian.com\/vi\/wp-json\/wp\/v2\/pages\/252"}],"collection":[{"href":"https:\/\/www.legacyhoian.com\/vi\/wp-json\/wp\/v2\/pages"}],"about":[{"href":"https:\/\/www.legacyhoian.com\/vi\/wp-json\/wp\/v2\/types\/page"}],"author":[{"embeddable":true,"href":"https:\/\/www.legacyhoian.com\/vi\/wp-json\/wp\/v2\/users\/90"}],"replies":[{"embeddable":true,"href":"https:\/\/www.legacyhoian.com\/vi\/wp-json\/wp\/v2\/comments?post=252"}],"version-history":[{"count":0,"href":"https:\/\/www.legacyhoian.com\/vi\/wp-json\/wp\/v2\/pages\/252\/revisions"}],"up":[{"embeddable":true,"href":"https:\/\/www.legacyhoian.com\/vi\/wp-json\/wp\/v2\/pages\/251"}],"wp:attachment":[{"href":"https:\/\/www.legacyhoian.com\/vi\/wp-json\/wp\/v2\/media?parent=252"}],"curies":[{"name":"wp","href":"https:\/\/api.w.org\/{rel}","templated":true}]}}