{"id":251,"date":"2026-03-09T09:22:55","date_gmt":"2026-03-09T09:22:55","guid":{"rendered":"https:\/\/legacyhoianresort.ms2.decms.asia\/wellness-spa\/"},"modified":"2026-03-30T02:24:36","modified_gmt":"2026-03-30T02:24:36","slug":"wellness-spa","status":"publish","type":"page","link":"https:\/\/www.legacyhoian.com\/vi\/wellness-spa\/","title":{"rendered":"Wellness &#038; Spa"},"content":{"rendered":"<p>M\u1ed9t n\u01a1i \u1ea9n n\u00e1u kh\u1ecfi t\u1ea5t c\u1ea3. N\u00e9p m\u00ecnh b\u00ean khu v\u01b0\u1eddn v\u1edbi l\u1ed1i v\u00e0o y\u00ean t\u0129nh, c\u1ea3m nh\u1eadn s\u1ef1 t\u00e1ch bi\u1ec7t trong kh\u00f4ng kh\u00ed y\u00ean b\u00ecnh n\u01a1i tr\u1ea3i nghi\u1ec7m c\u00e1c tr\u1ecb li\u1ec7u chuy\u00ean bi\u1ec7t v\u00e0 h\u01b0\u01a1ng s\u1eafc t\u1eeb c\u00e1c lo\u1ea1i th\u1ea3o m\u1ed9c h\u1ea5p d\u1eabn \u0111\u1ec3 \u0111\u01b0a t\u00e2m tr\u00ed v\u00e0o s\u1ef1 nh\u1eb9 nh\u00e0ng.<\/p>\n","protected":false},"excerpt":{"rendered":"<p>M\u1ed9t n\u01a1i \u1ea9n n\u00e1u kh\u1ecfi t\u1ea5t c\u1ea3. N\u00e9p m\u00ecnh b\u00ean khu v\u01b0\u1eddn v\u1edbi l\u1ed1i v\u00e0o y\u00ean t\u0129nh, c\u1ea3m nh\u1eadn s\u1ef1 t\u00e1ch bi\u1ec7t trong kh\u00f4ng kh\u00ed y\u00ean b\u00ecnh n\u01a1i tr\u1ea3i nghi\u1ec7m c\u00e1c tr\u1ecb li\u1ec7u chuy\u00ean bi\u1ec7t v\u00e0 h\u01b0\u01a1ng s\u1eafc t\u1eeb c\u00e1c lo\u1ea1i th\u1ea3o m\u1ed9c h\u1ea5p d\u1eabn \u0111\u1ec3 \u0111\u01b0a t\u00e2m tr\u00ed v\u00e0o s\u1ef1 nh\u1eb9 nh\u00e0ng.<\/p>\n","protected":false},"author":90,"featured_media":0,"parent":0,"menu_order":0,"comment_status":"closed","ping_status":"closed","template":"template-spa.php","meta":{"footnotes":""},"yoast_head":"<!-- This site is optimized with the Yoast SEO plugin v22.3 - https:\/\/yoast.com\/wordpress\/plugins\/seo\/ -->\n<title>Wellness &amp; Spa | Legacy Hoi An Resort<\/title>\n<meta name=\"robots\" content=\"index, follow, max-snippet:-1, max-image-preview:large, max-video-preview:-1\" \/>\n<link rel=\"canonical\" href=\"https:\/\/www.legacyhoian.com\/vi\/wellness-spa\/\" \/>\n<meta property=\"og:locale\" content=\"vi_VN\" \/>\n<meta property=\"og:type\" content=\"article\" \/>\n<meta property=\"og:title\" content=\"Wellness &amp; Spa | Legacy Hoi An Resort\" \/>\n<meta property=\"og:description\" content=\"M\u1ed9t n\u01a1i \u1ea9n n\u00e1u kh\u1ecfi t\u1ea5t c\u1ea3. N\u00e9p m\u00ecnh b\u00ean khu v\u01b0\u1eddn v\u1edbi l\u1ed1i v\u00e0o y\u00ean t\u0129nh, c\u1ea3m nh\u1eadn s\u1ef1 t\u00e1ch bi\u1ec7t trong kh\u00f4ng kh\u00ed y\u00ean b\u00ecnh n\u01a1i tr\u1ea3i nghi\u1ec7m c\u00e1c tr\u1ecb li\u1ec7u chuy\u00ean bi\u1ec7t v\u00e0 h\u01b0\u01a1ng s\u1eafc t\u1eeb c\u00e1c lo\u1ea1i th\u1ea3o m\u1ed9c h\u1ea5p d\u1eabn \u0111\u1ec3 \u0111\u01b0a t\u00e2m tr\u00ed v\u00e0o s\u1ef1 nh\u1eb9 nh\u00e0ng.\" \/>\n<meta property=\"og:url\" content=\"https:\/\/www.legacyhoian.com\/vi\/wellness-spa\/\" \/>\n<meta property=\"og:site_name\" content=\"Legacy Hoi An Resort\" \/>\n<meta property=\"article:modified_time\" content=\"2026-03-30T02:24:36+00:00\" \/>\n<meta name=\"twitter:card\" content=\"summary_large_image\" \/>\n<meta name=\"twitter:label1\" content=\"Est. reading time\" \/>\n\t<meta name=\"twitter:data1\" content=\"1 minute\" \/>\n<script type=\"application\/ld+json\" class=\"yoast-schema-graph\">{\"@context\":\"https:\/\/schema.org\",\"@graph\":[{\"@type\":\"WebPage\",\"@id\":\"https:\/\/www.legacyhoian.com\/vi\/wellness-spa\/\",\"url\":\"https:\/\/www.legacyhoian.com\/vi\/wellness-spa\/\",\"name\":\"Wellness & Spa | Legacy Hoi An Resort\",\"isPartOf\":{\"@id\":\"https:\/\/www.legacyhoian.com\/vi\/#website\"},\"datePublished\":\"2026-03-09T09:22:55+00:00\",\"dateModified\":\"2026-03-30T02:24:36+00:00\",\"breadcrumb\":{\"@id\":\"https:\/\/www.legacyhoian.com\/vi\/wellness-spa\/#breadcrumb\"},\"inLanguage\":\"vi-VN\",\"potentialAction\":[{\"@type\":\"ReadAction\",\"target\":[\"https:\/\/www.legacyhoian.com\/vi\/wellness-spa\/\"]}]},{\"@type\":\"BreadcrumbList\",\"@id\":\"https:\/\/www.legacyhoian.com\/vi\/wellness-spa\/#breadcrumb\",\"itemListElement\":[{\"@type\":\"ListItem\",\"position\":1,\"name\":\"Home\",\"item\":\"https:\/\/www.legacyhoian.com\/vi\/\"},{\"@type\":\"ListItem\",\"position\":2,\"name\":\"Wellness &#038; Spa\"}]},{\"@type\":\"WebSite\",\"@id\":\"https:\/\/www.legacyhoian.com\/vi\/#website\",\"url\":\"https:\/\/www.legacyhoian.com\/vi\/\",\"name\":\"Legacy Hoi An Resort\",\"description\":\"\",\"potentialAction\":[{\"@type\":\"SearchAction\",\"target\":{\"@type\":\"EntryPoint\",\"urlTemplate\":\"https:\/\/www.legacyhoian.com\/vi\/?s={search_term_string}\"},\"query-input\":\"required name=search_term_string\"}],\"inLanguage\":\"vi-VN\"}]}<\/script>\n<!-- \/ Yoast SEO plugin. -->","yoast_head_json":{"title":"Wellness & Spa | Legacy Hoi An Resort","robots":{"index":"index","follow":"follow","max-snippet":"max-snippet:-1","max-image-preview":"max-image-preview:large","max-video-preview":"max-video-preview:-1"},"canonical":"https:\/\/www.legacyhoian.com\/vi\/wellness-spa\/","og_locale":"vi_VN","og_type":"article","og_title":"Wellness & Spa | Legacy Hoi An Resort","og_description":"M\u1ed9t n\u01a1i \u1ea9n n\u00e1u kh\u1ecfi t\u1ea5t c\u1ea3. N\u00e9p m\u00ecnh b\u00ean khu v\u01b0\u1eddn v\u1edbi l\u1ed1i v\u00e0o y\u00ean t\u0129nh, c\u1ea3m nh\u1eadn s\u1ef1 t\u00e1ch bi\u1ec7t trong kh\u00f4ng kh\u00ed y\u00ean b\u00ecnh n\u01a1i tr\u1ea3i nghi\u1ec7m c\u00e1c tr\u1ecb li\u1ec7u chuy\u00ean bi\u1ec7t v\u00e0 h\u01b0\u01a1ng s\u1eafc t\u1eeb c\u00e1c lo\u1ea1i th\u1ea3o m\u1ed9c h\u1ea5p d\u1eabn \u0111\u1ec3 \u0111\u01b0a t\u00e2m tr\u00ed v\u00e0o s\u1ef1 nh\u1eb9 nh\u00e0ng.","og_url":"https:\/\/www.legacyhoian.com\/vi\/wellness-spa\/","og_site_name":"Legacy Hoi An Resort","article_modified_time":"2026-03-30T02:24:36+00:00","twitter_card":"summary_large_image","twitter_misc":{"Est. reading time":"1 minute"},"schema":{"@context":"https:\/\/schema.org","@graph":[{"@type":"WebPage","@id":"https:\/\/www.legacyhoian.com\/vi\/wellness-spa\/","url":"https:\/\/www.legacyhoian.com\/vi\/wellness-spa\/","name":"Wellness & Spa | Legacy Hoi An Resort","isPartOf":{"@id":"https:\/\/www.legacyhoian.com\/vi\/#website"},"datePublished":"2026-03-09T09:22:55+00:00","dateModified":"2026-03-30T02:24:36+00:00","breadcrumb":{"@id":"https:\/\/www.legacyhoian.com\/vi\/wellness-spa\/#breadcrumb"},"inLanguage":"vi-VN","potentialAction":[{"@type":"ReadAction","target":["https:\/\/www.legacyhoian.com\/vi\/wellness-spa\/"]}]},{"@type":"BreadcrumbList","@id":"https:\/\/www.legacyhoian.com\/vi\/wellness-spa\/#breadcrumb","itemListElement":[{"@type":"ListItem","position":1,"name":"Home","item":"https:\/\/www.legacyhoian.com\/vi\/"},{"@type":"ListItem","position":2,"name":"Wellness &#038; Spa"}]},{"@type":"WebSite","@id":"https:\/\/www.legacyhoian.com\/vi\/#website","url":"https:\/\/www.legacyhoian.com\/vi\/","name":"Legacy Hoi An Resort","description":"","potentialAction":[{"@type":"SearchAction","target":{"@type":"EntryPoint","urlTemplate":"https:\/\/www.legacyhoian.com\/vi\/?s={search_term_string}"},"query-input":"required name=search_term_string"}],"inLanguage":"vi-VN"}]}},"acf":[],"_links":{"self":[{"href":"https:\/\/www.legacyhoian.com\/vi\/wp-json\/wp\/v2\/pages\/251"}],"collection":[{"href":"https:\/\/www.legacyhoian.com\/vi\/wp-json\/wp\/v2\/pages"}],"about":[{"href":"https:\/\/www.legacyhoian.com\/vi\/wp-json\/wp\/v2\/types\/page"}],"author":[{"embeddable":true,"href":"https:\/\/www.legacyhoian.com\/vi\/wp-json\/wp\/v2\/users\/90"}],"replies":[{"embeddable":true,"href":"https:\/\/www.legacyhoian.com\/vi\/wp-json\/wp\/v2\/comments?post=251"}],"version-history":[{"count":0,"href":"https:\/\/www.legacyhoian.com\/vi\/wp-json\/wp\/v2\/pages\/251\/revisions"}],"wp:attachment":[{"href":"https:\/\/www.legacyhoian.com\/vi\/wp-json\/wp\/v2\/media?parent=251"}],"curies":[{"name":"wp","href":"https:\/\/api.w.org\/{rel}","templated":true}]}}