{"id":250,"date":"2026-03-09T09:10:40","date_gmt":"2026-03-09T09:10:40","guid":{"rendered":"https:\/\/legacyhoianresort.ms2.decms.asia\/specials-offers\/"},"modified":"2026-03-25T03:43:30","modified_gmt":"2026-03-25T03:43:30","slug":"specials-offers","status":"publish","type":"page","link":"https:\/\/www.legacyhoian.com\/vi\/specials-offers\/","title":{"rendered":"\u01afu \u0111\u00e3i \u0111\u1eb7c bi\u1ec7t"},"content":{"rendered":"<p>T\u1ea1m qu\u00ean nh\u1ecbp s\u1ed1ng v\u1ed9i v\u00e3 v\u00e0 t\u00ecm v\u1ec1 s\u1ef1 b\u00ecnh y\u00ean t\u1ea1i Legacy Hoi An Resort c\u00f9ng nh\u1eefng \u01b0u \u0111\u00e3i \u0111\u1eb7c bi\u1ec7t.<br \/>\nT\u1eadn h\u01b0\u1edfng m\u1ee9c gi\u00e1 t\u1ed1t nh\u1ea5t, ch\u00ednh s\u00e1ch \u0111\u1eb7t ph\u00f2ng linh ho\u1ea1t c\u00f9ng tr\u1ea3i nghi\u1ec7m \u1ea9m th\u1ef1c \u0111\u1ed9c \u0111\u00e1o gi\u1eefa khung c\u1ea3nh n\u00ean th\u01a1 c\u1ee7a c\u00e1nh \u0111\u1ed3ng l\u00faa v\u00e0 n\u00e9t di s\u1ea3n ph\u1ed1 H\u1ed9i.<\/p>\n","protected":false},"excerpt":{"rendered":"<p>T\u1ea1m qu\u00ean nh\u1ecbp s\u1ed1ng v\u1ed9i v\u00e3 v\u00e0 t\u00ecm v\u1ec1 s\u1ef1 b\u00ecnh y\u00ean t\u1ea1i Legacy Hoi An Resort c\u00f9ng nh\u1eefng \u01b0u \u0111\u00e3i \u0111\u1eb7c bi\u1ec7t. T\u1eadn h\u01b0\u1edfng m\u1ee9c gi\u00e1 t\u1ed1t nh\u1ea5t, ch\u00ednh s\u00e1ch \u0111\u1eb7t ph\u00f2ng linh ho\u1ea1t c\u00f9ng tr\u1ea3i nghi\u1ec7m \u1ea9m th\u1ef1c \u0111\u1ed9c \u0111\u00e1o gi\u1eefa khung c\u1ea3nh n\u00ean th\u01a1 c\u1ee7a c\u00e1nh \u0111\u1ed3ng l\u00faa v\u00e0 n\u00e9t di s\u1ea3n [&hellip;]<\/p>\n","protected":false},"author":90,"featured_media":0,"parent":0,"menu_order":0,"comment_status":"closed","ping_status":"closed","template":"template-offers.php","meta":{"footnotes":""},"yoast_head":"<!-- This site is optimized with the Yoast SEO plugin v22.3 - https:\/\/yoast.com\/wordpress\/plugins\/seo\/ -->\n<title>\u01afu \u0111\u00e3i \u0111\u1eb7c bi\u1ec7t | Legacy Hoi An Resort<\/title>\n<meta name=\"robots\" content=\"index, follow, max-snippet:-1, max-image-preview:large, max-video-preview:-1\" \/>\n<link rel=\"canonical\" href=\"https:\/\/www.legacyhoian.com\/vi\/specials-offers\/\" \/>\n<meta property=\"og:locale\" content=\"vi_VN\" \/>\n<meta property=\"og:type\" content=\"article\" \/>\n<meta property=\"og:title\" content=\"\u01afu \u0111\u00e3i \u0111\u1eb7c bi\u1ec7t | Legacy Hoi An Resort\" \/>\n<meta property=\"og:description\" content=\"T\u1ea1m qu\u00ean nh\u1ecbp s\u1ed1ng v\u1ed9i v\u00e3 v\u00e0 t\u00ecm v\u1ec1 s\u1ef1 b\u00ecnh y\u00ean t\u1ea1i Legacy Hoi An Resort c\u00f9ng nh\u1eefng \u01b0u \u0111\u00e3i \u0111\u1eb7c bi\u1ec7t. T\u1eadn h\u01b0\u1edfng m\u1ee9c gi\u00e1 t\u1ed1t nh\u1ea5t, ch\u00ednh s\u00e1ch \u0111\u1eb7t ph\u00f2ng linh ho\u1ea1t c\u00f9ng tr\u1ea3i nghi\u1ec7m \u1ea9m th\u1ef1c \u0111\u1ed9c \u0111\u00e1o gi\u1eefa khung c\u1ea3nh n\u00ean th\u01a1 c\u1ee7a c\u00e1nh \u0111\u1ed3ng l\u00faa v\u00e0 n\u00e9t di s\u1ea3n [&hellip;]\" \/>\n<meta property=\"og:url\" content=\"https:\/\/www.legacyhoian.com\/vi\/specials-offers\/\" \/>\n<meta property=\"og:site_name\" content=\"Legacy Hoi An Resort\" \/>\n<meta property=\"article:modified_time\" content=\"2026-03-25T03:43:30+00:00\" \/>\n<meta name=\"twitter:card\" content=\"summary_large_image\" \/>\n<meta name=\"twitter:label1\" content=\"Est. reading time\" \/>\n\t<meta name=\"twitter:data1\" content=\"1 minute\" \/>\n<script type=\"application\/ld+json\" class=\"yoast-schema-graph\">{\"@context\":\"https:\/\/schema.org\",\"@graph\":[{\"@type\":\"WebPage\",\"@id\":\"https:\/\/www.legacyhoian.com\/vi\/specials-offers\/\",\"url\":\"https:\/\/www.legacyhoian.com\/vi\/specials-offers\/\",\"name\":\"\u01afu \u0111\u00e3i \u0111\u1eb7c bi\u1ec7t | Legacy Hoi An Resort\",\"isPartOf\":{\"@id\":\"https:\/\/www.legacyhoian.com\/vi\/#website\"},\"datePublished\":\"2026-03-09T09:10:40+00:00\",\"dateModified\":\"2026-03-25T03:43:30+00:00\",\"breadcrumb\":{\"@id\":\"https:\/\/www.legacyhoian.com\/vi\/specials-offers\/#breadcrumb\"},\"inLanguage\":\"vi-VN\",\"potentialAction\":[{\"@type\":\"ReadAction\",\"target\":[\"https:\/\/www.legacyhoian.com\/vi\/specials-offers\/\"]}]},{\"@type\":\"BreadcrumbList\",\"@id\":\"https:\/\/www.legacyhoian.com\/vi\/specials-offers\/#breadcrumb\",\"itemListElement\":[{\"@type\":\"ListItem\",\"position\":1,\"name\":\"Home\",\"item\":\"https:\/\/www.legacyhoian.com\/vi\/\"},{\"@type\":\"ListItem\",\"position\":2,\"name\":\"\u01afu \u0111\u00e3i \u0111\u1eb7c bi\u1ec7t\"}]},{\"@type\":\"WebSite\",\"@id\":\"https:\/\/www.legacyhoian.com\/vi\/#website\",\"url\":\"https:\/\/www.legacyhoian.com\/vi\/\",\"name\":\"Legacy Hoi An Resort\",\"description\":\"\",\"potentialAction\":[{\"@type\":\"SearchAction\",\"target\":{\"@type\":\"EntryPoint\",\"urlTemplate\":\"https:\/\/www.legacyhoian.com\/vi\/?s={search_term_string}\"},\"query-input\":\"required name=search_term_string\"}],\"inLanguage\":\"vi-VN\"}]}<\/script>\n<!-- \/ Yoast SEO plugin. -->","yoast_head_json":{"title":"\u01afu \u0111\u00e3i \u0111\u1eb7c bi\u1ec7t | Legacy Hoi An Resort","robots":{"index":"index","follow":"follow","max-snippet":"max-snippet:-1","max-image-preview":"max-image-preview:large","max-video-preview":"max-video-preview:-1"},"canonical":"https:\/\/www.legacyhoian.com\/vi\/specials-offers\/","og_locale":"vi_VN","og_type":"article","og_title":"\u01afu \u0111\u00e3i \u0111\u1eb7c bi\u1ec7t | Legacy Hoi An Resort","og_description":"T\u1ea1m qu\u00ean nh\u1ecbp s\u1ed1ng v\u1ed9i v\u00e3 v\u00e0 t\u00ecm v\u1ec1 s\u1ef1 b\u00ecnh y\u00ean t\u1ea1i Legacy Hoi An Resort c\u00f9ng nh\u1eefng \u01b0u \u0111\u00e3i \u0111\u1eb7c bi\u1ec7t. T\u1eadn h\u01b0\u1edfng m\u1ee9c gi\u00e1 t\u1ed1t nh\u1ea5t, ch\u00ednh s\u00e1ch \u0111\u1eb7t ph\u00f2ng linh ho\u1ea1t c\u00f9ng tr\u1ea3i nghi\u1ec7m \u1ea9m th\u1ef1c \u0111\u1ed9c \u0111\u00e1o gi\u1eefa khung c\u1ea3nh n\u00ean th\u01a1 c\u1ee7a c\u00e1nh \u0111\u1ed3ng l\u00faa v\u00e0 n\u00e9t di s\u1ea3n [&hellip;]","og_url":"https:\/\/www.legacyhoian.com\/vi\/specials-offers\/","og_site_name":"Legacy Hoi An Resort","article_modified_time":"2026-03-25T03:43:30+00:00","twitter_card":"summary_large_image","twitter_misc":{"Est. reading time":"1 minute"},"schema":{"@context":"https:\/\/schema.org","@graph":[{"@type":"WebPage","@id":"https:\/\/www.legacyhoian.com\/vi\/specials-offers\/","url":"https:\/\/www.legacyhoian.com\/vi\/specials-offers\/","name":"\u01afu \u0111\u00e3i \u0111\u1eb7c bi\u1ec7t | Legacy Hoi An Resort","isPartOf":{"@id":"https:\/\/www.legacyhoian.com\/vi\/#website"},"datePublished":"2026-03-09T09:10:40+00:00","dateModified":"2026-03-25T03:43:30+00:00","breadcrumb":{"@id":"https:\/\/www.legacyhoian.com\/vi\/specials-offers\/#breadcrumb"},"inLanguage":"vi-VN","potentialAction":[{"@type":"ReadAction","target":["https:\/\/www.legacyhoian.com\/vi\/specials-offers\/"]}]},{"@type":"BreadcrumbList","@id":"https:\/\/www.legacyhoian.com\/vi\/specials-offers\/#breadcrumb","itemListElement":[{"@type":"ListItem","position":1,"name":"Home","item":"https:\/\/www.legacyhoian.com\/vi\/"},{"@type":"ListItem","position":2,"name":"\u01afu \u0111\u00e3i \u0111\u1eb7c bi\u1ec7t"}]},{"@type":"WebSite","@id":"https:\/\/www.legacyhoian.com\/vi\/#website","url":"https:\/\/www.legacyhoian.com\/vi\/","name":"Legacy Hoi An Resort","description":"","potentialAction":[{"@type":"SearchAction","target":{"@type":"EntryPoint","urlTemplate":"https:\/\/www.legacyhoian.com\/vi\/?s={search_term_string}"},"query-input":"required name=search_term_string"}],"inLanguage":"vi-VN"}]}},"acf":[],"_links":{"self":[{"href":"https:\/\/www.legacyhoian.com\/vi\/wp-json\/wp\/v2\/pages\/250"}],"collection":[{"href":"https:\/\/www.legacyhoian.com\/vi\/wp-json\/wp\/v2\/pages"}],"about":[{"href":"https:\/\/www.legacyhoian.com\/vi\/wp-json\/wp\/v2\/types\/page"}],"author":[{"embeddable":true,"href":"https:\/\/www.legacyhoian.com\/vi\/wp-json\/wp\/v2\/users\/90"}],"replies":[{"embeddable":true,"href":"https:\/\/www.legacyhoian.com\/vi\/wp-json\/wp\/v2\/comments?post=250"}],"version-history":[{"count":0,"href":"https:\/\/www.legacyhoian.com\/vi\/wp-json\/wp\/v2\/pages\/250\/revisions"}],"wp:attachment":[{"href":"https:\/\/www.legacyhoian.com\/vi\/wp-json\/wp\/v2\/media?parent=250"}],"curies":[{"name":"wp","href":"https:\/\/api.w.org\/{rel}","templated":true}]}}