{"id":249,"date":"2026-03-09T08:42:58","date_gmt":"2026-03-09T08:42:58","guid":{"rendered":"https:\/\/legacyhoianresort.ms2.decms.asia\/dining\/field-restaurant\/"},"modified":"2026-04-14T05:25:10","modified_gmt":"2026-04-14T05:25:10","slug":"field-restaurant","status":"publish","type":"page","link":"https:\/\/www.legacyhoian.com\/vi\/dining\/field-restaurant\/","title":{"rendered":"Field Restaurant"},"content":{"rendered":"<p>Kh\u00f4ng gian d\u00f9ng b\u1eefa ch\u1eadm r\u00e3i v\u00e0 tho\u00e1i m\u00e1i \u0111\u1ec3 b\u1ea1n b\u1ecf qua nh\u1eefng b\u1ed9n b\u1ec1 th\u01b0\u1eddng nh\u1eadt. Kh\u00f4ng gian b\u00e0i tr\u00ed \u1ea5m \u00e1p c\u0169ng nh\u01b0 khung c\u1eeda l\u1edbn tho\u00e1ng \u0111\u00e3ng v\u1ec1 ph\u00eda h\u1ed3 b\u01a1i s\u1ebd l\u00e0 n\u01a1i l\u00ed t\u01b0\u1edfng cho nh\u1eefng b\u1eefa \u0103n c\u0169ng nh\u01b0 c\u00e0 ph\u00ea chi\u1ec1u sau th\u1eddi gian th\u01b0 gi\u00e3n t\u1ea1i h\u1ed3 b\u01a1i.<\/p>\n<p><strong>\u1ea8m th\u1ef1c:<\/strong> Vi\u1ec7t Nam, Ch\u00e2u \u00c1, Ch\u00e2u \u00c2u<br \/>\n<strong>V\u1ecb tr\u00ed:<\/strong> T\u1ea7ng 1<\/p>\n","protected":false},"excerpt":{"rendered":"<p>Kh\u00f4ng gian d\u00f9ng b\u1eefa ch\u1eadm r\u00e3i v\u00e0 tho\u00e1i m\u00e1i \u0111\u1ec3 b\u1ea1n b\u1ecf qua nh\u1eefng b\u1ed9n b\u1ec1 th\u01b0\u1eddng nh\u1eadt. Kh\u00f4ng gian b\u00e0i tr\u00ed \u1ea5m \u00e1p c\u0169ng nh\u01b0 khung c\u1eeda l\u1edbn tho\u00e1ng \u0111\u00e3ng v\u1ec1 ph\u00eda h\u1ed3 b\u01a1i s\u1ebd l\u00e0 n\u01a1i l\u00ed t\u01b0\u1edfng cho nh\u1eefng b\u1eefa \u0103n c\u0169ng nh\u01b0 c\u00e0 ph\u00ea chi\u1ec1u sau th\u1eddi gian th\u01b0 gi\u00e3n t\u1ea1i [&hellip;]<\/p>\n","protected":false},"author":90,"featured_media":0,"parent":246,"menu_order":1,"comment_status":"closed","ping_status":"closed","template":"template-single-restaurant.php","meta":{"footnotes":""},"yoast_head":"<!-- This site is optimized with the Yoast SEO plugin v22.3 - https:\/\/yoast.com\/wordpress\/plugins\/seo\/ -->\n<title>Nh\u00e0 h\u00e0ng Field | Legacy Hoi An Resort<\/title>\n<meta name=\"robots\" content=\"index, follow, max-snippet:-1, max-image-preview:large, max-video-preview:-1\" \/>\n<link rel=\"canonical\" href=\"https:\/\/www.legacyhoian.com\/vi\/dining\/field-restaurant\/\" \/>\n<meta property=\"og:locale\" content=\"vi_VN\" \/>\n<meta property=\"og:type\" content=\"article\" \/>\n<meta property=\"og:title\" content=\"Nh\u00e0 h\u00e0ng Field | Legacy Hoi An Resort\" \/>\n<meta property=\"og:description\" content=\"Kh\u00f4ng gian d\u00f9ng b\u1eefa ch\u1eadm r\u00e3i v\u00e0 tho\u00e1i m\u00e1i \u0111\u1ec3 b\u1ea1n b\u1ecf qua nh\u1eefng b\u1ed9n b\u1ec1 th\u01b0\u1eddng nh\u1eadt. Kh\u00f4ng gian b\u00e0i tr\u00ed \u1ea5m \u00e1p c\u0169ng nh\u01b0 khung c\u1eeda l\u1edbn tho\u00e1ng \u0111\u00e3ng v\u1ec1 ph\u00eda h\u1ed3 b\u01a1i s\u1ebd l\u00e0 n\u01a1i l\u00ed t\u01b0\u1edfng cho nh\u1eefng b\u1eefa \u0103n c\u0169ng nh\u01b0 c\u00e0 ph\u00ea chi\u1ec1u sau th\u1eddi gian th\u01b0 gi\u00e3n t\u1ea1i [&hellip;]\" \/>\n<meta property=\"og:url\" content=\"https:\/\/www.legacyhoian.com\/vi\/dining\/field-restaurant\/\" \/>\n<meta property=\"og:site_name\" content=\"Legacy Hoi An Resort\" \/>\n<meta property=\"article:modified_time\" content=\"2026-04-14T05:25:10+00:00\" \/>\n<meta name=\"twitter:card\" content=\"summary_large_image\" \/>\n<meta name=\"twitter:label1\" content=\"Est. reading time\" \/>\n\t<meta name=\"twitter:data1\" content=\"1 minute\" \/>\n<script type=\"application\/ld+json\" class=\"yoast-schema-graph\">{\"@context\":\"https:\/\/schema.org\",\"@graph\":[{\"@type\":\"WebPage\",\"@id\":\"https:\/\/www.legacyhoian.com\/vi\/dining\/field-restaurant\/\",\"url\":\"https:\/\/www.legacyhoian.com\/vi\/dining\/field-restaurant\/\",\"name\":\"Nh\u00e0 h\u00e0ng Field | Legacy Hoi An Resort\",\"isPartOf\":{\"@id\":\"https:\/\/www.legacyhoian.com\/vi\/#website\"},\"datePublished\":\"2026-03-09T08:42:58+00:00\",\"dateModified\":\"2026-04-14T05:25:10+00:00\",\"breadcrumb\":{\"@id\":\"https:\/\/www.legacyhoian.com\/vi\/dining\/field-restaurant\/#breadcrumb\"},\"inLanguage\":\"vi-VN\",\"potentialAction\":[{\"@type\":\"ReadAction\",\"target\":[\"https:\/\/www.legacyhoian.com\/vi\/dining\/field-restaurant\/\"]}]},{\"@type\":\"BreadcrumbList\",\"@id\":\"https:\/\/www.legacyhoian.com\/vi\/dining\/field-restaurant\/#breadcrumb\",\"itemListElement\":[{\"@type\":\"ListItem\",\"position\":1,\"name\":\"Home\",\"item\":\"https:\/\/www.legacyhoian.com\/vi\/\"},{\"@type\":\"ListItem\",\"position\":2,\"name\":\"\u1ea8m th\u1ef1c\",\"item\":\"https:\/\/www.legacyhoian.com\/vi\/dining\/\"},{\"@type\":\"ListItem\",\"position\":3,\"name\":\"Field Restaurant\"}]},{\"@type\":\"WebSite\",\"@id\":\"https:\/\/www.legacyhoian.com\/vi\/#website\",\"url\":\"https:\/\/www.legacyhoian.com\/vi\/\",\"name\":\"Legacy Hoi An Resort\",\"description\":\"\",\"potentialAction\":[{\"@type\":\"SearchAction\",\"target\":{\"@type\":\"EntryPoint\",\"urlTemplate\":\"https:\/\/www.legacyhoian.com\/vi\/?s={search_term_string}\"},\"query-input\":\"required name=search_term_string\"}],\"inLanguage\":\"vi-VN\"}]}<\/script>\n<!-- \/ Yoast SEO plugin. -->","yoast_head_json":{"title":"Nh\u00e0 h\u00e0ng Field | Legacy Hoi An Resort","robots":{"index":"index","follow":"follow","max-snippet":"max-snippet:-1","max-image-preview":"max-image-preview:large","max-video-preview":"max-video-preview:-1"},"canonical":"https:\/\/www.legacyhoian.com\/vi\/dining\/field-restaurant\/","og_locale":"vi_VN","og_type":"article","og_title":"Nh\u00e0 h\u00e0ng Field | Legacy Hoi An Resort","og_description":"Kh\u00f4ng gian d\u00f9ng b\u1eefa ch\u1eadm r\u00e3i v\u00e0 tho\u00e1i m\u00e1i \u0111\u1ec3 b\u1ea1n b\u1ecf qua nh\u1eefng b\u1ed9n b\u1ec1 th\u01b0\u1eddng nh\u1eadt. Kh\u00f4ng gian b\u00e0i tr\u00ed \u1ea5m \u00e1p c\u0169ng nh\u01b0 khung c\u1eeda l\u1edbn tho\u00e1ng \u0111\u00e3ng v\u1ec1 ph\u00eda h\u1ed3 b\u01a1i s\u1ebd l\u00e0 n\u01a1i l\u00ed t\u01b0\u1edfng cho nh\u1eefng b\u1eefa \u0103n c\u0169ng nh\u01b0 c\u00e0 ph\u00ea chi\u1ec1u sau th\u1eddi gian th\u01b0 gi\u00e3n t\u1ea1i [&hellip;]","og_url":"https:\/\/www.legacyhoian.com\/vi\/dining\/field-restaurant\/","og_site_name":"Legacy Hoi An Resort","article_modified_time":"2026-04-14T05:25:10+00:00","twitter_card":"summary_large_image","twitter_misc":{"Est. reading time":"1 minute"},"schema":{"@context":"https:\/\/schema.org","@graph":[{"@type":"WebPage","@id":"https:\/\/www.legacyhoian.com\/vi\/dining\/field-restaurant\/","url":"https:\/\/www.legacyhoian.com\/vi\/dining\/field-restaurant\/","name":"Nh\u00e0 h\u00e0ng Field | Legacy Hoi An Resort","isPartOf":{"@id":"https:\/\/www.legacyhoian.com\/vi\/#website"},"datePublished":"2026-03-09T08:42:58+00:00","dateModified":"2026-04-14T05:25:10+00:00","breadcrumb":{"@id":"https:\/\/www.legacyhoian.com\/vi\/dining\/field-restaurant\/#breadcrumb"},"inLanguage":"vi-VN","potentialAction":[{"@type":"ReadAction","target":["https:\/\/www.legacyhoian.com\/vi\/dining\/field-restaurant\/"]}]},{"@type":"BreadcrumbList","@id":"https:\/\/www.legacyhoian.com\/vi\/dining\/field-restaurant\/#breadcrumb","itemListElement":[{"@type":"ListItem","position":1,"name":"Home","item":"https:\/\/www.legacyhoian.com\/vi\/"},{"@type":"ListItem","position":2,"name":"\u1ea8m th\u1ef1c","item":"https:\/\/www.legacyhoian.com\/vi\/dining\/"},{"@type":"ListItem","position":3,"name":"Field Restaurant"}]},{"@type":"WebSite","@id":"https:\/\/www.legacyhoian.com\/vi\/#website","url":"https:\/\/www.legacyhoian.com\/vi\/","name":"Legacy Hoi An Resort","description":"","potentialAction":[{"@type":"SearchAction","target":{"@type":"EntryPoint","urlTemplate":"https:\/\/www.legacyhoian.com\/vi\/?s={search_term_string}"},"query-input":"required name=search_term_string"}],"inLanguage":"vi-VN"}]}},"acf":[],"_links":{"self":[{"href":"https:\/\/www.legacyhoian.com\/vi\/wp-json\/wp\/v2\/pages\/249"}],"collection":[{"href":"https:\/\/www.legacyhoian.com\/vi\/wp-json\/wp\/v2\/pages"}],"about":[{"href":"https:\/\/www.legacyhoian.com\/vi\/wp-json\/wp\/v2\/types\/page"}],"author":[{"embeddable":true,"href":"https:\/\/www.legacyhoian.com\/vi\/wp-json\/wp\/v2\/users\/90"}],"replies":[{"embeddable":true,"href":"https:\/\/www.legacyhoian.com\/vi\/wp-json\/wp\/v2\/comments?post=249"}],"version-history":[{"count":0,"href":"https:\/\/www.legacyhoian.com\/vi\/wp-json\/wp\/v2\/pages\/249\/revisions"}],"up":[{"embeddable":true,"href":"https:\/\/www.legacyhoian.com\/vi\/wp-json\/wp\/v2\/pages\/246"}],"wp:attachment":[{"href":"https:\/\/www.legacyhoian.com\/vi\/wp-json\/wp\/v2\/media?parent=249"}],"curies":[{"name":"wp","href":"https:\/\/api.w.org\/{rel}","templated":true}]}}