{"id":247,"date":"2026-03-09T08:39:58","date_gmt":"2026-03-09T08:39:58","guid":{"rendered":"https:\/\/legacyhoianresort.ms2.decms.asia\/dining\/sen-restaurant\/"},"modified":"2026-03-25T05:56:10","modified_gmt":"2026-03-25T05:56:10","slug":"sen-restaurant","status":"publish","type":"page","link":"https:\/\/www.legacyhoian.com\/vi\/dining\/sen-restaurant\/","title":{"rendered":"Nh\u00e0 h\u00e0ng Sen"},"content":{"rendered":"<p>Kh\u00f4ng gian r\u1ed9ng r\u00e3i v\u1edbi khung c\u1ea3nh xanh ng\u00e1t bao quanh t\u1ea1o s\u1ef1 d\u1ec5 ch\u1ecbu v\u00e0 y\u00ean b\u00ecnh. C\u00f9ng theo \u0111\u00f3 l\u00e0 khu v\u01b0\u1eddn tr\u1ea3i d\u00e0i v\u00e0 n\u1ed1i ti\u1ebfp t\u1eadn c\u00e1nh \u0111\u1ed3ng l\u00faa ph\u00eda c\u1eeda ch\u00ednh s\u1ebd l\u00e0 th\u1ef1c s\u1ef1 mang l\u1ea1i c\u1ea3m x\u00fac \u0111\u1eb7c bi\u1ec7t. L\u1ea5y c\u1ea3m h\u1ee9ng cho ng\u00e0y m\u1edbi v\u1edbi b\u1eefa s\u00e1ng t\u1ef1 ch\u1ecdn v\u00e0 c\u1ea3nh \u0111\u1eb9p ng\u00e2y ng\u01b0\u1eddi.<\/p>\n<p><strong>V\u1ecb tr\u00ed:<\/strong> T\u1ea7ng Tr\u1ec7t<\/p>\n","protected":false},"excerpt":{"rendered":"<p>Kh\u00f4ng gian r\u1ed9ng r\u00e3i v\u1edbi khung c\u1ea3nh xanh ng\u00e1t bao quanh t\u1ea1o s\u1ef1 d\u1ec5 ch\u1ecbu v\u00e0 y\u00ean b\u00ecnh. C\u00f9ng theo \u0111\u00f3 l\u00e0 khu v\u01b0\u1eddn tr\u1ea3i d\u00e0i v\u00e0 n\u1ed1i ti\u1ebfp t\u1eadn c\u00e1nh \u0111\u1ed3ng l\u00faa ph\u00eda c\u1eeda ch\u00ednh s\u1ebd l\u00e0 th\u1ef1c s\u1ef1 mang l\u1ea1i c\u1ea3m x\u00fac \u0111\u1eb7c bi\u1ec7t. L\u1ea5y c\u1ea3m h\u1ee9ng cho ng\u00e0y m\u1edbi v\u1edbi b\u1eefa s\u00e1ng [&hellip;]<\/p>\n","protected":false},"author":90,"featured_media":0,"parent":246,"menu_order":0,"comment_status":"closed","ping_status":"closed","template":"template-single-restaurant.php","meta":{"footnotes":""},"yoast_head":"<!-- This site is optimized with the Yoast SEO plugin v22.3 - https:\/\/yoast.com\/wordpress\/plugins\/seo\/ -->\n<title>Nh\u00e0 h\u00e0ng Sen | Legacy Hoi An Resort<\/title>\n<meta name=\"robots\" content=\"index, follow, max-snippet:-1, max-image-preview:large, max-video-preview:-1\" \/>\n<link rel=\"canonical\" href=\"https:\/\/www.legacyhoian.com\/vi\/dining\/sen-restaurant\/\" \/>\n<meta property=\"og:locale\" content=\"vi_VN\" \/>\n<meta property=\"og:type\" content=\"article\" \/>\n<meta property=\"og:title\" content=\"Nh\u00e0 h\u00e0ng Sen | Legacy Hoi An Resort\" \/>\n<meta property=\"og:description\" content=\"Kh\u00f4ng gian r\u1ed9ng r\u00e3i v\u1edbi khung c\u1ea3nh xanh ng\u00e1t bao quanh t\u1ea1o s\u1ef1 d\u1ec5 ch\u1ecbu v\u00e0 y\u00ean b\u00ecnh. C\u00f9ng theo \u0111\u00f3 l\u00e0 khu v\u01b0\u1eddn tr\u1ea3i d\u00e0i v\u00e0 n\u1ed1i ti\u1ebfp t\u1eadn c\u00e1nh \u0111\u1ed3ng l\u00faa ph\u00eda c\u1eeda ch\u00ednh s\u1ebd l\u00e0 th\u1ef1c s\u1ef1 mang l\u1ea1i c\u1ea3m x\u00fac \u0111\u1eb7c bi\u1ec7t. L\u1ea5y c\u1ea3m h\u1ee9ng cho ng\u00e0y m\u1edbi v\u1edbi b\u1eefa s\u00e1ng [&hellip;]\" \/>\n<meta property=\"og:url\" content=\"https:\/\/www.legacyhoian.com\/vi\/dining\/sen-restaurant\/\" \/>\n<meta property=\"og:site_name\" content=\"Legacy Hoi An Resort\" \/>\n<meta property=\"article:modified_time\" content=\"2026-03-25T05:56:10+00:00\" \/>\n<meta name=\"twitter:card\" content=\"summary_large_image\" \/>\n<meta name=\"twitter:label1\" content=\"Est. reading time\" \/>\n\t<meta name=\"twitter:data1\" content=\"1 minute\" \/>\n<script type=\"application\/ld+json\" class=\"yoast-schema-graph\">{\"@context\":\"https:\/\/schema.org\",\"@graph\":[{\"@type\":\"WebPage\",\"@id\":\"https:\/\/www.legacyhoian.com\/vi\/dining\/sen-restaurant\/\",\"url\":\"https:\/\/www.legacyhoian.com\/vi\/dining\/sen-restaurant\/\",\"name\":\"Nh\u00e0 h\u00e0ng Sen | Legacy Hoi An Resort\",\"isPartOf\":{\"@id\":\"https:\/\/www.legacyhoian.com\/vi\/#website\"},\"datePublished\":\"2026-03-09T08:39:58+00:00\",\"dateModified\":\"2026-03-25T05:56:10+00:00\",\"breadcrumb\":{\"@id\":\"https:\/\/www.legacyhoian.com\/vi\/dining\/sen-restaurant\/#breadcrumb\"},\"inLanguage\":\"vi-VN\",\"potentialAction\":[{\"@type\":\"ReadAction\",\"target\":[\"https:\/\/www.legacyhoian.com\/vi\/dining\/sen-restaurant\/\"]}]},{\"@type\":\"BreadcrumbList\",\"@id\":\"https:\/\/www.legacyhoian.com\/vi\/dining\/sen-restaurant\/#breadcrumb\",\"itemListElement\":[{\"@type\":\"ListItem\",\"position\":1,\"name\":\"Home\",\"item\":\"https:\/\/www.legacyhoian.com\/vi\/\"},{\"@type\":\"ListItem\",\"position\":2,\"name\":\"\u1ea8m th\u1ef1c\",\"item\":\"https:\/\/www.legacyhoian.com\/vi\/dining\/\"},{\"@type\":\"ListItem\",\"position\":3,\"name\":\"Nh\u00e0 h\u00e0ng Sen\"}]},{\"@type\":\"WebSite\",\"@id\":\"https:\/\/www.legacyhoian.com\/vi\/#website\",\"url\":\"https:\/\/www.legacyhoian.com\/vi\/\",\"name\":\"Legacy Hoi An Resort\",\"description\":\"\",\"potentialAction\":[{\"@type\":\"SearchAction\",\"target\":{\"@type\":\"EntryPoint\",\"urlTemplate\":\"https:\/\/www.legacyhoian.com\/vi\/?s={search_term_string}\"},\"query-input\":\"required name=search_term_string\"}],\"inLanguage\":\"vi-VN\"}]}<\/script>\n<!-- \/ Yoast SEO plugin. -->","yoast_head_json":{"title":"Nh\u00e0 h\u00e0ng Sen | Legacy Hoi An Resort","robots":{"index":"index","follow":"follow","max-snippet":"max-snippet:-1","max-image-preview":"max-image-preview:large","max-video-preview":"max-video-preview:-1"},"canonical":"https:\/\/www.legacyhoian.com\/vi\/dining\/sen-restaurant\/","og_locale":"vi_VN","og_type":"article","og_title":"Nh\u00e0 h\u00e0ng Sen | Legacy Hoi An Resort","og_description":"Kh\u00f4ng gian r\u1ed9ng r\u00e3i v\u1edbi khung c\u1ea3nh xanh ng\u00e1t bao quanh t\u1ea1o s\u1ef1 d\u1ec5 ch\u1ecbu v\u00e0 y\u00ean b\u00ecnh. C\u00f9ng theo \u0111\u00f3 l\u00e0 khu v\u01b0\u1eddn tr\u1ea3i d\u00e0i v\u00e0 n\u1ed1i ti\u1ebfp t\u1eadn c\u00e1nh \u0111\u1ed3ng l\u00faa ph\u00eda c\u1eeda ch\u00ednh s\u1ebd l\u00e0 th\u1ef1c s\u1ef1 mang l\u1ea1i c\u1ea3m x\u00fac \u0111\u1eb7c bi\u1ec7t. L\u1ea5y c\u1ea3m h\u1ee9ng cho ng\u00e0y m\u1edbi v\u1edbi b\u1eefa s\u00e1ng [&hellip;]","og_url":"https:\/\/www.legacyhoian.com\/vi\/dining\/sen-restaurant\/","og_site_name":"Legacy Hoi An Resort","article_modified_time":"2026-03-25T05:56:10+00:00","twitter_card":"summary_large_image","twitter_misc":{"Est. reading time":"1 minute"},"schema":{"@context":"https:\/\/schema.org","@graph":[{"@type":"WebPage","@id":"https:\/\/www.legacyhoian.com\/vi\/dining\/sen-restaurant\/","url":"https:\/\/www.legacyhoian.com\/vi\/dining\/sen-restaurant\/","name":"Nh\u00e0 h\u00e0ng Sen | Legacy Hoi An Resort","isPartOf":{"@id":"https:\/\/www.legacyhoian.com\/vi\/#website"},"datePublished":"2026-03-09T08:39:58+00:00","dateModified":"2026-03-25T05:56:10+00:00","breadcrumb":{"@id":"https:\/\/www.legacyhoian.com\/vi\/dining\/sen-restaurant\/#breadcrumb"},"inLanguage":"vi-VN","potentialAction":[{"@type":"ReadAction","target":["https:\/\/www.legacyhoian.com\/vi\/dining\/sen-restaurant\/"]}]},{"@type":"BreadcrumbList","@id":"https:\/\/www.legacyhoian.com\/vi\/dining\/sen-restaurant\/#breadcrumb","itemListElement":[{"@type":"ListItem","position":1,"name":"Home","item":"https:\/\/www.legacyhoian.com\/vi\/"},{"@type":"ListItem","position":2,"name":"\u1ea8m th\u1ef1c","item":"https:\/\/www.legacyhoian.com\/vi\/dining\/"},{"@type":"ListItem","position":3,"name":"Nh\u00e0 h\u00e0ng Sen"}]},{"@type":"WebSite","@id":"https:\/\/www.legacyhoian.com\/vi\/#website","url":"https:\/\/www.legacyhoian.com\/vi\/","name":"Legacy Hoi An Resort","description":"","potentialAction":[{"@type":"SearchAction","target":{"@type":"EntryPoint","urlTemplate":"https:\/\/www.legacyhoian.com\/vi\/?s={search_term_string}"},"query-input":"required name=search_term_string"}],"inLanguage":"vi-VN"}]}},"acf":[],"_links":{"self":[{"href":"https:\/\/www.legacyhoian.com\/vi\/wp-json\/wp\/v2\/pages\/247"}],"collection":[{"href":"https:\/\/www.legacyhoian.com\/vi\/wp-json\/wp\/v2\/pages"}],"about":[{"href":"https:\/\/www.legacyhoian.com\/vi\/wp-json\/wp\/v2\/types\/page"}],"author":[{"embeddable":true,"href":"https:\/\/www.legacyhoian.com\/vi\/wp-json\/wp\/v2\/users\/90"}],"replies":[{"embeddable":true,"href":"https:\/\/www.legacyhoian.com\/vi\/wp-json\/wp\/v2\/comments?post=247"}],"version-history":[{"count":0,"href":"https:\/\/www.legacyhoian.com\/vi\/wp-json\/wp\/v2\/pages\/247\/revisions"}],"up":[{"embeddable":true,"href":"https:\/\/www.legacyhoian.com\/vi\/wp-json\/wp\/v2\/pages\/246"}],"wp:attachment":[{"href":"https:\/\/www.legacyhoian.com\/vi\/wp-json\/wp\/v2\/media?parent=247"}],"curies":[{"name":"wp","href":"https:\/\/api.w.org\/{rel}","templated":true}]}}