{"id":246,"date":"2026-03-09T08:36:51","date_gmt":"2026-03-09T08:36:51","guid":{"rendered":"https:\/\/legacyhoianresort.ms2.decms.asia\/dining\/"},"modified":"2026-03-25T03:39:30","modified_gmt":"2026-03-25T03:39:30","slug":"dining","status":"publish","type":"page","link":"https:\/\/www.legacyhoian.com\/vi\/dining\/","title":{"rendered":"\u1ea8m th\u1ef1c"},"content":{"rendered":"<p>C\u1ea3m nh\u1eadn nh\u1eefng h\u01b0\u01a1ng v\u1ecb \u0111\u1ecba ph\u01b0\u01a1ng \u0111a chi\u1ec1u tr\u00ean m\u1ed9t h\u00e0nh tr\u00ecnh \u1ea5n t\u01b0\u1ee3ng H\u1ed9i An \u2013 m\u1ed9c m\u1ea1c, gi\u1ea3n d\u1ecb, v\u00e0 \u1ea5m \u00e1p. C\u00e1c gi\u00e1c quan \u0111ang ch\u1edd \u0111\u01b0\u1ee3c kh\u00e1m ph\u00e1, \u0111\u01b0\u1ee3c \u0111\u1ed5i m\u1edbi, v\u00e0 \u0111\u01b0\u1ee3c g\u00e2y h\u1ee9ng kh\u1edfi. T\u00ecm nh\u1eefng h\u01b0\u01a1ng v\u1ecb m\u1edbi, v\u00e0 l\u01b0u gi\u1eef t\u1eebng k\u1ec9 ni\u1ec7m m\u1edbi.<\/p>\n","protected":false},"excerpt":{"rendered":"<p>C\u1ea3m nh\u1eadn nh\u1eefng h\u01b0\u01a1ng v\u1ecb \u0111\u1ecba ph\u01b0\u01a1ng \u0111a chi\u1ec1u tr\u00ean m\u1ed9t h\u00e0nh tr\u00ecnh \u1ea5n t\u01b0\u1ee3ng H\u1ed9i An \u2013 m\u1ed9c m\u1ea1c, gi\u1ea3n d\u1ecb, v\u00e0 \u1ea5m \u00e1p. C\u00e1c gi\u00e1c quan \u0111ang ch\u1edd \u0111\u01b0\u1ee3c kh\u00e1m ph\u00e1, \u0111\u01b0\u1ee3c \u0111\u1ed5i m\u1edbi, v\u00e0 \u0111\u01b0\u1ee3c g\u00e2y h\u1ee9ng kh\u1edfi. T\u00ecm nh\u1eefng h\u01b0\u01a1ng v\u1ecb m\u1edbi, v\u00e0 l\u01b0u gi\u1eef t\u1eebng k\u1ec9 ni\u1ec7m m\u1edbi.<\/p>\n","protected":false},"author":90,"featured_media":0,"parent":0,"menu_order":0,"comment_status":"closed","ping_status":"closed","template":"template-restaurants.php","meta":{"footnotes":""},"yoast_head":"<!-- This site is optimized with the Yoast SEO plugin v22.3 - https:\/\/yoast.com\/wordpress\/plugins\/seo\/ -->\n<title>\u1ea8m th\u1ef1c | Legacy Hoi An Resort<\/title>\n<meta name=\"robots\" content=\"index, follow, max-snippet:-1, max-image-preview:large, max-video-preview:-1\" \/>\n<link rel=\"canonical\" href=\"https:\/\/www.legacyhoian.com\/vi\/dining\/\" \/>\n<meta property=\"og:locale\" content=\"vi_VN\" \/>\n<meta property=\"og:type\" content=\"article\" \/>\n<meta property=\"og:title\" content=\"\u1ea8m th\u1ef1c | Legacy Hoi An Resort\" \/>\n<meta property=\"og:description\" content=\"C\u1ea3m nh\u1eadn nh\u1eefng h\u01b0\u01a1ng v\u1ecb \u0111\u1ecba ph\u01b0\u01a1ng \u0111a chi\u1ec1u tr\u00ean m\u1ed9t h\u00e0nh tr\u00ecnh \u1ea5n t\u01b0\u1ee3ng H\u1ed9i An \u2013 m\u1ed9c m\u1ea1c, gi\u1ea3n d\u1ecb, v\u00e0 \u1ea5m \u00e1p. C\u00e1c gi\u00e1c quan \u0111ang ch\u1edd \u0111\u01b0\u1ee3c kh\u00e1m ph\u00e1, \u0111\u01b0\u1ee3c \u0111\u1ed5i m\u1edbi, v\u00e0 \u0111\u01b0\u1ee3c g\u00e2y h\u1ee9ng kh\u1edfi. T\u00ecm nh\u1eefng h\u01b0\u01a1ng v\u1ecb m\u1edbi, v\u00e0 l\u01b0u gi\u1eef t\u1eebng k\u1ec9 ni\u1ec7m m\u1edbi.\" \/>\n<meta property=\"og:url\" content=\"https:\/\/www.legacyhoian.com\/vi\/dining\/\" \/>\n<meta property=\"og:site_name\" content=\"Legacy Hoi An Resort\" \/>\n<meta property=\"article:modified_time\" content=\"2026-03-25T03:39:30+00:00\" \/>\n<meta name=\"twitter:card\" content=\"summary_large_image\" \/>\n<meta name=\"twitter:label1\" content=\"Est. reading time\" \/>\n\t<meta name=\"twitter:data1\" content=\"1 minute\" \/>\n<script type=\"application\/ld+json\" class=\"yoast-schema-graph\">{\"@context\":\"https:\/\/schema.org\",\"@graph\":[{\"@type\":\"WebPage\",\"@id\":\"https:\/\/www.legacyhoian.com\/vi\/dining\/\",\"url\":\"https:\/\/www.legacyhoian.com\/vi\/dining\/\",\"name\":\"\u1ea8m th\u1ef1c | Legacy Hoi An Resort\",\"isPartOf\":{\"@id\":\"https:\/\/www.legacyhoian.com\/vi\/#website\"},\"datePublished\":\"2026-03-09T08:36:51+00:00\",\"dateModified\":\"2026-03-25T03:39:30+00:00\",\"breadcrumb\":{\"@id\":\"https:\/\/www.legacyhoian.com\/vi\/dining\/#breadcrumb\"},\"inLanguage\":\"vi-VN\",\"potentialAction\":[{\"@type\":\"ReadAction\",\"target\":[\"https:\/\/www.legacyhoian.com\/vi\/dining\/\"]}]},{\"@type\":\"BreadcrumbList\",\"@id\":\"https:\/\/www.legacyhoian.com\/vi\/dining\/#breadcrumb\",\"itemListElement\":[{\"@type\":\"ListItem\",\"position\":1,\"name\":\"Home\",\"item\":\"https:\/\/www.legacyhoian.com\/vi\/\"},{\"@type\":\"ListItem\",\"position\":2,\"name\":\"\u1ea8m th\u1ef1c\"}]},{\"@type\":\"WebSite\",\"@id\":\"https:\/\/www.legacyhoian.com\/vi\/#website\",\"url\":\"https:\/\/www.legacyhoian.com\/vi\/\",\"name\":\"Legacy Hoi An Resort\",\"description\":\"\",\"potentialAction\":[{\"@type\":\"SearchAction\",\"target\":{\"@type\":\"EntryPoint\",\"urlTemplate\":\"https:\/\/www.legacyhoian.com\/vi\/?s={search_term_string}\"},\"query-input\":\"required name=search_term_string\"}],\"inLanguage\":\"vi-VN\"}]}<\/script>\n<!-- \/ Yoast SEO plugin. -->","yoast_head_json":{"title":"\u1ea8m th\u1ef1c | Legacy Hoi An Resort","robots":{"index":"index","follow":"follow","max-snippet":"max-snippet:-1","max-image-preview":"max-image-preview:large","max-video-preview":"max-video-preview:-1"},"canonical":"https:\/\/www.legacyhoian.com\/vi\/dining\/","og_locale":"vi_VN","og_type":"article","og_title":"\u1ea8m th\u1ef1c | Legacy Hoi An Resort","og_description":"C\u1ea3m nh\u1eadn nh\u1eefng h\u01b0\u01a1ng v\u1ecb \u0111\u1ecba ph\u01b0\u01a1ng \u0111a chi\u1ec1u tr\u00ean m\u1ed9t h\u00e0nh tr\u00ecnh \u1ea5n t\u01b0\u1ee3ng H\u1ed9i An \u2013 m\u1ed9c m\u1ea1c, gi\u1ea3n d\u1ecb, v\u00e0 \u1ea5m \u00e1p. C\u00e1c gi\u00e1c quan \u0111ang ch\u1edd \u0111\u01b0\u1ee3c kh\u00e1m ph\u00e1, \u0111\u01b0\u1ee3c \u0111\u1ed5i m\u1edbi, v\u00e0 \u0111\u01b0\u1ee3c g\u00e2y h\u1ee9ng kh\u1edfi. T\u00ecm nh\u1eefng h\u01b0\u01a1ng v\u1ecb m\u1edbi, v\u00e0 l\u01b0u gi\u1eef t\u1eebng k\u1ec9 ni\u1ec7m m\u1edbi.","og_url":"https:\/\/www.legacyhoian.com\/vi\/dining\/","og_site_name":"Legacy Hoi An Resort","article_modified_time":"2026-03-25T03:39:30+00:00","twitter_card":"summary_large_image","twitter_misc":{"Est. reading time":"1 minute"},"schema":{"@context":"https:\/\/schema.org","@graph":[{"@type":"WebPage","@id":"https:\/\/www.legacyhoian.com\/vi\/dining\/","url":"https:\/\/www.legacyhoian.com\/vi\/dining\/","name":"\u1ea8m th\u1ef1c | Legacy Hoi An Resort","isPartOf":{"@id":"https:\/\/www.legacyhoian.com\/vi\/#website"},"datePublished":"2026-03-09T08:36:51+00:00","dateModified":"2026-03-25T03:39:30+00:00","breadcrumb":{"@id":"https:\/\/www.legacyhoian.com\/vi\/dining\/#breadcrumb"},"inLanguage":"vi-VN","potentialAction":[{"@type":"ReadAction","target":["https:\/\/www.legacyhoian.com\/vi\/dining\/"]}]},{"@type":"BreadcrumbList","@id":"https:\/\/www.legacyhoian.com\/vi\/dining\/#breadcrumb","itemListElement":[{"@type":"ListItem","position":1,"name":"Home","item":"https:\/\/www.legacyhoian.com\/vi\/"},{"@type":"ListItem","position":2,"name":"\u1ea8m th\u1ef1c"}]},{"@type":"WebSite","@id":"https:\/\/www.legacyhoian.com\/vi\/#website","url":"https:\/\/www.legacyhoian.com\/vi\/","name":"Legacy Hoi An Resort","description":"","potentialAction":[{"@type":"SearchAction","target":{"@type":"EntryPoint","urlTemplate":"https:\/\/www.legacyhoian.com\/vi\/?s={search_term_string}"},"query-input":"required name=search_term_string"}],"inLanguage":"vi-VN"}]}},"acf":[],"_links":{"self":[{"href":"https:\/\/www.legacyhoian.com\/vi\/wp-json\/wp\/v2\/pages\/246"}],"collection":[{"href":"https:\/\/www.legacyhoian.com\/vi\/wp-json\/wp\/v2\/pages"}],"about":[{"href":"https:\/\/www.legacyhoian.com\/vi\/wp-json\/wp\/v2\/types\/page"}],"author":[{"embeddable":true,"href":"https:\/\/www.legacyhoian.com\/vi\/wp-json\/wp\/v2\/users\/90"}],"replies":[{"embeddable":true,"href":"https:\/\/www.legacyhoian.com\/vi\/wp-json\/wp\/v2\/comments?post=246"}],"version-history":[{"count":0,"href":"https:\/\/www.legacyhoian.com\/vi\/wp-json\/wp\/v2\/pages\/246\/revisions"}],"wp:attachment":[{"href":"https:\/\/www.legacyhoian.com\/vi\/wp-json\/wp\/v2\/media?parent=246"}],"curies":[{"name":"wp","href":"https:\/\/api.w.org\/{rel}","templated":true}]}}