{"id":245,"date":"2026-03-09T08:34:03","date_gmt":"2026-03-09T08:34:03","guid":{"rendered":"https:\/\/legacyhoianresort.ms2.decms.asia\/accommodations\/deluxe-family-connecting\/"},"modified":"2026-04-14T03:47:04","modified_gmt":"2026-04-14T03:47:04","slug":"deluxe-family-connecting","status":"publish","type":"page","link":"https:\/\/www.legacyhoian.com\/vi\/accommodations\/deluxe-family-connecting\/","title":{"rendered":"Deluxe Family Connecting"},"content":{"rendered":"<p>Hai c\u0103n ph\u00f2ng k\u1ebft n\u1ed1i li\u1ec1n nhau t\u1ea1o n\u00ean kh\u00f4ng gian r\u1ed9ng r\u00e3i, trang nh\u00e3 v\u1edbi chi ti\u1ebft \u0111\u00e1 c\u1ea9m th\u1ea1ch tr\u1eafng v\u00e0 n\u1ed9i th\u1ea5t g\u1ed7 \u1ea5m \u00e1p. M\u1ed7i ph\u00f2ng m\u1edf ra m\u00e1i hi\u00ean ho\u1eb7c ban c\u00f4ng ri\u00eang nh\u00ecn ra khu v\u01b0\u1eddn nhi\u1ec7t \u0111\u1edbi, v\u1eeba mang l\u1ea1i c\u1ea3m gi\u00e1c g\u1ea7n g\u0169i, v\u1eeba gi\u1eef \u0111\u01b0\u1ee3c s\u1ef1 ri\u00eang t\u01b0, l\u1ef1a ch\u1ecdn l\u00fd t\u01b0\u1edfng cho gia \u0111\u00ecnh ho\u1eb7c nh\u00f3m b\u1ea1n c\u00f9ng t\u1eadn h\u01b0\u1edfng k\u1ef3 ngh\u1ec9.<\/p>\n","protected":false},"excerpt":{"rendered":"<p>Hai c\u0103n ph\u00f2ng k\u1ebft n\u1ed1i li\u1ec1n nhau t\u1ea1o n\u00ean kh\u00f4ng gian r\u1ed9ng r\u00e3i, trang nh\u00e3 v\u1edbi chi ti\u1ebft \u0111\u00e1 c\u1ea9m th\u1ea1ch tr\u1eafng v\u00e0 n\u1ed9i th\u1ea5t g\u1ed7 \u1ea5m \u00e1p. M\u1ed7i ph\u00f2ng m\u1edf ra m\u00e1i hi\u00ean ho\u1eb7c ban c\u00f4ng ri\u00eang nh\u00ecn ra khu v\u01b0\u1eddn nhi\u1ec7t \u0111\u1edbi, v\u1eeba mang l\u1ea1i c\u1ea3m gi\u00e1c g\u1ea7n g\u0169i, v\u1eeba gi\u1eef \u0111\u01b0\u1ee3c s\u1ef1 [&hellip;]<\/p>\n","protected":false},"author":90,"featured_media":0,"parent":225,"menu_order":12,"comment_status":"closed","ping_status":"closed","template":"template-single-room.php","meta":{"footnotes":""},"yoast_head":"<!-- This site is optimized with the Yoast SEO plugin v22.3 - https:\/\/yoast.com\/wordpress\/plugins\/seo\/ -->\n<title>Deluxe Family Connecting | Legacy Hoi An Resort<\/title>\n<meta name=\"robots\" content=\"index, follow, max-snippet:-1, max-image-preview:large, max-video-preview:-1\" \/>\n<link rel=\"canonical\" href=\"https:\/\/www.legacyhoian.com\/vi\/accommodations\/deluxe-family-connecting\/\" \/>\n<meta property=\"og:locale\" content=\"vi_VN\" \/>\n<meta property=\"og:type\" content=\"article\" \/>\n<meta property=\"og:title\" content=\"Deluxe Family Connecting | Legacy Hoi An Resort\" \/>\n<meta property=\"og:description\" content=\"Hai c\u0103n ph\u00f2ng k\u1ebft n\u1ed1i li\u1ec1n nhau t\u1ea1o n\u00ean kh\u00f4ng gian r\u1ed9ng r\u00e3i, trang nh\u00e3 v\u1edbi chi ti\u1ebft \u0111\u00e1 c\u1ea9m th\u1ea1ch tr\u1eafng v\u00e0 n\u1ed9i th\u1ea5t g\u1ed7 \u1ea5m \u00e1p. M\u1ed7i ph\u00f2ng m\u1edf ra m\u00e1i hi\u00ean ho\u1eb7c ban c\u00f4ng ri\u00eang nh\u00ecn ra khu v\u01b0\u1eddn nhi\u1ec7t \u0111\u1edbi, v\u1eeba mang l\u1ea1i c\u1ea3m gi\u00e1c g\u1ea7n g\u0169i, v\u1eeba gi\u1eef \u0111\u01b0\u1ee3c s\u1ef1 [&hellip;]\" \/>\n<meta property=\"og:url\" content=\"https:\/\/www.legacyhoian.com\/vi\/accommodations\/deluxe-family-connecting\/\" \/>\n<meta property=\"og:site_name\" content=\"Legacy Hoi An Resort\" \/>\n<meta property=\"article:modified_time\" content=\"2026-04-14T03:47:04+00:00\" \/>\n<meta name=\"twitter:card\" content=\"summary_large_image\" \/>\n<meta name=\"twitter:label1\" content=\"Est. reading time\" \/>\n\t<meta name=\"twitter:data1\" content=\"1 minute\" \/>\n<script type=\"application\/ld+json\" class=\"yoast-schema-graph\">{\"@context\":\"https:\/\/schema.org\",\"@graph\":[{\"@type\":\"WebPage\",\"@id\":\"https:\/\/www.legacyhoian.com\/vi\/accommodations\/deluxe-family-connecting\/\",\"url\":\"https:\/\/www.legacyhoian.com\/vi\/accommodations\/deluxe-family-connecting\/\",\"name\":\"Deluxe Family Connecting | Legacy Hoi An Resort\",\"isPartOf\":{\"@id\":\"https:\/\/www.legacyhoian.com\/vi\/#website\"},\"datePublished\":\"2026-03-09T08:34:03+00:00\",\"dateModified\":\"2026-04-14T03:47:04+00:00\",\"breadcrumb\":{\"@id\":\"https:\/\/www.legacyhoian.com\/vi\/accommodations\/deluxe-family-connecting\/#breadcrumb\"},\"inLanguage\":\"vi-VN\",\"potentialAction\":[{\"@type\":\"ReadAction\",\"target\":[\"https:\/\/www.legacyhoian.com\/vi\/accommodations\/deluxe-family-connecting\/\"]}]},{\"@type\":\"BreadcrumbList\",\"@id\":\"https:\/\/www.legacyhoian.com\/vi\/accommodations\/deluxe-family-connecting\/#breadcrumb\",\"itemListElement\":[{\"@type\":\"ListItem\",\"position\":1,\"name\":\"Home\",\"item\":\"https:\/\/www.legacyhoian.com\/vi\/\"},{\"@type\":\"ListItem\",\"position\":2,\"name\":\"Ph\u00f2ng ngh\u1ec9\",\"item\":\"https:\/\/www.legacyhoian.com\/vi\/accommodations\/\"},{\"@type\":\"ListItem\",\"position\":3,\"name\":\"Deluxe Family Connecting\"}]},{\"@type\":\"WebSite\",\"@id\":\"https:\/\/www.legacyhoian.com\/vi\/#website\",\"url\":\"https:\/\/www.legacyhoian.com\/vi\/\",\"name\":\"Legacy Hoi An Resort\",\"description\":\"\",\"potentialAction\":[{\"@type\":\"SearchAction\",\"target\":{\"@type\":\"EntryPoint\",\"urlTemplate\":\"https:\/\/www.legacyhoian.com\/vi\/?s={search_term_string}\"},\"query-input\":\"required name=search_term_string\"}],\"inLanguage\":\"vi-VN\"}]}<\/script>\n<!-- \/ Yoast SEO plugin. -->","yoast_head_json":{"title":"Deluxe Family Connecting | Legacy Hoi An Resort","robots":{"index":"index","follow":"follow","max-snippet":"max-snippet:-1","max-image-preview":"max-image-preview:large","max-video-preview":"max-video-preview:-1"},"canonical":"https:\/\/www.legacyhoian.com\/vi\/accommodations\/deluxe-family-connecting\/","og_locale":"vi_VN","og_type":"article","og_title":"Deluxe Family Connecting | Legacy Hoi An Resort","og_description":"Hai c\u0103n ph\u00f2ng k\u1ebft n\u1ed1i li\u1ec1n nhau t\u1ea1o n\u00ean kh\u00f4ng gian r\u1ed9ng r\u00e3i, trang nh\u00e3 v\u1edbi chi ti\u1ebft \u0111\u00e1 c\u1ea9m th\u1ea1ch tr\u1eafng v\u00e0 n\u1ed9i th\u1ea5t g\u1ed7 \u1ea5m \u00e1p. M\u1ed7i ph\u00f2ng m\u1edf ra m\u00e1i hi\u00ean ho\u1eb7c ban c\u00f4ng ri\u00eang nh\u00ecn ra khu v\u01b0\u1eddn nhi\u1ec7t \u0111\u1edbi, v\u1eeba mang l\u1ea1i c\u1ea3m gi\u00e1c g\u1ea7n g\u0169i, v\u1eeba gi\u1eef \u0111\u01b0\u1ee3c s\u1ef1 [&hellip;]","og_url":"https:\/\/www.legacyhoian.com\/vi\/accommodations\/deluxe-family-connecting\/","og_site_name":"Legacy Hoi An Resort","article_modified_time":"2026-04-14T03:47:04+00:00","twitter_card":"summary_large_image","twitter_misc":{"Est. reading time":"1 minute"},"schema":{"@context":"https:\/\/schema.org","@graph":[{"@type":"WebPage","@id":"https:\/\/www.legacyhoian.com\/vi\/accommodations\/deluxe-family-connecting\/","url":"https:\/\/www.legacyhoian.com\/vi\/accommodations\/deluxe-family-connecting\/","name":"Deluxe Family Connecting | Legacy Hoi An Resort","isPartOf":{"@id":"https:\/\/www.legacyhoian.com\/vi\/#website"},"datePublished":"2026-03-09T08:34:03+00:00","dateModified":"2026-04-14T03:47:04+00:00","breadcrumb":{"@id":"https:\/\/www.legacyhoian.com\/vi\/accommodations\/deluxe-family-connecting\/#breadcrumb"},"inLanguage":"vi-VN","potentialAction":[{"@type":"ReadAction","target":["https:\/\/www.legacyhoian.com\/vi\/accommodations\/deluxe-family-connecting\/"]}]},{"@type":"BreadcrumbList","@id":"https:\/\/www.legacyhoian.com\/vi\/accommodations\/deluxe-family-connecting\/#breadcrumb","itemListElement":[{"@type":"ListItem","position":1,"name":"Home","item":"https:\/\/www.legacyhoian.com\/vi\/"},{"@type":"ListItem","position":2,"name":"Ph\u00f2ng ngh\u1ec9","item":"https:\/\/www.legacyhoian.com\/vi\/accommodations\/"},{"@type":"ListItem","position":3,"name":"Deluxe Family Connecting"}]},{"@type":"WebSite","@id":"https:\/\/www.legacyhoian.com\/vi\/#website","url":"https:\/\/www.legacyhoian.com\/vi\/","name":"Legacy Hoi An Resort","description":"","potentialAction":[{"@type":"SearchAction","target":{"@type":"EntryPoint","urlTemplate":"https:\/\/www.legacyhoian.com\/vi\/?s={search_term_string}"},"query-input":"required name=search_term_string"}],"inLanguage":"vi-VN"}]}},"acf":[],"_links":{"self":[{"href":"https:\/\/www.legacyhoian.com\/vi\/wp-json\/wp\/v2\/pages\/245"}],"collection":[{"href":"https:\/\/www.legacyhoian.com\/vi\/wp-json\/wp\/v2\/pages"}],"about":[{"href":"https:\/\/www.legacyhoian.com\/vi\/wp-json\/wp\/v2\/types\/page"}],"author":[{"embeddable":true,"href":"https:\/\/www.legacyhoian.com\/vi\/wp-json\/wp\/v2\/users\/90"}],"replies":[{"embeddable":true,"href":"https:\/\/www.legacyhoian.com\/vi\/wp-json\/wp\/v2\/comments?post=245"}],"version-history":[{"count":0,"href":"https:\/\/www.legacyhoian.com\/vi\/wp-json\/wp\/v2\/pages\/245\/revisions"}],"up":[{"embeddable":true,"href":"https:\/\/www.legacyhoian.com\/vi\/wp-json\/wp\/v2\/pages\/225"}],"wp:attachment":[{"href":"https:\/\/www.legacyhoian.com\/vi\/wp-json\/wp\/v2\/media?parent=245"}],"curies":[{"name":"wp","href":"https:\/\/api.w.org\/{rel}","templated":true}]}}