{"id":244,"date":"2026-03-09T08:05:22","date_gmt":"2026-03-09T08:05:22","guid":{"rendered":"https:\/\/legacyhoianresort.ms2.decms.asia\/accommodations\/superior-family-connecting\/"},"modified":"2026-04-14T03:46:40","modified_gmt":"2026-04-14T03:46:40","slug":"superior-family-connecting","status":"publish","type":"page","link":"https:\/\/www.legacyhoian.com\/vi\/accommodations\/superior-family-connecting\/","title":{"rendered":"Superior Family Connecting"},"content":{"rendered":"<p>Kh\u00f4ng gian ngh\u1ec9 d\u01b0\u1ee1ng m\u1ed9c m\u1ea1c m\u00e0 tinh t\u1ebf, \u0111\u01b0\u1ee3c thi\u1ebft k\u1ebf \u0111\u1ec3 k\u1ebft n\u1ed1i v\u00e0 t\u1eadn h\u01b0\u1edfng. Hai c\u0103n ph\u00f2ng ri\u00eang bi\u1ec7t li\u00ean th\u00f4ng mang l\u1ea1i s\u1ef1 r\u1ed9ng r\u00e3i v\u00e0 ri\u00eang t\u01b0, l\u00fd t\u01b0\u1edfng cho gia \u0111\u00ecnh ho\u1eb7c nh\u00f3m b\u1ea1n th\u00e2n. M\u1ed7i c\u0103n ph\u00f2ng \u0111\u1ec1u mang n\u00e9t duy\u00ean Vi\u1ec7t nh\u1eb9 nh\u00e0ng d\u01b0\u1edbi t\u00e1n v\u01b0\u1eddn xanh, v\u1edbi n\u1ed9i th\u1ea5t g\u1ed7 \u1ea5m \u00e1p v\u00e0 ban c\u00f4ng ri\u00eang m\u1edf ra khung c\u1ea3nh y\u00ean b\u00ecnh.<\/p>\n","protected":false},"excerpt":{"rendered":"<p>Kh\u00f4ng gian ngh\u1ec9 d\u01b0\u1ee1ng m\u1ed9c m\u1ea1c m\u00e0 tinh t\u1ebf, \u0111\u01b0\u1ee3c thi\u1ebft k\u1ebf \u0111\u1ec3 k\u1ebft n\u1ed1i v\u00e0 t\u1eadn h\u01b0\u1edfng. Hai c\u0103n ph\u00f2ng ri\u00eang bi\u1ec7t li\u00ean th\u00f4ng mang l\u1ea1i s\u1ef1 r\u1ed9ng r\u00e3i v\u00e0 ri\u00eang t\u01b0, l\u00fd t\u01b0\u1edfng cho gia \u0111\u00ecnh ho\u1eb7c nh\u00f3m b\u1ea1n th\u00e2n. M\u1ed7i c\u0103n ph\u00f2ng \u0111\u1ec1u mang n\u00e9t duy\u00ean Vi\u1ec7t nh\u1eb9 nh\u00e0ng d\u01b0\u1edbi t\u00e1n v\u01b0\u1eddn [&hellip;]<\/p>\n","protected":false},"author":90,"featured_media":0,"parent":225,"menu_order":11,"comment_status":"closed","ping_status":"closed","template":"template-single-room.php","meta":{"footnotes":""},"yoast_head":"<!-- This site is optimized with the Yoast SEO plugin v22.3 - https:\/\/yoast.com\/wordpress\/plugins\/seo\/ -->\n<title>Superior Family Connecting | Legacy Hoi An Resort<\/title>\n<meta name=\"robots\" content=\"index, follow, max-snippet:-1, max-image-preview:large, max-video-preview:-1\" \/>\n<link rel=\"canonical\" href=\"https:\/\/www.legacyhoian.com\/vi\/accommodations\/superior-family-connecting\/\" \/>\n<meta property=\"og:locale\" content=\"vi_VN\" \/>\n<meta property=\"og:type\" content=\"article\" \/>\n<meta property=\"og:title\" content=\"Superior Family Connecting | Legacy Hoi An Resort\" \/>\n<meta property=\"og:description\" content=\"Kh\u00f4ng gian ngh\u1ec9 d\u01b0\u1ee1ng m\u1ed9c m\u1ea1c m\u00e0 tinh t\u1ebf, \u0111\u01b0\u1ee3c thi\u1ebft k\u1ebf \u0111\u1ec3 k\u1ebft n\u1ed1i v\u00e0 t\u1eadn h\u01b0\u1edfng. Hai c\u0103n ph\u00f2ng ri\u00eang bi\u1ec7t li\u00ean th\u00f4ng mang l\u1ea1i s\u1ef1 r\u1ed9ng r\u00e3i v\u00e0 ri\u00eang t\u01b0, l\u00fd t\u01b0\u1edfng cho gia \u0111\u00ecnh ho\u1eb7c nh\u00f3m b\u1ea1n th\u00e2n. M\u1ed7i c\u0103n ph\u00f2ng \u0111\u1ec1u mang n\u00e9t duy\u00ean Vi\u1ec7t nh\u1eb9 nh\u00e0ng d\u01b0\u1edbi t\u00e1n v\u01b0\u1eddn [&hellip;]\" \/>\n<meta property=\"og:url\" content=\"https:\/\/www.legacyhoian.com\/vi\/accommodations\/superior-family-connecting\/\" \/>\n<meta property=\"og:site_name\" content=\"Legacy Hoi An Resort\" \/>\n<meta property=\"article:modified_time\" content=\"2026-04-14T03:46:40+00:00\" \/>\n<meta name=\"twitter:card\" content=\"summary_large_image\" \/>\n<meta name=\"twitter:label1\" content=\"Est. reading time\" \/>\n\t<meta name=\"twitter:data1\" content=\"1 minute\" \/>\n<script type=\"application\/ld+json\" class=\"yoast-schema-graph\">{\"@context\":\"https:\/\/schema.org\",\"@graph\":[{\"@type\":\"WebPage\",\"@id\":\"https:\/\/www.legacyhoian.com\/vi\/accommodations\/superior-family-connecting\/\",\"url\":\"https:\/\/www.legacyhoian.com\/vi\/accommodations\/superior-family-connecting\/\",\"name\":\"Superior Family Connecting | Legacy Hoi An Resort\",\"isPartOf\":{\"@id\":\"https:\/\/www.legacyhoian.com\/vi\/#website\"},\"datePublished\":\"2026-03-09T08:05:22+00:00\",\"dateModified\":\"2026-04-14T03:46:40+00:00\",\"breadcrumb\":{\"@id\":\"https:\/\/www.legacyhoian.com\/vi\/accommodations\/superior-family-connecting\/#breadcrumb\"},\"inLanguage\":\"vi-VN\",\"potentialAction\":[{\"@type\":\"ReadAction\",\"target\":[\"https:\/\/www.legacyhoian.com\/vi\/accommodations\/superior-family-connecting\/\"]}]},{\"@type\":\"BreadcrumbList\",\"@id\":\"https:\/\/www.legacyhoian.com\/vi\/accommodations\/superior-family-connecting\/#breadcrumb\",\"itemListElement\":[{\"@type\":\"ListItem\",\"position\":1,\"name\":\"Home\",\"item\":\"https:\/\/www.legacyhoian.com\/vi\/\"},{\"@type\":\"ListItem\",\"position\":2,\"name\":\"Ph\u00f2ng ngh\u1ec9\",\"item\":\"https:\/\/www.legacyhoian.com\/vi\/accommodations\/\"},{\"@type\":\"ListItem\",\"position\":3,\"name\":\"Superior Family Connecting\"}]},{\"@type\":\"WebSite\",\"@id\":\"https:\/\/www.legacyhoian.com\/vi\/#website\",\"url\":\"https:\/\/www.legacyhoian.com\/vi\/\",\"name\":\"Legacy Hoi An Resort\",\"description\":\"\",\"potentialAction\":[{\"@type\":\"SearchAction\",\"target\":{\"@type\":\"EntryPoint\",\"urlTemplate\":\"https:\/\/www.legacyhoian.com\/vi\/?s={search_term_string}\"},\"query-input\":\"required name=search_term_string\"}],\"inLanguage\":\"vi-VN\"}]}<\/script>\n<!-- \/ Yoast SEO plugin. -->","yoast_head_json":{"title":"Superior Family Connecting | Legacy Hoi An Resort","robots":{"index":"index","follow":"follow","max-snippet":"max-snippet:-1","max-image-preview":"max-image-preview:large","max-video-preview":"max-video-preview:-1"},"canonical":"https:\/\/www.legacyhoian.com\/vi\/accommodations\/superior-family-connecting\/","og_locale":"vi_VN","og_type":"article","og_title":"Superior Family Connecting | Legacy Hoi An Resort","og_description":"Kh\u00f4ng gian ngh\u1ec9 d\u01b0\u1ee1ng m\u1ed9c m\u1ea1c m\u00e0 tinh t\u1ebf, \u0111\u01b0\u1ee3c thi\u1ebft k\u1ebf \u0111\u1ec3 k\u1ebft n\u1ed1i v\u00e0 t\u1eadn h\u01b0\u1edfng. Hai c\u0103n ph\u00f2ng ri\u00eang bi\u1ec7t li\u00ean th\u00f4ng mang l\u1ea1i s\u1ef1 r\u1ed9ng r\u00e3i v\u00e0 ri\u00eang t\u01b0, l\u00fd t\u01b0\u1edfng cho gia \u0111\u00ecnh ho\u1eb7c nh\u00f3m b\u1ea1n th\u00e2n. M\u1ed7i c\u0103n ph\u00f2ng \u0111\u1ec1u mang n\u00e9t duy\u00ean Vi\u1ec7t nh\u1eb9 nh\u00e0ng d\u01b0\u1edbi t\u00e1n v\u01b0\u1eddn [&hellip;]","og_url":"https:\/\/www.legacyhoian.com\/vi\/accommodations\/superior-family-connecting\/","og_site_name":"Legacy Hoi An Resort","article_modified_time":"2026-04-14T03:46:40+00:00","twitter_card":"summary_large_image","twitter_misc":{"Est. reading time":"1 minute"},"schema":{"@context":"https:\/\/schema.org","@graph":[{"@type":"WebPage","@id":"https:\/\/www.legacyhoian.com\/vi\/accommodations\/superior-family-connecting\/","url":"https:\/\/www.legacyhoian.com\/vi\/accommodations\/superior-family-connecting\/","name":"Superior Family Connecting | Legacy Hoi An Resort","isPartOf":{"@id":"https:\/\/www.legacyhoian.com\/vi\/#website"},"datePublished":"2026-03-09T08:05:22+00:00","dateModified":"2026-04-14T03:46:40+00:00","breadcrumb":{"@id":"https:\/\/www.legacyhoian.com\/vi\/accommodations\/superior-family-connecting\/#breadcrumb"},"inLanguage":"vi-VN","potentialAction":[{"@type":"ReadAction","target":["https:\/\/www.legacyhoian.com\/vi\/accommodations\/superior-family-connecting\/"]}]},{"@type":"BreadcrumbList","@id":"https:\/\/www.legacyhoian.com\/vi\/accommodations\/superior-family-connecting\/#breadcrumb","itemListElement":[{"@type":"ListItem","position":1,"name":"Home","item":"https:\/\/www.legacyhoian.com\/vi\/"},{"@type":"ListItem","position":2,"name":"Ph\u00f2ng ngh\u1ec9","item":"https:\/\/www.legacyhoian.com\/vi\/accommodations\/"},{"@type":"ListItem","position":3,"name":"Superior Family Connecting"}]},{"@type":"WebSite","@id":"https:\/\/www.legacyhoian.com\/vi\/#website","url":"https:\/\/www.legacyhoian.com\/vi\/","name":"Legacy Hoi An Resort","description":"","potentialAction":[{"@type":"SearchAction","target":{"@type":"EntryPoint","urlTemplate":"https:\/\/www.legacyhoian.com\/vi\/?s={search_term_string}"},"query-input":"required name=search_term_string"}],"inLanguage":"vi-VN"}]}},"acf":[],"_links":{"self":[{"href":"https:\/\/www.legacyhoian.com\/vi\/wp-json\/wp\/v2\/pages\/244"}],"collection":[{"href":"https:\/\/www.legacyhoian.com\/vi\/wp-json\/wp\/v2\/pages"}],"about":[{"href":"https:\/\/www.legacyhoian.com\/vi\/wp-json\/wp\/v2\/types\/page"}],"author":[{"embeddable":true,"href":"https:\/\/www.legacyhoian.com\/vi\/wp-json\/wp\/v2\/users\/90"}],"replies":[{"embeddable":true,"href":"https:\/\/www.legacyhoian.com\/vi\/wp-json\/wp\/v2\/comments?post=244"}],"version-history":[{"count":0,"href":"https:\/\/www.legacyhoian.com\/vi\/wp-json\/wp\/v2\/pages\/244\/revisions"}],"up":[{"embeddable":true,"href":"https:\/\/www.legacyhoian.com\/vi\/wp-json\/wp\/v2\/pages\/225"}],"wp:attachment":[{"href":"https:\/\/www.legacyhoian.com\/vi\/wp-json\/wp\/v2\/media?parent=244"}],"curies":[{"name":"wp","href":"https:\/\/api.w.org\/{rel}","templated":true}]}}