{"id":243,"date":"2026-03-09T07:58:51","date_gmt":"2026-03-09T07:58:51","guid":{"rendered":"https:\/\/legacyhoianresort.ms2.decms.asia\/accommodations\/4-bedroom-pool-villa\/"},"modified":"2026-04-14T03:41:29","modified_gmt":"2026-04-14T03:41:29","slug":"4-bedroom-pool-villa","status":"publish","type":"page","link":"https:\/\/www.legacyhoian.com\/vi\/accommodations\/4-bedroom-pool-villa\/","title":{"rendered":"4-Bedroom Pool Villa"},"content":{"rendered":"<p>M\u1ed9t l\u1ed1i ngh\u1ec9 d\u01b0\u1ee1ng th\u1eadt sang tr\u1ecdng n\u01a1i gi\u00f3 m\u00e1t t\u1eeb c\u00e1nh \u0111\u1ed3ng kh\u1ebd l\u01b0\u1edbt qua hi\u00ean nh\u00e0 n\u01a1i \u1eedng h\u1ed3ng \u00e1nh ho\u00e0ng h\u00f4n \u0111ang d\u1ea7n bu\u00f4ng m\u1eebng m\u1ed9t ng\u00e0y n\u1eafng huy ho\u00e0ng \u0111\u00e1ng s\u1ed1ng. Kh\u00e1m ph\u00e1 b\u1ed1n ph\u00f2ng ng\u1ee7 bi\u1ec7t l\u1eadp tr\u1ea3i d\u00e0i 02 t\u1ea7ng v\u1edbi h\u1ed3 b\u01a1i trung t\u00e2m t\u1ecda l\u1ea1c t\u1ea1i t\u1ea7ng Tr\u1ec7t n\u01a1i khu v\u01b0\u1eddn t\u00e1ch bi\u1ec7t v\u00e0 t\u01b0\u01a1i m\u1edbi \u0111\u01b0\u1ee3m m\u00e0u n\u1eafng m\u1edbi.<\/p>\n","protected":false},"excerpt":{"rendered":"<p>M\u1ed9t l\u1ed1i ngh\u1ec9 d\u01b0\u1ee1ng th\u1eadt sang tr\u1ecdng n\u01a1i gi\u00f3 m\u00e1t t\u1eeb c\u00e1nh \u0111\u1ed3ng kh\u1ebd l\u01b0\u1edbt qua hi\u00ean nh\u00e0 n\u01a1i \u1eedng h\u1ed3ng \u00e1nh ho\u00e0ng h\u00f4n \u0111ang d\u1ea7n bu\u00f4ng m\u1eebng m\u1ed9t ng\u00e0y n\u1eafng huy ho\u00e0ng \u0111\u00e1ng s\u1ed1ng. Kh\u00e1m ph\u00e1 b\u1ed1n ph\u00f2ng ng\u1ee7 bi\u1ec7t l\u1eadp tr\u1ea3i d\u00e0i 02 t\u1ea7ng v\u1edbi h\u1ed3 b\u01a1i trung t\u00e2m t\u1ecda l\u1ea1c t\u1ea1i t\u1ea7ng [&hellip;]<\/p>\n","protected":false},"author":90,"featured_media":0,"parent":225,"menu_order":10,"comment_status":"closed","ping_status":"closed","template":"template-single-room.php","meta":{"footnotes":""},"yoast_head":"<!-- This site is optimized with the Yoast SEO plugin v22.3 - https:\/\/yoast.com\/wordpress\/plugins\/seo\/ -->\n<title>4-Bedroom Pool Villa | Legacy Hoi An Resort<\/title>\n<meta name=\"robots\" content=\"index, follow, max-snippet:-1, max-image-preview:large, max-video-preview:-1\" \/>\n<link rel=\"canonical\" href=\"https:\/\/www.legacyhoian.com\/vi\/accommodations\/4-bedroom-pool-villa\/\" \/>\n<meta property=\"og:locale\" content=\"vi_VN\" \/>\n<meta property=\"og:type\" content=\"article\" \/>\n<meta property=\"og:title\" content=\"4-Bedroom Pool Villa | Legacy Hoi An Resort\" \/>\n<meta property=\"og:description\" content=\"M\u1ed9t l\u1ed1i ngh\u1ec9 d\u01b0\u1ee1ng th\u1eadt sang tr\u1ecdng n\u01a1i gi\u00f3 m\u00e1t t\u1eeb c\u00e1nh \u0111\u1ed3ng kh\u1ebd l\u01b0\u1edbt qua hi\u00ean nh\u00e0 n\u01a1i \u1eedng h\u1ed3ng \u00e1nh ho\u00e0ng h\u00f4n \u0111ang d\u1ea7n bu\u00f4ng m\u1eebng m\u1ed9t ng\u00e0y n\u1eafng huy ho\u00e0ng \u0111\u00e1ng s\u1ed1ng. Kh\u00e1m ph\u00e1 b\u1ed1n ph\u00f2ng ng\u1ee7 bi\u1ec7t l\u1eadp tr\u1ea3i d\u00e0i 02 t\u1ea7ng v\u1edbi h\u1ed3 b\u01a1i trung t\u00e2m t\u1ecda l\u1ea1c t\u1ea1i t\u1ea7ng [&hellip;]\" \/>\n<meta property=\"og:url\" content=\"https:\/\/www.legacyhoian.com\/vi\/accommodations\/4-bedroom-pool-villa\/\" \/>\n<meta property=\"og:site_name\" content=\"Legacy Hoi An Resort\" \/>\n<meta property=\"article:modified_time\" content=\"2026-04-14T03:41:29+00:00\" \/>\n<meta name=\"twitter:card\" content=\"summary_large_image\" \/>\n<meta name=\"twitter:label1\" content=\"Est. reading time\" \/>\n\t<meta name=\"twitter:data1\" content=\"1 minute\" \/>\n<script type=\"application\/ld+json\" class=\"yoast-schema-graph\">{\"@context\":\"https:\/\/schema.org\",\"@graph\":[{\"@type\":\"WebPage\",\"@id\":\"https:\/\/www.legacyhoian.com\/vi\/accommodations\/4-bedroom-pool-villa\/\",\"url\":\"https:\/\/www.legacyhoian.com\/vi\/accommodations\/4-bedroom-pool-villa\/\",\"name\":\"4-Bedroom Pool Villa | Legacy Hoi An Resort\",\"isPartOf\":{\"@id\":\"https:\/\/www.legacyhoian.com\/vi\/#website\"},\"datePublished\":\"2026-03-09T07:58:51+00:00\",\"dateModified\":\"2026-04-14T03:41:29+00:00\",\"breadcrumb\":{\"@id\":\"https:\/\/www.legacyhoian.com\/vi\/accommodations\/4-bedroom-pool-villa\/#breadcrumb\"},\"inLanguage\":\"vi-VN\",\"potentialAction\":[{\"@type\":\"ReadAction\",\"target\":[\"https:\/\/www.legacyhoian.com\/vi\/accommodations\/4-bedroom-pool-villa\/\"]}]},{\"@type\":\"BreadcrumbList\",\"@id\":\"https:\/\/www.legacyhoian.com\/vi\/accommodations\/4-bedroom-pool-villa\/#breadcrumb\",\"itemListElement\":[{\"@type\":\"ListItem\",\"position\":1,\"name\":\"Home\",\"item\":\"https:\/\/www.legacyhoian.com\/vi\/\"},{\"@type\":\"ListItem\",\"position\":2,\"name\":\"Ph\u00f2ng ngh\u1ec9\",\"item\":\"https:\/\/www.legacyhoian.com\/vi\/accommodations\/\"},{\"@type\":\"ListItem\",\"position\":3,\"name\":\"4-Bedroom Pool Villa\"}]},{\"@type\":\"WebSite\",\"@id\":\"https:\/\/www.legacyhoian.com\/vi\/#website\",\"url\":\"https:\/\/www.legacyhoian.com\/vi\/\",\"name\":\"Legacy Hoi An Resort\",\"description\":\"\",\"potentialAction\":[{\"@type\":\"SearchAction\",\"target\":{\"@type\":\"EntryPoint\",\"urlTemplate\":\"https:\/\/www.legacyhoian.com\/vi\/?s={search_term_string}\"},\"query-input\":\"required name=search_term_string\"}],\"inLanguage\":\"vi-VN\"}]}<\/script>\n<!-- \/ Yoast SEO plugin. -->","yoast_head_json":{"title":"4-Bedroom Pool Villa | Legacy Hoi An Resort","robots":{"index":"index","follow":"follow","max-snippet":"max-snippet:-1","max-image-preview":"max-image-preview:large","max-video-preview":"max-video-preview:-1"},"canonical":"https:\/\/www.legacyhoian.com\/vi\/accommodations\/4-bedroom-pool-villa\/","og_locale":"vi_VN","og_type":"article","og_title":"4-Bedroom Pool Villa | Legacy Hoi An Resort","og_description":"M\u1ed9t l\u1ed1i ngh\u1ec9 d\u01b0\u1ee1ng th\u1eadt sang tr\u1ecdng n\u01a1i gi\u00f3 m\u00e1t t\u1eeb c\u00e1nh \u0111\u1ed3ng kh\u1ebd l\u01b0\u1edbt qua hi\u00ean nh\u00e0 n\u01a1i \u1eedng h\u1ed3ng \u00e1nh ho\u00e0ng h\u00f4n \u0111ang d\u1ea7n bu\u00f4ng m\u1eebng m\u1ed9t ng\u00e0y n\u1eafng huy ho\u00e0ng \u0111\u00e1ng s\u1ed1ng. Kh\u00e1m ph\u00e1 b\u1ed1n ph\u00f2ng ng\u1ee7 bi\u1ec7t l\u1eadp tr\u1ea3i d\u00e0i 02 t\u1ea7ng v\u1edbi h\u1ed3 b\u01a1i trung t\u00e2m t\u1ecda l\u1ea1c t\u1ea1i t\u1ea7ng [&hellip;]","og_url":"https:\/\/www.legacyhoian.com\/vi\/accommodations\/4-bedroom-pool-villa\/","og_site_name":"Legacy Hoi An Resort","article_modified_time":"2026-04-14T03:41:29+00:00","twitter_card":"summary_large_image","twitter_misc":{"Est. reading time":"1 minute"},"schema":{"@context":"https:\/\/schema.org","@graph":[{"@type":"WebPage","@id":"https:\/\/www.legacyhoian.com\/vi\/accommodations\/4-bedroom-pool-villa\/","url":"https:\/\/www.legacyhoian.com\/vi\/accommodations\/4-bedroom-pool-villa\/","name":"4-Bedroom Pool Villa | Legacy Hoi An Resort","isPartOf":{"@id":"https:\/\/www.legacyhoian.com\/vi\/#website"},"datePublished":"2026-03-09T07:58:51+00:00","dateModified":"2026-04-14T03:41:29+00:00","breadcrumb":{"@id":"https:\/\/www.legacyhoian.com\/vi\/accommodations\/4-bedroom-pool-villa\/#breadcrumb"},"inLanguage":"vi-VN","potentialAction":[{"@type":"ReadAction","target":["https:\/\/www.legacyhoian.com\/vi\/accommodations\/4-bedroom-pool-villa\/"]}]},{"@type":"BreadcrumbList","@id":"https:\/\/www.legacyhoian.com\/vi\/accommodations\/4-bedroom-pool-villa\/#breadcrumb","itemListElement":[{"@type":"ListItem","position":1,"name":"Home","item":"https:\/\/www.legacyhoian.com\/vi\/"},{"@type":"ListItem","position":2,"name":"Ph\u00f2ng ngh\u1ec9","item":"https:\/\/www.legacyhoian.com\/vi\/accommodations\/"},{"@type":"ListItem","position":3,"name":"4-Bedroom Pool Villa"}]},{"@type":"WebSite","@id":"https:\/\/www.legacyhoian.com\/vi\/#website","url":"https:\/\/www.legacyhoian.com\/vi\/","name":"Legacy Hoi An Resort","description":"","potentialAction":[{"@type":"SearchAction","target":{"@type":"EntryPoint","urlTemplate":"https:\/\/www.legacyhoian.com\/vi\/?s={search_term_string}"},"query-input":"required name=search_term_string"}],"inLanguage":"vi-VN"}]}},"acf":[],"_links":{"self":[{"href":"https:\/\/www.legacyhoian.com\/vi\/wp-json\/wp\/v2\/pages\/243"}],"collection":[{"href":"https:\/\/www.legacyhoian.com\/vi\/wp-json\/wp\/v2\/pages"}],"about":[{"href":"https:\/\/www.legacyhoian.com\/vi\/wp-json\/wp\/v2\/types\/page"}],"author":[{"embeddable":true,"href":"https:\/\/www.legacyhoian.com\/vi\/wp-json\/wp\/v2\/users\/90"}],"replies":[{"embeddable":true,"href":"https:\/\/www.legacyhoian.com\/vi\/wp-json\/wp\/v2\/comments?post=243"}],"version-history":[{"count":0,"href":"https:\/\/www.legacyhoian.com\/vi\/wp-json\/wp\/v2\/pages\/243\/revisions"}],"up":[{"embeddable":true,"href":"https:\/\/www.legacyhoian.com\/vi\/wp-json\/wp\/v2\/pages\/225"}],"wp:attachment":[{"href":"https:\/\/www.legacyhoian.com\/vi\/wp-json\/wp\/v2\/media?parent=243"}],"curies":[{"name":"wp","href":"https:\/\/api.w.org\/{rel}","templated":true}]}}