{"id":242,"date":"2026-03-09T07:44:28","date_gmt":"2026-03-09T07:44:28","guid":{"rendered":"https:\/\/legacyhoianresort.ms2.decms.asia\/accommodations\/2-bedroom-pool-villa\/"},"modified":"2026-04-14T03:40:51","modified_gmt":"2026-04-14T03:40:51","slug":"2-bedroom-pool-villa","status":"publish","type":"page","link":"https:\/\/www.legacyhoian.com\/vi\/accommodations\/2-bedroom-pool-villa\/","title":{"rendered":"2-Bedroom Pool Villa"},"content":{"rendered":"<p>\u1ed0c \u0111\u1ea3o bi\u1ec7t l\u1eadp cho ri\u00eang m\u00ecnh v\u1edbi h\u1ed3 b\u01a1i l\u00e0 \u0111i\u1ec3m nh\u1ea5n trung t\u00e2m t\u1ecfa ra hai c\u00e1nh ph\u00f2ng ng\u1ee7 ri\u00eang bi\u1ec7t h\u01b0\u1edbng v\u01b0\u1eddn c\u00e2y hoa r\u1ef1c r\u1ee1 b\u00ean m\u00e1i hi\u00ean thanh b\u00ecnh d\u00e0nh ri\u00eang cho b\u1ea1n. N\u00e9t tinh t\u1ebf t\u1eeb \u0111\u00e1 terrazo t\u00f4n l\u00ean v\u1ebb \u0111\u1eb9p c\u1ee7a ph\u00f2ng t\u1eafm l\u1edbn c\u00f9ng v\u1edbi b\u1ed3n t\u1eafm \u0111\u1eb7t g\u1ecdn g\u00e0ng b\u00ean t\u01b0\u1eddng n\u01a1i c\u1eeda s\u1ed5 \u0111\u00f3n n\u1eafng mai t\u01b0\u01a1i \u0111\u1eb9p n\u01a1i th\u01b0 gi\u00e3n c\u1ea3 ng\u00e0y l\u00e0 ho\u00e0n to\u00e0n c\u00f3 th\u1ec3.<\/p>\n","protected":false},"excerpt":{"rendered":"<p>\u1ed0c \u0111\u1ea3o bi\u1ec7t l\u1eadp cho ri\u00eang m\u00ecnh v\u1edbi h\u1ed3 b\u01a1i l\u00e0 \u0111i\u1ec3m nh\u1ea5n trung t\u00e2m t\u1ecfa ra hai c\u00e1nh ph\u00f2ng ng\u1ee7 ri\u00eang bi\u1ec7t h\u01b0\u1edbng v\u01b0\u1eddn c\u00e2y hoa r\u1ef1c r\u1ee1 b\u00ean m\u00e1i hi\u00ean thanh b\u00ecnh d\u00e0nh ri\u00eang cho b\u1ea1n. N\u00e9t tinh t\u1ebf t\u1eeb \u0111\u00e1 terrazo t\u00f4n l\u00ean v\u1ebb \u0111\u1eb9p c\u1ee7a ph\u00f2ng t\u1eafm l\u1edbn c\u00f9ng v\u1edbi b\u1ed3n [&hellip;]<\/p>\n","protected":false},"author":90,"featured_media":0,"parent":225,"menu_order":9,"comment_status":"closed","ping_status":"closed","template":"template-single-room.php","meta":{"footnotes":""},"yoast_head":"<!-- This site is optimized with the Yoast SEO plugin v22.3 - https:\/\/yoast.com\/wordpress\/plugins\/seo\/ -->\n<title>2-Bedroom Pool Villa | Legacy Hoi An Resort<\/title>\n<meta name=\"robots\" content=\"index, follow, max-snippet:-1, max-image-preview:large, max-video-preview:-1\" \/>\n<link rel=\"canonical\" href=\"https:\/\/www.legacyhoian.com\/vi\/accommodations\/2-bedroom-pool-villa\/\" \/>\n<meta property=\"og:locale\" content=\"vi_VN\" \/>\n<meta property=\"og:type\" content=\"article\" \/>\n<meta property=\"og:title\" content=\"2-Bedroom Pool Villa | Legacy Hoi An Resort\" \/>\n<meta property=\"og:description\" content=\"\u1ed0c \u0111\u1ea3o bi\u1ec7t l\u1eadp cho ri\u00eang m\u00ecnh v\u1edbi h\u1ed3 b\u01a1i l\u00e0 \u0111i\u1ec3m nh\u1ea5n trung t\u00e2m t\u1ecfa ra hai c\u00e1nh ph\u00f2ng ng\u1ee7 ri\u00eang bi\u1ec7t h\u01b0\u1edbng v\u01b0\u1eddn c\u00e2y hoa r\u1ef1c r\u1ee1 b\u00ean m\u00e1i hi\u00ean thanh b\u00ecnh d\u00e0nh ri\u00eang cho b\u1ea1n. N\u00e9t tinh t\u1ebf t\u1eeb \u0111\u00e1 terrazo t\u00f4n l\u00ean v\u1ebb \u0111\u1eb9p c\u1ee7a ph\u00f2ng t\u1eafm l\u1edbn c\u00f9ng v\u1edbi b\u1ed3n [&hellip;]\" \/>\n<meta property=\"og:url\" content=\"https:\/\/www.legacyhoian.com\/vi\/accommodations\/2-bedroom-pool-villa\/\" \/>\n<meta property=\"og:site_name\" content=\"Legacy Hoi An Resort\" \/>\n<meta property=\"article:modified_time\" content=\"2026-04-14T03:40:51+00:00\" \/>\n<meta name=\"twitter:card\" content=\"summary_large_image\" \/>\n<meta name=\"twitter:label1\" content=\"Est. reading time\" \/>\n\t<meta name=\"twitter:data1\" content=\"1 minute\" \/>\n<script type=\"application\/ld+json\" class=\"yoast-schema-graph\">{\"@context\":\"https:\/\/schema.org\",\"@graph\":[{\"@type\":\"WebPage\",\"@id\":\"https:\/\/www.legacyhoian.com\/vi\/accommodations\/2-bedroom-pool-villa\/\",\"url\":\"https:\/\/www.legacyhoian.com\/vi\/accommodations\/2-bedroom-pool-villa\/\",\"name\":\"2-Bedroom Pool Villa | Legacy Hoi An Resort\",\"isPartOf\":{\"@id\":\"https:\/\/www.legacyhoian.com\/vi\/#website\"},\"datePublished\":\"2026-03-09T07:44:28+00:00\",\"dateModified\":\"2026-04-14T03:40:51+00:00\",\"breadcrumb\":{\"@id\":\"https:\/\/www.legacyhoian.com\/vi\/accommodations\/2-bedroom-pool-villa\/#breadcrumb\"},\"inLanguage\":\"vi-VN\",\"potentialAction\":[{\"@type\":\"ReadAction\",\"target\":[\"https:\/\/www.legacyhoian.com\/vi\/accommodations\/2-bedroom-pool-villa\/\"]}]},{\"@type\":\"BreadcrumbList\",\"@id\":\"https:\/\/www.legacyhoian.com\/vi\/accommodations\/2-bedroom-pool-villa\/#breadcrumb\",\"itemListElement\":[{\"@type\":\"ListItem\",\"position\":1,\"name\":\"Home\",\"item\":\"https:\/\/www.legacyhoian.com\/vi\/\"},{\"@type\":\"ListItem\",\"position\":2,\"name\":\"Ph\u00f2ng ngh\u1ec9\",\"item\":\"https:\/\/www.legacyhoian.com\/vi\/accommodations\/\"},{\"@type\":\"ListItem\",\"position\":3,\"name\":\"2-Bedroom Pool Villa\"}]},{\"@type\":\"WebSite\",\"@id\":\"https:\/\/www.legacyhoian.com\/vi\/#website\",\"url\":\"https:\/\/www.legacyhoian.com\/vi\/\",\"name\":\"Legacy Hoi An Resort\",\"description\":\"\",\"potentialAction\":[{\"@type\":\"SearchAction\",\"target\":{\"@type\":\"EntryPoint\",\"urlTemplate\":\"https:\/\/www.legacyhoian.com\/vi\/?s={search_term_string}\"},\"query-input\":\"required name=search_term_string\"}],\"inLanguage\":\"vi-VN\"}]}<\/script>\n<!-- \/ Yoast SEO plugin. -->","yoast_head_json":{"title":"2-Bedroom Pool Villa | Legacy Hoi An Resort","robots":{"index":"index","follow":"follow","max-snippet":"max-snippet:-1","max-image-preview":"max-image-preview:large","max-video-preview":"max-video-preview:-1"},"canonical":"https:\/\/www.legacyhoian.com\/vi\/accommodations\/2-bedroom-pool-villa\/","og_locale":"vi_VN","og_type":"article","og_title":"2-Bedroom Pool Villa | Legacy Hoi An Resort","og_description":"\u1ed0c \u0111\u1ea3o bi\u1ec7t l\u1eadp cho ri\u00eang m\u00ecnh v\u1edbi h\u1ed3 b\u01a1i l\u00e0 \u0111i\u1ec3m nh\u1ea5n trung t\u00e2m t\u1ecfa ra hai c\u00e1nh ph\u00f2ng ng\u1ee7 ri\u00eang bi\u1ec7t h\u01b0\u1edbng v\u01b0\u1eddn c\u00e2y hoa r\u1ef1c r\u1ee1 b\u00ean m\u00e1i hi\u00ean thanh b\u00ecnh d\u00e0nh ri\u00eang cho b\u1ea1n. N\u00e9t tinh t\u1ebf t\u1eeb \u0111\u00e1 terrazo t\u00f4n l\u00ean v\u1ebb \u0111\u1eb9p c\u1ee7a ph\u00f2ng t\u1eafm l\u1edbn c\u00f9ng v\u1edbi b\u1ed3n [&hellip;]","og_url":"https:\/\/www.legacyhoian.com\/vi\/accommodations\/2-bedroom-pool-villa\/","og_site_name":"Legacy Hoi An Resort","article_modified_time":"2026-04-14T03:40:51+00:00","twitter_card":"summary_large_image","twitter_misc":{"Est. reading time":"1 minute"},"schema":{"@context":"https:\/\/schema.org","@graph":[{"@type":"WebPage","@id":"https:\/\/www.legacyhoian.com\/vi\/accommodations\/2-bedroom-pool-villa\/","url":"https:\/\/www.legacyhoian.com\/vi\/accommodations\/2-bedroom-pool-villa\/","name":"2-Bedroom Pool Villa | Legacy Hoi An Resort","isPartOf":{"@id":"https:\/\/www.legacyhoian.com\/vi\/#website"},"datePublished":"2026-03-09T07:44:28+00:00","dateModified":"2026-04-14T03:40:51+00:00","breadcrumb":{"@id":"https:\/\/www.legacyhoian.com\/vi\/accommodations\/2-bedroom-pool-villa\/#breadcrumb"},"inLanguage":"vi-VN","potentialAction":[{"@type":"ReadAction","target":["https:\/\/www.legacyhoian.com\/vi\/accommodations\/2-bedroom-pool-villa\/"]}]},{"@type":"BreadcrumbList","@id":"https:\/\/www.legacyhoian.com\/vi\/accommodations\/2-bedroom-pool-villa\/#breadcrumb","itemListElement":[{"@type":"ListItem","position":1,"name":"Home","item":"https:\/\/www.legacyhoian.com\/vi\/"},{"@type":"ListItem","position":2,"name":"Ph\u00f2ng ngh\u1ec9","item":"https:\/\/www.legacyhoian.com\/vi\/accommodations\/"},{"@type":"ListItem","position":3,"name":"2-Bedroom Pool Villa"}]},{"@type":"WebSite","@id":"https:\/\/www.legacyhoian.com\/vi\/#website","url":"https:\/\/www.legacyhoian.com\/vi\/","name":"Legacy Hoi An Resort","description":"","potentialAction":[{"@type":"SearchAction","target":{"@type":"EntryPoint","urlTemplate":"https:\/\/www.legacyhoian.com\/vi\/?s={search_term_string}"},"query-input":"required name=search_term_string"}],"inLanguage":"vi-VN"}]}},"acf":[],"_links":{"self":[{"href":"https:\/\/www.legacyhoian.com\/vi\/wp-json\/wp\/v2\/pages\/242"}],"collection":[{"href":"https:\/\/www.legacyhoian.com\/vi\/wp-json\/wp\/v2\/pages"}],"about":[{"href":"https:\/\/www.legacyhoian.com\/vi\/wp-json\/wp\/v2\/types\/page"}],"author":[{"embeddable":true,"href":"https:\/\/www.legacyhoian.com\/vi\/wp-json\/wp\/v2\/users\/90"}],"replies":[{"embeddable":true,"href":"https:\/\/www.legacyhoian.com\/vi\/wp-json\/wp\/v2\/comments?post=242"}],"version-history":[{"count":0,"href":"https:\/\/www.legacyhoian.com\/vi\/wp-json\/wp\/v2\/pages\/242\/revisions"}],"up":[{"embeddable":true,"href":"https:\/\/www.legacyhoian.com\/vi\/wp-json\/wp\/v2\/pages\/225"}],"wp:attachment":[{"href":"https:\/\/www.legacyhoian.com\/vi\/wp-json\/wp\/v2\/media?parent=242"}],"curies":[{"name":"wp","href":"https:\/\/api.w.org\/{rel}","templated":true}]}}