{"id":241,"date":"2026-03-09T07:43:03","date_gmt":"2026-03-09T07:43:03","guid":{"rendered":"https:\/\/legacyhoianresort.ms2.decms.asia\/accommodations\/family-deluxe-quart\/"},"modified":"2026-04-14T03:40:30","modified_gmt":"2026-04-14T03:40:30","slug":"family-deluxe-quart","status":"publish","type":"page","link":"https:\/\/www.legacyhoian.com\/vi\/accommodations\/family-deluxe-quart\/","title":{"rendered":"Family Deluxe Quart"},"content":{"rendered":"<p>Ch\u1ed1n r\u1ed9ng l\u1edbn cho s\u1ef1 tho\u1ea3i m\u00e1i gia \u0111\u00ecnh n\u01a1i tr\u00e0n ng\u1eadp \u00e1nh n\u1eafng v\u00e0ng, v\u00e0 \u00e1nh xanh t\u1eeb khu v\u01b0\u1eddn t\u1ef1a v\u00e0o m\u00e1i hi\u00ean. \u0110\u01b0\u1ee3c b\u00e0i tr\u00ed cho c\u1ea3 gia \u0111\u00ecnh v\u1edbi v\u00e1ch ng\u0103n khu v\u1ef1c gi\u01b0\u1eddng ngh\u1ec9 t\u1ea1o c\u1ea3m gi\u00e1c ti\u00eang t\u01b0 nh\u01b0ng h\u00e0i ho\u00e0i \u1ea5m c\u00fang \u0111\u1ec3 c\u00f9ng nhau t\u1eadn h\u01b0\u1edfng.<\/p>\n","protected":false},"excerpt":{"rendered":"<p>Ch\u1ed1n r\u1ed9ng l\u1edbn cho s\u1ef1 tho\u1ea3i m\u00e1i gia \u0111\u00ecnh n\u01a1i tr\u00e0n ng\u1eadp \u00e1nh n\u1eafng v\u00e0ng, v\u00e0 \u00e1nh xanh t\u1eeb khu v\u01b0\u1eddn t\u1ef1a v\u00e0o m\u00e1i hi\u00ean. \u0110\u01b0\u1ee3c b\u00e0i tr\u00ed cho c\u1ea3 gia \u0111\u00ecnh v\u1edbi v\u00e1ch ng\u0103n khu v\u1ef1c gi\u01b0\u1eddng ngh\u1ec9 t\u1ea1o c\u1ea3m gi\u00e1c ti\u00eang t\u01b0 nh\u01b0ng h\u00e0i ho\u00e0i \u1ea5m c\u00fang \u0111\u1ec3 c\u00f9ng nhau t\u1eadn h\u01b0\u1edfng.<\/p>\n","protected":false},"author":90,"featured_media":0,"parent":225,"menu_order":8,"comment_status":"closed","ping_status":"closed","template":"template-single-room.php","meta":{"footnotes":""},"yoast_head":"<!-- This site is optimized with the Yoast SEO plugin v22.3 - https:\/\/yoast.com\/wordpress\/plugins\/seo\/ -->\n<title>Family Deluxe Quart | Legacy Hoi An Resort<\/title>\n<meta name=\"robots\" content=\"index, follow, max-snippet:-1, max-image-preview:large, max-video-preview:-1\" \/>\n<link rel=\"canonical\" href=\"https:\/\/www.legacyhoian.com\/vi\/accommodations\/family-deluxe-quart\/\" \/>\n<meta property=\"og:locale\" content=\"vi_VN\" \/>\n<meta property=\"og:type\" content=\"article\" \/>\n<meta property=\"og:title\" content=\"Family Deluxe Quart | Legacy Hoi An Resort\" \/>\n<meta property=\"og:description\" content=\"Ch\u1ed1n r\u1ed9ng l\u1edbn cho s\u1ef1 tho\u1ea3i m\u00e1i gia \u0111\u00ecnh n\u01a1i tr\u00e0n ng\u1eadp \u00e1nh n\u1eafng v\u00e0ng, v\u00e0 \u00e1nh xanh t\u1eeb khu v\u01b0\u1eddn t\u1ef1a v\u00e0o m\u00e1i hi\u00ean. \u0110\u01b0\u1ee3c b\u00e0i tr\u00ed cho c\u1ea3 gia \u0111\u00ecnh v\u1edbi v\u00e1ch ng\u0103n khu v\u1ef1c gi\u01b0\u1eddng ngh\u1ec9 t\u1ea1o c\u1ea3m gi\u00e1c ti\u00eang t\u01b0 nh\u01b0ng h\u00e0i ho\u00e0i \u1ea5m c\u00fang \u0111\u1ec3 c\u00f9ng nhau t\u1eadn h\u01b0\u1edfng.\" \/>\n<meta property=\"og:url\" content=\"https:\/\/www.legacyhoian.com\/vi\/accommodations\/family-deluxe-quart\/\" \/>\n<meta property=\"og:site_name\" content=\"Legacy Hoi An Resort\" \/>\n<meta property=\"article:modified_time\" content=\"2026-04-14T03:40:30+00:00\" \/>\n<meta name=\"twitter:card\" content=\"summary_large_image\" \/>\n<meta name=\"twitter:label1\" content=\"Est. reading time\" \/>\n\t<meta name=\"twitter:data1\" content=\"1 minute\" \/>\n<script type=\"application\/ld+json\" class=\"yoast-schema-graph\">{\"@context\":\"https:\/\/schema.org\",\"@graph\":[{\"@type\":\"WebPage\",\"@id\":\"https:\/\/www.legacyhoian.com\/vi\/accommodations\/family-deluxe-quart\/\",\"url\":\"https:\/\/www.legacyhoian.com\/vi\/accommodations\/family-deluxe-quart\/\",\"name\":\"Family Deluxe Quart | Legacy Hoi An Resort\",\"isPartOf\":{\"@id\":\"https:\/\/www.legacyhoian.com\/vi\/#website\"},\"datePublished\":\"2026-03-09T07:43:03+00:00\",\"dateModified\":\"2026-04-14T03:40:30+00:00\",\"breadcrumb\":{\"@id\":\"https:\/\/www.legacyhoian.com\/vi\/accommodations\/family-deluxe-quart\/#breadcrumb\"},\"inLanguage\":\"vi-VN\",\"potentialAction\":[{\"@type\":\"ReadAction\",\"target\":[\"https:\/\/www.legacyhoian.com\/vi\/accommodations\/family-deluxe-quart\/\"]}]},{\"@type\":\"BreadcrumbList\",\"@id\":\"https:\/\/www.legacyhoian.com\/vi\/accommodations\/family-deluxe-quart\/#breadcrumb\",\"itemListElement\":[{\"@type\":\"ListItem\",\"position\":1,\"name\":\"Home\",\"item\":\"https:\/\/www.legacyhoian.com\/vi\/\"},{\"@type\":\"ListItem\",\"position\":2,\"name\":\"Ph\u00f2ng ngh\u1ec9\",\"item\":\"https:\/\/www.legacyhoian.com\/vi\/accommodations\/\"},{\"@type\":\"ListItem\",\"position\":3,\"name\":\"Family Deluxe Quart\"}]},{\"@type\":\"WebSite\",\"@id\":\"https:\/\/www.legacyhoian.com\/vi\/#website\",\"url\":\"https:\/\/www.legacyhoian.com\/vi\/\",\"name\":\"Legacy Hoi An Resort\",\"description\":\"\",\"potentialAction\":[{\"@type\":\"SearchAction\",\"target\":{\"@type\":\"EntryPoint\",\"urlTemplate\":\"https:\/\/www.legacyhoian.com\/vi\/?s={search_term_string}\"},\"query-input\":\"required name=search_term_string\"}],\"inLanguage\":\"vi-VN\"}]}<\/script>\n<!-- \/ Yoast SEO plugin. -->","yoast_head_json":{"title":"Family Deluxe Quart | Legacy Hoi An Resort","robots":{"index":"index","follow":"follow","max-snippet":"max-snippet:-1","max-image-preview":"max-image-preview:large","max-video-preview":"max-video-preview:-1"},"canonical":"https:\/\/www.legacyhoian.com\/vi\/accommodations\/family-deluxe-quart\/","og_locale":"vi_VN","og_type":"article","og_title":"Family Deluxe Quart | Legacy Hoi An Resort","og_description":"Ch\u1ed1n r\u1ed9ng l\u1edbn cho s\u1ef1 tho\u1ea3i m\u00e1i gia \u0111\u00ecnh n\u01a1i tr\u00e0n ng\u1eadp \u00e1nh n\u1eafng v\u00e0ng, v\u00e0 \u00e1nh xanh t\u1eeb khu v\u01b0\u1eddn t\u1ef1a v\u00e0o m\u00e1i hi\u00ean. \u0110\u01b0\u1ee3c b\u00e0i tr\u00ed cho c\u1ea3 gia \u0111\u00ecnh v\u1edbi v\u00e1ch ng\u0103n khu v\u1ef1c gi\u01b0\u1eddng ngh\u1ec9 t\u1ea1o c\u1ea3m gi\u00e1c ti\u00eang t\u01b0 nh\u01b0ng h\u00e0i ho\u00e0i \u1ea5m c\u00fang \u0111\u1ec3 c\u00f9ng nhau t\u1eadn h\u01b0\u1edfng.","og_url":"https:\/\/www.legacyhoian.com\/vi\/accommodations\/family-deluxe-quart\/","og_site_name":"Legacy Hoi An Resort","article_modified_time":"2026-04-14T03:40:30+00:00","twitter_card":"summary_large_image","twitter_misc":{"Est. reading time":"1 minute"},"schema":{"@context":"https:\/\/schema.org","@graph":[{"@type":"WebPage","@id":"https:\/\/www.legacyhoian.com\/vi\/accommodations\/family-deluxe-quart\/","url":"https:\/\/www.legacyhoian.com\/vi\/accommodations\/family-deluxe-quart\/","name":"Family Deluxe Quart | Legacy Hoi An Resort","isPartOf":{"@id":"https:\/\/www.legacyhoian.com\/vi\/#website"},"datePublished":"2026-03-09T07:43:03+00:00","dateModified":"2026-04-14T03:40:30+00:00","breadcrumb":{"@id":"https:\/\/www.legacyhoian.com\/vi\/accommodations\/family-deluxe-quart\/#breadcrumb"},"inLanguage":"vi-VN","potentialAction":[{"@type":"ReadAction","target":["https:\/\/www.legacyhoian.com\/vi\/accommodations\/family-deluxe-quart\/"]}]},{"@type":"BreadcrumbList","@id":"https:\/\/www.legacyhoian.com\/vi\/accommodations\/family-deluxe-quart\/#breadcrumb","itemListElement":[{"@type":"ListItem","position":1,"name":"Home","item":"https:\/\/www.legacyhoian.com\/vi\/"},{"@type":"ListItem","position":2,"name":"Ph\u00f2ng ngh\u1ec9","item":"https:\/\/www.legacyhoian.com\/vi\/accommodations\/"},{"@type":"ListItem","position":3,"name":"Family Deluxe Quart"}]},{"@type":"WebSite","@id":"https:\/\/www.legacyhoian.com\/vi\/#website","url":"https:\/\/www.legacyhoian.com\/vi\/","name":"Legacy Hoi An Resort","description":"","potentialAction":[{"@type":"SearchAction","target":{"@type":"EntryPoint","urlTemplate":"https:\/\/www.legacyhoian.com\/vi\/?s={search_term_string}"},"query-input":"required name=search_term_string"}],"inLanguage":"vi-VN"}]}},"acf":[],"_links":{"self":[{"href":"https:\/\/www.legacyhoian.com\/vi\/wp-json\/wp\/v2\/pages\/241"}],"collection":[{"href":"https:\/\/www.legacyhoian.com\/vi\/wp-json\/wp\/v2\/pages"}],"about":[{"href":"https:\/\/www.legacyhoian.com\/vi\/wp-json\/wp\/v2\/types\/page"}],"author":[{"embeddable":true,"href":"https:\/\/www.legacyhoian.com\/vi\/wp-json\/wp\/v2\/users\/90"}],"replies":[{"embeddable":true,"href":"https:\/\/www.legacyhoian.com\/vi\/wp-json\/wp\/v2\/comments?post=241"}],"version-history":[{"count":0,"href":"https:\/\/www.legacyhoian.com\/vi\/wp-json\/wp\/v2\/pages\/241\/revisions"}],"up":[{"embeddable":true,"href":"https:\/\/www.legacyhoian.com\/vi\/wp-json\/wp\/v2\/pages\/225"}],"wp:attachment":[{"href":"https:\/\/www.legacyhoian.com\/vi\/wp-json\/wp\/v2\/media?parent=241"}],"curies":[{"name":"wp","href":"https:\/\/api.w.org\/{rel}","templated":true}]}}