{"id":239,"date":"2026-03-09T07:37:15","date_gmt":"2026-03-09T07:37:15","guid":{"rendered":"https:\/\/legacyhoianresort.ms2.decms.asia\/accommodations\/family-deluxe-triple\/"},"modified":"2026-04-14T03:40:07","modified_gmt":"2026-04-14T03:40:07","slug":"family-deluxe-triple","status":"publish","type":"page","link":"https:\/\/www.legacyhoian.com\/vi\/accommodations\/family-deluxe-triple\/","title":{"rendered":"Family Deluxe Triple"},"content":{"rendered":"<p>Ch\u1edbm n\u1edf n\u00e9t Vi\u1ec7t t\u1ef1a b\u00ean thi\u00ean nhi\u00ean ngo\u00e0i khung c\u1eeda, c\u00e1c ph\u00f2ng nh\u1eb9 nh\u00e0ng \u0111\u01b0\u1ee3c chia th\u00e0nh hai gian gi\u1eefa c\u00e1c gi\u01b0\u1eddng v\u1eabn tr\u00e0n \u0111\u1ea7y n\u1eafng mai \u0111\u1ec3 \u0111\u1ea3m b\u1ea3o g\u00f3c ri\u00eang m\u1ed7i ng\u01b0\u1eddi m\u00e0 v\u1eabn h\u00e0i h\u00f2a th\u00f4ng su\u1ed1t c\u00f9ng nhau. M\u1ed9t n\u01a1i l\u00ed t\u01b0\u1edfng cho c\u00e1c gia \u0111\u00ecnh.<\/p>\n","protected":false},"excerpt":{"rendered":"<p>Ch\u1edbm n\u1edf n\u00e9t Vi\u1ec7t t\u1ef1a b\u00ean thi\u00ean nhi\u00ean ngo\u00e0i khung c\u1eeda, c\u00e1c ph\u00f2ng nh\u1eb9 nh\u00e0ng \u0111\u01b0\u1ee3c chia th\u00e0nh hai gian gi\u1eefa c\u00e1c gi\u01b0\u1eddng v\u1eabn tr\u00e0n \u0111\u1ea7y n\u1eafng mai \u0111\u1ec3 \u0111\u1ea3m b\u1ea3o g\u00f3c ri\u00eang m\u1ed7i ng\u01b0\u1eddi m\u00e0 v\u1eabn h\u00e0i h\u00f2a th\u00f4ng su\u1ed1t c\u00f9ng nhau. M\u1ed9t n\u01a1i l\u00ed t\u01b0\u1edfng cho c\u00e1c gia \u0111\u00ecnh.<\/p>\n","protected":false},"author":90,"featured_media":0,"parent":225,"menu_order":7,"comment_status":"closed","ping_status":"closed","template":"template-single-room.php","meta":{"footnotes":""},"yoast_head":"<!-- This site is optimized with the Yoast SEO plugin v22.3 - https:\/\/yoast.com\/wordpress\/plugins\/seo\/ -->\n<title>Family Deluxe Triple | Legacy Hoi An Resort<\/title>\n<meta name=\"robots\" content=\"index, follow, max-snippet:-1, max-image-preview:large, max-video-preview:-1\" \/>\n<link rel=\"canonical\" href=\"https:\/\/www.legacyhoian.com\/vi\/accommodations\/family-deluxe-triple\/\" \/>\n<meta property=\"og:locale\" content=\"vi_VN\" \/>\n<meta property=\"og:type\" content=\"article\" \/>\n<meta property=\"og:title\" content=\"Family Deluxe Triple | Legacy Hoi An Resort\" \/>\n<meta property=\"og:description\" content=\"Ch\u1edbm n\u1edf n\u00e9t Vi\u1ec7t t\u1ef1a b\u00ean thi\u00ean nhi\u00ean ngo\u00e0i khung c\u1eeda, c\u00e1c ph\u00f2ng nh\u1eb9 nh\u00e0ng \u0111\u01b0\u1ee3c chia th\u00e0nh hai gian gi\u1eefa c\u00e1c gi\u01b0\u1eddng v\u1eabn tr\u00e0n \u0111\u1ea7y n\u1eafng mai \u0111\u1ec3 \u0111\u1ea3m b\u1ea3o g\u00f3c ri\u00eang m\u1ed7i ng\u01b0\u1eddi m\u00e0 v\u1eabn h\u00e0i h\u00f2a th\u00f4ng su\u1ed1t c\u00f9ng nhau. M\u1ed9t n\u01a1i l\u00ed t\u01b0\u1edfng cho c\u00e1c gia \u0111\u00ecnh.\" \/>\n<meta property=\"og:url\" content=\"https:\/\/www.legacyhoian.com\/vi\/accommodations\/family-deluxe-triple\/\" \/>\n<meta property=\"og:site_name\" content=\"Legacy Hoi An Resort\" \/>\n<meta property=\"article:modified_time\" content=\"2026-04-14T03:40:07+00:00\" \/>\n<meta name=\"twitter:card\" content=\"summary_large_image\" \/>\n<meta name=\"twitter:label1\" content=\"Est. reading time\" \/>\n\t<meta name=\"twitter:data1\" content=\"1 minute\" \/>\n<script type=\"application\/ld+json\" class=\"yoast-schema-graph\">{\"@context\":\"https:\/\/schema.org\",\"@graph\":[{\"@type\":\"WebPage\",\"@id\":\"https:\/\/www.legacyhoian.com\/vi\/accommodations\/family-deluxe-triple\/\",\"url\":\"https:\/\/www.legacyhoian.com\/vi\/accommodations\/family-deluxe-triple\/\",\"name\":\"Family Deluxe Triple | Legacy Hoi An Resort\",\"isPartOf\":{\"@id\":\"https:\/\/www.legacyhoian.com\/vi\/#website\"},\"datePublished\":\"2026-03-09T07:37:15+00:00\",\"dateModified\":\"2026-04-14T03:40:07+00:00\",\"breadcrumb\":{\"@id\":\"https:\/\/www.legacyhoian.com\/vi\/accommodations\/family-deluxe-triple\/#breadcrumb\"},\"inLanguage\":\"vi-VN\",\"potentialAction\":[{\"@type\":\"ReadAction\",\"target\":[\"https:\/\/www.legacyhoian.com\/vi\/accommodations\/family-deluxe-triple\/\"]}]},{\"@type\":\"BreadcrumbList\",\"@id\":\"https:\/\/www.legacyhoian.com\/vi\/accommodations\/family-deluxe-triple\/#breadcrumb\",\"itemListElement\":[{\"@type\":\"ListItem\",\"position\":1,\"name\":\"Home\",\"item\":\"https:\/\/www.legacyhoian.com\/vi\/\"},{\"@type\":\"ListItem\",\"position\":2,\"name\":\"Ph\u00f2ng ngh\u1ec9\",\"item\":\"https:\/\/www.legacyhoian.com\/vi\/accommodations\/\"},{\"@type\":\"ListItem\",\"position\":3,\"name\":\"Family Deluxe Triple\"}]},{\"@type\":\"WebSite\",\"@id\":\"https:\/\/www.legacyhoian.com\/vi\/#website\",\"url\":\"https:\/\/www.legacyhoian.com\/vi\/\",\"name\":\"Legacy Hoi An Resort\",\"description\":\"\",\"potentialAction\":[{\"@type\":\"SearchAction\",\"target\":{\"@type\":\"EntryPoint\",\"urlTemplate\":\"https:\/\/www.legacyhoian.com\/vi\/?s={search_term_string}\"},\"query-input\":\"required name=search_term_string\"}],\"inLanguage\":\"vi-VN\"}]}<\/script>\n<!-- \/ Yoast SEO plugin. -->","yoast_head_json":{"title":"Family Deluxe Triple | Legacy Hoi An Resort","robots":{"index":"index","follow":"follow","max-snippet":"max-snippet:-1","max-image-preview":"max-image-preview:large","max-video-preview":"max-video-preview:-1"},"canonical":"https:\/\/www.legacyhoian.com\/vi\/accommodations\/family-deluxe-triple\/","og_locale":"vi_VN","og_type":"article","og_title":"Family Deluxe Triple | Legacy Hoi An Resort","og_description":"Ch\u1edbm n\u1edf n\u00e9t Vi\u1ec7t t\u1ef1a b\u00ean thi\u00ean nhi\u00ean ngo\u00e0i khung c\u1eeda, c\u00e1c ph\u00f2ng nh\u1eb9 nh\u00e0ng \u0111\u01b0\u1ee3c chia th\u00e0nh hai gian gi\u1eefa c\u00e1c gi\u01b0\u1eddng v\u1eabn tr\u00e0n \u0111\u1ea7y n\u1eafng mai \u0111\u1ec3 \u0111\u1ea3m b\u1ea3o g\u00f3c ri\u00eang m\u1ed7i ng\u01b0\u1eddi m\u00e0 v\u1eabn h\u00e0i h\u00f2a th\u00f4ng su\u1ed1t c\u00f9ng nhau. M\u1ed9t n\u01a1i l\u00ed t\u01b0\u1edfng cho c\u00e1c gia \u0111\u00ecnh.","og_url":"https:\/\/www.legacyhoian.com\/vi\/accommodations\/family-deluxe-triple\/","og_site_name":"Legacy Hoi An Resort","article_modified_time":"2026-04-14T03:40:07+00:00","twitter_card":"summary_large_image","twitter_misc":{"Est. reading time":"1 minute"},"schema":{"@context":"https:\/\/schema.org","@graph":[{"@type":"WebPage","@id":"https:\/\/www.legacyhoian.com\/vi\/accommodations\/family-deluxe-triple\/","url":"https:\/\/www.legacyhoian.com\/vi\/accommodations\/family-deluxe-triple\/","name":"Family Deluxe Triple | Legacy Hoi An Resort","isPartOf":{"@id":"https:\/\/www.legacyhoian.com\/vi\/#website"},"datePublished":"2026-03-09T07:37:15+00:00","dateModified":"2026-04-14T03:40:07+00:00","breadcrumb":{"@id":"https:\/\/www.legacyhoian.com\/vi\/accommodations\/family-deluxe-triple\/#breadcrumb"},"inLanguage":"vi-VN","potentialAction":[{"@type":"ReadAction","target":["https:\/\/www.legacyhoian.com\/vi\/accommodations\/family-deluxe-triple\/"]}]},{"@type":"BreadcrumbList","@id":"https:\/\/www.legacyhoian.com\/vi\/accommodations\/family-deluxe-triple\/#breadcrumb","itemListElement":[{"@type":"ListItem","position":1,"name":"Home","item":"https:\/\/www.legacyhoian.com\/vi\/"},{"@type":"ListItem","position":2,"name":"Ph\u00f2ng ngh\u1ec9","item":"https:\/\/www.legacyhoian.com\/vi\/accommodations\/"},{"@type":"ListItem","position":3,"name":"Family Deluxe Triple"}]},{"@type":"WebSite","@id":"https:\/\/www.legacyhoian.com\/vi\/#website","url":"https:\/\/www.legacyhoian.com\/vi\/","name":"Legacy Hoi An Resort","description":"","potentialAction":[{"@type":"SearchAction","target":{"@type":"EntryPoint","urlTemplate":"https:\/\/www.legacyhoian.com\/vi\/?s={search_term_string}"},"query-input":"required name=search_term_string"}],"inLanguage":"vi-VN"}]}},"acf":[],"_links":{"self":[{"href":"https:\/\/www.legacyhoian.com\/vi\/wp-json\/wp\/v2\/pages\/239"}],"collection":[{"href":"https:\/\/www.legacyhoian.com\/vi\/wp-json\/wp\/v2\/pages"}],"about":[{"href":"https:\/\/www.legacyhoian.com\/vi\/wp-json\/wp\/v2\/types\/page"}],"author":[{"embeddable":true,"href":"https:\/\/www.legacyhoian.com\/vi\/wp-json\/wp\/v2\/users\/90"}],"replies":[{"embeddable":true,"href":"https:\/\/www.legacyhoian.com\/vi\/wp-json\/wp\/v2\/comments?post=239"}],"version-history":[{"count":0,"href":"https:\/\/www.legacyhoian.com\/vi\/wp-json\/wp\/v2\/pages\/239\/revisions"}],"up":[{"embeddable":true,"href":"https:\/\/www.legacyhoian.com\/vi\/wp-json\/wp\/v2\/pages\/225"}],"wp:attachment":[{"href":"https:\/\/www.legacyhoian.com\/vi\/wp-json\/wp\/v2\/media?parent=239"}],"curies":[{"name":"wp","href":"https:\/\/api.w.org\/{rel}","templated":true}]}}