{"id":238,"date":"2026-03-09T07:34:21","date_gmt":"2026-03-09T07:34:21","guid":{"rendered":"https:\/\/legacyhoianresort.ms2.decms.asia\/accommodations\/palm-view-villa\/"},"modified":"2026-04-14T03:39:43","modified_gmt":"2026-04-14T03:39:43","slug":"palm-view-villa","status":"publish","type":"page","link":"https:\/\/www.legacyhoian.com\/vi\/accommodations\/palm-view-villa\/","title":{"rendered":"Palm View Villa"},"content":{"rendered":"<p>X\u1ebfp g\u1ecdn trong c\u00e1c bi\u1ec7t th\u1ef1 nh\u1ecf d\u1ecdc con \u0111\u01b0\u1eddng d\u1eabn ng\u1eadp tr\u00e0n s\u1eafc xanh h\u01b0\u1edbng v\u1ec1 v\u01b0\u1eddn c\u1ecd v\u00e0 c\u00e1nh \u0111\u1ed3ng l\u00faa, l\u1ef1a ch\u1ecdn c\u00e1c ph\u00f2ng t\u1ea7ng Tr\u1ec7t \u0111\u1ec3 \u0111\u1eafm m\u00ecnh trong khu v\u01b0\u1eddn thi\u00ean nhi\u00ean ho\u1eb7c g\u00e1c tr\u00ean \u0111\u1ec3 \u0111\u1ebfn n\u01a1i ng\u1eafm ho\u00e0ng h\u00f4n tuy\u1ec7t m\u1ef9 b\u00ean gh\u1ebf th\u01b0 gi\u00e3n. Tinh t\u1ebf th\u00fa v\u1ecb v\u1edbi s\u1ef1 tho\u1ea3i m\u00e1i t\u1eeb gi\u01b0\u1eddng \u00eam \u00e1i, ph\u00f2ng t\u1eafm ti\u1ec7n nghi h\u00f2a quy\u1ec7n c\u00f9ng c\u00e1c chi ti\u1ebft g\u1ed7 m\u1ed9c m\u1ea1c.<\/p>\n","protected":false},"excerpt":{"rendered":"<p>X\u1ebfp g\u1ecdn trong c\u00e1c bi\u1ec7t th\u1ef1 nh\u1ecf d\u1ecdc con \u0111\u01b0\u1eddng d\u1eabn ng\u1eadp tr\u00e0n s\u1eafc xanh h\u01b0\u1edbng v\u1ec1 v\u01b0\u1eddn c\u1ecd v\u00e0 c\u00e1nh \u0111\u1ed3ng l\u00faa, l\u1ef1a ch\u1ecdn c\u00e1c ph\u00f2ng t\u1ea7ng Tr\u1ec7t \u0111\u1ec3 \u0111\u1eafm m\u00ecnh trong khu v\u01b0\u1eddn thi\u00ean nhi\u00ean ho\u1eb7c g\u00e1c tr\u00ean \u0111\u1ec3 \u0111\u1ebfn n\u01a1i ng\u1eafm ho\u00e0ng h\u00f4n tuy\u1ec7t m\u1ef9 b\u00ean gh\u1ebf th\u01b0 gi\u00e3n. Tinh t\u1ebf th\u00fa [&hellip;]<\/p>\n","protected":false},"author":90,"featured_media":0,"parent":225,"menu_order":6,"comment_status":"closed","ping_status":"closed","template":"template-single-room.php","meta":{"footnotes":""},"yoast_head":"<!-- This site is optimized with the Yoast SEO plugin v22.3 - https:\/\/yoast.com\/wordpress\/plugins\/seo\/ -->\n<title>Palm View Villa | Legacy Hoi An Resort<\/title>\n<meta name=\"robots\" content=\"index, follow, max-snippet:-1, max-image-preview:large, max-video-preview:-1\" \/>\n<link rel=\"canonical\" href=\"https:\/\/www.legacyhoian.com\/vi\/accommodations\/palm-view-villa\/\" \/>\n<meta property=\"og:locale\" content=\"vi_VN\" \/>\n<meta property=\"og:type\" content=\"article\" \/>\n<meta property=\"og:title\" content=\"Palm View Villa | Legacy Hoi An Resort\" \/>\n<meta property=\"og:description\" content=\"X\u1ebfp g\u1ecdn trong c\u00e1c bi\u1ec7t th\u1ef1 nh\u1ecf d\u1ecdc con \u0111\u01b0\u1eddng d\u1eabn ng\u1eadp tr\u00e0n s\u1eafc xanh h\u01b0\u1edbng v\u1ec1 v\u01b0\u1eddn c\u1ecd v\u00e0 c\u00e1nh \u0111\u1ed3ng l\u00faa, l\u1ef1a ch\u1ecdn c\u00e1c ph\u00f2ng t\u1ea7ng Tr\u1ec7t \u0111\u1ec3 \u0111\u1eafm m\u00ecnh trong khu v\u01b0\u1eddn thi\u00ean nhi\u00ean ho\u1eb7c g\u00e1c tr\u00ean \u0111\u1ec3 \u0111\u1ebfn n\u01a1i ng\u1eafm ho\u00e0ng h\u00f4n tuy\u1ec7t m\u1ef9 b\u00ean gh\u1ebf th\u01b0 gi\u00e3n. Tinh t\u1ebf th\u00fa [&hellip;]\" \/>\n<meta property=\"og:url\" content=\"https:\/\/www.legacyhoian.com\/vi\/accommodations\/palm-view-villa\/\" \/>\n<meta property=\"og:site_name\" content=\"Legacy Hoi An Resort\" \/>\n<meta property=\"article:modified_time\" content=\"2026-04-14T03:39:43+00:00\" \/>\n<meta name=\"twitter:card\" content=\"summary_large_image\" \/>\n<meta name=\"twitter:label1\" content=\"Est. reading time\" \/>\n\t<meta name=\"twitter:data1\" content=\"1 minute\" \/>\n<script type=\"application\/ld+json\" class=\"yoast-schema-graph\">{\"@context\":\"https:\/\/schema.org\",\"@graph\":[{\"@type\":\"WebPage\",\"@id\":\"https:\/\/www.legacyhoian.com\/vi\/accommodations\/palm-view-villa\/\",\"url\":\"https:\/\/www.legacyhoian.com\/vi\/accommodations\/palm-view-villa\/\",\"name\":\"Palm View Villa | Legacy Hoi An Resort\",\"isPartOf\":{\"@id\":\"https:\/\/www.legacyhoian.com\/vi\/#website\"},\"datePublished\":\"2026-03-09T07:34:21+00:00\",\"dateModified\":\"2026-04-14T03:39:43+00:00\",\"breadcrumb\":{\"@id\":\"https:\/\/www.legacyhoian.com\/vi\/accommodations\/palm-view-villa\/#breadcrumb\"},\"inLanguage\":\"vi-VN\",\"potentialAction\":[{\"@type\":\"ReadAction\",\"target\":[\"https:\/\/www.legacyhoian.com\/vi\/accommodations\/palm-view-villa\/\"]}]},{\"@type\":\"BreadcrumbList\",\"@id\":\"https:\/\/www.legacyhoian.com\/vi\/accommodations\/palm-view-villa\/#breadcrumb\",\"itemListElement\":[{\"@type\":\"ListItem\",\"position\":1,\"name\":\"Home\",\"item\":\"https:\/\/www.legacyhoian.com\/vi\/\"},{\"@type\":\"ListItem\",\"position\":2,\"name\":\"Ph\u00f2ng ngh\u1ec9\",\"item\":\"https:\/\/www.legacyhoian.com\/vi\/accommodations\/\"},{\"@type\":\"ListItem\",\"position\":3,\"name\":\"Palm View Villa\"}]},{\"@type\":\"WebSite\",\"@id\":\"https:\/\/www.legacyhoian.com\/vi\/#website\",\"url\":\"https:\/\/www.legacyhoian.com\/vi\/\",\"name\":\"Legacy Hoi An Resort\",\"description\":\"\",\"potentialAction\":[{\"@type\":\"SearchAction\",\"target\":{\"@type\":\"EntryPoint\",\"urlTemplate\":\"https:\/\/www.legacyhoian.com\/vi\/?s={search_term_string}\"},\"query-input\":\"required name=search_term_string\"}],\"inLanguage\":\"vi-VN\"}]}<\/script>\n<!-- \/ Yoast SEO plugin. -->","yoast_head_json":{"title":"Palm View Villa | Legacy Hoi An Resort","robots":{"index":"index","follow":"follow","max-snippet":"max-snippet:-1","max-image-preview":"max-image-preview:large","max-video-preview":"max-video-preview:-1"},"canonical":"https:\/\/www.legacyhoian.com\/vi\/accommodations\/palm-view-villa\/","og_locale":"vi_VN","og_type":"article","og_title":"Palm View Villa | Legacy Hoi An Resort","og_description":"X\u1ebfp g\u1ecdn trong c\u00e1c bi\u1ec7t th\u1ef1 nh\u1ecf d\u1ecdc con \u0111\u01b0\u1eddng d\u1eabn ng\u1eadp tr\u00e0n s\u1eafc xanh h\u01b0\u1edbng v\u1ec1 v\u01b0\u1eddn c\u1ecd v\u00e0 c\u00e1nh \u0111\u1ed3ng l\u00faa, l\u1ef1a ch\u1ecdn c\u00e1c ph\u00f2ng t\u1ea7ng Tr\u1ec7t \u0111\u1ec3 \u0111\u1eafm m\u00ecnh trong khu v\u01b0\u1eddn thi\u00ean nhi\u00ean ho\u1eb7c g\u00e1c tr\u00ean \u0111\u1ec3 \u0111\u1ebfn n\u01a1i ng\u1eafm ho\u00e0ng h\u00f4n tuy\u1ec7t m\u1ef9 b\u00ean gh\u1ebf th\u01b0 gi\u00e3n. Tinh t\u1ebf th\u00fa [&hellip;]","og_url":"https:\/\/www.legacyhoian.com\/vi\/accommodations\/palm-view-villa\/","og_site_name":"Legacy Hoi An Resort","article_modified_time":"2026-04-14T03:39:43+00:00","twitter_card":"summary_large_image","twitter_misc":{"Est. reading time":"1 minute"},"schema":{"@context":"https:\/\/schema.org","@graph":[{"@type":"WebPage","@id":"https:\/\/www.legacyhoian.com\/vi\/accommodations\/palm-view-villa\/","url":"https:\/\/www.legacyhoian.com\/vi\/accommodations\/palm-view-villa\/","name":"Palm View Villa | Legacy Hoi An Resort","isPartOf":{"@id":"https:\/\/www.legacyhoian.com\/vi\/#website"},"datePublished":"2026-03-09T07:34:21+00:00","dateModified":"2026-04-14T03:39:43+00:00","breadcrumb":{"@id":"https:\/\/www.legacyhoian.com\/vi\/accommodations\/palm-view-villa\/#breadcrumb"},"inLanguage":"vi-VN","potentialAction":[{"@type":"ReadAction","target":["https:\/\/www.legacyhoian.com\/vi\/accommodations\/palm-view-villa\/"]}]},{"@type":"BreadcrumbList","@id":"https:\/\/www.legacyhoian.com\/vi\/accommodations\/palm-view-villa\/#breadcrumb","itemListElement":[{"@type":"ListItem","position":1,"name":"Home","item":"https:\/\/www.legacyhoian.com\/vi\/"},{"@type":"ListItem","position":2,"name":"Ph\u00f2ng ngh\u1ec9","item":"https:\/\/www.legacyhoian.com\/vi\/accommodations\/"},{"@type":"ListItem","position":3,"name":"Palm View Villa"}]},{"@type":"WebSite","@id":"https:\/\/www.legacyhoian.com\/vi\/#website","url":"https:\/\/www.legacyhoian.com\/vi\/","name":"Legacy Hoi An Resort","description":"","potentialAction":[{"@type":"SearchAction","target":{"@type":"EntryPoint","urlTemplate":"https:\/\/www.legacyhoian.com\/vi\/?s={search_term_string}"},"query-input":"required name=search_term_string"}],"inLanguage":"vi-VN"}]}},"acf":[],"_links":{"self":[{"href":"https:\/\/www.legacyhoian.com\/vi\/wp-json\/wp\/v2\/pages\/238"}],"collection":[{"href":"https:\/\/www.legacyhoian.com\/vi\/wp-json\/wp\/v2\/pages"}],"about":[{"href":"https:\/\/www.legacyhoian.com\/vi\/wp-json\/wp\/v2\/types\/page"}],"author":[{"embeddable":true,"href":"https:\/\/www.legacyhoian.com\/vi\/wp-json\/wp\/v2\/users\/90"}],"replies":[{"embeddable":true,"href":"https:\/\/www.legacyhoian.com\/vi\/wp-json\/wp\/v2\/comments?post=238"}],"version-history":[{"count":0,"href":"https:\/\/www.legacyhoian.com\/vi\/wp-json\/wp\/v2\/pages\/238\/revisions"}],"up":[{"embeddable":true,"href":"https:\/\/www.legacyhoian.com\/vi\/wp-json\/wp\/v2\/pages\/225"}],"wp:attachment":[{"href":"https:\/\/www.legacyhoian.com\/vi\/wp-json\/wp\/v2\/media?parent=238"}],"curies":[{"name":"wp","href":"https:\/\/api.w.org\/{rel}","templated":true}]}}