{"id":236,"date":"2026-03-09T07:30:53","date_gmt":"2026-03-09T07:30:53","guid":{"rendered":"https:\/\/legacyhoianresort.ms2.decms.asia\/accommodations\/junior-suite\/"},"modified":"2026-04-14T03:39:01","modified_gmt":"2026-04-14T03:39:01","slug":"junior-suite","status":"publish","type":"page","link":"https:\/\/www.legacyhoian.com\/vi\/accommodations\/junior-suite\/","title":{"rendered":"Junior Suite"},"content":{"rendered":"<p>Ch\u1ed1n ngh\u1ec9 d\u01b0\u1ee1ng \u0111\u00edch th\u1ef1c v\u1edbi khu v\u01b0\u1eddn truy\u1ec1n th\u1ed1ng v\u00e0 ph\u00f2ng kh\u00e1ch ri\u00eang bi\u1ec7t h\u01b0\u1edbng v\u1ebf t\u00e1n c\u00e2y xanh ng\u00e1t \u0111\u1ec3 ng\u1eafm nh\u00ecn, v\u1edbi gi\u01b0\u1eddng c\u1ee1 Queen \u00eam \u00e1i v\u00e0 y\u00ean t\u0129nh, c\u0169ng nh\u01b0 ph\u00f2ng t\u1eafm r\u1ed9ng r\u00e3i v\u1edbi b\u1ed3n r\u1eeda m\u1eb7t \u0111\u00f4i v\u00e0 b\u1ed3n t\u1eafm.<\/p>\n","protected":false},"excerpt":{"rendered":"<p>Ch\u1ed1n ngh\u1ec9 d\u01b0\u1ee1ng \u0111\u00edch th\u1ef1c v\u1edbi khu v\u01b0\u1eddn truy\u1ec1n th\u1ed1ng v\u00e0 ph\u00f2ng kh\u00e1ch ri\u00eang bi\u1ec7t h\u01b0\u1edbng v\u1ebf t\u00e1n c\u00e2y xanh ng\u00e1t \u0111\u1ec3 ng\u1eafm nh\u00ecn, v\u1edbi gi\u01b0\u1eddng c\u1ee1 Queen \u00eam \u00e1i v\u00e0 y\u00ean t\u0129nh, c\u0169ng nh\u01b0 ph\u00f2ng t\u1eafm r\u1ed9ng r\u00e3i v\u1edbi b\u1ed3n r\u1eeda m\u1eb7t \u0111\u00f4i v\u00e0 b\u1ed3n t\u1eafm.<\/p>\n","protected":false},"author":90,"featured_media":0,"parent":225,"menu_order":5,"comment_status":"closed","ping_status":"closed","template":"template-single-room.php","meta":{"footnotes":""},"yoast_head":"<!-- This site is optimized with the Yoast SEO plugin v22.3 - https:\/\/yoast.com\/wordpress\/plugins\/seo\/ -->\n<title>Junior Suite | Legacy Hoi An Resort<\/title>\n<meta name=\"robots\" content=\"index, follow, max-snippet:-1, max-image-preview:large, max-video-preview:-1\" \/>\n<link rel=\"canonical\" href=\"https:\/\/www.legacyhoian.com\/vi\/accommodations\/junior-suite\/\" \/>\n<meta property=\"og:locale\" content=\"vi_VN\" \/>\n<meta property=\"og:type\" content=\"article\" \/>\n<meta property=\"og:title\" content=\"Junior Suite | Legacy Hoi An Resort\" \/>\n<meta property=\"og:description\" content=\"Ch\u1ed1n ngh\u1ec9 d\u01b0\u1ee1ng \u0111\u00edch th\u1ef1c v\u1edbi khu v\u01b0\u1eddn truy\u1ec1n th\u1ed1ng v\u00e0 ph\u00f2ng kh\u00e1ch ri\u00eang bi\u1ec7t h\u01b0\u1edbng v\u1ebf t\u00e1n c\u00e2y xanh ng\u00e1t \u0111\u1ec3 ng\u1eafm nh\u00ecn, v\u1edbi gi\u01b0\u1eddng c\u1ee1 Queen \u00eam \u00e1i v\u00e0 y\u00ean t\u0129nh, c\u0169ng nh\u01b0 ph\u00f2ng t\u1eafm r\u1ed9ng r\u00e3i v\u1edbi b\u1ed3n r\u1eeda m\u1eb7t \u0111\u00f4i v\u00e0 b\u1ed3n t\u1eafm.\" \/>\n<meta property=\"og:url\" content=\"https:\/\/www.legacyhoian.com\/vi\/accommodations\/junior-suite\/\" \/>\n<meta property=\"og:site_name\" content=\"Legacy Hoi An Resort\" \/>\n<meta property=\"article:modified_time\" content=\"2026-04-14T03:39:01+00:00\" \/>\n<meta name=\"twitter:card\" content=\"summary_large_image\" \/>\n<meta name=\"twitter:label1\" content=\"Est. reading time\" \/>\n\t<meta name=\"twitter:data1\" content=\"1 minute\" \/>\n<script type=\"application\/ld+json\" class=\"yoast-schema-graph\">{\"@context\":\"https:\/\/schema.org\",\"@graph\":[{\"@type\":\"WebPage\",\"@id\":\"https:\/\/www.legacyhoian.com\/vi\/accommodations\/junior-suite\/\",\"url\":\"https:\/\/www.legacyhoian.com\/vi\/accommodations\/junior-suite\/\",\"name\":\"Junior Suite | Legacy Hoi An Resort\",\"isPartOf\":{\"@id\":\"https:\/\/www.legacyhoian.com\/vi\/#website\"},\"datePublished\":\"2026-03-09T07:30:53+00:00\",\"dateModified\":\"2026-04-14T03:39:01+00:00\",\"breadcrumb\":{\"@id\":\"https:\/\/www.legacyhoian.com\/vi\/accommodations\/junior-suite\/#breadcrumb\"},\"inLanguage\":\"vi-VN\",\"potentialAction\":[{\"@type\":\"ReadAction\",\"target\":[\"https:\/\/www.legacyhoian.com\/vi\/accommodations\/junior-suite\/\"]}]},{\"@type\":\"BreadcrumbList\",\"@id\":\"https:\/\/www.legacyhoian.com\/vi\/accommodations\/junior-suite\/#breadcrumb\",\"itemListElement\":[{\"@type\":\"ListItem\",\"position\":1,\"name\":\"Home\",\"item\":\"https:\/\/www.legacyhoian.com\/vi\/\"},{\"@type\":\"ListItem\",\"position\":2,\"name\":\"Ph\u00f2ng ngh\u1ec9\",\"item\":\"https:\/\/www.legacyhoian.com\/vi\/accommodations\/\"},{\"@type\":\"ListItem\",\"position\":3,\"name\":\"Junior Suite\"}]},{\"@type\":\"WebSite\",\"@id\":\"https:\/\/www.legacyhoian.com\/vi\/#website\",\"url\":\"https:\/\/www.legacyhoian.com\/vi\/\",\"name\":\"Legacy Hoi An Resort\",\"description\":\"\",\"potentialAction\":[{\"@type\":\"SearchAction\",\"target\":{\"@type\":\"EntryPoint\",\"urlTemplate\":\"https:\/\/www.legacyhoian.com\/vi\/?s={search_term_string}\"},\"query-input\":\"required name=search_term_string\"}],\"inLanguage\":\"vi-VN\"}]}<\/script>\n<!-- \/ Yoast SEO plugin. -->","yoast_head_json":{"title":"Junior Suite | Legacy Hoi An Resort","robots":{"index":"index","follow":"follow","max-snippet":"max-snippet:-1","max-image-preview":"max-image-preview:large","max-video-preview":"max-video-preview:-1"},"canonical":"https:\/\/www.legacyhoian.com\/vi\/accommodations\/junior-suite\/","og_locale":"vi_VN","og_type":"article","og_title":"Junior Suite | Legacy Hoi An Resort","og_description":"Ch\u1ed1n ngh\u1ec9 d\u01b0\u1ee1ng \u0111\u00edch th\u1ef1c v\u1edbi khu v\u01b0\u1eddn truy\u1ec1n th\u1ed1ng v\u00e0 ph\u00f2ng kh\u00e1ch ri\u00eang bi\u1ec7t h\u01b0\u1edbng v\u1ebf t\u00e1n c\u00e2y xanh ng\u00e1t \u0111\u1ec3 ng\u1eafm nh\u00ecn, v\u1edbi gi\u01b0\u1eddng c\u1ee1 Queen \u00eam \u00e1i v\u00e0 y\u00ean t\u0129nh, c\u0169ng nh\u01b0 ph\u00f2ng t\u1eafm r\u1ed9ng r\u00e3i v\u1edbi b\u1ed3n r\u1eeda m\u1eb7t \u0111\u00f4i v\u00e0 b\u1ed3n t\u1eafm.","og_url":"https:\/\/www.legacyhoian.com\/vi\/accommodations\/junior-suite\/","og_site_name":"Legacy Hoi An Resort","article_modified_time":"2026-04-14T03:39:01+00:00","twitter_card":"summary_large_image","twitter_misc":{"Est. reading time":"1 minute"},"schema":{"@context":"https:\/\/schema.org","@graph":[{"@type":"WebPage","@id":"https:\/\/www.legacyhoian.com\/vi\/accommodations\/junior-suite\/","url":"https:\/\/www.legacyhoian.com\/vi\/accommodations\/junior-suite\/","name":"Junior Suite | Legacy Hoi An Resort","isPartOf":{"@id":"https:\/\/www.legacyhoian.com\/vi\/#website"},"datePublished":"2026-03-09T07:30:53+00:00","dateModified":"2026-04-14T03:39:01+00:00","breadcrumb":{"@id":"https:\/\/www.legacyhoian.com\/vi\/accommodations\/junior-suite\/#breadcrumb"},"inLanguage":"vi-VN","potentialAction":[{"@type":"ReadAction","target":["https:\/\/www.legacyhoian.com\/vi\/accommodations\/junior-suite\/"]}]},{"@type":"BreadcrumbList","@id":"https:\/\/www.legacyhoian.com\/vi\/accommodations\/junior-suite\/#breadcrumb","itemListElement":[{"@type":"ListItem","position":1,"name":"Home","item":"https:\/\/www.legacyhoian.com\/vi\/"},{"@type":"ListItem","position":2,"name":"Ph\u00f2ng ngh\u1ec9","item":"https:\/\/www.legacyhoian.com\/vi\/accommodations\/"},{"@type":"ListItem","position":3,"name":"Junior Suite"}]},{"@type":"WebSite","@id":"https:\/\/www.legacyhoian.com\/vi\/#website","url":"https:\/\/www.legacyhoian.com\/vi\/","name":"Legacy Hoi An Resort","description":"","potentialAction":[{"@type":"SearchAction","target":{"@type":"EntryPoint","urlTemplate":"https:\/\/www.legacyhoian.com\/vi\/?s={search_term_string}"},"query-input":"required name=search_term_string"}],"inLanguage":"vi-VN"}]}},"acf":[],"_links":{"self":[{"href":"https:\/\/www.legacyhoian.com\/vi\/wp-json\/wp\/v2\/pages\/236"}],"collection":[{"href":"https:\/\/www.legacyhoian.com\/vi\/wp-json\/wp\/v2\/pages"}],"about":[{"href":"https:\/\/www.legacyhoian.com\/vi\/wp-json\/wp\/v2\/types\/page"}],"author":[{"embeddable":true,"href":"https:\/\/www.legacyhoian.com\/vi\/wp-json\/wp\/v2\/users\/90"}],"replies":[{"embeddable":true,"href":"https:\/\/www.legacyhoian.com\/vi\/wp-json\/wp\/v2\/comments?post=236"}],"version-history":[{"count":0,"href":"https:\/\/www.legacyhoian.com\/vi\/wp-json\/wp\/v2\/pages\/236\/revisions"}],"up":[{"embeddable":true,"href":"https:\/\/www.legacyhoian.com\/vi\/wp-json\/wp\/v2\/pages\/225"}],"wp:attachment":[{"href":"https:\/\/www.legacyhoian.com\/vi\/wp-json\/wp\/v2\/media?parent=236"}],"curies":[{"name":"wp","href":"https:\/\/api.w.org\/{rel}","templated":true}]}}