{"id":229,"date":"2026-03-06T12:56:10","date_gmt":"2026-03-06T12:56:10","guid":{"rendered":"https:\/\/legacyhoianresort.ms2.decms.asia\/accommodations\/deluxe-garden-view\/"},"modified":"2026-04-14T03:37:36","modified_gmt":"2026-04-14T03:37:36","slug":"deluxe-garden-view","status":"publish","type":"page","link":"https:\/\/www.legacyhoian.com\/vi\/accommodations\/deluxe-garden-view\/","title":{"rendered":"Deluxe Garden View"},"content":{"rendered":"<p>C\u00e1c ph\u00f2ng t\u1ecda l\u1ea1c t\u1ea1i t\u1ea7ng Tr\u1ec7t v\u00e0 c\u00e1c t\u1ea7ng cao h\u01a1n, bao g\u1ed3m c\u00e1c chi ti\u1ebft \u0111\u00e1 c\u1ea9m th\u1ea1ch tr\u1eafng v\u00e0 g\u1ed7 \u1ea5m \u00e1p nh\u00ecn ra m\u00e1i hi\u00ean ho\u1eb7c ban c\u00f4ng d\u1eabn ra khu v\u01b0\u1eddn nhi\u1ec7t \u0111\u1edbi xanh ng\u00e1t. T\u1eadn h\u01b0\u1edfng c\u1ea3m gi\u00e1c th\u01b0 gi\u00e3n v\u1edbi ph\u00f2ng t\u1eafm \u0111\u1ee9ng ngo\u00e0i tr\u1eddi.<\/p>\n","protected":false},"excerpt":{"rendered":"<p>C\u00e1c ph\u00f2ng t\u1ecda l\u1ea1c t\u1ea1i t\u1ea7ng Tr\u1ec7t v\u00e0 c\u00e1c t\u1ea7ng cao h\u01a1n, bao g\u1ed3m c\u00e1c chi ti\u1ebft \u0111\u00e1 c\u1ea9m th\u1ea1ch tr\u1eafng v\u00e0 g\u1ed7 \u1ea5m \u00e1p nh\u00ecn ra m\u00e1i hi\u00ean ho\u1eb7c ban c\u00f4ng d\u1eabn ra khu v\u01b0\u1eddn nhi\u1ec7t \u0111\u1edbi xanh ng\u00e1t. T\u1eadn h\u01b0\u1edfng c\u1ea3m gi\u00e1c th\u01b0 gi\u00e3n v\u1edbi ph\u00f2ng t\u1eafm \u0111\u1ee9ng ngo\u00e0i tr\u1eddi.<\/p>\n","protected":false},"author":90,"featured_media":0,"parent":225,"menu_order":2,"comment_status":"closed","ping_status":"closed","template":"template-single-room.php","meta":{"footnotes":""},"yoast_head":"<!-- This site is optimized with the Yoast SEO plugin v22.3 - https:\/\/yoast.com\/wordpress\/plugins\/seo\/ -->\n<title>Deluxe Garden View | Legacy Hoi An Resort<\/title>\n<meta name=\"robots\" content=\"index, follow, max-snippet:-1, max-image-preview:large, max-video-preview:-1\" \/>\n<link rel=\"canonical\" href=\"https:\/\/www.legacyhoian.com\/vi\/accommodations\/deluxe-garden-view\/\" \/>\n<meta property=\"og:locale\" content=\"vi_VN\" \/>\n<meta property=\"og:type\" content=\"article\" \/>\n<meta property=\"og:title\" content=\"Deluxe Garden View | Legacy Hoi An Resort\" \/>\n<meta property=\"og:description\" content=\"C\u00e1c ph\u00f2ng t\u1ecda l\u1ea1c t\u1ea1i t\u1ea7ng Tr\u1ec7t v\u00e0 c\u00e1c t\u1ea7ng cao h\u01a1n, bao g\u1ed3m c\u00e1c chi ti\u1ebft \u0111\u00e1 c\u1ea9m th\u1ea1ch tr\u1eafng v\u00e0 g\u1ed7 \u1ea5m \u00e1p nh\u00ecn ra m\u00e1i hi\u00ean ho\u1eb7c ban c\u00f4ng d\u1eabn ra khu v\u01b0\u1eddn nhi\u1ec7t \u0111\u1edbi xanh ng\u00e1t. T\u1eadn h\u01b0\u1edfng c\u1ea3m gi\u00e1c th\u01b0 gi\u00e3n v\u1edbi ph\u00f2ng t\u1eafm \u0111\u1ee9ng ngo\u00e0i tr\u1eddi.\" \/>\n<meta property=\"og:url\" content=\"https:\/\/www.legacyhoian.com\/vi\/accommodations\/deluxe-garden-view\/\" \/>\n<meta property=\"og:site_name\" content=\"Legacy Hoi An Resort\" \/>\n<meta property=\"article:modified_time\" content=\"2026-04-14T03:37:36+00:00\" \/>\n<meta name=\"twitter:card\" content=\"summary_large_image\" \/>\n<meta name=\"twitter:label1\" content=\"Est. reading time\" \/>\n\t<meta name=\"twitter:data1\" content=\"1 minute\" \/>\n<script type=\"application\/ld+json\" class=\"yoast-schema-graph\">{\"@context\":\"https:\/\/schema.org\",\"@graph\":[{\"@type\":\"WebPage\",\"@id\":\"https:\/\/www.legacyhoian.com\/vi\/accommodations\/deluxe-garden-view\/\",\"url\":\"https:\/\/www.legacyhoian.com\/vi\/accommodations\/deluxe-garden-view\/\",\"name\":\"Deluxe Garden View | Legacy Hoi An Resort\",\"isPartOf\":{\"@id\":\"https:\/\/www.legacyhoian.com\/vi\/#website\"},\"datePublished\":\"2026-03-06T12:56:10+00:00\",\"dateModified\":\"2026-04-14T03:37:36+00:00\",\"breadcrumb\":{\"@id\":\"https:\/\/www.legacyhoian.com\/vi\/accommodations\/deluxe-garden-view\/#breadcrumb\"},\"inLanguage\":\"vi-VN\",\"potentialAction\":[{\"@type\":\"ReadAction\",\"target\":[\"https:\/\/www.legacyhoian.com\/vi\/accommodations\/deluxe-garden-view\/\"]}]},{\"@type\":\"BreadcrumbList\",\"@id\":\"https:\/\/www.legacyhoian.com\/vi\/accommodations\/deluxe-garden-view\/#breadcrumb\",\"itemListElement\":[{\"@type\":\"ListItem\",\"position\":1,\"name\":\"Home\",\"item\":\"https:\/\/www.legacyhoian.com\/vi\/\"},{\"@type\":\"ListItem\",\"position\":2,\"name\":\"Ph\u00f2ng ngh\u1ec9\",\"item\":\"https:\/\/www.legacyhoian.com\/vi\/accommodations\/\"},{\"@type\":\"ListItem\",\"position\":3,\"name\":\"Deluxe Garden View\"}]},{\"@type\":\"WebSite\",\"@id\":\"https:\/\/www.legacyhoian.com\/vi\/#website\",\"url\":\"https:\/\/www.legacyhoian.com\/vi\/\",\"name\":\"Legacy Hoi An Resort\",\"description\":\"\",\"potentialAction\":[{\"@type\":\"SearchAction\",\"target\":{\"@type\":\"EntryPoint\",\"urlTemplate\":\"https:\/\/www.legacyhoian.com\/vi\/?s={search_term_string}\"},\"query-input\":\"required name=search_term_string\"}],\"inLanguage\":\"vi-VN\"}]}<\/script>\n<!-- \/ Yoast SEO plugin. -->","yoast_head_json":{"title":"Deluxe Garden View | Legacy Hoi An Resort","robots":{"index":"index","follow":"follow","max-snippet":"max-snippet:-1","max-image-preview":"max-image-preview:large","max-video-preview":"max-video-preview:-1"},"canonical":"https:\/\/www.legacyhoian.com\/vi\/accommodations\/deluxe-garden-view\/","og_locale":"vi_VN","og_type":"article","og_title":"Deluxe Garden View | Legacy Hoi An Resort","og_description":"C\u00e1c ph\u00f2ng t\u1ecda l\u1ea1c t\u1ea1i t\u1ea7ng Tr\u1ec7t v\u00e0 c\u00e1c t\u1ea7ng cao h\u01a1n, bao g\u1ed3m c\u00e1c chi ti\u1ebft \u0111\u00e1 c\u1ea9m th\u1ea1ch tr\u1eafng v\u00e0 g\u1ed7 \u1ea5m \u00e1p nh\u00ecn ra m\u00e1i hi\u00ean ho\u1eb7c ban c\u00f4ng d\u1eabn ra khu v\u01b0\u1eddn nhi\u1ec7t \u0111\u1edbi xanh ng\u00e1t. T\u1eadn h\u01b0\u1edfng c\u1ea3m gi\u00e1c th\u01b0 gi\u00e3n v\u1edbi ph\u00f2ng t\u1eafm \u0111\u1ee9ng ngo\u00e0i tr\u1eddi.","og_url":"https:\/\/www.legacyhoian.com\/vi\/accommodations\/deluxe-garden-view\/","og_site_name":"Legacy Hoi An Resort","article_modified_time":"2026-04-14T03:37:36+00:00","twitter_card":"summary_large_image","twitter_misc":{"Est. reading time":"1 minute"},"schema":{"@context":"https:\/\/schema.org","@graph":[{"@type":"WebPage","@id":"https:\/\/www.legacyhoian.com\/vi\/accommodations\/deluxe-garden-view\/","url":"https:\/\/www.legacyhoian.com\/vi\/accommodations\/deluxe-garden-view\/","name":"Deluxe Garden View | Legacy Hoi An Resort","isPartOf":{"@id":"https:\/\/www.legacyhoian.com\/vi\/#website"},"datePublished":"2026-03-06T12:56:10+00:00","dateModified":"2026-04-14T03:37:36+00:00","breadcrumb":{"@id":"https:\/\/www.legacyhoian.com\/vi\/accommodations\/deluxe-garden-view\/#breadcrumb"},"inLanguage":"vi-VN","potentialAction":[{"@type":"ReadAction","target":["https:\/\/www.legacyhoian.com\/vi\/accommodations\/deluxe-garden-view\/"]}]},{"@type":"BreadcrumbList","@id":"https:\/\/www.legacyhoian.com\/vi\/accommodations\/deluxe-garden-view\/#breadcrumb","itemListElement":[{"@type":"ListItem","position":1,"name":"Home","item":"https:\/\/www.legacyhoian.com\/vi\/"},{"@type":"ListItem","position":2,"name":"Ph\u00f2ng ngh\u1ec9","item":"https:\/\/www.legacyhoian.com\/vi\/accommodations\/"},{"@type":"ListItem","position":3,"name":"Deluxe Garden View"}]},{"@type":"WebSite","@id":"https:\/\/www.legacyhoian.com\/vi\/#website","url":"https:\/\/www.legacyhoian.com\/vi\/","name":"Legacy Hoi An Resort","description":"","potentialAction":[{"@type":"SearchAction","target":{"@type":"EntryPoint","urlTemplate":"https:\/\/www.legacyhoian.com\/vi\/?s={search_term_string}"},"query-input":"required name=search_term_string"}],"inLanguage":"vi-VN"}]}},"acf":[],"_links":{"self":[{"href":"https:\/\/www.legacyhoian.com\/vi\/wp-json\/wp\/v2\/pages\/229"}],"collection":[{"href":"https:\/\/www.legacyhoian.com\/vi\/wp-json\/wp\/v2\/pages"}],"about":[{"href":"https:\/\/www.legacyhoian.com\/vi\/wp-json\/wp\/v2\/types\/page"}],"author":[{"embeddable":true,"href":"https:\/\/www.legacyhoian.com\/vi\/wp-json\/wp\/v2\/users\/90"}],"replies":[{"embeddable":true,"href":"https:\/\/www.legacyhoian.com\/vi\/wp-json\/wp\/v2\/comments?post=229"}],"version-history":[{"count":0,"href":"https:\/\/www.legacyhoian.com\/vi\/wp-json\/wp\/v2\/pages\/229\/revisions"}],"up":[{"embeddable":true,"href":"https:\/\/www.legacyhoian.com\/vi\/wp-json\/wp\/v2\/pages\/225"}],"wp:attachment":[{"href":"https:\/\/www.legacyhoian.com\/vi\/wp-json\/wp\/v2\/media?parent=229"}],"curies":[{"name":"wp","href":"https:\/\/api.w.org\/{rel}","templated":true}]}}