{"id":226,"date":"2026-03-06T12:36:56","date_gmt":"2026-03-06T12:36:56","guid":{"rendered":"https:\/\/legacyhoianresort.ms2.decms.asia\/accommodations\/superior-garden-view\/"},"modified":"2026-04-14T03:37:14","modified_gmt":"2026-04-14T03:37:14","slug":"superior-garden-view","status":"publish","type":"page","link":"https:\/\/www.legacyhoian.com\/vi\/accommodations\/superior-garden-view\/","title":{"rendered":"Superior Garden View"},"content":{"rendered":"<p>N\u00e9t m\u1ed9c m\u1ea1c nh\u1eb9 nh\u00e0ng v\u1edbi s\u1ef1 hi\u1ec7n \u0111\u1ea1i d\u01b0\u1edbi t\u00e1n c\u00e2y xanh ng\u1ef1 m\u00ecnh trong ng\u00f4i nh\u00e0 ki\u1ec3u c\u1ed5 \u0111\u1eb7c tr\u01b0ng Vi\u1ec7t Nam. Nh\u1eefng t\u1ed5 \u1ea5m tr\u00ean t\u1ea7ng cao v\u1edbi ban c\u00f4ng ri\u00eang bi\u1ec7t s\u1ebd nh\u00ecn ra m\u1ea3nh v\u01b0\u1eddn xinh \u0111\u1eb9p, n\u01a1i nh\u1eefng c\u0103n ph\u00f2ng l\u00e0 \u0111i\u1ec3m k\u1ebft n\u1ed1i \u0111i\u1ec3n h\u00ecnh cho l\u1ed1i s\u1ed1ng \u0111\u1ed3ng qu\u00ea Vi\u1ec7t y\u00ean \u1ea3.<\/p>\n","protected":false},"excerpt":{"rendered":"<p>N\u00e9t m\u1ed9c m\u1ea1c nh\u1eb9 nh\u00e0ng v\u1edbi s\u1ef1 hi\u1ec7n \u0111\u1ea1i d\u01b0\u1edbi t\u00e1n c\u00e2y xanh ng\u1ef1 m\u00ecnh trong ng\u00f4i nh\u00e0 ki\u1ec3u c\u1ed5 \u0111\u1eb7c tr\u01b0ng Vi\u1ec7t Nam. Nh\u1eefng t\u1ed5 \u1ea5m tr\u00ean t\u1ea7ng cao v\u1edbi ban c\u00f4ng ri\u00eang bi\u1ec7t s\u1ebd nh\u00ecn ra m\u1ea3nh v\u01b0\u1eddn xinh \u0111\u1eb9p, n\u01a1i nh\u1eefng c\u0103n ph\u00f2ng l\u00e0 \u0111i\u1ec3m k\u1ebft n\u1ed1i \u0111i\u1ec3n h\u00ecnh cho l\u1ed1i s\u1ed1ng [&hellip;]<\/p>\n","protected":false},"author":90,"featured_media":0,"parent":225,"menu_order":0,"comment_status":"closed","ping_status":"closed","template":"template-single-room.php","meta":{"footnotes":""},"yoast_head":"<!-- This site is optimized with the Yoast SEO plugin v22.3 - https:\/\/yoast.com\/wordpress\/plugins\/seo\/ -->\n<title>Superior Garden View | Legacy Hoi An Resort<\/title>\n<meta name=\"robots\" content=\"index, follow, max-snippet:-1, max-image-preview:large, max-video-preview:-1\" \/>\n<link rel=\"canonical\" href=\"https:\/\/www.legacyhoian.com\/vi\/accommodations\/superior-garden-view\/\" \/>\n<meta property=\"og:locale\" content=\"vi_VN\" \/>\n<meta property=\"og:type\" content=\"article\" \/>\n<meta property=\"og:title\" content=\"Superior Garden View | Legacy Hoi An Resort\" \/>\n<meta property=\"og:description\" content=\"N\u00e9t m\u1ed9c m\u1ea1c nh\u1eb9 nh\u00e0ng v\u1edbi s\u1ef1 hi\u1ec7n \u0111\u1ea1i d\u01b0\u1edbi t\u00e1n c\u00e2y xanh ng\u1ef1 m\u00ecnh trong ng\u00f4i nh\u00e0 ki\u1ec3u c\u1ed5 \u0111\u1eb7c tr\u01b0ng Vi\u1ec7t Nam. Nh\u1eefng t\u1ed5 \u1ea5m tr\u00ean t\u1ea7ng cao v\u1edbi ban c\u00f4ng ri\u00eang bi\u1ec7t s\u1ebd nh\u00ecn ra m\u1ea3nh v\u01b0\u1eddn xinh \u0111\u1eb9p, n\u01a1i nh\u1eefng c\u0103n ph\u00f2ng l\u00e0 \u0111i\u1ec3m k\u1ebft n\u1ed1i \u0111i\u1ec3n h\u00ecnh cho l\u1ed1i s\u1ed1ng [&hellip;]\" \/>\n<meta property=\"og:url\" content=\"https:\/\/www.legacyhoian.com\/vi\/accommodations\/superior-garden-view\/\" \/>\n<meta property=\"og:site_name\" content=\"Legacy Hoi An Resort\" \/>\n<meta property=\"article:modified_time\" content=\"2026-04-14T03:37:14+00:00\" \/>\n<meta name=\"twitter:card\" content=\"summary_large_image\" \/>\n<meta name=\"twitter:label1\" content=\"Est. reading time\" \/>\n\t<meta name=\"twitter:data1\" content=\"1 minute\" \/>\n<script type=\"application\/ld+json\" class=\"yoast-schema-graph\">{\"@context\":\"https:\/\/schema.org\",\"@graph\":[{\"@type\":\"WebPage\",\"@id\":\"https:\/\/www.legacyhoian.com\/vi\/accommodations\/superior-garden-view\/\",\"url\":\"https:\/\/www.legacyhoian.com\/vi\/accommodations\/superior-garden-view\/\",\"name\":\"Superior Garden View | Legacy Hoi An Resort\",\"isPartOf\":{\"@id\":\"https:\/\/www.legacyhoian.com\/vi\/#website\"},\"datePublished\":\"2026-03-06T12:36:56+00:00\",\"dateModified\":\"2026-04-14T03:37:14+00:00\",\"breadcrumb\":{\"@id\":\"https:\/\/www.legacyhoian.com\/vi\/accommodations\/superior-garden-view\/#breadcrumb\"},\"inLanguage\":\"vi-VN\",\"potentialAction\":[{\"@type\":\"ReadAction\",\"target\":[\"https:\/\/www.legacyhoian.com\/vi\/accommodations\/superior-garden-view\/\"]}]},{\"@type\":\"BreadcrumbList\",\"@id\":\"https:\/\/www.legacyhoian.com\/vi\/accommodations\/superior-garden-view\/#breadcrumb\",\"itemListElement\":[{\"@type\":\"ListItem\",\"position\":1,\"name\":\"Home\",\"item\":\"https:\/\/www.legacyhoian.com\/vi\/\"},{\"@type\":\"ListItem\",\"position\":2,\"name\":\"Ph\u00f2ng ngh\u1ec9\",\"item\":\"https:\/\/www.legacyhoian.com\/vi\/accommodations\/\"},{\"@type\":\"ListItem\",\"position\":3,\"name\":\"Superior Garden View\"}]},{\"@type\":\"WebSite\",\"@id\":\"https:\/\/www.legacyhoian.com\/vi\/#website\",\"url\":\"https:\/\/www.legacyhoian.com\/vi\/\",\"name\":\"Legacy Hoi An Resort\",\"description\":\"\",\"potentialAction\":[{\"@type\":\"SearchAction\",\"target\":{\"@type\":\"EntryPoint\",\"urlTemplate\":\"https:\/\/www.legacyhoian.com\/vi\/?s={search_term_string}\"},\"query-input\":\"required name=search_term_string\"}],\"inLanguage\":\"vi-VN\"}]}<\/script>\n<!-- \/ Yoast SEO plugin. -->","yoast_head_json":{"title":"Superior Garden View | Legacy Hoi An Resort","robots":{"index":"index","follow":"follow","max-snippet":"max-snippet:-1","max-image-preview":"max-image-preview:large","max-video-preview":"max-video-preview:-1"},"canonical":"https:\/\/www.legacyhoian.com\/vi\/accommodations\/superior-garden-view\/","og_locale":"vi_VN","og_type":"article","og_title":"Superior Garden View | Legacy Hoi An Resort","og_description":"N\u00e9t m\u1ed9c m\u1ea1c nh\u1eb9 nh\u00e0ng v\u1edbi s\u1ef1 hi\u1ec7n \u0111\u1ea1i d\u01b0\u1edbi t\u00e1n c\u00e2y xanh ng\u1ef1 m\u00ecnh trong ng\u00f4i nh\u00e0 ki\u1ec3u c\u1ed5 \u0111\u1eb7c tr\u01b0ng Vi\u1ec7t Nam. Nh\u1eefng t\u1ed5 \u1ea5m tr\u00ean t\u1ea7ng cao v\u1edbi ban c\u00f4ng ri\u00eang bi\u1ec7t s\u1ebd nh\u00ecn ra m\u1ea3nh v\u01b0\u1eddn xinh \u0111\u1eb9p, n\u01a1i nh\u1eefng c\u0103n ph\u00f2ng l\u00e0 \u0111i\u1ec3m k\u1ebft n\u1ed1i \u0111i\u1ec3n h\u00ecnh cho l\u1ed1i s\u1ed1ng [&hellip;]","og_url":"https:\/\/www.legacyhoian.com\/vi\/accommodations\/superior-garden-view\/","og_site_name":"Legacy Hoi An Resort","article_modified_time":"2026-04-14T03:37:14+00:00","twitter_card":"summary_large_image","twitter_misc":{"Est. reading time":"1 minute"},"schema":{"@context":"https:\/\/schema.org","@graph":[{"@type":"WebPage","@id":"https:\/\/www.legacyhoian.com\/vi\/accommodations\/superior-garden-view\/","url":"https:\/\/www.legacyhoian.com\/vi\/accommodations\/superior-garden-view\/","name":"Superior Garden View | Legacy Hoi An Resort","isPartOf":{"@id":"https:\/\/www.legacyhoian.com\/vi\/#website"},"datePublished":"2026-03-06T12:36:56+00:00","dateModified":"2026-04-14T03:37:14+00:00","breadcrumb":{"@id":"https:\/\/www.legacyhoian.com\/vi\/accommodations\/superior-garden-view\/#breadcrumb"},"inLanguage":"vi-VN","potentialAction":[{"@type":"ReadAction","target":["https:\/\/www.legacyhoian.com\/vi\/accommodations\/superior-garden-view\/"]}]},{"@type":"BreadcrumbList","@id":"https:\/\/www.legacyhoian.com\/vi\/accommodations\/superior-garden-view\/#breadcrumb","itemListElement":[{"@type":"ListItem","position":1,"name":"Home","item":"https:\/\/www.legacyhoian.com\/vi\/"},{"@type":"ListItem","position":2,"name":"Ph\u00f2ng ngh\u1ec9","item":"https:\/\/www.legacyhoian.com\/vi\/accommodations\/"},{"@type":"ListItem","position":3,"name":"Superior Garden View"}]},{"@type":"WebSite","@id":"https:\/\/www.legacyhoian.com\/vi\/#website","url":"https:\/\/www.legacyhoian.com\/vi\/","name":"Legacy Hoi An Resort","description":"","potentialAction":[{"@type":"SearchAction","target":{"@type":"EntryPoint","urlTemplate":"https:\/\/www.legacyhoian.com\/vi\/?s={search_term_string}"},"query-input":"required name=search_term_string"}],"inLanguage":"vi-VN"}]}},"acf":[],"_links":{"self":[{"href":"https:\/\/www.legacyhoian.com\/vi\/wp-json\/wp\/v2\/pages\/226"}],"collection":[{"href":"https:\/\/www.legacyhoian.com\/vi\/wp-json\/wp\/v2\/pages"}],"about":[{"href":"https:\/\/www.legacyhoian.com\/vi\/wp-json\/wp\/v2\/types\/page"}],"author":[{"embeddable":true,"href":"https:\/\/www.legacyhoian.com\/vi\/wp-json\/wp\/v2\/users\/90"}],"replies":[{"embeddable":true,"href":"https:\/\/www.legacyhoian.com\/vi\/wp-json\/wp\/v2\/comments?post=226"}],"version-history":[{"count":0,"href":"https:\/\/www.legacyhoian.com\/vi\/wp-json\/wp\/v2\/pages\/226\/revisions"}],"up":[{"embeddable":true,"href":"https:\/\/www.legacyhoian.com\/vi\/wp-json\/wp\/v2\/pages\/225"}],"wp:attachment":[{"href":"https:\/\/www.legacyhoian.com\/vi\/wp-json\/wp\/v2\/media?parent=226"}],"curies":[{"name":"wp","href":"https:\/\/api.w.org\/{rel}","templated":true}]}}