{"id":225,"date":"2026-03-06T12:33:12","date_gmt":"2026-03-06T12:33:12","guid":{"rendered":"https:\/\/legacyhoianresort.ms2.decms.asia\/accommodations\/"},"modified":"2026-03-25T03:10:44","modified_gmt":"2026-03-25T03:10:44","slug":"accommodations","status":"publish","type":"page","link":"https:\/\/www.legacyhoian.com\/vi\/accommodations\/","title":{"rendered":"Ph\u00f2ng ngh\u1ec9"},"content":{"rendered":"<p>L\u1ea5y c\u1ea3m h\u1ee9ng t\u1eeb ki\u1ebfn tr\u00fac nh\u00e0 c\u1ed5 H\u1ed9i An, m\u1ed7i c\u0103n ph\u00f2ng t\u1ea1i Legacy Hoi An Resort l\u00e0 s\u1ef1 giao h\u00f2a gi\u1eefa di s\u1ea3n v\u00e0 thi\u00ean nhi\u00ean. Bao quanh b\u1edfi khu v\u01b0\u1eddn xanh v\u00e0 c\u00e1nh \u0111\u1ed3ng l\u00faa y\u00ean b\u00ecnh, thi\u1ebft k\u1ebf k\u1ebft h\u1ee3p tinh t\u1ebf gi\u1eefa n\u00e9t th\u1ee7 c\u00f4ng truy\u1ec1n th\u1ed1ng v\u00e0 ti\u1ec7n nghi hi\u1ec7n \u0111\u1ea1i.<br \/>\nT\u1eebng chi ti\u1ebft \u0111\u01b0\u1ee3c ch\u0103m ch\u00fat t\u1ec9 m\u1ec9, mang \u0111\u1ebfn kh\u00f4ng gian ngh\u1ec9 d\u01b0\u1ee1ng an l\u00e0nh \u2013 n\u01a1i di s\u1ea3n ch\u1ea1m t\u1edbi s\u1ef1 c\u00e2n b\u1eb1ng v\u00e0 c\u1ea3m gi\u00e1c th\u01b0 th\u00e1i tr\u1ecdn v\u1eb9n.<\/p>\n","protected":false},"excerpt":{"rendered":"<p>L\u1ea5y c\u1ea3m h\u1ee9ng t\u1eeb ki\u1ebfn tr\u00fac nh\u00e0 c\u1ed5 H\u1ed9i An, m\u1ed7i c\u0103n ph\u00f2ng t\u1ea1i Legacy Hoi An Resort l\u00e0 s\u1ef1 giao h\u00f2a gi\u1eefa di s\u1ea3n v\u00e0 thi\u00ean nhi\u00ean. Bao quanh b\u1edfi khu v\u01b0\u1eddn xanh v\u00e0 c\u00e1nh \u0111\u1ed3ng l\u00faa y\u00ean b\u00ecnh, thi\u1ebft k\u1ebf k\u1ebft h\u1ee3p tinh t\u1ebf gi\u1eefa n\u00e9t th\u1ee7 c\u00f4ng truy\u1ec1n th\u1ed1ng v\u00e0 ti\u1ec7n nghi [&hellip;]<\/p>\n","protected":false},"author":90,"featured_media":0,"parent":0,"menu_order":0,"comment_status":"closed","ping_status":"closed","template":"template-rooms.php","meta":{"footnotes":""},"yoast_head":"<!-- This site is optimized with the Yoast SEO plugin v22.3 - https:\/\/yoast.com\/wordpress\/plugins\/seo\/ -->\n<title>Ph\u00f2ng ngh\u1ec9 | Legacy Hoi An Resort<\/title>\n<meta name=\"robots\" content=\"index, follow, max-snippet:-1, max-image-preview:large, max-video-preview:-1\" \/>\n<link rel=\"canonical\" href=\"https:\/\/www.legacyhoian.com\/vi\/accommodations\/\" \/>\n<meta property=\"og:locale\" content=\"vi_VN\" \/>\n<meta property=\"og:type\" content=\"article\" \/>\n<meta property=\"og:title\" content=\"Ph\u00f2ng ngh\u1ec9 | Legacy Hoi An Resort\" \/>\n<meta property=\"og:description\" content=\"L\u1ea5y c\u1ea3m h\u1ee9ng t\u1eeb ki\u1ebfn tr\u00fac nh\u00e0 c\u1ed5 H\u1ed9i An, m\u1ed7i c\u0103n ph\u00f2ng t\u1ea1i Legacy Hoi An Resort l\u00e0 s\u1ef1 giao h\u00f2a gi\u1eefa di s\u1ea3n v\u00e0 thi\u00ean nhi\u00ean. Bao quanh b\u1edfi khu v\u01b0\u1eddn xanh v\u00e0 c\u00e1nh \u0111\u1ed3ng l\u00faa y\u00ean b\u00ecnh, thi\u1ebft k\u1ebf k\u1ebft h\u1ee3p tinh t\u1ebf gi\u1eefa n\u00e9t th\u1ee7 c\u00f4ng truy\u1ec1n th\u1ed1ng v\u00e0 ti\u1ec7n nghi [&hellip;]\" \/>\n<meta property=\"og:url\" content=\"https:\/\/www.legacyhoian.com\/vi\/accommodations\/\" \/>\n<meta property=\"og:site_name\" content=\"Legacy Hoi An Resort\" \/>\n<meta property=\"article:modified_time\" content=\"2026-03-25T03:10:44+00:00\" \/>\n<meta name=\"twitter:card\" content=\"summary_large_image\" \/>\n<meta name=\"twitter:label1\" content=\"Est. reading time\" \/>\n\t<meta name=\"twitter:data1\" content=\"1 minute\" \/>\n<script type=\"application\/ld+json\" class=\"yoast-schema-graph\">{\"@context\":\"https:\/\/schema.org\",\"@graph\":[{\"@type\":\"WebPage\",\"@id\":\"https:\/\/www.legacyhoian.com\/vi\/accommodations\/\",\"url\":\"https:\/\/www.legacyhoian.com\/vi\/accommodations\/\",\"name\":\"Ph\u00f2ng ngh\u1ec9 | Legacy Hoi An Resort\",\"isPartOf\":{\"@id\":\"https:\/\/www.legacyhoian.com\/vi\/#website\"},\"datePublished\":\"2026-03-06T12:33:12+00:00\",\"dateModified\":\"2026-03-25T03:10:44+00:00\",\"breadcrumb\":{\"@id\":\"https:\/\/www.legacyhoian.com\/vi\/accommodations\/#breadcrumb\"},\"inLanguage\":\"vi-VN\",\"potentialAction\":[{\"@type\":\"ReadAction\",\"target\":[\"https:\/\/www.legacyhoian.com\/vi\/accommodations\/\"]}]},{\"@type\":\"BreadcrumbList\",\"@id\":\"https:\/\/www.legacyhoian.com\/vi\/accommodations\/#breadcrumb\",\"itemListElement\":[{\"@type\":\"ListItem\",\"position\":1,\"name\":\"Home\",\"item\":\"https:\/\/www.legacyhoian.com\/vi\/\"},{\"@type\":\"ListItem\",\"position\":2,\"name\":\"Ph\u00f2ng ngh\u1ec9\"}]},{\"@type\":\"WebSite\",\"@id\":\"https:\/\/www.legacyhoian.com\/vi\/#website\",\"url\":\"https:\/\/www.legacyhoian.com\/vi\/\",\"name\":\"Legacy Hoi An Resort\",\"description\":\"\",\"potentialAction\":[{\"@type\":\"SearchAction\",\"target\":{\"@type\":\"EntryPoint\",\"urlTemplate\":\"https:\/\/www.legacyhoian.com\/vi\/?s={search_term_string}\"},\"query-input\":\"required name=search_term_string\"}],\"inLanguage\":\"vi-VN\"}]}<\/script>\n<!-- \/ Yoast SEO plugin. -->","yoast_head_json":{"title":"Ph\u00f2ng ngh\u1ec9 | Legacy Hoi An Resort","robots":{"index":"index","follow":"follow","max-snippet":"max-snippet:-1","max-image-preview":"max-image-preview:large","max-video-preview":"max-video-preview:-1"},"canonical":"https:\/\/www.legacyhoian.com\/vi\/accommodations\/","og_locale":"vi_VN","og_type":"article","og_title":"Ph\u00f2ng ngh\u1ec9 | Legacy Hoi An Resort","og_description":"L\u1ea5y c\u1ea3m h\u1ee9ng t\u1eeb ki\u1ebfn tr\u00fac nh\u00e0 c\u1ed5 H\u1ed9i An, m\u1ed7i c\u0103n ph\u00f2ng t\u1ea1i Legacy Hoi An Resort l\u00e0 s\u1ef1 giao h\u00f2a gi\u1eefa di s\u1ea3n v\u00e0 thi\u00ean nhi\u00ean. Bao quanh b\u1edfi khu v\u01b0\u1eddn xanh v\u00e0 c\u00e1nh \u0111\u1ed3ng l\u00faa y\u00ean b\u00ecnh, thi\u1ebft k\u1ebf k\u1ebft h\u1ee3p tinh t\u1ebf gi\u1eefa n\u00e9t th\u1ee7 c\u00f4ng truy\u1ec1n th\u1ed1ng v\u00e0 ti\u1ec7n nghi [&hellip;]","og_url":"https:\/\/www.legacyhoian.com\/vi\/accommodations\/","og_site_name":"Legacy Hoi An Resort","article_modified_time":"2026-03-25T03:10:44+00:00","twitter_card":"summary_large_image","twitter_misc":{"Est. reading time":"1 minute"},"schema":{"@context":"https:\/\/schema.org","@graph":[{"@type":"WebPage","@id":"https:\/\/www.legacyhoian.com\/vi\/accommodations\/","url":"https:\/\/www.legacyhoian.com\/vi\/accommodations\/","name":"Ph\u00f2ng ngh\u1ec9 | Legacy Hoi An Resort","isPartOf":{"@id":"https:\/\/www.legacyhoian.com\/vi\/#website"},"datePublished":"2026-03-06T12:33:12+00:00","dateModified":"2026-03-25T03:10:44+00:00","breadcrumb":{"@id":"https:\/\/www.legacyhoian.com\/vi\/accommodations\/#breadcrumb"},"inLanguage":"vi-VN","potentialAction":[{"@type":"ReadAction","target":["https:\/\/www.legacyhoian.com\/vi\/accommodations\/"]}]},{"@type":"BreadcrumbList","@id":"https:\/\/www.legacyhoian.com\/vi\/accommodations\/#breadcrumb","itemListElement":[{"@type":"ListItem","position":1,"name":"Home","item":"https:\/\/www.legacyhoian.com\/vi\/"},{"@type":"ListItem","position":2,"name":"Ph\u00f2ng ngh\u1ec9"}]},{"@type":"WebSite","@id":"https:\/\/www.legacyhoian.com\/vi\/#website","url":"https:\/\/www.legacyhoian.com\/vi\/","name":"Legacy Hoi An Resort","description":"","potentialAction":[{"@type":"SearchAction","target":{"@type":"EntryPoint","urlTemplate":"https:\/\/www.legacyhoian.com\/vi\/?s={search_term_string}"},"query-input":"required name=search_term_string"}],"inLanguage":"vi-VN"}]}},"acf":[],"_links":{"self":[{"href":"https:\/\/www.legacyhoian.com\/vi\/wp-json\/wp\/v2\/pages\/225"}],"collection":[{"href":"https:\/\/www.legacyhoian.com\/vi\/wp-json\/wp\/v2\/pages"}],"about":[{"href":"https:\/\/www.legacyhoian.com\/vi\/wp-json\/wp\/v2\/types\/page"}],"author":[{"embeddable":true,"href":"https:\/\/www.legacyhoian.com\/vi\/wp-json\/wp\/v2\/users\/90"}],"replies":[{"embeddable":true,"href":"https:\/\/www.legacyhoian.com\/vi\/wp-json\/wp\/v2\/comments?post=225"}],"version-history":[{"count":0,"href":"https:\/\/www.legacyhoian.com\/vi\/wp-json\/wp\/v2\/pages\/225\/revisions"}],"wp:attachment":[{"href":"https:\/\/www.legacyhoian.com\/vi\/wp-json\/wp\/v2\/media?parent=225"}],"curies":[{"name":"wp","href":"https:\/\/api.w.org\/{rel}","templated":true}]}}