{"id":224,"date":"2026-03-03T05:52:23","date_gmt":"2026-03-03T05:52:23","guid":{"rendered":"https:\/\/legacyhoianresort.ms2.decms.asia\/sample-page\/"},"modified":"2026-03-25T03:08:56","modified_gmt":"2026-03-25T03:08:56","slug":"sample-page","status":"publish","type":"page","link":"https:\/\/www.legacyhoian.com\/vi\/","title":{"rendered":"Legacy Hoi An Resort"},"content":{"rendered":"<p>M\u1ed9t d\u1ea5u \u1ea5n tinh t\u1ebf, mang \u0111\u1eadm n\u00e9t di s\u1ea3n H\u1ed9i An. H\u00edt m\u1ed9t h\u01a1i th\u1edf th\u1eadt s\u00e2u, c\u1ea3m nh\u1eadn thanh \u00e2m y\u00ean b\u00ecnh v\u00e0 s\u1ef1 c\u00e2n b\u1eb1ng trong t\u00e2m tr\u00ed khi d\u1ea1o quanh khu\u00f4n vi\u00ean xanh m\u00e1t t\u1ea1i khu ngh\u1ec9 d\u01b0\u1ee1ng. <\/p>\n<p>H\u00e3y c\u00f9ng tr\u1ea3i nghi\u1ec7m v\u00e0 c\u1ea3m nh\u1eadn n\u00e9t v\u0103n ho\u00e1 \u0111\u1eb7c bi\u1ec7t n\u00e0y b\u1eb1ng t\u1ea5t c\u1ea3 n\u0103m gi\u00e1c quan.<\/p>\n","protected":false},"excerpt":{"rendered":"<p>M\u1ed9t d\u1ea5u \u1ea5n tinh t\u1ebf, mang \u0111\u1eadm n\u00e9t di s\u1ea3n H\u1ed9i An. H\u00edt m\u1ed9t h\u01a1i th\u1edf th\u1eadt s\u00e2u, c\u1ea3m nh\u1eadn thanh \u00e2m y\u00ean b\u00ecnh v\u00e0 s\u1ef1 c\u00e2n b\u1eb1ng trong t\u00e2m tr\u00ed khi d\u1ea1o quanh khu\u00f4n vi\u00ean xanh m\u00e1t t\u1ea1i khu ngh\u1ec9 d\u01b0\u1ee1ng. H\u00e3y c\u00f9ng tr\u1ea3i nghi\u1ec7m v\u00e0 c\u1ea3m nh\u1eadn n\u00e9t v\u0103n ho\u00e1 \u0111\u1eb7c bi\u1ec7t n\u00e0y [&hellip;]<\/p>\n","protected":false},"author":90,"featured_media":0,"parent":0,"menu_order":0,"comment_status":"closed","ping_status":"closed","template":"","meta":{"footnotes":""},"yoast_head":"<!-- This site is optimized with the Yoast SEO plugin v22.3 - https:\/\/yoast.com\/wordpress\/plugins\/seo\/ -->\n<title>Trang ch\u1ee7 | Legacy Hoi An Resort<\/title>\n<meta name=\"description\" content=\"Kh\u00e1m ph\u00e1 Legacy Hoi An Resort \u2013 khu ngh\u1ec9 d\u01b0\u1ee1ng mang c\u1ea3m h\u1ee9ng di s\u1ea3n, n\u01a1i l\u01b0u gi\u1eef v\u1ebb \u0111\u1eb9p thanh b\u00ecnh, b\u1ea3n s\u1eafc v\u0103n h\u00f3a v\u00e0 v\u00e0 v\u1ebb \u0111\u1eb9p c\u1ed5 k\u00ednh c\u1ee7a ph\u1ed1 H\u1ed9i.\" \/>\n<meta name=\"robots\" content=\"index, follow, max-snippet:-1, max-image-preview:large, max-video-preview:-1\" \/>\n<link rel=\"canonical\" href=\"https:\/\/www.legacyhoian.com\/vi\/\" \/>\n<meta property=\"og:locale\" content=\"vi_VN\" \/>\n<meta property=\"og:type\" content=\"article\" \/>\n<meta property=\"og:title\" content=\"Trang ch\u1ee7 | Legacy Hoi An Resort\" \/>\n<meta property=\"og:description\" content=\"Kh\u00e1m ph\u00e1 Legacy Hoi An Resort \u2013 khu ngh\u1ec9 d\u01b0\u1ee1ng mang c\u1ea3m h\u1ee9ng di s\u1ea3n, n\u01a1i l\u01b0u gi\u1eef v\u1ebb \u0111\u1eb9p thanh b\u00ecnh, b\u1ea3n s\u1eafc v\u0103n h\u00f3a v\u00e0 v\u00e0 v\u1ebb \u0111\u1eb9p c\u1ed5 k\u00ednh c\u1ee7a ph\u1ed1 H\u1ed9i.\" \/>\n<meta property=\"og:url\" content=\"https:\/\/www.legacyhoian.com\/vi\/\" \/>\n<meta property=\"og:site_name\" content=\"Legacy Hoi An Resort\" \/>\n<meta property=\"article:modified_time\" content=\"2026-03-25T03:08:56+00:00\" \/>\n<meta name=\"twitter:card\" content=\"summary_large_image\" \/>\n<meta name=\"twitter:label1\" content=\"Est. reading time\" \/>\n\t<meta name=\"twitter:data1\" content=\"1 minute\" \/>\n<script type=\"application\/ld+json\" class=\"yoast-schema-graph\">{\"@context\":\"https:\/\/schema.org\",\"@graph\":[{\"@type\":\"WebPage\",\"@id\":\"https:\/\/www.legacyhoian.com\/vi\/\",\"url\":\"https:\/\/www.legacyhoian.com\/vi\/\",\"name\":\"Trang ch\u1ee7 | Legacy Hoi An Resort\",\"isPartOf\":{\"@id\":\"https:\/\/www.legacyhoian.com\/vi\/#website\"},\"datePublished\":\"2026-03-03T05:52:23+00:00\",\"dateModified\":\"2026-03-25T03:08:56+00:00\",\"description\":\"Kh\u00e1m ph\u00e1 Legacy Hoi An Resort \u2013 khu ngh\u1ec9 d\u01b0\u1ee1ng mang c\u1ea3m h\u1ee9ng di s\u1ea3n, n\u01a1i l\u01b0u gi\u1eef v\u1ebb \u0111\u1eb9p thanh b\u00ecnh, b\u1ea3n s\u1eafc v\u0103n h\u00f3a v\u00e0 v\u00e0 v\u1ebb \u0111\u1eb9p c\u1ed5 k\u00ednh c\u1ee7a ph\u1ed1 H\u1ed9i.\",\"breadcrumb\":{\"@id\":\"https:\/\/www.legacyhoian.com\/vi\/#breadcrumb\"},\"inLanguage\":\"vi-VN\",\"potentialAction\":[{\"@type\":\"ReadAction\",\"target\":[\"https:\/\/www.legacyhoian.com\/vi\/\"]}]},{\"@type\":\"BreadcrumbList\",\"@id\":\"https:\/\/www.legacyhoian.com\/vi\/#breadcrumb\",\"itemListElement\":[{\"@type\":\"ListItem\",\"position\":1,\"name\":\"Home\",\"item\":\"https:\/\/www.legacyhoian.com\/vi\/\"},{\"@type\":\"ListItem\",\"position\":2,\"name\":\"Legacy Hoi An Resort\"}]},{\"@type\":\"WebSite\",\"@id\":\"https:\/\/www.legacyhoian.com\/vi\/#website\",\"url\":\"https:\/\/www.legacyhoian.com\/vi\/\",\"name\":\"Legacy Hoi An Resort\",\"description\":\"\",\"potentialAction\":[{\"@type\":\"SearchAction\",\"target\":{\"@type\":\"EntryPoint\",\"urlTemplate\":\"https:\/\/www.legacyhoian.com\/vi\/?s={search_term_string}\"},\"query-input\":\"required name=search_term_string\"}],\"inLanguage\":\"vi-VN\"}]}<\/script>\n<!-- \/ Yoast SEO plugin. -->","yoast_head_json":{"title":"Trang ch\u1ee7 | Legacy Hoi An Resort","description":"Kh\u00e1m ph\u00e1 Legacy Hoi An Resort \u2013 khu ngh\u1ec9 d\u01b0\u1ee1ng mang c\u1ea3m h\u1ee9ng di s\u1ea3n, n\u01a1i l\u01b0u gi\u1eef v\u1ebb \u0111\u1eb9p thanh b\u00ecnh, b\u1ea3n s\u1eafc v\u0103n h\u00f3a v\u00e0 v\u00e0 v\u1ebb \u0111\u1eb9p c\u1ed5 k\u00ednh c\u1ee7a ph\u1ed1 H\u1ed9i.","robots":{"index":"index","follow":"follow","max-snippet":"max-snippet:-1","max-image-preview":"max-image-preview:large","max-video-preview":"max-video-preview:-1"},"canonical":"https:\/\/www.legacyhoian.com\/vi\/","og_locale":"vi_VN","og_type":"article","og_title":"Trang ch\u1ee7 | Legacy Hoi An Resort","og_description":"Kh\u00e1m ph\u00e1 Legacy Hoi An Resort \u2013 khu ngh\u1ec9 d\u01b0\u1ee1ng mang c\u1ea3m h\u1ee9ng di s\u1ea3n, n\u01a1i l\u01b0u gi\u1eef v\u1ebb \u0111\u1eb9p thanh b\u00ecnh, b\u1ea3n s\u1eafc v\u0103n h\u00f3a v\u00e0 v\u00e0 v\u1ebb \u0111\u1eb9p c\u1ed5 k\u00ednh c\u1ee7a ph\u1ed1 H\u1ed9i.","og_url":"https:\/\/www.legacyhoian.com\/vi\/","og_site_name":"Legacy Hoi An Resort","article_modified_time":"2026-03-25T03:08:56+00:00","twitter_card":"summary_large_image","twitter_misc":{"Est. reading time":"1 minute"},"schema":{"@context":"https:\/\/schema.org","@graph":[{"@type":"WebPage","@id":"https:\/\/www.legacyhoian.com\/vi\/","url":"https:\/\/www.legacyhoian.com\/vi\/","name":"Trang ch\u1ee7 | Legacy Hoi An Resort","isPartOf":{"@id":"https:\/\/www.legacyhoian.com\/vi\/#website"},"datePublished":"2026-03-03T05:52:23+00:00","dateModified":"2026-03-25T03:08:56+00:00","description":"Kh\u00e1m ph\u00e1 Legacy Hoi An Resort \u2013 khu ngh\u1ec9 d\u01b0\u1ee1ng mang c\u1ea3m h\u1ee9ng di s\u1ea3n, n\u01a1i l\u01b0u gi\u1eef v\u1ebb \u0111\u1eb9p thanh b\u00ecnh, b\u1ea3n s\u1eafc v\u0103n h\u00f3a v\u00e0 v\u00e0 v\u1ebb \u0111\u1eb9p c\u1ed5 k\u00ednh c\u1ee7a ph\u1ed1 H\u1ed9i.","breadcrumb":{"@id":"https:\/\/www.legacyhoian.com\/vi\/#breadcrumb"},"inLanguage":"vi-VN","potentialAction":[{"@type":"ReadAction","target":["https:\/\/www.legacyhoian.com\/vi\/"]}]},{"@type":"BreadcrumbList","@id":"https:\/\/www.legacyhoian.com\/vi\/#breadcrumb","itemListElement":[{"@type":"ListItem","position":1,"name":"Home","item":"https:\/\/www.legacyhoian.com\/vi\/"},{"@type":"ListItem","position":2,"name":"Legacy Hoi An Resort"}]},{"@type":"WebSite","@id":"https:\/\/www.legacyhoian.com\/vi\/#website","url":"https:\/\/www.legacyhoian.com\/vi\/","name":"Legacy Hoi An Resort","description":"","potentialAction":[{"@type":"SearchAction","target":{"@type":"EntryPoint","urlTemplate":"https:\/\/www.legacyhoian.com\/vi\/?s={search_term_string}"},"query-input":"required name=search_term_string"}],"inLanguage":"vi-VN"}]}},"acf":[],"_links":{"self":[{"href":"https:\/\/www.legacyhoian.com\/vi\/wp-json\/wp\/v2\/pages\/224"}],"collection":[{"href":"https:\/\/www.legacyhoian.com\/vi\/wp-json\/wp\/v2\/pages"}],"about":[{"href":"https:\/\/www.legacyhoian.com\/vi\/wp-json\/wp\/v2\/types\/page"}],"author":[{"embeddable":true,"href":"https:\/\/www.legacyhoian.com\/vi\/wp-json\/wp\/v2\/users\/90"}],"replies":[{"embeddable":true,"href":"https:\/\/www.legacyhoian.com\/vi\/wp-json\/wp\/v2\/comments?post=224"}],"version-history":[{"count":0,"href":"https:\/\/www.legacyhoian.com\/vi\/wp-json\/wp\/v2\/pages\/224\/revisions"}],"wp:attachment":[{"href":"https:\/\/www.legacyhoian.com\/vi\/wp-json\/wp\/v2\/media?parent=224"}],"curies":[{"name":"wp","href":"https:\/\/api.w.org\/{rel}","templated":true}]}}